{"id":110655,"date":"2025-10-30T20:24:13","date_gmt":"2025-10-31T00:24:13","guid":{"rendered":"https:\/\/fundaystours.com\/?post_type=product&#038;p=110655"},"modified":"2025-10-30T21:16:25","modified_gmt":"2025-10-31T01:16:25","slug":"explore-turkiye-and-dubai-on-a-unique-trip-copia","status":"publish","type":"product","link":"https:\/\/fundaystours.com\/en\/destinos\/explore-turkiye-and-dubai-on-a-unique-trip-copia\/","title":{"rendered":"Explore T\u00fcrkiye and Dubai on a unique trip (copia)"},"content":{"rendered":"<p>**Explore Turkey and Dubai on a journey filled with history, culture, and luxury.**<\/p>\n<p>**Visiting:** 3 nights Istanbul \u2013 1 night Ankara \u2013 2 nights Cappadocia \u2013 1 night Pamukkale \u2013 Ephesus \u2013 1 night Izmir\/Kusadasi \u2013 Bursa \u2013 1 night Istanbul \u2013 4 nights Dubai<\/p>\n<p>**GUARANTEED DAILY DEPARTURES (Except Thursdays) (From Apr 01, 2025 to Mar 30, 2026)**<\/p>\n<h2>Day 1 TURKEY &amp; DUBAI: ARRIVAL \/ ISTANBUL<\/h2>\n<p>Welcome to Istanbul! Upon arrival, you will be greeted and transferred to your selected hotel category.<\/p>\n<p>If arriving at Istanbul Airport (IST), our representative will meet you outside Exit Gate 8 with a sign. If arriving at Sabiha G\u00f6k\u00e7en Airport (SAW) on the Asian side, our representative will be waiting across the pedestrian crossing between columns 9 and 10.<\/p>\n<p>Overnight stay.<\/p>\n<h2>Day 2: ISTANBUL \/ SULEIMAN THE MAGNIFICENT<\/h2>\n<p>Breakfast. Departure to visit the Suleymaniye Mosque, located on Istanbul\u2019s third hill with one of the most iconic city views. Commissioned by Sultan Suleiman the Magnificent and built by the famous imperial architect Sinan. Full-day tour of Istanbul\u2019s Historical Peninsula, including an exterior view of Hagia Sophia, jewel of Byzantine art; and the iconic <a href=\"https:\/\/viajes.nationalgeographic.com.es\/a\/palacio-topkapi-viaje-esplendor-otomano-estambul_21396\" target=\"_blank\" rel=\"noopener\">Topkapi Palace<\/a>, residence of Ottoman sultans for four centuries. Enjoy a typical lunch at a local restaurant in Sultanahmet, then admire the Blue Mosque and the Hippodrome with its Obelisk of Theodosius, Serpentine Column, German Fountain, and Egyptian Obelisk. End the afternoon at the Grand Bazaar with free time to explore its 4,000 shops.<\/p>\n<p>Overnight stay, Breakfast and Lunch.<\/p>\n<h2>Day 3: ISTANBUL \/ BOSPHORUS CRUISE \/ SPICE BAZAAR<\/h2>\n<p>Breakfast. Begin one of Istanbul\u2019s top activities: a cruise on the Bosphorus, the strait separating Europe and Asia. Admire the sultans\u2019 palaces, traditional wooden homes, and enjoy the history from the water.<\/p>\n<p>Then visit the famous Spice Bazaar, created by the Ottomans five centuries ago and still bustling. Enjoy the vibrant atmosphere and variety of shops. In the afternoon, a tour with lunch on the Asian side, including a visit to Beylerbeyi Palace, a former summer residence of the Ottoman sultans. See the famous Bosphorus Bridge connecting Europe and Asia. After lunch, continue to the \u00dcsk\u00fcdar district and ascend Camlica Hill, the highest point in Istanbul at 268 meters above sea level, offering panoramic views of both sides of the city.<\/p>\n<p>Return to the hotel at the end of the day.<\/p>\n<p>Overnight stay, Breakfast and Lunch.<\/p>\n<h2>Day 4 TURKEY &amp; DUBAI: ISTANBUL \/ ANKARA<\/h2>\n<p>Breakfast. Departure to Ankara via the Bolu mountains. Upon arrival, panoramic city tour of Turkey\u2019s capital and second-largest city: modern, cosmopolitan, and steeped in ancient history. Visit Anitkabir, the mausoleum of Atat\u00fcrk, founder of the Turkish Republic. Arrival at our hotel in the evening.<\/p>\n<p>Overnight stay, Breakfast and Dinner.<\/p>\n<h2>Day 5 TURKEY &amp; DUBAI: ANKARA \/ CAPPADOCIA<\/h2>\n<p>Breakfast. Departure to Cappadocia. En route, see Salt Lake, the second-largest in Turkey, and a 13th-century caravanserai. Arrival in Cappadocia. Optionally, enjoy a Jeep Safari\u2014an exciting adventure exploring unique landscapes and valleys in a 4&#215;4.<\/p>\n<p>Overnight stay, Breakfast and Dinner.<\/p>\n<h2>Day 6 TURKEY &amp; DUBAI: CAPPADOCIA<\/h2>\n<p>Breakfast at the hotel. Tour this fascinating region shaped by lava from Erciyes and Hasan volcanoes 3 million years ago. Visit the G\u00f6reme Valley, a stunning Byzantine monastic complex with rock-cut churches and vibrant frescoes. Then explore Avcilar and G\u03ccvercinlik Valleys to admire the famous \u201cfairy chimneys.\u201d Visit local workshops featuring traditional carpets and onyx and turquoise stones.<\/p>\n<p>Overnight stay, Breakfast and Dinner.<\/p>\n<h2>Day 7: CAPPADOCIA \/ PAMUKKALE<\/h2>\n<p>Breakfast. Early departure to Pamukkale. Arrival and tour of Hierapolis, a Hellenistic city now in ruins. Visit the famous Cotton Castle, a natural wonder with white cascades, stalactites, and mineral-rich thermal pools. Arrival at the hotel.<\/p>\n<p>Overnight stay, Breakfast and Dinner.<\/p>\n<h2>Day 8: PAMUKKALE \/ EPHESUS \/ KUSADASI or IZMIR<\/h2>\n<p>Breakfast. Morning departure to Ephesus, a Greco-Roman city and former capital of Asia Minor, one of the best-preserved in antiquity. Visit the Temples of Hadrian and Trajan, the theater, and the Library of Celsus. Visit the House of the Virgin Mary. Continue to a leather goods gallery to see local lambskin products. Travel to Kusadasi or Izmir in the late afternoon.<\/p>\n<p>(During summer months\u2014May to October\u2014accommodation may be in Izmir instead of Kusadasi.)<\/p>\n<p>Overnight stay, Breakfast and Dinner.<\/p>\n<h2>Day 9: KUSADASI or IZMIR \/ BURSA \/ ISTANBUL<\/h2>\n<p>Breakfast. Departure to Bursa, the first capital of the Ottoman Empire. Visit the Grand Mosque (Ulucamii), the Silk Bazaar of Kozahan, and the Green Mausoleum. Continue to Istanbul. Arrival and overnight stay.<\/p>\n<p>(Note: On some departures, the Izmir-Istanbul route may be operated by domestic flight without visiting Bursa due to operational reasons.)<\/p>\n<p>Overnight stay and Breakfast.<\/p>\n<h2>Day 10: ISTANBUL \/ DUBAI (FLIGHT NOT INCLUDED)<\/h2>\n<p>Breakfast. Transfer to the airport for your <strong>international flight<\/strong> <strong>(not included)<\/strong> to Dubai. Upon arrival, you will be met and transferred to your selected hotel.<\/p>\n<p>Overnight stay and Breakfast.<\/p>\n<h2>Day 11: DUBAI \/ CITY TOUR<\/h2>\n<p>Breakfast. Departure to Deira to explore the famous Spice Souk, a market full of exotic aromas and flavors. Cross the creek to visit the Dubai Museum and discover the fascinating history and culture of the UAE. Continue along Jumeirah Road with a photo stop at the iconic Jumeirah Mosque. Stop for a memorable photo in front of the Burj Al Arab, the world\u2019s only 7-star hotel. See the impressive Burj Khalifa, the World Trade Centre, and the modern International Financial Centre. Return to the hotel in the afternoon. Free time. Optional: Dinner on a traditional Dhow boat.<\/p>\n<p>Overnight stay and Breakfast.<\/p>\n<h2>Day 12 TURKEY &amp; DUBAI: DUBAI<\/h2>\n<p>Breakfast. Free day with the option of a Desert Safari in Dubai.<\/p>\n<p>Overnight stay and Breakfast.<\/p>\n<h2>Day 13: DUBAI<\/h2>\n<p>Breakfast. Free day with the option of a full-day tour to Abu Dhabi.<\/p>\n<p>Overnight stay and Breakfast.<\/p>\n<h2>Day 14: DUBAI \/ AIRPORT<\/h2>\n<p>Breakfast. At the indicated time, transfer to the airport.<\/p>\n<p style=\"text-align: center;\"><strong>****END OF OUR SERVICES****<\/strong><\/p>\n<p><strong>Prices per person based on accommodation type:<\/strong><\/p>\n<table width=\"674\">\n<tbody>\n<tr>\n<td style=\"text-align: center;\" colspan=\"6\" width=\"674\">PRICES PER PERSON IN USD<\/td>\n<\/tr>\n<tr>\n<td style=\"text-align: center;\">SEASON<\/td>\n<td>DEPARTURES<\/td>\n<td width=\"139\">CATEGORY<\/td>\n<td width=\"80\">TRIPLE<\/td>\n<td width=\"80\">DOUBLE<\/td>\n<td width=\"80\">SINGLE<\/td>\n<\/tr>\n<tr>\n<td style=\"text-align: center;\" rowspan=\"3\" width=\"225\">LOW (MAY &#8211; JUN &#8211; JUL &#8211; SEP)<\/td>\n<td rowspan=\"6\" width=\"70\">DAILY EXCEPT THURSDAY<\/td>\n<td width=\"139\">A &#8211; Tourist 3*Sup<\/td>\n<td width=\"80\">$1,370<\/td>\n<td width=\"80\">$1,370<\/td>\n<td width=\"80\">$1,970<\/td>\n<\/tr>\n<tr>\n<td width=\"139\">B &#8211; First 4*<\/td>\n<td width=\"80\">$1,540<\/td>\n<td width=\"80\">$1,540<\/td>\n<td width=\"80\">$2,360<\/td>\n<\/tr>\n<tr>\n<td width=\"139\">C &#8211; First 4* Sup<\/td>\n<td width=\"80\">$1,765<\/td>\n<td width=\"80\">$1,765<\/td>\n<td width=\"80\">$2,800<\/td>\n<\/tr>\n<tr>\n<td style=\"text-align: center;\" rowspan=\"3\" width=\"225\">HIGH (OCT &#8211; NOV &#8211; DEC &#8211; JAN &#8211; FEB &#8211; MAR)<\/td>\n<td width=\"139\">A &#8211; Tourist 3*Sup<\/td>\n<td width=\"80\">$1,520<\/td>\n<td width=\"80\">$1,520<\/td>\n<td width=\"80\">$2,240<\/td>\n<\/tr>\n<tr>\n<td width=\"139\">B &#8211; First 4*<\/td>\n<td width=\"80\">$1,670<\/td>\n<td width=\"80\">$1,670<\/td>\n<td width=\"80\">$2,620<\/td>\n<\/tr>\n<tr>\n<td width=\"139\">C &#8211; First 4* Sup<\/td>\n<td width=\"80\">$1,930<\/td>\n<td width=\"80\">$1,930<\/td>\n<td width=\"80\">$3,160<\/td>\n<\/tr>\n<\/tbody>\n<\/table>\n<h3><strong style=\"color: #333333; font-size: 26px;\">INCLUDED SERVICES:<\/strong><\/h3>\n<h4><strong>In Turkey:<\/strong><\/h4>\n<ul>\n<li>4 nights accommodation and breakfast in Istanbul<\/li>\n<li>5 nights accommodation during the Anatolia circuit<\/li>\n<li>Half board during the circuit<\/li>\n<li>Full-day Historical Istanbul tour with lunch<\/li>\n<li>Bosphorus Cruise and Asian Side tour with lunch<\/li>\n<li>Arrival and departure transfers<\/li>\n<li>Spanish-speaking professional guide<\/li>\n<li>Entrance fees and visits per itinerary<\/li>\n<li>24\/7 Spanish travel assistance (WhatsApp \u2013 Phone)<\/li>\n<li>Medical insurance for travelers under 70 years old<\/li>\n<\/ul>\n<h4><strong>In Dubai:<\/strong><\/h4>\n<ul>\n<li>4 nights accommodation and breakfast in Dubai<\/li>\n<li>Airport-hotel-airport transfers in Dubai with Spanish assistance<\/li>\n<li>Dubai city tour<\/li>\n<li>24\/7 Spanish travel assistance (WhatsApp \u2013 Phone)<\/li>\n<li>Medical insurance for travelers under 70 years old<\/li>\n<\/ul>\n<h3><strong style=\"color: #333333; font-size: 26px;\">NOT INCLUDED SERVICES:<\/strong><\/h3>\n<ul>\n<li>Optional excursions or personal expenses<\/li>\n<li>General tips USD 45 p.p. payable at destination (Turkey)<\/li>\n<li>Hotel taxes in Turkey USD 10 p.p.<\/li>\n<li>Dubai entry visa if applicable<\/li>\n<li>Tourism Dirham in Dubai (paid by the traveler at destination)<\/li>\n<li>Any service not mentioned as included<\/li>\n<li>Flight ticket from Istanbul to Dubai<\/li>\n<li>International airfare<\/li>\n<\/ul>\n<h4><strong>Note: Supplements apply on holidays<\/strong><\/h4>\n<ul>\n<li>New Year 2025-2026<\/li>\n<li>Arab Health 2026<\/li>\n<li>Gulf Food 2026<\/li>\n<\/ul>\n<p>Also of interest: <a href=\"https:\/\/fundaystours.com\/product\/turquia-y-grecia-con-crucero-de-3-noches\/\" target=\"_blank\" rel=\"noopener\">Turkey and Greece with cruise<\/a><\/p>\n","protected":false},"excerpt":{"rendered":"<p>Traveling to Turkey and Dubai means embarking on an adventure that blends the ancient and the new, the exotic and the modern, the historic and the futuristic. It\u2019s a chance to explore fascinating cultures, enjoy every moment, and create unforgettable memories.<\/p>\n","protected":false},"featured_media":107588,"comment_status":"open","ping_status":"closed","template":"","meta":{"_acf_changed":false,"_joinchat":[]},"product_brand":[],"product_cat":[1678,1680],"product_tag":[],"class_list":{"0":"post-110655","1":"product","2":"type-product","3":"status-publish","4":"has-post-thumbnail","6":"product_cat-europe","7":"product_cat-israel-and-the-middle-east","8":"pa_cuantas-habitaciones-doble-en","9":"pa_cuantas-habitaciones-sencilla-en","10":"pa_cuantas-habitaciones-triple-en-2","12":"first","13":"instock","14":"featured","15":"sold-individually","16":"shipping-taxable","17":"purchasable","18":"product-type-variable"},"acf":[],"yoast_head":"<!-- This site is optimized with the Yoast SEO Premium plugin v23.3 (Yoast SEO v27.4) - https:\/\/yoast.com\/product\/yoast-seo-premium-wordpress\/ -->\n<title>Turqu\u00eda y Dub\u00e1i: Paquete Tur\u00edstico Exclusivo | Fundays Tours<\/title>\n<meta name=\"description\" content=\"Explora Turqu\u00eda y Dub\u00e1i en un viaje inolvidable. Desde Estambul hasta el desierto, descubre historia, cultura y lujo. \u00a1Reserva ahora y vive la experiencia!\" \/>\n<meta name=\"robots\" content=\"index, follow, max-snippet:-1, max-image-preview:large, max-video-preview:-1\" \/>\n<link rel=\"canonical\" href=\"https:\/\/fundaystours.com\/en\/destinos\/explore-turkiye-and-dubai-on-a-unique-trip-copia\/\" \/>\n<meta property=\"og:locale\" content=\"en_US\" \/>\n<meta property=\"og:type\" content=\"article\" \/>\n<meta property=\"og:title\" content=\"Turqu\u00eda y Dub\u00e1i\" \/>\n<meta property=\"og:description\" content=\"Desde Estambul hasta el desierto, descubre historia, cultura y lujo.\" \/>\n<meta property=\"og:url\" content=\"https:\/\/fundaystours.com\/en\/destinos\/explore-turkiye-and-dubai-on-a-unique-trip-copia\/\" \/>\n<meta property=\"og:site_name\" content=\"Fundays Tours\" \/>\n<meta property=\"article:modified_time\" content=\"2025-10-31T01:16:25+00:00\" \/>\n<meta property=\"og:image\" content=\"https:\/\/fundaystours.com\/wp-content\/uploads\/2025\/02\/banner-globos-aerostaticos-capadocia-turquia.jpg\" \/>\n\t<meta property=\"og:image:width\" content=\"1920\" \/>\n\t<meta property=\"og:image:height\" content=\"600\" \/>\n\t<meta property=\"og:image:type\" content=\"image\/jpeg\" \/>\n<meta name=\"twitter:card\" content=\"summary_large_image\" \/>\n<meta name=\"twitter:title\" content=\"Explore T\u00fcrkiye and Dubai on a unique trip (copia)\" \/>\n<meta name=\"twitter:label1\" content=\"Est. reading time\" \/>\n\t<meta name=\"twitter:data1\" content=\"7 minutes\" \/>\n<script type=\"application\/ld+json\" class=\"yoast-schema-graph\">{\"@context\":\"https:\\\/\\\/schema.org\",\"@graph\":[{\"@type\":\"WebPage\",\"@id\":\"https:\\\/\\\/fundaystours.com\\\/en\\\/destinos\\\/explore-turkiye-and-dubai-on-a-unique-trip-copia\\\/\",\"url\":\"https:\\\/\\\/fundaystours.com\\\/en\\\/destinos\\\/explore-turkiye-and-dubai-on-a-unique-trip-copia\\\/\",\"name\":\"Turqu\u00eda y Dub\u00e1i: Paquete Tur\u00edstico Exclusivo | Fundays Tours\",\"isPartOf\":{\"@id\":\"https:\\\/\\\/fundaystours.com\\\/en\\\/#website\"},\"primaryImageOfPage\":{\"@id\":\"https:\\\/\\\/fundaystours.com\\\/en\\\/destinos\\\/explore-turkiye-and-dubai-on-a-unique-trip-copia\\\/#primaryimage\"},\"image\":{\"@id\":\"https:\\\/\\\/fundaystours.com\\\/en\\\/destinos\\\/explore-turkiye-and-dubai-on-a-unique-trip-copia\\\/#primaryimage\"},\"thumbnailUrl\":\"https:\\\/\\\/fundaystours.com\\\/wp-content\\\/uploads\\\/2025\\\/02\\\/banner-globos-aerostaticos-capadocia-turquia.jpg\",\"datePublished\":\"2025-10-31T00:24:13+00:00\",\"dateModified\":\"2025-10-31T01:16:25+00:00\",\"description\":\"Explora Turqu\u00eda y Dub\u00e1i en un viaje inolvidable. Desde Estambul hasta el desierto, descubre historia, cultura y lujo. \u00a1Reserva ahora y vive la experiencia!\",\"breadcrumb\":{\"@id\":\"https:\\\/\\\/fundaystours.com\\\/en\\\/destinos\\\/explore-turkiye-and-dubai-on-a-unique-trip-copia\\\/#breadcrumb\"},\"inLanguage\":\"en-US\",\"potentialAction\":[{\"@type\":\"ReadAction\",\"target\":[\"https:\\\/\\\/fundaystours.com\\\/en\\\/destinos\\\/explore-turkiye-and-dubai-on-a-unique-trip-copia\\\/\"]}]},{\"@type\":\"ImageObject\",\"inLanguage\":\"en-US\",\"@id\":\"https:\\\/\\\/fundaystours.com\\\/en\\\/destinos\\\/explore-turkiye-and-dubai-on-a-unique-trip-copia\\\/#primaryimage\",\"url\":\"https:\\\/\\\/fundaystours.com\\\/wp-content\\\/uploads\\\/2025\\\/02\\\/banner-globos-aerostaticos-capadocia-turquia.jpg\",\"contentUrl\":\"https:\\\/\\\/fundaystours.com\\\/wp-content\\\/uploads\\\/2025\\\/02\\\/banner-globos-aerostaticos-capadocia-turquia.jpg\",\"width\":1920,\"height\":600},{\"@type\":\"BreadcrumbList\",\"@id\":\"https:\\\/\\\/fundaystours.com\\\/en\\\/destinos\\\/explore-turkiye-and-dubai-on-a-unique-trip-copia\\\/#breadcrumb\",\"itemListElement\":[{\"@type\":\"ListItem\",\"position\":1,\"name\":\"Home\",\"item\":\"https:\\\/\\\/fundaystours.com\\\/en\\\/\"},{\"@type\":\"ListItem\",\"position\":2,\"name\":\"Destinations\",\"item\":\"https:\\\/\\\/fundaystours.com\\\/destinations\\\/\"},{\"@type\":\"ListItem\",\"position\":3,\"name\":\"Europe\",\"item\":\"https:\\\/\\\/fundaystours.com\\\/en\\\/product-category\\\/europe\\\/\"},{\"@type\":\"ListItem\",\"position\":4,\"name\":\"Explore T\u00fcrkiye and Dubai on a unique trip (copia)\"}]},{\"@type\":\"WebSite\",\"@id\":\"https:\\\/\\\/fundaystours.com\\\/en\\\/#website\",\"url\":\"https:\\\/\\\/fundaystours.com\\\/en\\\/\",\"name\":\"Fundays Tours\",\"description\":\"\",\"publisher\":{\"@id\":\"https:\\\/\\\/fundaystours.com\\\/en\\\/#organization\"},\"potentialAction\":[{\"@type\":\"SearchAction\",\"target\":{\"@type\":\"EntryPoint\",\"urlTemplate\":\"https:\\\/\\\/fundaystours.com\\\/en\\\/?s={search_term_string}\"},\"query-input\":{\"@type\":\"PropertyValueSpecification\",\"valueRequired\":true,\"valueName\":\"search_term_string\"}}],\"inLanguage\":\"en-US\"},{\"@type\":\"Organization\",\"@id\":\"https:\\\/\\\/fundaystours.com\\\/en\\\/#organization\",\"name\":\"Fundays Tours\",\"url\":\"https:\\\/\\\/fundaystours.com\\\/en\\\/\",\"logo\":{\"@type\":\"ImageObject\",\"inLanguage\":\"en-US\",\"@id\":\"https:\\\/\\\/fundaystours.com\\\/en\\\/#\\\/schema\\\/logo\\\/image\\\/\",\"url\":\"https:\\\/\\\/fundaystours.com\\\/wp-content\\\/uploads\\\/2023\\\/12\\\/logo-fundays-tours-2.png\",\"contentUrl\":\"https:\\\/\\\/fundaystours.com\\\/wp-content\\\/uploads\\\/2023\\\/12\\\/logo-fundays-tours-2.png\",\"width\":230,\"height\":50,\"caption\":\"Fundays Tours\"},\"image\":{\"@id\":\"https:\\\/\\\/fundaystours.com\\\/en\\\/#\\\/schema\\\/logo\\\/image\\\/\"}}]}<\/script>\n<!-- \/ Yoast SEO Premium plugin. -->","yoast_head_json":{"title":"Turqu\u00eda y Dub\u00e1i: Paquete Tur\u00edstico Exclusivo | Fundays Tours","description":"Explora Turqu\u00eda y Dub\u00e1i en un viaje inolvidable. Desde Estambul hasta el desierto, descubre historia, cultura y lujo. \u00a1Reserva ahora y vive la experiencia!","robots":{"index":"index","follow":"follow","max-snippet":"max-snippet:-1","max-image-preview":"max-image-preview:large","max-video-preview":"max-video-preview:-1"},"canonical":"https:\/\/fundaystours.com\/en\/destinos\/explore-turkiye-and-dubai-on-a-unique-trip-copia\/","og_locale":"en_US","og_type":"article","og_title":"Turqu\u00eda y Dub\u00e1i","og_description":"Desde Estambul hasta el desierto, descubre historia, cultura y lujo.","og_url":"https:\/\/fundaystours.com\/en\/destinos\/explore-turkiye-and-dubai-on-a-unique-trip-copia\/","og_site_name":"Fundays Tours","article_modified_time":"2025-10-31T01:16:25+00:00","og_image":[{"width":1920,"height":600,"url":"https:\/\/fundaystours.com\/wp-content\/uploads\/2025\/02\/banner-globos-aerostaticos-capadocia-turquia.jpg","type":"image\/jpeg"}],"twitter_card":"summary_large_image","twitter_title":"Explore T\u00fcrkiye and Dubai on a unique trip (copia)","twitter_misc":{"Est. reading time":"7 minutes"},"schema":{"@context":"https:\/\/schema.org","@graph":[{"@type":"WebPage","@id":"https:\/\/fundaystours.com\/en\/destinos\/explore-turkiye-and-dubai-on-a-unique-trip-copia\/","url":"https:\/\/fundaystours.com\/en\/destinos\/explore-turkiye-and-dubai-on-a-unique-trip-copia\/","name":"Turqu\u00eda y Dub\u00e1i: Paquete Tur\u00edstico Exclusivo | Fundays Tours","isPartOf":{"@id":"https:\/\/fundaystours.com\/en\/#website"},"primaryImageOfPage":{"@id":"https:\/\/fundaystours.com\/en\/destinos\/explore-turkiye-and-dubai-on-a-unique-trip-copia\/#primaryimage"},"image":{"@id":"https:\/\/fundaystours.com\/en\/destinos\/explore-turkiye-and-dubai-on-a-unique-trip-copia\/#primaryimage"},"thumbnailUrl":"https:\/\/fundaystours.com\/wp-content\/uploads\/2025\/02\/banner-globos-aerostaticos-capadocia-turquia.jpg","datePublished":"2025-10-31T00:24:13+00:00","dateModified":"2025-10-31T01:16:25+00:00","description":"Explora Turqu\u00eda y Dub\u00e1i en un viaje inolvidable. Desde Estambul hasta el desierto, descubre historia, cultura y lujo. \u00a1Reserva ahora y vive la experiencia!","breadcrumb":{"@id":"https:\/\/fundaystours.com\/en\/destinos\/explore-turkiye-and-dubai-on-a-unique-trip-copia\/#breadcrumb"},"inLanguage":"en-US","potentialAction":[{"@type":"ReadAction","target":["https:\/\/fundaystours.com\/en\/destinos\/explore-turkiye-and-dubai-on-a-unique-trip-copia\/"]}]},{"@type":"ImageObject","inLanguage":"en-US","@id":"https:\/\/fundaystours.com\/en\/destinos\/explore-turkiye-and-dubai-on-a-unique-trip-copia\/#primaryimage","url":"https:\/\/fundaystours.com\/wp-content\/uploads\/2025\/02\/banner-globos-aerostaticos-capadocia-turquia.jpg","contentUrl":"https:\/\/fundaystours.com\/wp-content\/uploads\/2025\/02\/banner-globos-aerostaticos-capadocia-turquia.jpg","width":1920,"height":600},{"@type":"BreadcrumbList","@id":"https:\/\/fundaystours.com\/en\/destinos\/explore-turkiye-and-dubai-on-a-unique-trip-copia\/#breadcrumb","itemListElement":[{"@type":"ListItem","position":1,"name":"Home","item":"https:\/\/fundaystours.com\/en\/"},{"@type":"ListItem","position":2,"name":"Destinations","item":"https:\/\/fundaystours.com\/destinations\/"},{"@type":"ListItem","position":3,"name":"Europe","item":"https:\/\/fundaystours.com\/en\/product-category\/europe\/"},{"@type":"ListItem","position":4,"name":"Explore T\u00fcrkiye and Dubai on a unique trip (copia)"}]},{"@type":"WebSite","@id":"https:\/\/fundaystours.com\/en\/#website","url":"https:\/\/fundaystours.com\/en\/","name":"Fundays Tours","description":"","publisher":{"@id":"https:\/\/fundaystours.com\/en\/#organization"},"potentialAction":[{"@type":"SearchAction","target":{"@type":"EntryPoint","urlTemplate":"https:\/\/fundaystours.com\/en\/?s={search_term_string}"},"query-input":{"@type":"PropertyValueSpecification","valueRequired":true,"valueName":"search_term_string"}}],"inLanguage":"en-US"},{"@type":"Organization","@id":"https:\/\/fundaystours.com\/en\/#organization","name":"Fundays Tours","url":"https:\/\/fundaystours.com\/en\/","logo":{"@type":"ImageObject","inLanguage":"en-US","@id":"https:\/\/fundaystours.com\/en\/#\/schema\/logo\/image\/","url":"https:\/\/fundaystours.com\/wp-content\/uploads\/2023\/12\/logo-fundays-tours-2.png","contentUrl":"https:\/\/fundaystours.com\/wp-content\/uploads\/2023\/12\/logo-fundays-tours-2.png","width":230,"height":50,"caption":"Fundays Tours"},"image":{"@id":"https:\/\/fundaystours.com\/en\/#\/schema\/logo\/image\/"}}]}},"_links":{"self":[{"href":"https:\/\/fundaystours.com\/en\/wp-json\/wp\/v2\/product\/110655","targetHints":{"allow":["GET"]}}],"collection":[{"href":"https:\/\/fundaystours.com\/en\/wp-json\/wp\/v2\/product"}],"about":[{"href":"https:\/\/fundaystours.com\/en\/wp-json\/wp\/v2\/types\/product"}],"replies":[{"embeddable":true,"href":"https:\/\/fundaystours.com\/en\/wp-json\/wp\/v2\/comments?post=110655"}],"wp:featuredmedia":[{"embeddable":true,"href":"https:\/\/fundaystours.com\/en\/wp-json\/wp\/v2\/media\/107588"}],"wp:attachment":[{"href":"https:\/\/fundaystours.com\/en\/wp-json\/wp\/v2\/media?parent=110655"}],"wp:term":[{"taxonomy":"product_brand","embeddable":true,"href":"https:\/\/fundaystours.com\/en\/wp-json\/wp\/v2\/product_brand?post=110655"},{"taxonomy":"product_cat","embeddable":true,"href":"https:\/\/fundaystours.com\/en\/wp-json\/wp\/v2\/product_cat?post=110655"},{"taxonomy":"product_tag","embeddable":true,"href":"https:\/\/fundaystours.com\/en\/wp-json\/wp\/v2\/product_tag?post=110655"}],"curies":[{"name":"wp","href":"https:\/\/api.w.org\/{rel}","templated":true}]}}