{"id":110411,"date":"2025-10-18T21:46:49","date_gmt":"2025-10-19T01:46:49","guid":{"rendered":"https:\/\/fundaystours.com\/?post_type=product&#038;p=110411"},"modified":"2026-04-23T10:36:54","modified_gmt":"2026-04-23T14:36:54","slug":"enjoy-dubai-for-the-end-of-the-year","status":"publish","type":"product","link":"https:\/\/fundaystours.com\/en\/destinos\/enjoy-dubai-for-the-end-of-the-year\/","title":{"rendered":"Enjoy Dubai for the end of the year"},"content":{"rendered":"<p>Description<\/p>\n<p>Enjoy Dubai for the end of the year: 6 nights, 7 days. Travel from<br \/>\nDecember 28th to January 3rd, 2027.<\/p>\n<p>Day 01 \u2013 28 DEC: DUBAI<\/p>\n<p>Arrival at Dubai airport. Transfer to the hotel and accommodation.<\/p>\n<p>Day 02 \u2013 29 DEC: DUBAI<\/p>\n<p>Buffet breakfast. Buffet breakfast. Half-day excursion to Old Dubai, providing an insight into the city&#8217;s historic center. We will visit the Bastakiya district with its old merchant houses, galleries, restaurants, and cafes. We will continue with a panoramic view of the exterior of the Dubai Museum, a fortress-like building (the museum is closed). Afterward, we will board an &#8220;Abra&#8221; (water taxi) for an atmospheric experience on the other side of the creek. We will then proceed to the exotic and aromatic Spice Souk and the world-renowned Gold Souk. Lunch at a local restaurant. The tour concludes with a return to the hotel.<\/p>\n<p>Dhow &#8221; cruise ship for dinner. This traditional boat, used until the 1970s to transport goods from neighboring countries to the Emirates, will sail through Dubai Marina, offering spectacular views of the illuminated skyscrapers. Overnight stay.<\/p>\n<p>Day 03 \u2013 30 DEC: DUBAI<\/p>\n<p>Buffet breakfast. Transfer for an included tour of Modern Dubai, which gives us the opportunity to discover the most developed city on the planet, the city of tomorrow, where unparalleled projects are under construction. The tour begins with a visit to a Souk. Madinat Jumeirah, where we can admire the country&#8217;s typical handicrafts and take photos of the iconic Burj Al Arab (The Sail), the tallest hotel in the world. Transfer to Palm Jumeirah to see the Atlantis The Palm hotel. Return by monorail (which will give us the opportunity to see the entire Palm Jumeirah with its fronds). We will then disembark to board a vehicle that will take us to Dubai Marina , the largest waterfront master plan of its kind. We will see models of these amazing projects with corresponding explanations and a comprehensive presentation. We will have the opportunity to see housing prototypes and learn more about the exciting future of commerce and business in the Emirate. Arrival at the Burj Khalifa area, home to the tallest tower in the world at 828 meters. The tour concludes with the option of dropping clients off at The Dubai Mall, the world&#8217;s largest shopping mall, for shopping or returning them to their hotel.<\/p>\n<p>In the afternoon, between 3:00 and 3:30 PM, you will be picked up from your hotel for a desert safari in luxurious 4&#215;4 vehicles (each accommodating up to 6 people). This journey will take you on a personal encounter with a different world, where you will experience the thrill of traveling over the sand dunes. The route passes by camel farms and offers spectacular scenery, providing excellent photo opportunities. We will stop to appreciate the magic and glory of the Arabian sunset and the timeless beauty of the desert, and even try sandboarding. Finally, we will arrive at the camp, enveloped in a traditional Arabian atmosphere, where you can ride a camel, smoke the aromatic shisha (water pipe), get a henna tattoo, or simply admire the moonlit feast of a grilled Arabian buffet dinner with fresh salads and barbecued meat and chicken, followed by fruit for dessert. While you dine, you will be entertained by a traditional Arabian folklore show featuring a belly dancer. (Dancing is not permitted during the month of Ramadan). Return to the hotel and overnight stay.<\/p>\n<p>Day 04 \u2013 31 DEC: DUBAI \u2013 ABU DHABI<\/p>\n<p>Buffet breakfast. Full-day excursion to Abu Dhabi , the capital of the Emirates, considered the Manhattan of the Middle East and the country&#8217;s administrative center. The journey to Abu Dhabi takes you through Jebel Ali and its Free Zone \u2013 the world&#8217;s largest artificial port. Upon arrival in Abu Dhabi , visit the Sheikh Zayed Grand Mosque. Zayed Palace , the third largest in the world, with a capacity of up to 40,000 people. Continue your visit to the modern Al Bateen area, home to the Sheikhs &#8216; Palaces. Emartis and also passes by the Palace, the residence of the current Sheikh , which was also the residence of the Sheikh Zayed , let&#8217;s go to the Corniche , the famous waterfront promenade where you can take panoramic photos of Abu Dhabi . Then, we&#8217;ll take a panoramic view of the Emirates Palace Hotel, the world&#8217;s most luxurious 7-star hotel. Next, we&#8217;ll visit the presidential palace, Qasr Al Watan . More than just a palace, it&#8217;s Abu Dhabi&#8217;s new cultural landmark. Open to the public since March 2019, the palace allows visitors to gain a deeper understanding of UAE culture, explore its heritage and history, and discover the traditions and values that guide the country. Lunch will be at a luxury Intercontinental-style hotel.<\/p>\n<p>Dubai &#8216;s Museum of the Future is a must-see while in the area and gain access to exhibits that engage all five senses and attempt to help you imagine what the world might look like in just half a century.<\/p>\n<p>Return to Dubai , Arrival and hotel accommodation<\/p>\n<p><strong>Day 05 \u2013 01 DEC: DUBAI<\/strong><\/p>\n<p>Breakfast and a free morning, during which we suggest you dedicate the morning to completing your shopping in Dubai , known as the shopping capital of the world, or choose one of our optional activities. Its fame stems from having some of the best shops in the world. The city also hosts the annual Dubai Shopping Festival, which lasts for a month. Here, the different worlds of fashion merge, from high-end designer boutiques in luxurious shopping malls to bustling street markets where bargaining is the norm. Among many other items, you can buy electronics, gold jewelry, fabrics, and more.<br \/>\nIn the evening, you can optionally have dinner at a restaurant overlooking the Dubai Fountain . The Dubai Fountain features a water jet that shoots up to 150 meters (500 feet), equivalent to the height of a 50-story building. The fountain is situated in a 30-acre lake, the size of two football fields, which surrounds The Dubai Mall . Address Hotel, The Palace Hotel and Burj Khalifa, which is already an icon of the city<\/p>\n<p>Day 06 \u2013 02 JAN: DUBAI \/SHARJAH AND AJMAN<\/p>\n<p>Buffet breakfast at the hotel. In the morning, depart for a half-day tour of the Emirates of Sharjah and Ajman . This excursion provides a broader understanding of the Emirates. The following points of interest are visited: the Blue Souk, known for its handicrafts; the Faisal Mosque, a gift from the late King Faisal to the Emirate of Sharjah ; the traditional Al Arsah Souk, with its intricate and imaginative decorations, where bargaining is encouraged; the Museum of Islamic Civilization, showcasing a collection of unique Islamic artifacts; and the Ajman Heritage Area, where you can see beautiful recreations of life in Ajman before the oil era. Lunch at a traditional restaurant. Return to Dubai .<\/p>\n<p>Day 07 \u2013 03 JAN: DUBAI<\/p>\n<p>Breakfast. At the scheduled time, transfer to Dubai airport for your flight to your next destination.<\/p>\n<p>***End of our services***<\/p>\n<table width=\"736\">\n<tbody>\n<tr>\n<td width=\"484\"><strong>USD RATE<\/strong><\/td>\n<td rowspan=\"2\" width=\"126\"><strong>Triple<\/strong><\/td>\n<td rowspan=\"2\" width=\"126\"><strong>Double<\/strong><\/td>\n<\/tr>\n<tr>\n<td width=\"484\"><strong>December 28 to January 3, 2026<\/strong><\/td>\n<\/tr>\n<tr>\n<td width=\"484\">Novotel Al Barsha 4* luxury<\/td>\n<td width=\"126\">2.290<\/td>\n<td width=\"126\">2.310<\/td>\n<\/tr>\n<tr>\n<td width=\"484\">Holiday Inn Festival City<\/td>\n<td width=\"126\">2.230<\/td>\n<td width=\"126\">2.250<\/td>\n<\/tr>\n<\/tbody>\n<\/table>\n<p><strong>Includes:<\/strong><\/p>\n<ul>\n<li>6 nights 7 days in Dubai at the selected hotel with daily breakfast and taxes<\/li>\n<li>Arrival and departure transfers in shared service<\/li>\n<li>Half-day tour of Classic Dubai with lunch at a traditional restaurant<\/li>\n<li>Half-day tour of Modern Dubai with Monorail transfer<\/li>\n<li>Desert safari and dinner show at a camp<\/li>\n<li>Full day excursion to Abu Dhabi with lunch at a 5* hotel, entrance to Al Watan and the Louvre Museum<\/li>\n<li>Half-day tour of the Emirates of Sharjah and Ajman with lunch and Spanish-speaking guide<\/li>\n<li>Dinner on a Dhow cruise with round-trip transfers<\/li>\n<li>New Year&#8217;s Eve Dinner<\/li>\n<li>Medical assistance for children under 70 with Covid coverage<\/li>\n<\/ul>\n<p><strong>Does not include:<\/strong><\/p>\n<ul>\n<li>Unspecified expenses<\/li>\n<li>Visa procedures<\/li>\n<li>Tips<\/li>\n<li>Not recommended diet<\/li>\n<li>International airline tickets<\/li>\n<\/ul>\n<ul>\n<li>You might also be interested in: <a href=\"https:\/\/fundaystours.com\/product\/dubai-para-todos-salidas-diarias-01-de-abril-de-2025-al-30-de-marzo-de-2026\/\">Dubai for everyone<\/a><\/li>\n<\/ul>\n<p>&nbsp;<\/p>\n<ul>\n<li>You might also be interested in: <a href=\"https:\/\/fundaystours.com\/en\/destinos\/dubai-for-everyone-an-unforgettable-journey\/\" target=\"_blank\" rel=\"noopener\">Dubai for everyone<\/a><\/li>\n<\/ul>\n","protected":false},"excerpt":{"rendered":"<p>Dubai is a destination that once challenged the limits of imagination. With its stunning skyline of skyscrapers\u2014like the Burj Khalifa, the tallest building in the world\u2014and its palm-shaped artificial islands, it offers a one-of-a-kind experience.<\/p>\n","protected":false},"featured_media":107559,"comment_status":"open","ping_status":"closed","template":"","meta":{"_acf_changed":false,"_joinchat":[]},"product_brand":[],"product_cat":[1680],"product_tag":[],"class_list":{"0":"post-110411","1":"product","2":"type-product","3":"status-publish","4":"has-post-thumbnail","6":"product_cat-israel-and-the-middle-east","7":"pa_cuantas-habitaciones-doble-en","8":"pa_cuantas-habitaciones-triple-en-2","10":"first","11":"instock","12":"featured","13":"sold-individually","14":"shipping-taxable","15":"purchasable","16":"product-type-variable"},"acf":[],"yoast_head":"<!-- This site is optimized with the Yoast SEO Premium plugin v23.3 (Yoast SEO v27.4) - https:\/\/yoast.com\/product\/yoast-seo-premium-wordpress\/ -->\n<title>Dub\u00e1i cl\u00e1sico con el mejor paquete tur\u00edstico inolvidable | Fundays T<\/title>\n<meta name=\"description\" content=\"Vive la magia de Dub\u00e1i cl\u00e1sico: excursiones a la ciudad cl\u00e1sica, modernos rascacielos y un safari en el desierto. Salidas diarias hasta octubre 2025.\" \/>\n<meta name=\"robots\" content=\"index, follow, max-snippet:-1, max-image-preview:large, max-video-preview:-1\" \/>\n<link rel=\"canonical\" href=\"https:\/\/fundaystours.com\/en\/destinos\/enjoy-dubai-for-the-end-of-the-year\/\" \/>\n<meta property=\"og:locale\" content=\"en_US\" \/>\n<meta property=\"og:type\" content=\"article\" \/>\n<meta property=\"og:title\" content=\"Palm Jumeirah\" \/>\n<meta property=\"og:description\" content=\"Dub\u00e1i cl\u00e1sico: excursiones a la ciudad cl\u00e1sica, modernos rascacielos y un safari en el desierto\" \/>\n<meta property=\"og:url\" content=\"https:\/\/fundaystours.com\/en\/destinos\/enjoy-dubai-for-the-end-of-the-year\/\" \/>\n<meta property=\"og:site_name\" content=\"Fundays Tours\" \/>\n<meta property=\"article:modified_time\" content=\"2026-04-23T14:36:54+00:00\" \/>\n<meta property=\"og:image\" content=\"https:\/\/fundaystours.com\/wp-content\/uploads\/2025\/01\/hotel-burj-al-arab-jumeirah-dubai.jpg\" \/>\n\t<meta property=\"og:image:width\" content=\"600\" \/>\n\t<meta property=\"og:image:height\" content=\"425\" \/>\n\t<meta property=\"og:image:type\" content=\"image\/jpeg\" \/>\n<meta name=\"twitter:card\" content=\"summary_large_image\" \/>\n<meta name=\"twitter:title\" content=\"Enjoy Dubai for the end of the year\" \/>\n<meta name=\"twitter:label1\" content=\"Est. reading time\" \/>\n\t<meta name=\"twitter:data1\" content=\"7 minutes\" \/>\n<script type=\"application\/ld+json\" class=\"yoast-schema-graph\">{\"@context\":\"https:\\\/\\\/schema.org\",\"@graph\":[{\"@type\":\"WebPage\",\"@id\":\"https:\\\/\\\/fundaystours.com\\\/en\\\/destinos\\\/enjoy-dubai-for-the-end-of-the-year\\\/\",\"url\":\"https:\\\/\\\/fundaystours.com\\\/en\\\/destinos\\\/enjoy-dubai-for-the-end-of-the-year\\\/\",\"name\":\"Dub\u00e1i cl\u00e1sico con el mejor paquete tur\u00edstico inolvidable | Fundays T\",\"isPartOf\":{\"@id\":\"https:\\\/\\\/fundaystours.com\\\/en\\\/#website\"},\"primaryImageOfPage\":{\"@id\":\"https:\\\/\\\/fundaystours.com\\\/en\\\/destinos\\\/enjoy-dubai-for-the-end-of-the-year\\\/#primaryimage\"},\"image\":{\"@id\":\"https:\\\/\\\/fundaystours.com\\\/en\\\/destinos\\\/enjoy-dubai-for-the-end-of-the-year\\\/#primaryimage\"},\"thumbnailUrl\":\"https:\\\/\\\/fundaystours.com\\\/wp-content\\\/uploads\\\/2025\\\/01\\\/hotel-burj-al-arab-jumeirah-dubai.jpg\",\"datePublished\":\"2025-10-19T01:46:49+00:00\",\"dateModified\":\"2026-04-23T14:36:54+00:00\",\"description\":\"Vive la magia de Dub\u00e1i cl\u00e1sico: excursiones a la ciudad cl\u00e1sica, modernos rascacielos y un safari en el desierto. Salidas diarias hasta octubre 2025.\",\"breadcrumb\":{\"@id\":\"https:\\\/\\\/fundaystours.com\\\/en\\\/destinos\\\/enjoy-dubai-for-the-end-of-the-year\\\/#breadcrumb\"},\"inLanguage\":\"en-US\",\"potentialAction\":[{\"@type\":\"ReadAction\",\"target\":[\"https:\\\/\\\/fundaystours.com\\\/en\\\/destinos\\\/enjoy-dubai-for-the-end-of-the-year\\\/\"]}]},{\"@type\":\"ImageObject\",\"inLanguage\":\"en-US\",\"@id\":\"https:\\\/\\\/fundaystours.com\\\/en\\\/destinos\\\/enjoy-dubai-for-the-end-of-the-year\\\/#primaryimage\",\"url\":\"https:\\\/\\\/fundaystours.com\\\/wp-content\\\/uploads\\\/2025\\\/01\\\/hotel-burj-al-arab-jumeirah-dubai.jpg\",\"contentUrl\":\"https:\\\/\\\/fundaystours.com\\\/wp-content\\\/uploads\\\/2025\\\/01\\\/hotel-burj-al-arab-jumeirah-dubai.jpg\",\"width\":600,\"height\":425,\"caption\":\"lujo\"},{\"@type\":\"BreadcrumbList\",\"@id\":\"https:\\\/\\\/fundaystours.com\\\/en\\\/destinos\\\/enjoy-dubai-for-the-end-of-the-year\\\/#breadcrumb\",\"itemListElement\":[{\"@type\":\"ListItem\",\"position\":1,\"name\":\"Home\",\"item\":\"https:\\\/\\\/fundaystours.com\\\/en\\\/\"},{\"@type\":\"ListItem\",\"position\":2,\"name\":\"Destinations\",\"item\":\"https:\\\/\\\/fundaystours.com\\\/destinations\\\/\"},{\"@type\":\"ListItem\",\"position\":3,\"name\":\"Israel and the Middle East\",\"item\":\"https:\\\/\\\/fundaystours.com\\\/en\\\/product-category\\\/israel-and-the-middle-east\\\/\"},{\"@type\":\"ListItem\",\"position\":4,\"name\":\"Enjoy Dubai for the end of the year\"}]},{\"@type\":\"WebSite\",\"@id\":\"https:\\\/\\\/fundaystours.com\\\/en\\\/#website\",\"url\":\"https:\\\/\\\/fundaystours.com\\\/en\\\/\",\"name\":\"Fundays Tours\",\"description\":\"\",\"publisher\":{\"@id\":\"https:\\\/\\\/fundaystours.com\\\/en\\\/#organization\"},\"potentialAction\":[{\"@type\":\"SearchAction\",\"target\":{\"@type\":\"EntryPoint\",\"urlTemplate\":\"https:\\\/\\\/fundaystours.com\\\/en\\\/?s={search_term_string}\"},\"query-input\":{\"@type\":\"PropertyValueSpecification\",\"valueRequired\":true,\"valueName\":\"search_term_string\"}}],\"inLanguage\":\"en-US\"},{\"@type\":\"Organization\",\"@id\":\"https:\\\/\\\/fundaystours.com\\\/en\\\/#organization\",\"name\":\"Fundays Tours\",\"url\":\"https:\\\/\\\/fundaystours.com\\\/en\\\/\",\"logo\":{\"@type\":\"ImageObject\",\"inLanguage\":\"en-US\",\"@id\":\"https:\\\/\\\/fundaystours.com\\\/en\\\/#\\\/schema\\\/logo\\\/image\\\/\",\"url\":\"https:\\\/\\\/fundaystours.com\\\/wp-content\\\/uploads\\\/2023\\\/12\\\/logo-fundays-tours-2.png\",\"contentUrl\":\"https:\\\/\\\/fundaystours.com\\\/wp-content\\\/uploads\\\/2023\\\/12\\\/logo-fundays-tours-2.png\",\"width\":230,\"height\":50,\"caption\":\"Fundays Tours\"},\"image\":{\"@id\":\"https:\\\/\\\/fundaystours.com\\\/en\\\/#\\\/schema\\\/logo\\\/image\\\/\"}}]}<\/script>\n<!-- \/ Yoast SEO Premium plugin. -->","yoast_head_json":{"title":"Dub\u00e1i cl\u00e1sico con el mejor paquete tur\u00edstico inolvidable | Fundays T","description":"Vive la magia de Dub\u00e1i cl\u00e1sico: excursiones a la ciudad cl\u00e1sica, modernos rascacielos y un safari en el desierto. Salidas diarias hasta octubre 2025.","robots":{"index":"index","follow":"follow","max-snippet":"max-snippet:-1","max-image-preview":"max-image-preview:large","max-video-preview":"max-video-preview:-1"},"canonical":"https:\/\/fundaystours.com\/en\/destinos\/enjoy-dubai-for-the-end-of-the-year\/","og_locale":"en_US","og_type":"article","og_title":"Palm Jumeirah","og_description":"Dub\u00e1i cl\u00e1sico: excursiones a la ciudad cl\u00e1sica, modernos rascacielos y un safari en el desierto","og_url":"https:\/\/fundaystours.com\/en\/destinos\/enjoy-dubai-for-the-end-of-the-year\/","og_site_name":"Fundays Tours","article_modified_time":"2026-04-23T14:36:54+00:00","og_image":[{"width":600,"height":425,"url":"https:\/\/fundaystours.com\/wp-content\/uploads\/2025\/01\/hotel-burj-al-arab-jumeirah-dubai.jpg","type":"image\/jpeg"}],"twitter_card":"summary_large_image","twitter_title":"Enjoy Dubai for the end of the year","twitter_misc":{"Est. reading time":"7 minutes"},"schema":{"@context":"https:\/\/schema.org","@graph":[{"@type":"WebPage","@id":"https:\/\/fundaystours.com\/en\/destinos\/enjoy-dubai-for-the-end-of-the-year\/","url":"https:\/\/fundaystours.com\/en\/destinos\/enjoy-dubai-for-the-end-of-the-year\/","name":"Dub\u00e1i cl\u00e1sico con el mejor paquete tur\u00edstico inolvidable | Fundays T","isPartOf":{"@id":"https:\/\/fundaystours.com\/en\/#website"},"primaryImageOfPage":{"@id":"https:\/\/fundaystours.com\/en\/destinos\/enjoy-dubai-for-the-end-of-the-year\/#primaryimage"},"image":{"@id":"https:\/\/fundaystours.com\/en\/destinos\/enjoy-dubai-for-the-end-of-the-year\/#primaryimage"},"thumbnailUrl":"https:\/\/fundaystours.com\/wp-content\/uploads\/2025\/01\/hotel-burj-al-arab-jumeirah-dubai.jpg","datePublished":"2025-10-19T01:46:49+00:00","dateModified":"2026-04-23T14:36:54+00:00","description":"Vive la magia de Dub\u00e1i cl\u00e1sico: excursiones a la ciudad cl\u00e1sica, modernos rascacielos y un safari en el desierto. Salidas diarias hasta octubre 2025.","breadcrumb":{"@id":"https:\/\/fundaystours.com\/en\/destinos\/enjoy-dubai-for-the-end-of-the-year\/#breadcrumb"},"inLanguage":"en-US","potentialAction":[{"@type":"ReadAction","target":["https:\/\/fundaystours.com\/en\/destinos\/enjoy-dubai-for-the-end-of-the-year\/"]}]},{"@type":"ImageObject","inLanguage":"en-US","@id":"https:\/\/fundaystours.com\/en\/destinos\/enjoy-dubai-for-the-end-of-the-year\/#primaryimage","url":"https:\/\/fundaystours.com\/wp-content\/uploads\/2025\/01\/hotel-burj-al-arab-jumeirah-dubai.jpg","contentUrl":"https:\/\/fundaystours.com\/wp-content\/uploads\/2025\/01\/hotel-burj-al-arab-jumeirah-dubai.jpg","width":600,"height":425,"caption":"lujo"},{"@type":"BreadcrumbList","@id":"https:\/\/fundaystours.com\/en\/destinos\/enjoy-dubai-for-the-end-of-the-year\/#breadcrumb","itemListElement":[{"@type":"ListItem","position":1,"name":"Home","item":"https:\/\/fundaystours.com\/en\/"},{"@type":"ListItem","position":2,"name":"Destinations","item":"https:\/\/fundaystours.com\/destinations\/"},{"@type":"ListItem","position":3,"name":"Israel and the Middle East","item":"https:\/\/fundaystours.com\/en\/product-category\/israel-and-the-middle-east\/"},{"@type":"ListItem","position":4,"name":"Enjoy Dubai for the end of the year"}]},{"@type":"WebSite","@id":"https:\/\/fundaystours.com\/en\/#website","url":"https:\/\/fundaystours.com\/en\/","name":"Fundays Tours","description":"","publisher":{"@id":"https:\/\/fundaystours.com\/en\/#organization"},"potentialAction":[{"@type":"SearchAction","target":{"@type":"EntryPoint","urlTemplate":"https:\/\/fundaystours.com\/en\/?s={search_term_string}"},"query-input":{"@type":"PropertyValueSpecification","valueRequired":true,"valueName":"search_term_string"}}],"inLanguage":"en-US"},{"@type":"Organization","@id":"https:\/\/fundaystours.com\/en\/#organization","name":"Fundays Tours","url":"https:\/\/fundaystours.com\/en\/","logo":{"@type":"ImageObject","inLanguage":"en-US","@id":"https:\/\/fundaystours.com\/en\/#\/schema\/logo\/image\/","url":"https:\/\/fundaystours.com\/wp-content\/uploads\/2023\/12\/logo-fundays-tours-2.png","contentUrl":"https:\/\/fundaystours.com\/wp-content\/uploads\/2023\/12\/logo-fundays-tours-2.png","width":230,"height":50,"caption":"Fundays Tours"},"image":{"@id":"https:\/\/fundaystours.com\/en\/#\/schema\/logo\/image\/"}}]}},"_links":{"self":[{"href":"https:\/\/fundaystours.com\/en\/wp-json\/wp\/v2\/product\/110411","targetHints":{"allow":["GET"]}}],"collection":[{"href":"https:\/\/fundaystours.com\/en\/wp-json\/wp\/v2\/product"}],"about":[{"href":"https:\/\/fundaystours.com\/en\/wp-json\/wp\/v2\/types\/product"}],"replies":[{"embeddable":true,"href":"https:\/\/fundaystours.com\/en\/wp-json\/wp\/v2\/comments?post=110411"}],"wp:featuredmedia":[{"embeddable":true,"href":"https:\/\/fundaystours.com\/en\/wp-json\/wp\/v2\/media\/107559"}],"wp:attachment":[{"href":"https:\/\/fundaystours.com\/en\/wp-json\/wp\/v2\/media?parent=110411"}],"wp:term":[{"taxonomy":"product_brand","embeddable":true,"href":"https:\/\/fundaystours.com\/en\/wp-json\/wp\/v2\/product_brand?post=110411"},{"taxonomy":"product_cat","embeddable":true,"href":"https:\/\/fundaystours.com\/en\/wp-json\/wp\/v2\/product_cat?post=110411"},{"taxonomy":"product_tag","embeddable":true,"href":"https:\/\/fundaystours.com\/en\/wp-json\/wp\/v2\/product_tag?post=110411"}],"curies":[{"name":"wp","href":"https:\/\/api.w.org\/{rel}","templated":true}]}}