{"id":109582,"date":"2025-05-30T19:44:05","date_gmt":"2025-05-30T23:44:05","guid":{"rendered":"https:\/\/fundaystours.com\/destinos\/tour-por-mexico-mundo-maya\/"},"modified":"2025-12-23T11:53:52","modified_gmt":"2025-12-23T16:53:52","slug":"mexico-city-mundo-maya-tour","status":"publish","type":"product","link":"https:\/\/fundaystours.com\/en\/destinos\/mexico-city-mundo-maya-tour\/","title":{"rendered":"Mexico City &#038; Mundo Maya Tour"},"content":{"rendered":"<p>Mexico Tour<\/p>\n<h2>Day 1: Country of Origin \/ Mexico City<\/h2>\n<p>Welcome to this tour of Mexico! Reception at the airport by our staff, assistance, and transfer to your chosen hotel. Free time. Accommodation.<\/p>\n<h2>Day 2: Mexico City (Historic Center + Anthropology Museum)<\/h2>\n<p>American breakfast. We head to the HISTORIC CENTER, a World Heritage Site: Z\u00f3calo (City Hall, Cathedral, Presidential Palace), Plaza de Santo Domingo, Plaza Tols\u00e1, Palace of Fine Arts&#8230; We travel along Reforma Ave. to the beginning of <a href=\"https:\/\/www.wmf.org\/projects\/chapultepec-park\">Chapultepec Park<\/a>\u2026 we finish with a visit (two rooms) to the MUSEUM of ANTHROPOLOGY, one of the three most important of its kind in the world. Option to stay at the Museum on your own. Return to the hotels. Free afternoon. Accommodation.<\/p>\n<h2>Day 3: Mexico Tour: Mexico City (free day)<\/h2>\n<p>American breakfast. Free day. We suggest an optional visit to either the Basilica of Guadalupe and the Pyramids of Teotihuacan, or Cuernavaca and Taxco. Accommodation.<\/p>\n<h2>Day 4: Mexico City \/ Villahermosa (La Venta) \/ Palenque <strong>(FLIGHT NOT INCLUDED)<\/strong><\/h2>\n<p>American breakfast. Transfer to the Airport to fly to VILLAHERMOSA <strong>(FLIGHT NOT INCLUDED)<\/strong>. Please book a flight that arrives in Villahermosa between 9:00 AM and 12:00 PM. Assistance and transfer to the LA VENTA Park-Museum, a tribute to mother nature and the Olmec culture. Continue to PALENQUE. Free afternoon. Optional visit to the Misol-h\u00e1 and \u00c1gua Azul waterfalls. Accommodation.<\/p>\n<h2>Day 5: Mexico Tour: Palenque \/ Campeche<\/h2>\n<p>American breakfast. CULTURAL VISIT to the archaeological site of PALENQUE: Temple of the Inscriptions, the Palace, Temples of the Sun and the Foliated Cross, the Queen&#8217;s Bath in the Otulum stream\u2026 Free time. Departure to CAMPECHE, a fortified city and a World Cultural Heritage site. Snack along the way. Afterwards, we enjoy a PANORAMIC VISIT: Cathedral, Arms Museum, Land Gate&#8230; Accommodation.<\/p>\n<h2>Day 6: Mexico Tour: Campeche \/ Uxmal \/ M\u00e9rida<\/h2>\n<p>American breakfast. Departure to UXMAL, one of the most beautiful archaeological zones of the Puuc Route. CULTURAL VISIT: the grandeur of the Pyramid of the Magician, the magnificent friezes of the Nunnery Quadrangle, the shells of the Turtle Building, and the panoramic views from the Governor&#8217;s Palace&#8230; all speak of the importance of this Mayan architectural complex. Lunch. Continue to MERIDA and check into the hotel. As the sun sets, we take a PANORAMIC TOUR: Residential Zone, Monument to the Fatherland, Paseo Montejo, Twin Houses, Calle 60, Santa Luc\u00eda Square, Cathedral, Z\u00f3calo&#8230; Accommodation.<\/p>\n<h2>Day 7: Mexico Tour: M\u00e9rida \/ Chichen Itz\u00e1 \/ Caribbean<\/h2>\n<p>American breakfast. The arrival at CHICHEN ITZA shows us the greatness of the Mayan culture. CULTURAL VISIT: the Observatory, the Pyramid of the Castle, the Temple of a Thousand Columns, the Ball Court, the Sacred Cenote&#8230; and other interesting temples transport us to an enigmatic world of gods. Free time to take a dip in a typical CENOTE. Group farewell meal.<\/p>\n<p><strong>***End of services***<\/strong><\/p>\n<h2>Trip Start Dates<\/h2>\n<p><strong>** Check for supplement for FORMULA 1, DAY of the DEAD, and NEW YEAR&#8217;S EVE<\/strong><\/p>\n<table>\n<thead>\n<tr>\n<th colspan=\"5\">RATES IN USD PER PERSON<\/th>\n<th colspan=\"2\"><\/th>\n<\/tr>\n<tr>\n<th>SEASON<\/th>\n<th>DEPARTURES<\/th>\n<th>CATEGORY<\/th>\n<th>Triple<\/th>\n<th>Double<\/th>\n<th>Single<\/th>\n<th>CHILDREN<\/th>\n<\/tr>\n<\/thead>\n<tbody>\n<tr>\n<td rowspan=\"3\"><strong>ONE SEASON<\/strong> (From Junuary 01, 2026 to December 31, 2026)<\/td>\n<td rowspan=\"3\">SATURDAYS<\/td>\n<td>A \u2013 3* tourist<\/td>\n<td><strong>$1,240<\/strong><\/td>\n<td><strong>$1,290<\/strong><\/td>\n<td><strong>$1,730<\/strong><\/td>\n<td><strong>$835<\/strong><\/td>\n<\/tr>\n<tr>\n<td>B \u2013 first class 4*<\/td>\n<td><strong>$1,295<\/strong><\/td>\n<td><strong>$1,345<\/strong><\/td>\n<td><strong>$1,815<\/strong><\/td>\n<td><strong>$825<\/strong><\/td>\n<\/tr>\n<tr>\n<td>C \u2013 First Class 4*SUP<\/td>\n<td><strong>$1,360<\/strong><\/td>\n<td><strong>$1,425<\/strong><\/td>\n<td><strong>$1,960<\/strong><\/td>\n<td><strong>$860<\/strong><\/td>\n<\/tr>\n<\/tbody>\n<\/table>\n<p>Children&#8217;s rate applies to children under 10 accompanied by two adults in the same room.<\/p>\n<h3>Included Services<\/h3>\n<ul>\n<li>6 nights, 7 days accommodation in the selected room type.<\/li>\n<li>Airport &#8211; hotel transfer.<\/li>\n<li>6 Breakfasts, 2 Lunches.<\/li>\n<li>Sectur-accredited guide.<\/li>\n<li>Exclusive transportation in a tour bus.<\/li>\n<li>Visits in Mexico City, La Venta, Palenque, Campeche, Uxmal, M\u00e9rida, and Chichen Itz\u00e1.<\/li>\n<li>Hotel taxes and tips.<\/li>\n<li>Medical assistance card for travelers under 70 (supplements apply for those over 71).<\/li>\n<\/ul>\n<h3>Not Included Services<\/h3>\n<ul>\n<li>Food and beverages not specified in the program.<\/li>\n<li>Airfare to Villahermosa.<\/li>\n<li>Any other service not specified in the &#8220;Included&#8221; section or as an Added Value.<\/li>\n<\/ul>\n<p><strong>Hotels in the series or similar<\/strong><\/p>\n<p><strong>Mexico City<\/strong><\/p>\n<ul>\n<li>Regente <strong>3*<\/strong><\/li>\n<li>Casa Blanca <strong>4*<\/strong><\/li>\n<li>Galer\u00eda Plaza <strong>4*Sup<\/strong><\/li>\n<\/ul>\n<p><strong>Palenque<\/strong><\/p>\n<ul>\n<li>Ciudad Real <strong>4*<\/strong><\/li>\n<li>Misi\u00f3n <strong>4*<\/strong><\/li>\n<\/ul>\n<p><strong>Campeche<\/strong><\/p>\n<ul>\n<li>Gamma Campeche Malec\u00f3n <strong>4*<\/strong><\/li>\n<\/ul>\n<p><strong>M\u00e9rida<\/strong><\/p>\n<ul>\n<li>Hyatt <strong>4*Sup<\/strong><\/li>\n<\/ul>\n","protected":false},"excerpt":{"rendered":"<p>Discover Colonial Mexico on a unique tour: Mexico City, Tequila, Guanajuato, Morelia, and more. Enjoy stunning architecture, one-of-a-kind cuisine, and the warmth of its people. A journey full of history, traditions, and unforgettable landscapes!<\/p>\n","protected":false},"featured_media":107190,"comment_status":"open","ping_status":"closed","template":"","meta":{"_acf_changed":false,"_joinchat":[]},"product_brand":[],"product_cat":[1674,1682],"product_tag":[],"class_list":{"0":"post-109582","1":"product","2":"type-product","3":"status-publish","4":"has-post-thumbnail","6":"product_cat-central-america","7":"product_cat-mexico-en","8":"pa_cuantas-habitaciones-double-en20","9":"pa_cuantas-habitaciones-simple-20","10":"pa_cuantas-habitaciones-triple-20","12":"first","13":"instock","14":"featured","15":"sold-individually","16":"shipping-taxable","17":"purchasable","18":"product-type-variable"},"acf":[],"yoast_head":"<!-- This site is optimized with the Yoast SEO Premium plugin v23.3 (Yoast SEO v27.4) - https:\/\/yoast.com\/product\/yoast-seo-premium-wordpress\/ -->\n<title>Tour por M\u00e9xico, explora el carrusel colonial | Fundays tours<\/title>\n<meta name=\"description\" content=\"Vive una experiencia \u00fanica con nuestro tour por M\u00e9xico, Tequila, Guanajuato, Morelia y m\u00e1s. \u00a1Disfruta de la historia y cultura de M\u00e9xico \u00a1Reserva ya!\" \/>\n<meta name=\"robots\" content=\"index, follow, max-snippet:-1, max-image-preview:large, max-video-preview:-1\" \/>\n<link rel=\"canonical\" href=\"https:\/\/fundaystours.com\/en\/destinos\/mexico-city-mundo-maya-tour\/\" \/>\n<meta property=\"og:locale\" content=\"en_US\" \/>\n<meta property=\"og:type\" content=\"article\" \/>\n<meta property=\"og:title\" content=\"Mexico City &amp; Mundo Maya Tour\" \/>\n<meta property=\"og:description\" content=\"Vive una experiencia \u00fanica con nuestro tour por M\u00e9xico, Tequila, Guanajuato, Morelia y m\u00e1s. \u00a1Disfruta de la historia y cultura de M\u00e9xico \u00a1Reserva ya!\" \/>\n<meta property=\"og:url\" content=\"https:\/\/fundaystours.com\/en\/destinos\/mexico-city-mundo-maya-tour\/\" \/>\n<meta property=\"og:site_name\" content=\"Fundays Tours\" \/>\n<meta property=\"article:modified_time\" content=\"2025-12-23T16:53:52+00:00\" \/>\n<meta property=\"og:image\" content=\"https:\/\/fundaystours.com\/wp-content\/uploads\/2024\/01\/is-Mexico-City-safe-7-1024x684-1.jpg\" \/>\n\t<meta property=\"og:image:width\" content=\"1024\" \/>\n\t<meta property=\"og:image:height\" content=\"684\" \/>\n\t<meta property=\"og:image:type\" content=\"image\/jpeg\" \/>\n<meta name=\"twitter:card\" content=\"summary_large_image\" \/>\n<meta name=\"twitter:label1\" content=\"Est. reading time\" \/>\n\t<meta name=\"twitter:data1\" content=\"4 minutes\" \/>\n<script type=\"application\/ld+json\" class=\"yoast-schema-graph\">{\"@context\":\"https:\\\/\\\/schema.org\",\"@graph\":[{\"@type\":\"WebPage\",\"@id\":\"https:\\\/\\\/fundaystours.com\\\/en\\\/destinos\\\/mexico-city-mundo-maya-tour\\\/\",\"url\":\"https:\\\/\\\/fundaystours.com\\\/en\\\/destinos\\\/mexico-city-mundo-maya-tour\\\/\",\"name\":\"Tour por M\u00e9xico, explora el carrusel colonial | Fundays tours\",\"isPartOf\":{\"@id\":\"https:\\\/\\\/fundaystours.com\\\/en\\\/#website\"},\"primaryImageOfPage\":{\"@id\":\"https:\\\/\\\/fundaystours.com\\\/en\\\/destinos\\\/mexico-city-mundo-maya-tour\\\/#primaryimage\"},\"image\":{\"@id\":\"https:\\\/\\\/fundaystours.com\\\/en\\\/destinos\\\/mexico-city-mundo-maya-tour\\\/#primaryimage\"},\"thumbnailUrl\":\"https:\\\/\\\/fundaystours.com\\\/wp-content\\\/uploads\\\/2024\\\/01\\\/is-Mexico-City-safe-7-1024x684-1.jpg\",\"datePublished\":\"2025-05-30T23:44:05+00:00\",\"dateModified\":\"2025-12-23T16:53:52+00:00\",\"description\":\"Vive una experiencia \u00fanica con nuestro tour por M\u00e9xico, Tequila, Guanajuato, Morelia y m\u00e1s. \u00a1Disfruta de la historia y cultura de M\u00e9xico \u00a1Reserva ya!\",\"breadcrumb\":{\"@id\":\"https:\\\/\\\/fundaystours.com\\\/en\\\/destinos\\\/mexico-city-mundo-maya-tour\\\/#breadcrumb\"},\"inLanguage\":\"en-US\",\"potentialAction\":[{\"@type\":\"ReadAction\",\"target\":[\"https:\\\/\\\/fundaystours.com\\\/en\\\/destinos\\\/mexico-city-mundo-maya-tour\\\/\"]}]},{\"@type\":\"ImageObject\",\"inLanguage\":\"en-US\",\"@id\":\"https:\\\/\\\/fundaystours.com\\\/en\\\/destinos\\\/mexico-city-mundo-maya-tour\\\/#primaryimage\",\"url\":\"https:\\\/\\\/fundaystours.com\\\/wp-content\\\/uploads\\\/2024\\\/01\\\/is-Mexico-City-safe-7-1024x684-1.jpg\",\"contentUrl\":\"https:\\\/\\\/fundaystours.com\\\/wp-content\\\/uploads\\\/2024\\\/01\\\/is-Mexico-City-safe-7-1024x684-1.jpg\",\"width\":1024,\"height\":684},{\"@type\":\"BreadcrumbList\",\"@id\":\"https:\\\/\\\/fundaystours.com\\\/en\\\/destinos\\\/mexico-city-mundo-maya-tour\\\/#breadcrumb\",\"itemListElement\":[{\"@type\":\"ListItem\",\"position\":1,\"name\":\"Home\",\"item\":\"https:\\\/\\\/fundaystours.com\\\/en\\\/\"},{\"@type\":\"ListItem\",\"position\":2,\"name\":\"Destinations\",\"item\":\"https:\\\/\\\/fundaystours.com\\\/destinations\\\/\"},{\"@type\":\"ListItem\",\"position\":3,\"name\":\"Mexico\",\"item\":\"https:\\\/\\\/fundaystours.com\\\/en\\\/product-category\\\/mexico-en\\\/\"},{\"@type\":\"ListItem\",\"position\":4,\"name\":\"Mexico City &#038; Mundo Maya Tour\"}]},{\"@type\":\"WebSite\",\"@id\":\"https:\\\/\\\/fundaystours.com\\\/en\\\/#website\",\"url\":\"https:\\\/\\\/fundaystours.com\\\/en\\\/\",\"name\":\"Fundays Tours\",\"description\":\"\",\"publisher\":{\"@id\":\"https:\\\/\\\/fundaystours.com\\\/en\\\/#organization\"},\"potentialAction\":[{\"@type\":\"SearchAction\",\"target\":{\"@type\":\"EntryPoint\",\"urlTemplate\":\"https:\\\/\\\/fundaystours.com\\\/en\\\/?s={search_term_string}\"},\"query-input\":{\"@type\":\"PropertyValueSpecification\",\"valueRequired\":true,\"valueName\":\"search_term_string\"}}],\"inLanguage\":\"en-US\"},{\"@type\":\"Organization\",\"@id\":\"https:\\\/\\\/fundaystours.com\\\/en\\\/#organization\",\"name\":\"Fundays Tours\",\"url\":\"https:\\\/\\\/fundaystours.com\\\/en\\\/\",\"logo\":{\"@type\":\"ImageObject\",\"inLanguage\":\"en-US\",\"@id\":\"https:\\\/\\\/fundaystours.com\\\/en\\\/#\\\/schema\\\/logo\\\/image\\\/\",\"url\":\"https:\\\/\\\/fundaystours.com\\\/wp-content\\\/uploads\\\/2023\\\/12\\\/logo-fundays-tours-2.png\",\"contentUrl\":\"https:\\\/\\\/fundaystours.com\\\/wp-content\\\/uploads\\\/2023\\\/12\\\/logo-fundays-tours-2.png\",\"width\":230,\"height\":50,\"caption\":\"Fundays Tours\"},\"image\":{\"@id\":\"https:\\\/\\\/fundaystours.com\\\/en\\\/#\\\/schema\\\/logo\\\/image\\\/\"}}]}<\/script>\n<!-- \/ Yoast SEO Premium plugin. -->","yoast_head_json":{"title":"Tour por M\u00e9xico, explora el carrusel colonial | Fundays tours","description":"Vive una experiencia \u00fanica con nuestro tour por M\u00e9xico, Tequila, Guanajuato, Morelia y m\u00e1s. \u00a1Disfruta de la historia y cultura de M\u00e9xico \u00a1Reserva ya!","robots":{"index":"index","follow":"follow","max-snippet":"max-snippet:-1","max-image-preview":"max-image-preview:large","max-video-preview":"max-video-preview:-1"},"canonical":"https:\/\/fundaystours.com\/en\/destinos\/mexico-city-mundo-maya-tour\/","og_locale":"en_US","og_type":"article","og_title":"Mexico City & Mundo Maya Tour","og_description":"Vive una experiencia \u00fanica con nuestro tour por M\u00e9xico, Tequila, Guanajuato, Morelia y m\u00e1s. \u00a1Disfruta de la historia y cultura de M\u00e9xico \u00a1Reserva ya!","og_url":"https:\/\/fundaystours.com\/en\/destinos\/mexico-city-mundo-maya-tour\/","og_site_name":"Fundays Tours","article_modified_time":"2025-12-23T16:53:52+00:00","og_image":[{"width":1024,"height":684,"url":"https:\/\/fundaystours.com\/wp-content\/uploads\/2024\/01\/is-Mexico-City-safe-7-1024x684-1.jpg","type":"image\/jpeg"}],"twitter_card":"summary_large_image","twitter_misc":{"Est. reading time":"4 minutes"},"schema":{"@context":"https:\/\/schema.org","@graph":[{"@type":"WebPage","@id":"https:\/\/fundaystours.com\/en\/destinos\/mexico-city-mundo-maya-tour\/","url":"https:\/\/fundaystours.com\/en\/destinos\/mexico-city-mundo-maya-tour\/","name":"Tour por M\u00e9xico, explora el carrusel colonial | Fundays tours","isPartOf":{"@id":"https:\/\/fundaystours.com\/en\/#website"},"primaryImageOfPage":{"@id":"https:\/\/fundaystours.com\/en\/destinos\/mexico-city-mundo-maya-tour\/#primaryimage"},"image":{"@id":"https:\/\/fundaystours.com\/en\/destinos\/mexico-city-mundo-maya-tour\/#primaryimage"},"thumbnailUrl":"https:\/\/fundaystours.com\/wp-content\/uploads\/2024\/01\/is-Mexico-City-safe-7-1024x684-1.jpg","datePublished":"2025-05-30T23:44:05+00:00","dateModified":"2025-12-23T16:53:52+00:00","description":"Vive una experiencia \u00fanica con nuestro tour por M\u00e9xico, Tequila, Guanajuato, Morelia y m\u00e1s. \u00a1Disfruta de la historia y cultura de M\u00e9xico \u00a1Reserva ya!","breadcrumb":{"@id":"https:\/\/fundaystours.com\/en\/destinos\/mexico-city-mundo-maya-tour\/#breadcrumb"},"inLanguage":"en-US","potentialAction":[{"@type":"ReadAction","target":["https:\/\/fundaystours.com\/en\/destinos\/mexico-city-mundo-maya-tour\/"]}]},{"@type":"ImageObject","inLanguage":"en-US","@id":"https:\/\/fundaystours.com\/en\/destinos\/mexico-city-mundo-maya-tour\/#primaryimage","url":"https:\/\/fundaystours.com\/wp-content\/uploads\/2024\/01\/is-Mexico-City-safe-7-1024x684-1.jpg","contentUrl":"https:\/\/fundaystours.com\/wp-content\/uploads\/2024\/01\/is-Mexico-City-safe-7-1024x684-1.jpg","width":1024,"height":684},{"@type":"BreadcrumbList","@id":"https:\/\/fundaystours.com\/en\/destinos\/mexico-city-mundo-maya-tour\/#breadcrumb","itemListElement":[{"@type":"ListItem","position":1,"name":"Home","item":"https:\/\/fundaystours.com\/en\/"},{"@type":"ListItem","position":2,"name":"Destinations","item":"https:\/\/fundaystours.com\/destinations\/"},{"@type":"ListItem","position":3,"name":"Mexico","item":"https:\/\/fundaystours.com\/en\/product-category\/mexico-en\/"},{"@type":"ListItem","position":4,"name":"Mexico City &#038; Mundo Maya Tour"}]},{"@type":"WebSite","@id":"https:\/\/fundaystours.com\/en\/#website","url":"https:\/\/fundaystours.com\/en\/","name":"Fundays Tours","description":"","publisher":{"@id":"https:\/\/fundaystours.com\/en\/#organization"},"potentialAction":[{"@type":"SearchAction","target":{"@type":"EntryPoint","urlTemplate":"https:\/\/fundaystours.com\/en\/?s={search_term_string}"},"query-input":{"@type":"PropertyValueSpecification","valueRequired":true,"valueName":"search_term_string"}}],"inLanguage":"en-US"},{"@type":"Organization","@id":"https:\/\/fundaystours.com\/en\/#organization","name":"Fundays Tours","url":"https:\/\/fundaystours.com\/en\/","logo":{"@type":"ImageObject","inLanguage":"en-US","@id":"https:\/\/fundaystours.com\/en\/#\/schema\/logo\/image\/","url":"https:\/\/fundaystours.com\/wp-content\/uploads\/2023\/12\/logo-fundays-tours-2.png","contentUrl":"https:\/\/fundaystours.com\/wp-content\/uploads\/2023\/12\/logo-fundays-tours-2.png","width":230,"height":50,"caption":"Fundays Tours"},"image":{"@id":"https:\/\/fundaystours.com\/en\/#\/schema\/logo\/image\/"}}]}},"_links":{"self":[{"href":"https:\/\/fundaystours.com\/en\/wp-json\/wp\/v2\/product\/109582","targetHints":{"allow":["GET"]}}],"collection":[{"href":"https:\/\/fundaystours.com\/en\/wp-json\/wp\/v2\/product"}],"about":[{"href":"https:\/\/fundaystours.com\/en\/wp-json\/wp\/v2\/types\/product"}],"replies":[{"embeddable":true,"href":"https:\/\/fundaystours.com\/en\/wp-json\/wp\/v2\/comments?post=109582"}],"wp:featuredmedia":[{"embeddable":true,"href":"https:\/\/fundaystours.com\/en\/wp-json\/wp\/v2\/media\/107190"}],"wp:attachment":[{"href":"https:\/\/fundaystours.com\/en\/wp-json\/wp\/v2\/media?parent=109582"}],"wp:term":[{"taxonomy":"product_brand","embeddable":true,"href":"https:\/\/fundaystours.com\/en\/wp-json\/wp\/v2\/product_brand?post=109582"},{"taxonomy":"product_cat","embeddable":true,"href":"https:\/\/fundaystours.com\/en\/wp-json\/wp\/v2\/product_cat?post=109582"},{"taxonomy":"product_tag","embeddable":true,"href":"https:\/\/fundaystours.com\/en\/wp-json\/wp\/v2\/product_tag?post=109582"}],"curies":[{"name":"wp","href":"https:\/\/api.w.org\/{rel}","templated":true}]}}