{"id":109466,"date":"2025-05-31T11:39:39","date_gmt":"2025-05-31T15:39:39","guid":{"rendered":"https:\/\/fundaystours.com\/destinos\/escapate-a-cancun\/"},"modified":"2026-03-30T14:01:43","modified_gmt":"2026-03-30T18:01:43","slug":"escape-to-cancun","status":"publish","type":"product","link":"https:\/\/fundaystours.com\/en\/destinos\/escape-to-cancun\/","title":{"rendered":"Escape to Canc\u00fan"},"content":{"rendered":"<p>Cancun Getaway 5 Days All-Inclusive<\/p>\n<h2>Itinerary<\/h2>\n<p class=\"m_3810419080522107519p2\"><span class=\"m_3810419080522107519s1\">\u2022\u00a0<b>Day 1:<\/b>\u00a0Airport \u2013 hotel transfer!<\/span><u><\/u><u><\/u><\/p>\n<p class=\"m_3810419080522107519p2\"><span class=\"m_3810419080522107519s1\">\u2022\u00a0<b>Day 2:<\/b>\u00a0Enjoy a free day with all-inclusive fun at the hotel!<\/span><u><\/u><u><\/u><\/p>\n<p class=\"m_3810419080522107519p2\"><span class=\"m_3810419080522107519s1\">\u2022\u00a0<b>Day 3:<\/b>\u00a0Another free day! Relax and indulge at your leisure!<\/span><u><\/u><u><\/u><\/p>\n<p class=\"m_3810419080522107519p2\"><span class=\"m_3810419080522107519s1\">\u2022\u00a0<b>Day 4:<\/b>\u00a0Free day to explore and unwind!<\/span><u><\/u><u><\/u><\/p>\n<p class=\"m_3810419080522107519p2\"><span class=\"m_3810419080522107519s1\">\u2022\u00a0<b>Day 5:<\/b>\u00a0Breakfast and departure to the airport.<\/span><\/p>\n<table>\n<tbody>\n<tr>\n<td colspan=\"7\">PRICES PER PERSON IN USD<\/td>\n<\/tr>\n<tr>\n<td>HOTELS<\/td>\n<td>DEPARTURES<\/td>\n<td>CATEGORY<\/td>\n<td>TRIPLE<\/td>\n<td>DOUBLE<\/td>\n<td>SINGLE<\/td>\n<td>CHILDREN<\/td>\n<\/tr>\n<tr>\n<td>HOTEL GR SOLARIS CARIBE<\/td>\n<td>DAILY<\/td>\n<td>First Class 5*<\/td>\n<td>$ 625<\/td>\n<td>$ 655<\/td>\n<td>$ 895<\/td>\n<td>$ 195<\/td>\n<\/tr>\n<\/tbody>\n<\/table>\n<h3>Included Services<\/h3>\n<ul>\n<li>4 nights and 5 days accommodation in the selected room.<\/li>\n<li>Meals: lunches, breakfasts, and dinners included.<\/li>\n<li>Alcoholic and non-alcoholic beverages.<\/li>\n<li>Snacks and daily activities.<\/li>\n<li>Shared airport &#8211; hotel &#8211; airport transfers.<\/li>\n<\/ul>\n<h3>Services Not Included<\/h3>\n<ul>\n<li>Unspecified expenses and airfare.<\/li>\n<li>Unspecified meals,tips and excursions.<\/li>\n<\/ul>\n<h3>Important Note<\/h3>\n<p>Children under 06 travel free when accompanied by a minimum of 2 adults.<\/p>\n","protected":false},"excerpt":{"rendered":"<p>Travel to Cancun and experience the Caribbean like never before. Enjoy dreamy beaches, all-inclusive resorts, vibrant nightlife, and unforgettable tours to Mayan ruins. Book your Cancun vacation package now and make your dream getaway a reality.<\/p>\n","protected":false},"featured_media":109272,"comment_status":"open","ping_status":"closed","template":"","meta":{"_acf_changed":false,"_joinchat":[]},"product_brand":[],"product_cat":[1672],"product_tag":[],"class_list":{"0":"post-109466","1":"product","2":"type-product","3":"status-publish","4":"has-post-thumbnail","6":"product_cat-caribbean","7":"pa_cuantas-habitaciones-double-en20","8":"pa_cuantas-habitaciones-simple-20","9":"pa_cuantas-habitaciones-triple-20","11":"first","12":"instock","13":"sold-individually","14":"shipping-taxable","15":"purchasable","16":"product-type-variable"},"acf":[],"yoast_head":"<!-- This site is optimized with the Yoast SEO Premium plugin v23.3 (Yoast SEO v27.3) - https:\/\/yoast.com\/product\/yoast-seo-premium-wordpress\/ -->\n<title>Esc\u00e1pate a Canc\u00fan, playa, sol y diversi\u00f3n con Fundays Tours<\/title>\n<meta name=\"description\" content=\"Disfruta Canc\u00fan, 5 d\u00edas de sol y descanso con hospedaje, alimentos, bebidas y actividades. \u00a1Haz clic y descubre tu pr\u00f3xima escapada!\" \/>\n<meta name=\"robots\" content=\"index, follow, max-snippet:-1, max-image-preview:large, max-video-preview:-1\" \/>\n<link rel=\"canonical\" href=\"https:\/\/fundaystours.com\/en\/destinos\/escape-to-cancun\/\" \/>\n<meta property=\"og:locale\" content=\"en_US\" \/>\n<meta property=\"og:type\" content=\"article\" \/>\n<meta property=\"og:title\" content=\"Escape to Canc\u00fan\" \/>\n<meta property=\"og:description\" content=\"Disfruta Canc\u00fan, 5 d\u00edas de sol y descanso con hospedaje, alimentos, bebidas y actividades. \u00a1Haz clic y descubre tu pr\u00f3xima escapada!\" \/>\n<meta property=\"og:url\" content=\"https:\/\/fundaystours.com\/en\/destinos\/escape-to-cancun\/\" \/>\n<meta property=\"og:site_name\" content=\"Fundays Tours\" \/>\n<meta property=\"article:modified_time\" content=\"2026-03-30T18:01:43+00:00\" \/>\n<meta property=\"og:image\" content=\"https:\/\/fundaystours.com\/wp-content\/uploads\/2025\/05\/hotel-gr-solaris-caribe-1.jpg\" \/>\n\t<meta property=\"og:image:width\" content=\"1024\" \/>\n\t<meta property=\"og:image:height\" content=\"700\" \/>\n\t<meta property=\"og:image:type\" content=\"image\/jpeg\" \/>\n<meta name=\"twitter:card\" content=\"summary_large_image\" \/>\n<meta name=\"twitter:label1\" content=\"Est. reading time\" \/>\n\t<meta name=\"twitter:data1\" content=\"1 minute\" \/>\n<script type=\"application\/ld+json\" class=\"yoast-schema-graph\">{\"@context\":\"https:\\\/\\\/schema.org\",\"@graph\":[{\"@type\":\"WebPage\",\"@id\":\"https:\\\/\\\/fundaystours.com\\\/en\\\/destinos\\\/escape-to-cancun\\\/\",\"url\":\"https:\\\/\\\/fundaystours.com\\\/en\\\/destinos\\\/escape-to-cancun\\\/\",\"name\":\"Esc\u00e1pate a Canc\u00fan, playa, sol y diversi\u00f3n con Fundays Tours\",\"isPartOf\":{\"@id\":\"https:\\\/\\\/fundaystours.com\\\/en\\\/#website\"},\"primaryImageOfPage\":{\"@id\":\"https:\\\/\\\/fundaystours.com\\\/en\\\/destinos\\\/escape-to-cancun\\\/#primaryimage\"},\"image\":{\"@id\":\"https:\\\/\\\/fundaystours.com\\\/en\\\/destinos\\\/escape-to-cancun\\\/#primaryimage\"},\"thumbnailUrl\":\"https:\\\/\\\/fundaystours.com\\\/wp-content\\\/uploads\\\/2025\\\/05\\\/hotel-gr-solaris-caribe-1.jpg\",\"datePublished\":\"2025-05-31T15:39:39+00:00\",\"dateModified\":\"2026-03-30T18:01:43+00:00\",\"description\":\"Disfruta Canc\u00fan, 5 d\u00edas de sol y descanso con hospedaje, alimentos, bebidas y actividades. \u00a1Haz clic y descubre tu pr\u00f3xima escapada!\",\"breadcrumb\":{\"@id\":\"https:\\\/\\\/fundaystours.com\\\/en\\\/destinos\\\/escape-to-cancun\\\/#breadcrumb\"},\"inLanguage\":\"en-US\",\"potentialAction\":[{\"@type\":\"ReadAction\",\"target\":[\"https:\\\/\\\/fundaystours.com\\\/en\\\/destinos\\\/escape-to-cancun\\\/\"]}]},{\"@type\":\"ImageObject\",\"inLanguage\":\"en-US\",\"@id\":\"https:\\\/\\\/fundaystours.com\\\/en\\\/destinos\\\/escape-to-cancun\\\/#primaryimage\",\"url\":\"https:\\\/\\\/fundaystours.com\\\/wp-content\\\/uploads\\\/2025\\\/05\\\/hotel-gr-solaris-caribe-1.jpg\",\"contentUrl\":\"https:\\\/\\\/fundaystours.com\\\/wp-content\\\/uploads\\\/2025\\\/05\\\/hotel-gr-solaris-caribe-1.jpg\",\"width\":1024,\"height\":700,\"caption\":\"panoramica hotel\"},{\"@type\":\"BreadcrumbList\",\"@id\":\"https:\\\/\\\/fundaystours.com\\\/en\\\/destinos\\\/escape-to-cancun\\\/#breadcrumb\",\"itemListElement\":[{\"@type\":\"ListItem\",\"position\":1,\"name\":\"Home\",\"item\":\"https:\\\/\\\/fundaystours.com\\\/en\\\/\"},{\"@type\":\"ListItem\",\"position\":2,\"name\":\"Destinations\",\"item\":\"https:\\\/\\\/fundaystours.com\\\/destinations\\\/\"},{\"@type\":\"ListItem\",\"position\":3,\"name\":\"Caribbean\",\"item\":\"https:\\\/\\\/fundaystours.com\\\/en\\\/product-category\\\/caribbean\\\/\"},{\"@type\":\"ListItem\",\"position\":4,\"name\":\"Escape to Canc\u00fan\"}]},{\"@type\":\"WebSite\",\"@id\":\"https:\\\/\\\/fundaystours.com\\\/en\\\/#website\",\"url\":\"https:\\\/\\\/fundaystours.com\\\/en\\\/\",\"name\":\"Fundays Tours\",\"description\":\"\",\"publisher\":{\"@id\":\"https:\\\/\\\/fundaystours.com\\\/en\\\/#organization\"},\"potentialAction\":[{\"@type\":\"SearchAction\",\"target\":{\"@type\":\"EntryPoint\",\"urlTemplate\":\"https:\\\/\\\/fundaystours.com\\\/en\\\/?s={search_term_string}\"},\"query-input\":{\"@type\":\"PropertyValueSpecification\",\"valueRequired\":true,\"valueName\":\"search_term_string\"}}],\"inLanguage\":\"en-US\"},{\"@type\":\"Organization\",\"@id\":\"https:\\\/\\\/fundaystours.com\\\/en\\\/#organization\",\"name\":\"Fundays Tours\",\"url\":\"https:\\\/\\\/fundaystours.com\\\/en\\\/\",\"logo\":{\"@type\":\"ImageObject\",\"inLanguage\":\"en-US\",\"@id\":\"https:\\\/\\\/fundaystours.com\\\/en\\\/#\\\/schema\\\/logo\\\/image\\\/\",\"url\":\"https:\\\/\\\/fundaystours.com\\\/wp-content\\\/uploads\\\/2023\\\/12\\\/logo-fundays-tours-2.png\",\"contentUrl\":\"https:\\\/\\\/fundaystours.com\\\/wp-content\\\/uploads\\\/2023\\\/12\\\/logo-fundays-tours-2.png\",\"width\":230,\"height\":50,\"caption\":\"Fundays Tours\"},\"image\":{\"@id\":\"https:\\\/\\\/fundaystours.com\\\/en\\\/#\\\/schema\\\/logo\\\/image\\\/\"}}]}<\/script>\n<!-- \/ Yoast SEO Premium plugin. -->","yoast_head_json":{"title":"Esc\u00e1pate a Canc\u00fan, playa, sol y diversi\u00f3n con Fundays Tours","description":"Disfruta Canc\u00fan, 5 d\u00edas de sol y descanso con hospedaje, alimentos, bebidas y actividades. \u00a1Haz clic y descubre tu pr\u00f3xima escapada!","robots":{"index":"index","follow":"follow","max-snippet":"max-snippet:-1","max-image-preview":"max-image-preview:large","max-video-preview":"max-video-preview:-1"},"canonical":"https:\/\/fundaystours.com\/en\/destinos\/escape-to-cancun\/","og_locale":"en_US","og_type":"article","og_title":"Escape to Canc\u00fan","og_description":"Disfruta Canc\u00fan, 5 d\u00edas de sol y descanso con hospedaje, alimentos, bebidas y actividades. \u00a1Haz clic y descubre tu pr\u00f3xima escapada!","og_url":"https:\/\/fundaystours.com\/en\/destinos\/escape-to-cancun\/","og_site_name":"Fundays Tours","article_modified_time":"2026-03-30T18:01:43+00:00","og_image":[{"width":1024,"height":700,"url":"https:\/\/fundaystours.com\/wp-content\/uploads\/2025\/05\/hotel-gr-solaris-caribe-1.jpg","type":"image\/jpeg"}],"twitter_card":"summary_large_image","twitter_misc":{"Est. reading time":"1 minute"},"schema":{"@context":"https:\/\/schema.org","@graph":[{"@type":"WebPage","@id":"https:\/\/fundaystours.com\/en\/destinos\/escape-to-cancun\/","url":"https:\/\/fundaystours.com\/en\/destinos\/escape-to-cancun\/","name":"Esc\u00e1pate a Canc\u00fan, playa, sol y diversi\u00f3n con Fundays Tours","isPartOf":{"@id":"https:\/\/fundaystours.com\/en\/#website"},"primaryImageOfPage":{"@id":"https:\/\/fundaystours.com\/en\/destinos\/escape-to-cancun\/#primaryimage"},"image":{"@id":"https:\/\/fundaystours.com\/en\/destinos\/escape-to-cancun\/#primaryimage"},"thumbnailUrl":"https:\/\/fundaystours.com\/wp-content\/uploads\/2025\/05\/hotel-gr-solaris-caribe-1.jpg","datePublished":"2025-05-31T15:39:39+00:00","dateModified":"2026-03-30T18:01:43+00:00","description":"Disfruta Canc\u00fan, 5 d\u00edas de sol y descanso con hospedaje, alimentos, bebidas y actividades. \u00a1Haz clic y descubre tu pr\u00f3xima escapada!","breadcrumb":{"@id":"https:\/\/fundaystours.com\/en\/destinos\/escape-to-cancun\/#breadcrumb"},"inLanguage":"en-US","potentialAction":[{"@type":"ReadAction","target":["https:\/\/fundaystours.com\/en\/destinos\/escape-to-cancun\/"]}]},{"@type":"ImageObject","inLanguage":"en-US","@id":"https:\/\/fundaystours.com\/en\/destinos\/escape-to-cancun\/#primaryimage","url":"https:\/\/fundaystours.com\/wp-content\/uploads\/2025\/05\/hotel-gr-solaris-caribe-1.jpg","contentUrl":"https:\/\/fundaystours.com\/wp-content\/uploads\/2025\/05\/hotel-gr-solaris-caribe-1.jpg","width":1024,"height":700,"caption":"panoramica hotel"},{"@type":"BreadcrumbList","@id":"https:\/\/fundaystours.com\/en\/destinos\/escape-to-cancun\/#breadcrumb","itemListElement":[{"@type":"ListItem","position":1,"name":"Home","item":"https:\/\/fundaystours.com\/en\/"},{"@type":"ListItem","position":2,"name":"Destinations","item":"https:\/\/fundaystours.com\/destinations\/"},{"@type":"ListItem","position":3,"name":"Caribbean","item":"https:\/\/fundaystours.com\/en\/product-category\/caribbean\/"},{"@type":"ListItem","position":4,"name":"Escape to Canc\u00fan"}]},{"@type":"WebSite","@id":"https:\/\/fundaystours.com\/en\/#website","url":"https:\/\/fundaystours.com\/en\/","name":"Fundays Tours","description":"","publisher":{"@id":"https:\/\/fundaystours.com\/en\/#organization"},"potentialAction":[{"@type":"SearchAction","target":{"@type":"EntryPoint","urlTemplate":"https:\/\/fundaystours.com\/en\/?s={search_term_string}"},"query-input":{"@type":"PropertyValueSpecification","valueRequired":true,"valueName":"search_term_string"}}],"inLanguage":"en-US"},{"@type":"Organization","@id":"https:\/\/fundaystours.com\/en\/#organization","name":"Fundays Tours","url":"https:\/\/fundaystours.com\/en\/","logo":{"@type":"ImageObject","inLanguage":"en-US","@id":"https:\/\/fundaystours.com\/en\/#\/schema\/logo\/image\/","url":"https:\/\/fundaystours.com\/wp-content\/uploads\/2023\/12\/logo-fundays-tours-2.png","contentUrl":"https:\/\/fundaystours.com\/wp-content\/uploads\/2023\/12\/logo-fundays-tours-2.png","width":230,"height":50,"caption":"Fundays Tours"},"image":{"@id":"https:\/\/fundaystours.com\/en\/#\/schema\/logo\/image\/"}}]}},"_links":{"self":[{"href":"https:\/\/fundaystours.com\/en\/wp-json\/wp\/v2\/product\/109466","targetHints":{"allow":["GET"]}}],"collection":[{"href":"https:\/\/fundaystours.com\/en\/wp-json\/wp\/v2\/product"}],"about":[{"href":"https:\/\/fundaystours.com\/en\/wp-json\/wp\/v2\/types\/product"}],"replies":[{"embeddable":true,"href":"https:\/\/fundaystours.com\/en\/wp-json\/wp\/v2\/comments?post=109466"}],"wp:featuredmedia":[{"embeddable":true,"href":"https:\/\/fundaystours.com\/en\/wp-json\/wp\/v2\/media\/109272"}],"wp:attachment":[{"href":"https:\/\/fundaystours.com\/en\/wp-json\/wp\/v2\/media?parent=109466"}],"wp:term":[{"taxonomy":"product_brand","embeddable":true,"href":"https:\/\/fundaystours.com\/en\/wp-json\/wp\/v2\/product_brand?post=109466"},{"taxonomy":"product_cat","embeddable":true,"href":"https:\/\/fundaystours.com\/en\/wp-json\/wp\/v2\/product_cat?post=109466"},{"taxonomy":"product_tag","embeddable":true,"href":"https:\/\/fundaystours.com\/en\/wp-json\/wp\/v2\/product_tag?post=109466"}],"curies":[{"name":"wp","href":"https:\/\/api.w.org\/{rel}","templated":true}]}}