{"id":108389,"date":"2025-04-04T10:00:19","date_gmt":"2025-04-04T14:00:19","guid":{"rendered":"https:\/\/fundaystours.com\/destinos\/china-descubra-pekin-xian-y-shanghai\/"},"modified":"2026-04-08T17:52:49","modified_gmt":"2026-04-08T21:52:49","slug":"china-discover-beijing-xian-and-shanghai","status":"publish","type":"product","link":"https:\/\/fundaystours.com\/en\/destinos\/china-discover-beijing-xian-and-shanghai\/","title":{"rendered":"China \u2013 Discover Beijing, Xi&#8217;an and Shanghai"},"content":{"rendered":"<p><span style=\"font-size: 11.0pt; font-family: 'Century Gothic','sans-serif';\">CHINA TOUR <\/span><br \/>\n<span style=\"vertical-align: inherit;\">Visiting: Beijing \u2013 Xi&#8217;an \u2013 Shanghai <\/span><span style=\"vertical-align: inherit;\">7 nights 8 days<\/span><\/p>\n<p><span style=\"font-size: 11.0pt; font-family: 'Century Gothic','sans-serif';\"><span style=\"vertical-align: inherit;\">Daily departures from April 1, 2025, to March 19, 2026<\/span><\/span><\/p>\n<h2><strong><span style=\"vertical-align: inherit;\">DAY 1 China Tour: Beijing<\/span><\/strong><\/h2>\n<p><span style=\"vertical-align: inherit;\">Arrival in Beijing, capital of the People&#8217;s Republic of China. Transfer to the hotel. Rest of the day at leisure, lunch not included. Overnight stay.<\/span><\/p>\n<h2><strong><span style=\"vertical-align: inherit;\">DAY 2: Beijing (Forbidden City + Summer Palace)<\/span><\/strong><\/h2>\n<p><span style=\"vertical-align: inherit;\">Buffet breakfast. Today we will visit: the Imperial Palace, known as the &#8220;Forbidden City&#8221;, Tiananmen Square, one of the largest in the world, and the Summer Palace, which was a summer garden for the Qing Dynasty imperial family. Lunch included.<\/span><\/p>\n<p><span style=\"vertical-align: inherit;\">OPTION: In the evening, attend an Acrobatic Show, at an additional cost quoted separately as mentioned below.<\/span><\/p>\n<h2><strong><span style=\"vertical-align: inherit;\">DAY 3: Beijing (Great Wall + Olympic Park)<\/span><\/strong><\/h2>\n<p><span style=\"vertical-align: inherit;\">Buffet breakfast. Excursion to the Great Wall (Juyongguan Pass or Badaling depending on operational details from Fant\u00e1stica China), a spectacular and grand architectural work over 2,000 years old. Lunch included. In the afternoon, return to the city and stop near the \u201cBird&#8217;s Nest\u201d (National Stadium) and the \u201cWater Cube\u201d (National Aquatics Center) for photos (no entry to stadiums). End the day with a welcome dinner featuring delicious Beijing Roast Duck. Overnight stay.<\/span><\/p>\n<h2><strong><span style=\"vertical-align: inherit;\">DAY 4: Beijing \u2013 Xi&#8217;an by high-speed train<\/span><\/strong><\/h2>\n<p><span style=\"vertical-align: inherit;\">Buffet breakfast. Visit to the Temple of Heaven, built in 1420 and covering 267 hectares, where emperors prayed for good harvests. Lunch included. In the afternoon, transfer to the train station to take the HIGH-SPEED TRAIN in Tourist Class to Xi&#8217;an, China&#8217;s ancient capital with 3,000 years of history, the only walled capital and starting point of the famous &#8220;Silk Road&#8221;. Transfer to the hotel. Overnight stay.<\/span><\/p>\n<h2><strong><span style=\"vertical-align: inherit;\">DAY 5: Xi&#8217;an (Terracotta Warriors and Horses Museum)<\/span><\/strong><\/h2>\n<p><span style=\"vertical-align: inherit;\">Buffet breakfast. Visit the famous Terracotta Warriors and Horses Museum, which houses over 6,000 life-size figures representing a great army guarding Emperor Qin&#8217;s tomb. Lunch included. In the afternoon, visit the Small Wild Goose Pagoda (no climb), located inside Jianfu Temple about one kilometer south of downtown Xi&#8217;an, and end with a visit to the Muslim Quarter (without entering the Great Mosque). Overnight stay.<\/span><\/p>\n<h2><strong><span style=\"vertical-align: inherit;\">DAY 6: Xi&#8217;an \u2013 SHANGHAI (City Tour)<\/span><\/strong><\/h2>\n<p><span style=\"vertical-align: inherit;\">Buffet breakfast. Flight to Shanghai, a port city directly under Central Government with over 16 million inhabitants, the largest port, commercial center, and most international metropolis in China. Lunch included. Visit the Yuyuan Garden, Jade Buddha Temple, and the city\u2019s Bund. Transfer to the hotel. Overnight stay.<\/span><\/p>\n<h2><strong><span style=\"vertical-align: inherit;\">DAY 7 China Tour: Shanghai<\/span><\/strong><\/h2>\n<p><span style=\"vertical-align: inherit;\">Buffet breakfast. Free day. Lunch NOT included. Overnight stay.<\/span><\/p>\n<h2><strong><span style=\"vertical-align: inherit;\">DAY 8 China Tour: Shanghai<\/span><\/strong><\/h2>\n<p><span style=\"vertical-align: inherit;\">Buffet breakfast. At the scheduled time, transfer to the airport.<\/span><\/p>\n<p style=\"text-align: center;\"><strong><span style=\"vertical-align: inherit;\"><span style=\"vertical-align: inherit;\">*** end of our services ***<\/span><\/span><\/strong><\/p>\n<p><!-- The table and other sections will continue similarly. Do you want me to proceed translating the pricing, inclusions, exclusions, and hotels table too? --><\/p>\n<table style=\"height: 127px;\" width=\"815\">\n<tbody>\n<tr>\n<td colspan=\"5\" width=\"632\"><strong>PRICES PER PERSON IN USD<\/strong><\/td>\n<\/tr>\n<tr>\n<td width=\"219\"><strong>SEASON<\/strong><\/td>\n<td width=\"165\"><strong>DEPARTURES<\/strong><\/td>\n<td width=\"83\"><strong>CATEGORY<\/strong><\/td>\n<td width=\"83\"><strong>DOUBLE<\/strong><\/td>\n<td width=\"83\"><strong>SIMPLE<\/strong><\/td>\n<\/tr>\n<tr>\n<td width=\"219\"><strong>MEDIUM: <\/strong>April 1, 2026 to March 22, 2027<\/td>\n<td width=\"165\">DAILY<\/td>\n<td width=\"83\">5*<\/td>\n<td width=\"83\">$2,289.00<\/td>\n<td width=\"83\">$2,839.00<\/td>\n<\/tr>\n<\/tbody>\n<\/table>\n<h3><span style=\"vertical-align: inherit;\">INCLUDED SERVICES:<\/span><\/h3>\n<ul>\n<li><span style=\"vertical-align: inherit;\">03 nights accommodation in Beijing in standard room.<\/span><\/li>\n<li><span style=\"vertical-align: inherit;\">02 nights accommodation in Xi\u2019an in standard room.<\/span><\/li>\n<li><span style=\"vertical-align: inherit;\">02 nights accommodation in Shanghai in standard room.<\/span><\/li>\n<li><span style=\"vertical-align: inherit;\">Daily breakfast.<\/span><\/li>\n<li><span style=\"vertical-align: inherit;\">Tours mentioned in the itinerary.<\/span><\/li>\n<li><span style=\"vertical-align: inherit;\">Domestic flight Xi\u2019an \u2013 Shanghai in economy class.<\/span><\/li>\n<li><span style=\"vertical-align: inherit;\">High-speed train ticket in economy class from Beijing \u2013 Xi\u2019an.<\/span><\/li>\n<li><span style=\"vertical-align: inherit;\">Transfers from\/to airport\/hotel\/train station\/airport in air-conditioned vehicle with Spanish-speaking assistance.<\/span><\/li>\n<li><span style=\"vertical-align: inherit;\">Travel insurance for travelers under 70 years old (Supplement applies for travelers over 71 years).<\/span><\/li>\n<\/ul>\n<h3><strong><span style=\"vertical-align: inherit;\">NOT INCLUDED:<\/span><\/strong><\/h3>\n<ul>\n<li><span style=\"vertical-align: inherit;\">International flights and airport taxes.<\/span><\/li>\n<li><span style=\"vertical-align: inherit;\">Transportation, trips, and tours not mentioned in the itinerary.<\/span><\/li>\n<li><span style=\"vertical-align: inherit;\">Any meals not mentioned in the itinerary.<\/span><\/li>\n<li><span style=\"vertical-align: inherit;\">Passport and visa fees.<\/span><\/li>\n<li><span style=\"vertical-align: inherit;\">Personal expenses such as drinks, laundry, phone calls, faxes, Wi-Fi,<\/span><\/li>\n<li><span style=\"vertical-align: inherit;\">Massages\/Spa, etc.<\/span><\/li>\n<li><span style=\"vertical-align: inherit;\">Tips for drivers, guides, restaurant staff, etc.<\/span><\/li>\n<\/ul>\n<h3><strong><span style=\"vertical-align: inherit;\">HOTELS<\/span><\/strong><\/h3>\n<table width=\"591\">\n<tbody>\n<tr>\n<td width=\"120\"><strong><span style=\"vertical-align: inherit;\">CITY<\/span><\/strong><\/td>\n<td width=\"471\"><strong><u><span style=\"vertical-align: inherit;\">5* HOTELS or similar category<\/span><\/u><\/strong><\/td>\n<\/tr>\n<tr>\n<td width=\"120\"><span style=\"vertical-align: inherit;\">Beijing<\/span><\/td>\n<td width=\"471\"><span style=\"vertical-align: inherit;\">V-Continente Beijing Parkview Wuzhou 5*<br \/>\nCelebrity International Grand Hotel 5*<\/span><\/td>\n<\/tr>\n<tr>\n<td width=\"120\"><span style=\"vertical-align: inherit;\">Xi\u2019an<\/span><\/td>\n<td width=\"471\"><span style=\"vertical-align: inherit;\">Grand Noble \u2013 equivalent 5*<br \/>\nGolden Flower Hotel \u2013 equivalent 5*<\/span><\/td>\n<\/tr>\n<tr>\n<td width=\"120\"><span style=\"vertical-align: inherit;\">Shanghai<\/span><\/td>\n<td width=\"471\"><span style=\"vertical-align: inherit;\">Grand Mercure Shanghai Hongqiao \u2013 equivalent 5*<br \/>\nHongqiao Jin Jiang Hotel 5*<\/span><\/td>\n<\/tr>\n<\/tbody>\n<\/table>\n<p><strong><span style=\"vertical-align: inherit;\">Note:<\/span><\/strong><\/p>\n<ul>\n<li><span style=\"vertical-align: inherit;\">Daily departures guaranteed from March 21 to November 6, 2025 and from March 2 to March 19, 2026. Minimum 2 passengers.<\/span><\/li>\n<li><span style=\"vertical-align: inherit;\">Monday departures guaranteed with minimum 2 passengers from November 7, 2025 to February 9, 2026 and from February 23 to March 1, 2026.<\/span><\/li>\n<li><span style=\"vertical-align: inherit;\">Departures from Tuesday to Sunday guaranteed with a minimum of 4 passengers from November 7, 2025 to February 9, 2026 and from February 23 to March 1, 2026.<\/span><\/li>\n<\/ul>\n<p><span style=\"vertical-align: inherit;\">You may also be interested in: <\/span><a href=\"https:https:\/\/fundaystours.com\/en\/destinos\/thailands-golden-triangle-adventure-culture-and-nature\/\" target=\"_blank\" rel=\"noopener\"><span style=\"vertical-align: inherit;\">Thailand Golden Triangle<\/span><\/a><\/p>\n","protected":false},"excerpt":{"rendered":"<p>China is a fascinating country that blends history and cultural diversity with breathtaking landscapes and a fusion of tradition and modernity. From the Great Wall to the skyscrapers of Shanghai, its beauty and intrigue invite you to immerse yourself in an ancient civilization and understand its global impact.<\/p>\n","protected":false},"featured_media":107729,"comment_status":"open","ping_status":"closed","template":"","meta":{"_acf_changed":false,"_joinchat":[]},"product_brand":[],"product_cat":[1932],"product_tag":[],"class_list":{"0":"post-108389","1":"product","2":"type-product","3":"status-publish","4":"has-post-thumbnail","6":"product_cat-asia-en-2","7":"pa_cuantas-habitaciones-doble-en","8":"pa_cuantas-habitaciones-simple-20","10":"first","11":"instock","12":"sold-individually","13":"shipping-taxable","14":"purchasable","15":"product-type-variable"},"acf":[],"yoast_head":"<!-- This site is optimized with the Yoast SEO Premium plugin v23.3 (Yoast SEO v27.4) - https:\/\/yoast.com\/product\/yoast-seo-premium-wordpress\/ -->\n<title>Tour a China: descubre Beijing, Xian y Shanghai | Fundays Tours<\/title>\n<meta name=\"description\" content=\"Explora lo mejor de China: Beijing, Xian y Shanghai en 8 d\u00edas, visita la ciudad prohibida, jard\u00edn Yuyuan y mucho m\u00e1s. \u00a1Reserva hoy mismo!\" \/>\n<meta name=\"robots\" content=\"index, follow, max-snippet:-1, max-image-preview:large, max-video-preview:-1\" \/>\n<link rel=\"canonical\" href=\"https:\/\/fundaystours.com\/en\/destinos\/china-discover-beijing-xian-and-shanghai\/\" \/>\n<meta property=\"og:locale\" content=\"en_US\" \/>\n<meta property=\"og:type\" content=\"article\" \/>\n<meta property=\"og:title\" content=\"China \u2013 Discover Beijing, Xi&#039;an and Shanghai\" \/>\n<meta property=\"og:description\" content=\"Explora lo mejor de China: Beijing, Xian y Shanghai en 8 d\u00edas, visita la ciudad prohibida, jard\u00edn Yuyuan y mucho m\u00e1s. \u00a1Reserva hoy mismo!\" \/>\n<meta property=\"og:url\" content=\"https:\/\/fundaystours.com\/en\/destinos\/china-discover-beijing-xian-and-shanghai\/\" \/>\n<meta property=\"og:site_name\" content=\"Fundays Tours\" \/>\n<meta property=\"article:modified_time\" content=\"2026-04-08T21:52:49+00:00\" \/>\n<meta property=\"og:image\" content=\"https:\/\/fundaystours.com\/wp-content\/uploads\/2024\/04\/Muralla-China-scaled.jpg\" \/>\n\t<meta property=\"og:image:width\" content=\"2560\" \/>\n\t<meta property=\"og:image:height\" content=\"1448\" \/>\n\t<meta property=\"og:image:type\" content=\"image\/jpeg\" \/>\n<meta name=\"twitter:card\" content=\"summary_large_image\" \/>\n<meta name=\"twitter:label1\" content=\"Est. reading time\" \/>\n\t<meta name=\"twitter:data1\" content=\"4 minutes\" \/>\n<script type=\"application\/ld+json\" class=\"yoast-schema-graph\">{\"@context\":\"https:\\\/\\\/schema.org\",\"@graph\":[{\"@type\":\"WebPage\",\"@id\":\"https:\\\/\\\/fundaystours.com\\\/en\\\/destinos\\\/china-discover-beijing-xian-and-shanghai\\\/\",\"url\":\"https:\\\/\\\/fundaystours.com\\\/en\\\/destinos\\\/china-discover-beijing-xian-and-shanghai\\\/\",\"name\":\"Tour a China: descubre Beijing, Xian y Shanghai | Fundays Tours\",\"isPartOf\":{\"@id\":\"https:\\\/\\\/fundaystours.com\\\/en\\\/#website\"},\"primaryImageOfPage\":{\"@id\":\"https:\\\/\\\/fundaystours.com\\\/en\\\/destinos\\\/china-discover-beijing-xian-and-shanghai\\\/#primaryimage\"},\"image\":{\"@id\":\"https:\\\/\\\/fundaystours.com\\\/en\\\/destinos\\\/china-discover-beijing-xian-and-shanghai\\\/#primaryimage\"},\"thumbnailUrl\":\"https:\\\/\\\/fundaystours.com\\\/wp-content\\\/uploads\\\/2024\\\/04\\\/Muralla-China-scaled.jpg\",\"datePublished\":\"2025-04-04T14:00:19+00:00\",\"dateModified\":\"2026-04-08T21:52:49+00:00\",\"description\":\"Explora lo mejor de China: Beijing, Xian y Shanghai en 8 d\u00edas, visita la ciudad prohibida, jard\u00edn Yuyuan y mucho m\u00e1s. \u00a1Reserva hoy mismo!\",\"breadcrumb\":{\"@id\":\"https:\\\/\\\/fundaystours.com\\\/en\\\/destinos\\\/china-discover-beijing-xian-and-shanghai\\\/#breadcrumb\"},\"inLanguage\":\"en-US\",\"potentialAction\":[{\"@type\":\"ReadAction\",\"target\":[\"https:\\\/\\\/fundaystours.com\\\/en\\\/destinos\\\/china-discover-beijing-xian-and-shanghai\\\/\"]}]},{\"@type\":\"ImageObject\",\"inLanguage\":\"en-US\",\"@id\":\"https:\\\/\\\/fundaystours.com\\\/en\\\/destinos\\\/china-discover-beijing-xian-and-shanghai\\\/#primaryimage\",\"url\":\"https:\\\/\\\/fundaystours.com\\\/wp-content\\\/uploads\\\/2024\\\/04\\\/Muralla-China-scaled.jpg\",\"contentUrl\":\"https:\\\/\\\/fundaystours.com\\\/wp-content\\\/uploads\\\/2024\\\/04\\\/Muralla-China-scaled.jpg\",\"width\":2560,\"height\":1448,\"caption\":\"Great Wall of China\"},{\"@type\":\"BreadcrumbList\",\"@id\":\"https:\\\/\\\/fundaystours.com\\\/en\\\/destinos\\\/china-discover-beijing-xian-and-shanghai\\\/#breadcrumb\",\"itemListElement\":[{\"@type\":\"ListItem\",\"position\":1,\"name\":\"Home\",\"item\":\"https:\\\/\\\/fundaystours.com\\\/en\\\/\"},{\"@type\":\"ListItem\",\"position\":2,\"name\":\"Destinations\",\"item\":\"https:\\\/\\\/fundaystours.com\\\/destinations\\\/\"},{\"@type\":\"ListItem\",\"position\":3,\"name\":\"Asia\",\"item\":\"https:\\\/\\\/fundaystours.com\\\/en\\\/product-category\\\/asia-en-2\\\/\"},{\"@type\":\"ListItem\",\"position\":4,\"name\":\"China \u2013 Discover Beijing, Xi&#8217;an and Shanghai\"}]},{\"@type\":\"WebSite\",\"@id\":\"https:\\\/\\\/fundaystours.com\\\/en\\\/#website\",\"url\":\"https:\\\/\\\/fundaystours.com\\\/en\\\/\",\"name\":\"Fundays Tours\",\"description\":\"\",\"publisher\":{\"@id\":\"https:\\\/\\\/fundaystours.com\\\/en\\\/#organization\"},\"potentialAction\":[{\"@type\":\"SearchAction\",\"target\":{\"@type\":\"EntryPoint\",\"urlTemplate\":\"https:\\\/\\\/fundaystours.com\\\/en\\\/?s={search_term_string}\"},\"query-input\":{\"@type\":\"PropertyValueSpecification\",\"valueRequired\":true,\"valueName\":\"search_term_string\"}}],\"inLanguage\":\"en-US\"},{\"@type\":\"Organization\",\"@id\":\"https:\\\/\\\/fundaystours.com\\\/en\\\/#organization\",\"name\":\"Fundays Tours\",\"url\":\"https:\\\/\\\/fundaystours.com\\\/en\\\/\",\"logo\":{\"@type\":\"ImageObject\",\"inLanguage\":\"en-US\",\"@id\":\"https:\\\/\\\/fundaystours.com\\\/en\\\/#\\\/schema\\\/logo\\\/image\\\/\",\"url\":\"https:\\\/\\\/fundaystours.com\\\/wp-content\\\/uploads\\\/2023\\\/12\\\/logo-fundays-tours-2.png\",\"contentUrl\":\"https:\\\/\\\/fundaystours.com\\\/wp-content\\\/uploads\\\/2023\\\/12\\\/logo-fundays-tours-2.png\",\"width\":230,\"height\":50,\"caption\":\"Fundays Tours\"},\"image\":{\"@id\":\"https:\\\/\\\/fundaystours.com\\\/en\\\/#\\\/schema\\\/logo\\\/image\\\/\"}}]}<\/script>\n<!-- \/ Yoast SEO Premium plugin. -->","yoast_head_json":{"title":"Tour a China: descubre Beijing, Xian y Shanghai | Fundays Tours","description":"Explora lo mejor de China: Beijing, Xian y Shanghai en 8 d\u00edas, visita la ciudad prohibida, jard\u00edn Yuyuan y mucho m\u00e1s. \u00a1Reserva hoy mismo!","robots":{"index":"index","follow":"follow","max-snippet":"max-snippet:-1","max-image-preview":"max-image-preview:large","max-video-preview":"max-video-preview:-1"},"canonical":"https:\/\/fundaystours.com\/en\/destinos\/china-discover-beijing-xian-and-shanghai\/","og_locale":"en_US","og_type":"article","og_title":"China \u2013 Discover Beijing, Xi'an and Shanghai","og_description":"Explora lo mejor de China: Beijing, Xian y Shanghai en 8 d\u00edas, visita la ciudad prohibida, jard\u00edn Yuyuan y mucho m\u00e1s. \u00a1Reserva hoy mismo!","og_url":"https:\/\/fundaystours.com\/en\/destinos\/china-discover-beijing-xian-and-shanghai\/","og_site_name":"Fundays Tours","article_modified_time":"2026-04-08T21:52:49+00:00","og_image":[{"width":2560,"height":1448,"url":"https:\/\/fundaystours.com\/wp-content\/uploads\/2024\/04\/Muralla-China-scaled.jpg","type":"image\/jpeg"}],"twitter_card":"summary_large_image","twitter_misc":{"Est. reading time":"4 minutes"},"schema":{"@context":"https:\/\/schema.org","@graph":[{"@type":"WebPage","@id":"https:\/\/fundaystours.com\/en\/destinos\/china-discover-beijing-xian-and-shanghai\/","url":"https:\/\/fundaystours.com\/en\/destinos\/china-discover-beijing-xian-and-shanghai\/","name":"Tour a China: descubre Beijing, Xian y Shanghai | Fundays Tours","isPartOf":{"@id":"https:\/\/fundaystours.com\/en\/#website"},"primaryImageOfPage":{"@id":"https:\/\/fundaystours.com\/en\/destinos\/china-discover-beijing-xian-and-shanghai\/#primaryimage"},"image":{"@id":"https:\/\/fundaystours.com\/en\/destinos\/china-discover-beijing-xian-and-shanghai\/#primaryimage"},"thumbnailUrl":"https:\/\/fundaystours.com\/wp-content\/uploads\/2024\/04\/Muralla-China-scaled.jpg","datePublished":"2025-04-04T14:00:19+00:00","dateModified":"2026-04-08T21:52:49+00:00","description":"Explora lo mejor de China: Beijing, Xian y Shanghai en 8 d\u00edas, visita la ciudad prohibida, jard\u00edn Yuyuan y mucho m\u00e1s. \u00a1Reserva hoy mismo!","breadcrumb":{"@id":"https:\/\/fundaystours.com\/en\/destinos\/china-discover-beijing-xian-and-shanghai\/#breadcrumb"},"inLanguage":"en-US","potentialAction":[{"@type":"ReadAction","target":["https:\/\/fundaystours.com\/en\/destinos\/china-discover-beijing-xian-and-shanghai\/"]}]},{"@type":"ImageObject","inLanguage":"en-US","@id":"https:\/\/fundaystours.com\/en\/destinos\/china-discover-beijing-xian-and-shanghai\/#primaryimage","url":"https:\/\/fundaystours.com\/wp-content\/uploads\/2024\/04\/Muralla-China-scaled.jpg","contentUrl":"https:\/\/fundaystours.com\/wp-content\/uploads\/2024\/04\/Muralla-China-scaled.jpg","width":2560,"height":1448,"caption":"Great Wall of China"},{"@type":"BreadcrumbList","@id":"https:\/\/fundaystours.com\/en\/destinos\/china-discover-beijing-xian-and-shanghai\/#breadcrumb","itemListElement":[{"@type":"ListItem","position":1,"name":"Home","item":"https:\/\/fundaystours.com\/en\/"},{"@type":"ListItem","position":2,"name":"Destinations","item":"https:\/\/fundaystours.com\/destinations\/"},{"@type":"ListItem","position":3,"name":"Asia","item":"https:\/\/fundaystours.com\/en\/product-category\/asia-en-2\/"},{"@type":"ListItem","position":4,"name":"China \u2013 Discover Beijing, Xi&#8217;an and Shanghai"}]},{"@type":"WebSite","@id":"https:\/\/fundaystours.com\/en\/#website","url":"https:\/\/fundaystours.com\/en\/","name":"Fundays Tours","description":"","publisher":{"@id":"https:\/\/fundaystours.com\/en\/#organization"},"potentialAction":[{"@type":"SearchAction","target":{"@type":"EntryPoint","urlTemplate":"https:\/\/fundaystours.com\/en\/?s={search_term_string}"},"query-input":{"@type":"PropertyValueSpecification","valueRequired":true,"valueName":"search_term_string"}}],"inLanguage":"en-US"},{"@type":"Organization","@id":"https:\/\/fundaystours.com\/en\/#organization","name":"Fundays Tours","url":"https:\/\/fundaystours.com\/en\/","logo":{"@type":"ImageObject","inLanguage":"en-US","@id":"https:\/\/fundaystours.com\/en\/#\/schema\/logo\/image\/","url":"https:\/\/fundaystours.com\/wp-content\/uploads\/2023\/12\/logo-fundays-tours-2.png","contentUrl":"https:\/\/fundaystours.com\/wp-content\/uploads\/2023\/12\/logo-fundays-tours-2.png","width":230,"height":50,"caption":"Fundays Tours"},"image":{"@id":"https:\/\/fundaystours.com\/en\/#\/schema\/logo\/image\/"}}]}},"_links":{"self":[{"href":"https:\/\/fundaystours.com\/en\/wp-json\/wp\/v2\/product\/108389","targetHints":{"allow":["GET"]}}],"collection":[{"href":"https:\/\/fundaystours.com\/en\/wp-json\/wp\/v2\/product"}],"about":[{"href":"https:\/\/fundaystours.com\/en\/wp-json\/wp\/v2\/types\/product"}],"replies":[{"embeddable":true,"href":"https:\/\/fundaystours.com\/en\/wp-json\/wp\/v2\/comments?post=108389"}],"wp:featuredmedia":[{"embeddable":true,"href":"https:\/\/fundaystours.com\/en\/wp-json\/wp\/v2\/media\/107729"}],"wp:attachment":[{"href":"https:\/\/fundaystours.com\/en\/wp-json\/wp\/v2\/media?parent=108389"}],"wp:term":[{"taxonomy":"product_brand","embeddable":true,"href":"https:\/\/fundaystours.com\/en\/wp-json\/wp\/v2\/product_brand?post=108389"},{"taxonomy":"product_cat","embeddable":true,"href":"https:\/\/fundaystours.com\/en\/wp-json\/wp\/v2\/product_cat?post=108389"},{"taxonomy":"product_tag","embeddable":true,"href":"https:\/\/fundaystours.com\/en\/wp-json\/wp\/v2\/product_tag?post=108389"}],"curies":[{"name":"wp","href":"https:\/\/api.w.org\/{rel}","templated":true}]}}