{"id":108378,"date":"2025-03-05T10:58:10","date_gmt":"2025-03-05T15:58:10","guid":{"rendered":"https:\/\/fundaystours.com\/destinos\/vive-la-aventura-de-1-dia-en-boston\/"},"modified":"2025-12-23T09:08:25","modified_gmt":"2025-12-23T14:08:25","slug":"experience-a-1-day-adventure-in-boston","status":"publish","type":"product","link":"https:\/\/fundaystours.com\/en\/destinos\/experience-a-1-day-adventure-in-boston\/","title":{"rendered":"Experience a 1-day adventure in Boston"},"content":{"rendered":"<h2><strong><span style=\"vertical-align: inherit;\">Day 1:<\/span><\/strong><span style=\"vertical-align: inherit;\"> NEW YORK \u2013 BOSTON \u2013 NEW YORK<\/span><\/h2>\n<p><span style=\"vertical-align: inherit;\">1-Day Tour to Boston. We depart from New York following the East Coast through Connecticut to Massachusetts and its capital, Boston. Our first stop is the city of Cambridge, home to one of the most famous and prestigious universities in the world\u2014Harvard.<\/span><\/p>\n<p><span style=\"vertical-align: inherit;\">Upon arrival in Boston, our tour begins with a walk through Harvard Yard, the oldest academic ground in America. We&#8217;ll see the Widener Library and then rub <a href=\"https:\/\/www.tripadvisor.es\/ShowUserReviews-g60890-d7948454-r356191416-John_Harvard_Statue-Cambridge_Massachusetts.html\" target=\"_blank\" rel=\"noopener\">John Harvard\u2019s shoe for good luck<\/a>. We continue with a panoramic tour passing City Hall, MIT, and Cambridge College. After crossing the Charles River, we reach the heart of the nation&#8217;s Intellectual Capital. We&#8217;ll visit Copley Square and the beautiful Trinity Church. Next stop is a walk along the Freedom Trail to Boston Common Park.<\/span><\/p>\n<p><span style=\"vertical-align: inherit;\">We&#8217;ll have lunch at Quincy Market and try the famous clam chowder or a lobster roll, a local specialty.<\/span><\/p>\n<p><span style=\"vertical-align: inherit;\">After lunch, we visit the site of the famous Boston Tea Party.<\/span><br \/>\n<span style=\"vertical-align: inherit;\">In the afternoon, we head southwest and return to New York City in the evening.<\/span><\/p>\n<h3><u><strong><span style=\"vertical-align: inherit;\">THE TOUR INCLUDES:<\/span><\/strong><\/u><br \/>\n<span style=\"vertical-align: inherit;\"> \u2022 Air-conditioned bus or minibus with professional guide.<\/span><br \/>\n<span style=\"vertical-align: inherit;\"> \u2022 Boston sightseeing tour.<\/span><\/h3>\n<p><span style=\"vertical-align: inherit;\"> \u2192 You may also be interested in: <\/span><a href=\"https:\/\/fundaystours.com\/en\/destinos\/niagara-falls-an-unforgettable-tour-from-new-york\/\" rel=\"noopener\"><span style=\"vertical-align: inherit;\">Niagara Falls, tour from New York<\/span><\/a><\/p>\n","protected":false},"excerpt":{"rendered":"<p>Discover the vibrant history and modern energy of Boston, where iconic architecture blends with contemporary innovation. Dive into the culture\u2014from the trails of the American Revolution to lively neighborhoods bursting with art and cuisine. Boston awaits you with charming cobblestone streets and a welcoming vibe\u2014an unforgettable experience you won\u2019t want to miss!<\/p>\n","protected":false},"featured_media":107284,"comment_status":"open","ping_status":"closed","template":"","meta":{"_acf_changed":false,"_joinchat":[]},"product_brand":[],"product_cat":[1676],"product_tag":[],"class_list":{"0":"post-108378","1":"product","2":"type-product","3":"status-publish","4":"has-post-thumbnail","6":"product_cat-ee-uu","8":"first","9":"instock","10":"featured","11":"sold-individually","12":"shipping-taxable","13":"purchasable","14":"product-type-simple"},"acf":[],"yoast_head":"<!-- This site is optimized with the Yoast SEO Premium plugin v23.3 (Yoast SEO v27.4) - https:\/\/yoast.com\/product\/yoast-seo-premium-wordpress\/ -->\n<title>Excursi\u00f3n de 1 d\u00eda a Boston: Vive la aventura con Fundays Tours<\/title>\n<meta name=\"description\" content=\"Vive una experiencia incre\u00edble con esta excursi\u00f3n 1 d\u00eda a Boston: recorre Harvard, Copley Square y disfruta de la cultura \u00a1Reserva ahora!\" \/>\n<meta name=\"robots\" content=\"index, follow, max-snippet:-1, max-image-preview:large, max-video-preview:-1\" \/>\n<link rel=\"canonical\" href=\"https:\/\/fundaystours.com\/en\/destinos\/experience-a-1-day-adventure-in-boston\/\" \/>\n<meta property=\"og:locale\" content=\"en_US\" \/>\n<meta property=\"og:type\" content=\"article\" \/>\n<meta property=\"og:title\" content=\"Experience a 1-day adventure in Boston\" \/>\n<meta property=\"og:description\" content=\"Vive una experiencia incre\u00edble con esta excursi\u00f3n 1 d\u00eda a Boston: recorre Harvard, Copley Square y disfruta de la cultura \u00a1Reserva ahora!\" \/>\n<meta property=\"og:url\" content=\"https:\/\/fundaystours.com\/en\/destinos\/experience-a-1-day-adventure-in-boston\/\" \/>\n<meta property=\"og:site_name\" content=\"Fundays Tours\" \/>\n<meta property=\"article:modified_time\" content=\"2025-12-23T14:08:25+00:00\" \/>\n<meta property=\"og:image\" content=\"https:\/\/fundaystours.com\/wp-content\/uploads\/2024\/04\/Boston-Puente-scaled.jpg\" \/>\n\t<meta property=\"og:image:width\" content=\"2560\" \/>\n\t<meta property=\"og:image:height\" content=\"1707\" \/>\n\t<meta property=\"og:image:type\" content=\"image\/jpeg\" \/>\n<meta name=\"twitter:card\" content=\"summary_large_image\" \/>\n<meta name=\"twitter:label1\" content=\"Est. reading time\" \/>\n\t<meta name=\"twitter:data1\" content=\"2 minutes\" \/>\n<script type=\"application\/ld+json\" class=\"yoast-schema-graph\">{\"@context\":\"https:\\\/\\\/schema.org\",\"@graph\":[{\"@type\":\"WebPage\",\"@id\":\"https:\\\/\\\/fundaystours.com\\\/en\\\/destinos\\\/experience-a-1-day-adventure-in-boston\\\/\",\"url\":\"https:\\\/\\\/fundaystours.com\\\/en\\\/destinos\\\/experience-a-1-day-adventure-in-boston\\\/\",\"name\":\"Excursi\u00f3n de 1 d\u00eda a Boston: Vive la aventura con Fundays Tours\",\"isPartOf\":{\"@id\":\"https:\\\/\\\/fundaystours.com\\\/en\\\/#website\"},\"primaryImageOfPage\":{\"@id\":\"https:\\\/\\\/fundaystours.com\\\/en\\\/destinos\\\/experience-a-1-day-adventure-in-boston\\\/#primaryimage\"},\"image\":{\"@id\":\"https:\\\/\\\/fundaystours.com\\\/en\\\/destinos\\\/experience-a-1-day-adventure-in-boston\\\/#primaryimage\"},\"thumbnailUrl\":\"https:\\\/\\\/fundaystours.com\\\/wp-content\\\/uploads\\\/2024\\\/04\\\/Boston-Puente-scaled.jpg\",\"datePublished\":\"2025-03-05T15:58:10+00:00\",\"dateModified\":\"2025-12-23T14:08:25+00:00\",\"description\":\"Vive una experiencia incre\u00edble con esta excursi\u00f3n 1 d\u00eda a Boston: recorre Harvard, Copley Square y disfruta de la cultura \u00a1Reserva ahora!\",\"breadcrumb\":{\"@id\":\"https:\\\/\\\/fundaystours.com\\\/en\\\/destinos\\\/experience-a-1-day-adventure-in-boston\\\/#breadcrumb\"},\"inLanguage\":\"en-US\",\"potentialAction\":[{\"@type\":\"ReadAction\",\"target\":[\"https:\\\/\\\/fundaystours.com\\\/en\\\/destinos\\\/experience-a-1-day-adventure-in-boston\\\/\"]}]},{\"@type\":\"ImageObject\",\"inLanguage\":\"en-US\",\"@id\":\"https:\\\/\\\/fundaystours.com\\\/en\\\/destinos\\\/experience-a-1-day-adventure-in-boston\\\/#primaryimage\",\"url\":\"https:\\\/\\\/fundaystours.com\\\/wp-content\\\/uploads\\\/2024\\\/04\\\/Boston-Puente-scaled.jpg\",\"contentUrl\":\"https:\\\/\\\/fundaystours.com\\\/wp-content\\\/uploads\\\/2024\\\/04\\\/Boston-Puente-scaled.jpg\",\"width\":2560,\"height\":1707,\"caption\":\"Boston Public Garden, is a large park in the heart of Boston, Massachusetts, adjacent to Boston Common.\"},{\"@type\":\"BreadcrumbList\",\"@id\":\"https:\\\/\\\/fundaystours.com\\\/en\\\/destinos\\\/experience-a-1-day-adventure-in-boston\\\/#breadcrumb\",\"itemListElement\":[{\"@type\":\"ListItem\",\"position\":1,\"name\":\"Home\",\"item\":\"https:\\\/\\\/fundaystours.com\\\/en\\\/\"},{\"@type\":\"ListItem\",\"position\":2,\"name\":\"Destinations\",\"item\":\"https:\\\/\\\/fundaystours.com\\\/destinations\\\/\"},{\"@type\":\"ListItem\",\"position\":3,\"name\":\"EE.UU\",\"item\":\"https:\\\/\\\/fundaystours.com\\\/en\\\/product-category\\\/ee-uu\\\/\"},{\"@type\":\"ListItem\",\"position\":4,\"name\":\"Experience a 1-day adventure in Boston\"}]},{\"@type\":\"WebSite\",\"@id\":\"https:\\\/\\\/fundaystours.com\\\/en\\\/#website\",\"url\":\"https:\\\/\\\/fundaystours.com\\\/en\\\/\",\"name\":\"Fundays Tours\",\"description\":\"\",\"publisher\":{\"@id\":\"https:\\\/\\\/fundaystours.com\\\/en\\\/#organization\"},\"potentialAction\":[{\"@type\":\"SearchAction\",\"target\":{\"@type\":\"EntryPoint\",\"urlTemplate\":\"https:\\\/\\\/fundaystours.com\\\/en\\\/?s={search_term_string}\"},\"query-input\":{\"@type\":\"PropertyValueSpecification\",\"valueRequired\":true,\"valueName\":\"search_term_string\"}}],\"inLanguage\":\"en-US\"},{\"@type\":\"Organization\",\"@id\":\"https:\\\/\\\/fundaystours.com\\\/en\\\/#organization\",\"name\":\"Fundays Tours\",\"url\":\"https:\\\/\\\/fundaystours.com\\\/en\\\/\",\"logo\":{\"@type\":\"ImageObject\",\"inLanguage\":\"en-US\",\"@id\":\"https:\\\/\\\/fundaystours.com\\\/en\\\/#\\\/schema\\\/logo\\\/image\\\/\",\"url\":\"https:\\\/\\\/fundaystours.com\\\/wp-content\\\/uploads\\\/2023\\\/12\\\/logo-fundays-tours-2.png\",\"contentUrl\":\"https:\\\/\\\/fundaystours.com\\\/wp-content\\\/uploads\\\/2023\\\/12\\\/logo-fundays-tours-2.png\",\"width\":230,\"height\":50,\"caption\":\"Fundays Tours\"},\"image\":{\"@id\":\"https:\\\/\\\/fundaystours.com\\\/en\\\/#\\\/schema\\\/logo\\\/image\\\/\"}}]}<\/script>\n<!-- \/ Yoast SEO Premium plugin. -->","yoast_head_json":{"title":"Excursi\u00f3n de 1 d\u00eda a Boston: Vive la aventura con Fundays Tours","description":"Vive una experiencia incre\u00edble con esta excursi\u00f3n 1 d\u00eda a Boston: recorre Harvard, Copley Square y disfruta de la cultura \u00a1Reserva ahora!","robots":{"index":"index","follow":"follow","max-snippet":"max-snippet:-1","max-image-preview":"max-image-preview:large","max-video-preview":"max-video-preview:-1"},"canonical":"https:\/\/fundaystours.com\/en\/destinos\/experience-a-1-day-adventure-in-boston\/","og_locale":"en_US","og_type":"article","og_title":"Experience a 1-day adventure in Boston","og_description":"Vive una experiencia incre\u00edble con esta excursi\u00f3n 1 d\u00eda a Boston: recorre Harvard, Copley Square y disfruta de la cultura \u00a1Reserva ahora!","og_url":"https:\/\/fundaystours.com\/en\/destinos\/experience-a-1-day-adventure-in-boston\/","og_site_name":"Fundays Tours","article_modified_time":"2025-12-23T14:08:25+00:00","og_image":[{"width":2560,"height":1707,"url":"https:\/\/fundaystours.com\/wp-content\/uploads\/2024\/04\/Boston-Puente-scaled.jpg","type":"image\/jpeg"}],"twitter_card":"summary_large_image","twitter_misc":{"Est. reading time":"2 minutes"},"schema":{"@context":"https:\/\/schema.org","@graph":[{"@type":"WebPage","@id":"https:\/\/fundaystours.com\/en\/destinos\/experience-a-1-day-adventure-in-boston\/","url":"https:\/\/fundaystours.com\/en\/destinos\/experience-a-1-day-adventure-in-boston\/","name":"Excursi\u00f3n de 1 d\u00eda a Boston: Vive la aventura con Fundays Tours","isPartOf":{"@id":"https:\/\/fundaystours.com\/en\/#website"},"primaryImageOfPage":{"@id":"https:\/\/fundaystours.com\/en\/destinos\/experience-a-1-day-adventure-in-boston\/#primaryimage"},"image":{"@id":"https:\/\/fundaystours.com\/en\/destinos\/experience-a-1-day-adventure-in-boston\/#primaryimage"},"thumbnailUrl":"https:\/\/fundaystours.com\/wp-content\/uploads\/2024\/04\/Boston-Puente-scaled.jpg","datePublished":"2025-03-05T15:58:10+00:00","dateModified":"2025-12-23T14:08:25+00:00","description":"Vive una experiencia incre\u00edble con esta excursi\u00f3n 1 d\u00eda a Boston: recorre Harvard, Copley Square y disfruta de la cultura \u00a1Reserva ahora!","breadcrumb":{"@id":"https:\/\/fundaystours.com\/en\/destinos\/experience-a-1-day-adventure-in-boston\/#breadcrumb"},"inLanguage":"en-US","potentialAction":[{"@type":"ReadAction","target":["https:\/\/fundaystours.com\/en\/destinos\/experience-a-1-day-adventure-in-boston\/"]}]},{"@type":"ImageObject","inLanguage":"en-US","@id":"https:\/\/fundaystours.com\/en\/destinos\/experience-a-1-day-adventure-in-boston\/#primaryimage","url":"https:\/\/fundaystours.com\/wp-content\/uploads\/2024\/04\/Boston-Puente-scaled.jpg","contentUrl":"https:\/\/fundaystours.com\/wp-content\/uploads\/2024\/04\/Boston-Puente-scaled.jpg","width":2560,"height":1707,"caption":"Boston Public Garden, is a large park in the heart of Boston, Massachusetts, adjacent to Boston Common."},{"@type":"BreadcrumbList","@id":"https:\/\/fundaystours.com\/en\/destinos\/experience-a-1-day-adventure-in-boston\/#breadcrumb","itemListElement":[{"@type":"ListItem","position":1,"name":"Home","item":"https:\/\/fundaystours.com\/en\/"},{"@type":"ListItem","position":2,"name":"Destinations","item":"https:\/\/fundaystours.com\/destinations\/"},{"@type":"ListItem","position":3,"name":"EE.UU","item":"https:\/\/fundaystours.com\/en\/product-category\/ee-uu\/"},{"@type":"ListItem","position":4,"name":"Experience a 1-day adventure in Boston"}]},{"@type":"WebSite","@id":"https:\/\/fundaystours.com\/en\/#website","url":"https:\/\/fundaystours.com\/en\/","name":"Fundays Tours","description":"","publisher":{"@id":"https:\/\/fundaystours.com\/en\/#organization"},"potentialAction":[{"@type":"SearchAction","target":{"@type":"EntryPoint","urlTemplate":"https:\/\/fundaystours.com\/en\/?s={search_term_string}"},"query-input":{"@type":"PropertyValueSpecification","valueRequired":true,"valueName":"search_term_string"}}],"inLanguage":"en-US"},{"@type":"Organization","@id":"https:\/\/fundaystours.com\/en\/#organization","name":"Fundays Tours","url":"https:\/\/fundaystours.com\/en\/","logo":{"@type":"ImageObject","inLanguage":"en-US","@id":"https:\/\/fundaystours.com\/en\/#\/schema\/logo\/image\/","url":"https:\/\/fundaystours.com\/wp-content\/uploads\/2023\/12\/logo-fundays-tours-2.png","contentUrl":"https:\/\/fundaystours.com\/wp-content\/uploads\/2023\/12\/logo-fundays-tours-2.png","width":230,"height":50,"caption":"Fundays Tours"},"image":{"@id":"https:\/\/fundaystours.com\/en\/#\/schema\/logo\/image\/"}}]}},"_links":{"self":[{"href":"https:\/\/fundaystours.com\/en\/wp-json\/wp\/v2\/product\/108378","targetHints":{"allow":["GET"]}}],"collection":[{"href":"https:\/\/fundaystours.com\/en\/wp-json\/wp\/v2\/product"}],"about":[{"href":"https:\/\/fundaystours.com\/en\/wp-json\/wp\/v2\/types\/product"}],"replies":[{"embeddable":true,"href":"https:\/\/fundaystours.com\/en\/wp-json\/wp\/v2\/comments?post=108378"}],"wp:featuredmedia":[{"embeddable":true,"href":"https:\/\/fundaystours.com\/en\/wp-json\/wp\/v2\/media\/107284"}],"wp:attachment":[{"href":"https:\/\/fundaystours.com\/en\/wp-json\/wp\/v2\/media?parent=108378"}],"wp:term":[{"taxonomy":"product_brand","embeddable":true,"href":"https:\/\/fundaystours.com\/en\/wp-json\/wp\/v2\/product_brand?post=108378"},{"taxonomy":"product_cat","embeddable":true,"href":"https:\/\/fundaystours.com\/en\/wp-json\/wp\/v2\/product_cat?post=108378"},{"taxonomy":"product_tag","embeddable":true,"href":"https:\/\/fundaystours.com\/en\/wp-json\/wp\/v2\/product_tag?post=108378"}],"curies":[{"name":"wp","href":"https:\/\/api.w.org\/{rel}","templated":true}]}}