{"id":108377,"date":"2025-03-05T10:25:02","date_gmt":"2025-03-05T15:25:02","guid":{"rendered":"https:\/\/fundaystours.com\/destinos\/washington-en-1-dia-salidas-desde-new-york\/"},"modified":"2025-12-23T09:13:55","modified_gmt":"2025-12-23T14:13:55","slug":"washington-en-1-dia-salidas-desde-new-york","status":"publish","type":"product","link":"https:\/\/fundaystours.com\/en\/destinos\/washington-en-1-dia-salidas-desde-new-york\/","title":{"rendered":"Washington en 1 d\u00eda salidas desde New York"},"content":{"rendered":"<h2><strong><span style=\"vertical-align: inherit;\">NEW YORK \u2013 WASHINGTON DC<\/span><\/strong><\/h2>\n<p><span style=\"vertical-align: inherit;\">1-Day Washington Tour: We depart from New York heading south, passing through New Jersey, Delaware, and Maryland. After a few hours on the road, we\u2019ll arrive in the U.S. capital and begin with a visit to the historic Arlington Cementery, where you can see the Kennedy Family Mausoleum. Next, we\u2019ll see the Capitol and <a href=\"https:\/\/es.wikipedia.org\/wiki\/Casa_Blanca\" target=\"_blank\" rel=\"noopener\">the White House<\/a> to understand the heart of the U.S. government.<\/span><\/p>\n<p><span style=\"vertical-align: inherit;\">Later, we continue our visit at the Air and Space Museum. Then we explore the Lincoln Memorial and the memorials of the Korean and Vietnam Wars. Finally, in the afternoon, we\u2019ll enjoy a panoramic tour of the city before heading back to New York.<\/span><\/p>\n<p>If you&#8217;re looking for a complete experience, our 1-day Washington tour is perfect for seeing the capital&#8217;s most iconic landmarks.<\/p>\n<h3><strong><span style=\"vertical-align: inherit;\">This Washington Tour Includes:<\/span><\/strong><\/h3>\n<ul>\n<li style=\"list-style-type: none;\">\n<ul>\n<li><span style=\"vertical-align: inherit;\">Air-conditioned bus or minibus with professional guide.<\/span><\/li>\n<li><span style=\"vertical-align: inherit;\">Sightseeing tour of Washington DC.<\/span><\/li>\n<\/ul>\n<\/li>\n<\/ul>\n<ul>\n<li><span style=\"vertical-align: inherit;\">Entry to Arlington Cementery (US ID or Passport required).<\/span><\/li>\n<\/ul>\n<p><span style=\"vertical-align: inherit;\">You may also be interested in: <\/span><a href=\"https:\/\/fundaystours.com\/en\/destinos\/experience-a-1-day-adventure-in-boston\/\" target=\"_blank\" rel=\"noopener\"><span style=\"vertical-align: inherit;\">1-Day Boston Tour<\/span><\/a><\/p>\n","protected":false},"excerpt":{"rendered":"<div class=\"flex-1 overflow-hidden\">\n<div class=\"react-scroll-to-bottom--css-mtcag-79elbk h-full\">\n<div class=\"react-scroll-to-bottom--css-mtcag-1n7m0yu\">\n<div class=\"flex flex-col text-sm pb-9\">\n<div class=\"w-full text-token-text-primary\" dir=\"auto\" data-testid=\"conversation-turn-9\">\n<div class=\"px-4 py-2 justify-center text-base md:gap-6 m-auto\">\n<div class=\"flex flex-1 text-base mx-auto gap-3 juice:gap-4 juice:md:gap-6 md:px-5 lg:px-1 xl:px-5 md:max-w-3xl lg:max-w-[40rem] xl:max-w-[48rem]\">\n<div class=\"relative flex w-full min-w-0 flex-col agent-turn\">\n<div class=\"flex-col gap-1 md:gap-3\">\n<div class=\"flex flex-grow flex-col max-w-full\">\n<div class=\"min-h-[20px] text-message flex flex-col items-start gap-3 whitespace-pre-wrap break-words [.text-message+&amp;]:mt-5 overflow-x-auto\" dir=\"auto\" data-message-author-role=\"assistant\" data-message-id=\"15095562-d515-457c-a0ce-27b45fd6789e\">\n<div class=\"markdown prose w-full break-words dark:prose-invert light\">\n<p>1-Day Washington Tour: step into the beating heart of America\u2019s history and innovation. From towering monuments that tell the nation\u2019s story to vibrant neighborhoods full of culture and diversity, every street and corner offers a unique experience. Dive into world-class museums, savor delicious local cuisine, and feel the contagious energy that surrounds every step. Washington welcomes you with open arms to discover all it has to offer.<\/p>\n<\/div>\n<\/div>\n<\/div>\n<\/div>\n<\/div>\n<\/div>\n<\/div>\n<\/div>\n<\/div>\n<\/div>\n<\/div>\n<\/div>\n","protected":false},"featured_media":107279,"comment_status":"open","ping_status":"closed","template":"","meta":{"_acf_changed":false,"_joinchat":[]},"product_brand":[],"product_cat":[1676],"product_tag":[],"class_list":{"0":"post-108377","1":"product","2":"type-product","3":"status-publish","4":"has-post-thumbnail","6":"product_cat-ee-uu","8":"first","9":"instock","10":"featured","11":"sold-individually","12":"shipping-taxable","13":"purchasable","14":"product-type-simple"},"acf":[],"yoast_head":"<!-- This site is optimized with the Yoast SEO Premium plugin v23.3 (Yoast SEO v27.4) - https:\/\/yoast.com\/product\/yoast-seo-premium-wordpress\/ -->\n<title>Tour por Washington 1 d\u00eda con el mejor plan de Fundays Tours<\/title>\n<meta name=\"description\" content=\"Tour por Washington DC en 1 d\u00eda: visita el cementerio de Arlington, la Casa Blanca y m\u00e1s. \u00a1\u00danete a nuestra excursi\u00f3n desde Nueva York!\" \/>\n<meta name=\"robots\" content=\"index, follow, max-snippet:-1, max-image-preview:large, max-video-preview:-1\" \/>\n<link rel=\"canonical\" href=\"https:\/\/fundaystours.com\/en\/destinos\/washington-en-1-dia-salidas-desde-new-york\/\" \/>\n<meta property=\"og:locale\" content=\"en_US\" \/>\n<meta property=\"og:type\" content=\"article\" \/>\n<meta property=\"og:title\" content=\"Washington en 1 d\u00eda salidas desde New York\" \/>\n<meta property=\"og:description\" content=\"Tour por Washington DC en 1 d\u00eda: visita el cementerio de Arlington, la Casa Blanca y m\u00e1s. \u00a1\u00danete a nuestra excursi\u00f3n desde Nueva York!\" \/>\n<meta property=\"og:url\" content=\"https:\/\/fundaystours.com\/en\/destinos\/washington-en-1-dia-salidas-desde-new-york\/\" \/>\n<meta property=\"og:site_name\" content=\"Fundays Tours\" \/>\n<meta property=\"article:modified_time\" content=\"2025-12-23T14:13:55+00:00\" \/>\n<meta property=\"og:image\" content=\"https:\/\/fundaystours.com\/wp-content\/uploads\/2024\/04\/Washington-Casa-Blanca-1-scaled.jpg\" \/>\n\t<meta property=\"og:image:width\" content=\"2560\" \/>\n\t<meta property=\"og:image:height\" content=\"1707\" \/>\n\t<meta property=\"og:image:type\" content=\"image\/jpeg\" \/>\n<meta name=\"twitter:card\" content=\"summary_large_image\" \/>\n<meta name=\"twitter:label1\" content=\"Est. reading time\" \/>\n\t<meta name=\"twitter:data1\" content=\"1 minute\" \/>\n<script type=\"application\/ld+json\" class=\"yoast-schema-graph\">{\"@context\":\"https:\\\/\\\/schema.org\",\"@graph\":[{\"@type\":\"WebPage\",\"@id\":\"https:\\\/\\\/fundaystours.com\\\/en\\\/destinos\\\/washington-en-1-dia-salidas-desde-new-york\\\/\",\"url\":\"https:\\\/\\\/fundaystours.com\\\/en\\\/destinos\\\/washington-en-1-dia-salidas-desde-new-york\\\/\",\"name\":\"Tour por Washington 1 d\u00eda con el mejor plan de Fundays Tours\",\"isPartOf\":{\"@id\":\"https:\\\/\\\/fundaystours.com\\\/en\\\/#website\"},\"primaryImageOfPage\":{\"@id\":\"https:\\\/\\\/fundaystours.com\\\/en\\\/destinos\\\/washington-en-1-dia-salidas-desde-new-york\\\/#primaryimage\"},\"image\":{\"@id\":\"https:\\\/\\\/fundaystours.com\\\/en\\\/destinos\\\/washington-en-1-dia-salidas-desde-new-york\\\/#primaryimage\"},\"thumbnailUrl\":\"https:\\\/\\\/fundaystours.com\\\/wp-content\\\/uploads\\\/2024\\\/04\\\/Washington-Casa-Blanca-1-scaled.jpg\",\"datePublished\":\"2025-03-05T15:25:02+00:00\",\"dateModified\":\"2025-12-23T14:13:55+00:00\",\"description\":\"Tour por Washington DC en 1 d\u00eda: visita el cementerio de Arlington, la Casa Blanca y m\u00e1s. \u00a1\u00danete a nuestra excursi\u00f3n desde Nueva York!\",\"breadcrumb\":{\"@id\":\"https:\\\/\\\/fundaystours.com\\\/en\\\/destinos\\\/washington-en-1-dia-salidas-desde-new-york\\\/#breadcrumb\"},\"inLanguage\":\"en-US\",\"potentialAction\":[{\"@type\":\"ReadAction\",\"target\":[\"https:\\\/\\\/fundaystours.com\\\/en\\\/destinos\\\/washington-en-1-dia-salidas-desde-new-york\\\/\"]}]},{\"@type\":\"ImageObject\",\"inLanguage\":\"en-US\",\"@id\":\"https:\\\/\\\/fundaystours.com\\\/en\\\/destinos\\\/washington-en-1-dia-salidas-desde-new-york\\\/#primaryimage\",\"url\":\"https:\\\/\\\/fundaystours.com\\\/wp-content\\\/uploads\\\/2024\\\/04\\\/Washington-Casa-Blanca-1-scaled.jpg\",\"contentUrl\":\"https:\\\/\\\/fundaystours.com\\\/wp-content\\\/uploads\\\/2024\\\/04\\\/Washington-Casa-Blanca-1-scaled.jpg\",\"width\":2560,\"height\":1707,\"caption\":\"The United States Capitol Building at Sunrise in Washington DC\"},{\"@type\":\"BreadcrumbList\",\"@id\":\"https:\\\/\\\/fundaystours.com\\\/en\\\/destinos\\\/washington-en-1-dia-salidas-desde-new-york\\\/#breadcrumb\",\"itemListElement\":[{\"@type\":\"ListItem\",\"position\":1,\"name\":\"Home\",\"item\":\"https:\\\/\\\/fundaystours.com\\\/en\\\/\"},{\"@type\":\"ListItem\",\"position\":2,\"name\":\"Destinations\",\"item\":\"https:\\\/\\\/fundaystours.com\\\/destinations\\\/\"},{\"@type\":\"ListItem\",\"position\":3,\"name\":\"EE.UU\",\"item\":\"https:\\\/\\\/fundaystours.com\\\/en\\\/product-category\\\/ee-uu\\\/\"},{\"@type\":\"ListItem\",\"position\":4,\"name\":\"Washington en 1 d\u00eda salidas desde New York\"}]},{\"@type\":\"WebSite\",\"@id\":\"https:\\\/\\\/fundaystours.com\\\/en\\\/#website\",\"url\":\"https:\\\/\\\/fundaystours.com\\\/en\\\/\",\"name\":\"Fundays Tours\",\"description\":\"\",\"publisher\":{\"@id\":\"https:\\\/\\\/fundaystours.com\\\/en\\\/#organization\"},\"potentialAction\":[{\"@type\":\"SearchAction\",\"target\":{\"@type\":\"EntryPoint\",\"urlTemplate\":\"https:\\\/\\\/fundaystours.com\\\/en\\\/?s={search_term_string}\"},\"query-input\":{\"@type\":\"PropertyValueSpecification\",\"valueRequired\":true,\"valueName\":\"search_term_string\"}}],\"inLanguage\":\"en-US\"},{\"@type\":\"Organization\",\"@id\":\"https:\\\/\\\/fundaystours.com\\\/en\\\/#organization\",\"name\":\"Fundays Tours\",\"url\":\"https:\\\/\\\/fundaystours.com\\\/en\\\/\",\"logo\":{\"@type\":\"ImageObject\",\"inLanguage\":\"en-US\",\"@id\":\"https:\\\/\\\/fundaystours.com\\\/en\\\/#\\\/schema\\\/logo\\\/image\\\/\",\"url\":\"https:\\\/\\\/fundaystours.com\\\/wp-content\\\/uploads\\\/2023\\\/12\\\/logo-fundays-tours-2.png\",\"contentUrl\":\"https:\\\/\\\/fundaystours.com\\\/wp-content\\\/uploads\\\/2023\\\/12\\\/logo-fundays-tours-2.png\",\"width\":230,\"height\":50,\"caption\":\"Fundays Tours\"},\"image\":{\"@id\":\"https:\\\/\\\/fundaystours.com\\\/en\\\/#\\\/schema\\\/logo\\\/image\\\/\"}}]}<\/script>\n<!-- \/ Yoast SEO Premium plugin. -->","yoast_head_json":{"title":"Tour por Washington 1 d\u00eda con el mejor plan de Fundays Tours","description":"Tour por Washington DC en 1 d\u00eda: visita el cementerio de Arlington, la Casa Blanca y m\u00e1s. \u00a1\u00danete a nuestra excursi\u00f3n desde Nueva York!","robots":{"index":"index","follow":"follow","max-snippet":"max-snippet:-1","max-image-preview":"max-image-preview:large","max-video-preview":"max-video-preview:-1"},"canonical":"https:\/\/fundaystours.com\/en\/destinos\/washington-en-1-dia-salidas-desde-new-york\/","og_locale":"en_US","og_type":"article","og_title":"Washington en 1 d\u00eda salidas desde New York","og_description":"Tour por Washington DC en 1 d\u00eda: visita el cementerio de Arlington, la Casa Blanca y m\u00e1s. \u00a1\u00danete a nuestra excursi\u00f3n desde Nueva York!","og_url":"https:\/\/fundaystours.com\/en\/destinos\/washington-en-1-dia-salidas-desde-new-york\/","og_site_name":"Fundays Tours","article_modified_time":"2025-12-23T14:13:55+00:00","og_image":[{"width":2560,"height":1707,"url":"https:\/\/fundaystours.com\/wp-content\/uploads\/2024\/04\/Washington-Casa-Blanca-1-scaled.jpg","type":"image\/jpeg"}],"twitter_card":"summary_large_image","twitter_misc":{"Est. reading time":"1 minute"},"schema":{"@context":"https:\/\/schema.org","@graph":[{"@type":"WebPage","@id":"https:\/\/fundaystours.com\/en\/destinos\/washington-en-1-dia-salidas-desde-new-york\/","url":"https:\/\/fundaystours.com\/en\/destinos\/washington-en-1-dia-salidas-desde-new-york\/","name":"Tour por Washington 1 d\u00eda con el mejor plan de Fundays Tours","isPartOf":{"@id":"https:\/\/fundaystours.com\/en\/#website"},"primaryImageOfPage":{"@id":"https:\/\/fundaystours.com\/en\/destinos\/washington-en-1-dia-salidas-desde-new-york\/#primaryimage"},"image":{"@id":"https:\/\/fundaystours.com\/en\/destinos\/washington-en-1-dia-salidas-desde-new-york\/#primaryimage"},"thumbnailUrl":"https:\/\/fundaystours.com\/wp-content\/uploads\/2024\/04\/Washington-Casa-Blanca-1-scaled.jpg","datePublished":"2025-03-05T15:25:02+00:00","dateModified":"2025-12-23T14:13:55+00:00","description":"Tour por Washington DC en 1 d\u00eda: visita el cementerio de Arlington, la Casa Blanca y m\u00e1s. \u00a1\u00danete a nuestra excursi\u00f3n desde Nueva York!","breadcrumb":{"@id":"https:\/\/fundaystours.com\/en\/destinos\/washington-en-1-dia-salidas-desde-new-york\/#breadcrumb"},"inLanguage":"en-US","potentialAction":[{"@type":"ReadAction","target":["https:\/\/fundaystours.com\/en\/destinos\/washington-en-1-dia-salidas-desde-new-york\/"]}]},{"@type":"ImageObject","inLanguage":"en-US","@id":"https:\/\/fundaystours.com\/en\/destinos\/washington-en-1-dia-salidas-desde-new-york\/#primaryimage","url":"https:\/\/fundaystours.com\/wp-content\/uploads\/2024\/04\/Washington-Casa-Blanca-1-scaled.jpg","contentUrl":"https:\/\/fundaystours.com\/wp-content\/uploads\/2024\/04\/Washington-Casa-Blanca-1-scaled.jpg","width":2560,"height":1707,"caption":"The United States Capitol Building at Sunrise in Washington DC"},{"@type":"BreadcrumbList","@id":"https:\/\/fundaystours.com\/en\/destinos\/washington-en-1-dia-salidas-desde-new-york\/#breadcrumb","itemListElement":[{"@type":"ListItem","position":1,"name":"Home","item":"https:\/\/fundaystours.com\/en\/"},{"@type":"ListItem","position":2,"name":"Destinations","item":"https:\/\/fundaystours.com\/destinations\/"},{"@type":"ListItem","position":3,"name":"EE.UU","item":"https:\/\/fundaystours.com\/en\/product-category\/ee-uu\/"},{"@type":"ListItem","position":4,"name":"Washington en 1 d\u00eda salidas desde New York"}]},{"@type":"WebSite","@id":"https:\/\/fundaystours.com\/en\/#website","url":"https:\/\/fundaystours.com\/en\/","name":"Fundays Tours","description":"","publisher":{"@id":"https:\/\/fundaystours.com\/en\/#organization"},"potentialAction":[{"@type":"SearchAction","target":{"@type":"EntryPoint","urlTemplate":"https:\/\/fundaystours.com\/en\/?s={search_term_string}"},"query-input":{"@type":"PropertyValueSpecification","valueRequired":true,"valueName":"search_term_string"}}],"inLanguage":"en-US"},{"@type":"Organization","@id":"https:\/\/fundaystours.com\/en\/#organization","name":"Fundays Tours","url":"https:\/\/fundaystours.com\/en\/","logo":{"@type":"ImageObject","inLanguage":"en-US","@id":"https:\/\/fundaystours.com\/en\/#\/schema\/logo\/image\/","url":"https:\/\/fundaystours.com\/wp-content\/uploads\/2023\/12\/logo-fundays-tours-2.png","contentUrl":"https:\/\/fundaystours.com\/wp-content\/uploads\/2023\/12\/logo-fundays-tours-2.png","width":230,"height":50,"caption":"Fundays Tours"},"image":{"@id":"https:\/\/fundaystours.com\/en\/#\/schema\/logo\/image\/"}}]}},"_links":{"self":[{"href":"https:\/\/fundaystours.com\/en\/wp-json\/wp\/v2\/product\/108377","targetHints":{"allow":["GET"]}}],"collection":[{"href":"https:\/\/fundaystours.com\/en\/wp-json\/wp\/v2\/product"}],"about":[{"href":"https:\/\/fundaystours.com\/en\/wp-json\/wp\/v2\/types\/product"}],"replies":[{"embeddable":true,"href":"https:\/\/fundaystours.com\/en\/wp-json\/wp\/v2\/comments?post=108377"}],"wp:featuredmedia":[{"embeddable":true,"href":"https:\/\/fundaystours.com\/en\/wp-json\/wp\/v2\/media\/107279"}],"wp:attachment":[{"href":"https:\/\/fundaystours.com\/en\/wp-json\/wp\/v2\/media?parent=108377"}],"wp:term":[{"taxonomy":"product_brand","embeddable":true,"href":"https:\/\/fundaystours.com\/en\/wp-json\/wp\/v2\/product_brand?post=108377"},{"taxonomy":"product_cat","embeddable":true,"href":"https:\/\/fundaystours.com\/en\/wp-json\/wp\/v2\/product_cat?post=108377"},{"taxonomy":"product_tag","embeddable":true,"href":"https:\/\/fundaystours.com\/en\/wp-json\/wp\/v2\/product_tag?post=108377"}],"curies":[{"name":"wp","href":"https:\/\/api.w.org\/{rel}","templated":true}]}}