{"id":108340,"date":"2025-01-23T16:14:02","date_gmt":"2025-01-23T21:14:02","guid":{"rendered":"https:\/\/fundaystours.com\/destinos\/explora-el-carrusel-colonial-el-mejor-plan-turisticofundays-tours\/"},"modified":"2025-12-23T11:41:16","modified_gmt":"2025-12-23T16:41:16","slug":"mexico-city-tour-colonial-carousel","status":"publish","type":"product","link":"https:\/\/fundaystours.com\/en\/destinos\/mexico-city-tour-colonial-carousel\/","title":{"rendered":"Mexico City Tour | Colonial Carousel"},"content":{"rendered":"<h2>Itinerary<\/h2>\n<h2><strong><span style=\"color: #333333;\">Day 1: Country of origin \/ Mexico City<\/span><\/strong><\/h2>\n<p><span style=\"font-weight: 400; color: #333333;\">Welcome to this tour through Mexico! Our staff will greet you at the airport and assist with check-in at your selected hotel. Overnight stay.<\/span><\/p>\n<h2><strong><span style=\"color: #333333;\">Day 2: Mexico City (Historic Center + Basilica of Guadalupe)<\/span><\/strong><\/h2>\n<p><span style=\"font-weight: 400; color: #333333;\">American breakfast. We begin with a visit to the <a href=\"https:\/\/fundaystours.com\/explorando-la-ciudad-de-mexico-tesoro-cultural-en-el-corazon-de-mexico\/\" target=\"_blank\" rel=\"noopener\">historic center of Mexico City<\/a>, a UNESCO World Heritage Site: Palacio de Bellas Artes, Madero Street, Z\u00f3calo, Presidential Palace, Cathedral, Santo Domingo Plaza, Tols\u00e1 Plaza, Alameda Central\u2026 We relive Mexico\u2019s history at the PLAZA of the THREE CULTURES. We end the day at the BASILICA of GUADALUPE, Latin America&#8217;s most visited pilgrimage site. Free afternoon. Optional visit to Xochimilco or the Anthropology Museum. Overnight stay.<\/span><\/p>\n<h2><strong><span style=\"color: #333333;\">Day 3: Mexico City \/ Queretaro \/ San Miguel de Allende<\/span><\/strong><\/h2>\n<p><span style=\"font-weight: 400; color: #333333;\">American breakfast. At 08:00 am, departure to QUER\u00c9TARO, a beautiful colonial city. PANORAMIC TOUR: Aqueduct, Viewpoint, Independence Square (Government Palace and Casa L\u00f3pez de Ecala), Corregidora\u2019s House and Square, Republic Theater, Marquesa\u2019s House, Santa Clara and San Agust\u00edn Temples, Casa de los Perros\u2026 Free time. Welcome group lunch. Continue to the museum-town of SAN MIGUEL de ALLENDE. PANORAMIC TOUR of its harmonious historic center. Free time to wander its charming streets, plazas, and shops. Overnight stay.<\/span><\/p>\n<h2><strong><span style=\"color: #333333;\">Day 4: San Miguel de Allende \/ Guanajuato \/ Guadalajara<\/span><\/strong><\/h2>\n<p><span style=\"font-weight: 400; color: #333333;\">American breakfast. Departure to GUANAJUATO, a UNESCO World Heritage Site. PANORAMIC TOUR: Viewpoint, P\u00edpila Monument, Alh\u00f3ndiga de Granaditas, Hidalgo Market, Alley of the Kiss, University, Baratillo Plaza, Union Garden, Ju\u00e1rez Theater\u2026 Free time. In the afternoon, continue to GUADALAJARA, capital of mariachi and tequila. Overnight stay.<\/span><\/p>\n<h2><strong><span style=\"color: #333333;\">Day 5: Guadalajara (Tequila + Tlaquepaque)<\/span><\/strong><\/h2>\n<p><span style=\"font-weight: 400; color: #333333;\">American breakfast. PANORAMIC TOUR of its Historic Center: Cathedral, Rotunda of Illustrious Men, Government Palace (Orozco Murals), Degollado Theater, San Juan de Dios Market, Caba\u00f1as Cultural Institute\u2026 We continue to TEQUILA, a Magic Town in Mexico, to learn about tequila production at a distillery. Return to TLAQUEPAQUE, a charming colonial town full of shopping options: crafts, jewelry, colonial furniture, blown glass\u2026 and mariachi music in its typical Pari\u00e1n. Overnight stay.<\/span><\/p>\n<h2><strong><span style=\"color: #333333;\">Day 6: Guadalajara \/ P\u00e1tzcuaro \/ Morelia<\/span><\/strong><\/h2>\n<p><span style=\"font-weight: 400; color: #333333;\">American breakfast. Departure to P\u00c1TZCUARO, a Magic Town in the state of Michoac\u00e1n. Free time. In the afternoon, PANORAMIC TOUR: Basilica of Our Lady of Health, Jesuit Temple and College, the Tabernacle, the House of Eleven Patios, Madrigal de las Altas Torres Walkway\u2026 The iconic Vasco de Quiroga and Gertrudis Bocanegra plazas invite you to stroll among traditional scenes and abundant handicrafts. Around 7:00 pm, continue to MORELIA. Overnight stay.<\/span><\/p>\n<h2><strong><span style=\"color: #333333;\">Day 7: Morelia \/ Mexico City<\/span><\/strong><\/h2>\n<p><span style=\"font-weight: 400; color: #333333;\">American breakfast. PANORAMIC TOUR of MORELIA, a UNESCO World Heritage Site: Plaza de Armas, Government Palace, Garden and Conservatory of Roses, Clavijero Palace, Sweet Market, Aqueduct, Tarascas Fountain, Alley of Romance, and Calzada\u2026 Free time. Group farewell lunch. Return to MEXICO CITY. Overnight stay.<\/span><\/p>\n<h2><strong><span style=\"color: #333333;\">Day 8: Mexico City \/ Country of origin<\/span><\/strong><\/h2>\n<p><span style=\"font-weight: 400; color: #333333;\">American breakfast. Free time until your scheduled transfer to the airport.<\/span><\/p>\n<p><span style=\"color: #333333;\"><b>***End of services***<\/b><\/span><b><\/b><\/p>\n<h3><span style=\"color: #333333;\"><b>PRICES IN USD PER PERSON<\/b><\/span><\/h3>\n<table>\n<tbody>\n<tr>\n<td><b style=\"color: #333333;\">SEASON<\/b><\/td>\n<td><b style=\"color: #333333;\">DEPARTURES<\/b><\/td>\n<td><b style=\"color: #333333;\">CATEGORY<\/b><\/td>\n<td><b style=\"color: #333333;\">DOUBLE<\/b><\/td>\n<td><b style=\"color: #333333;\">TRIPLE<\/b><\/td>\n<td><b style=\"color: #333333;\">SINGLE<\/b><\/td>\n<td><b style=\"color: #333333;\">CHILDREN<\/b><\/td>\n<\/tr>\n<tr>\n<td rowspan=\"3\">1 January<span style=\"font-weight: 400; color: #333333;\">, 2026 to 31 Decembre 2026<\/span><\/td>\n<td rowspan=\"3\"><span style=\"font-weight: 400; color: #333333;\">FRIDAY<\/span><\/td>\n<td><span style=\"font-weight: 400; color: #333333;\">A \u2013 Tourist 3*<\/span><\/td>\n<td><b style=\"color: #333333;\">$1,010<\/b><\/td>\n<td><b style=\"color: #333333;\">$945<\/b><\/td>\n<td><b style=\"color: #333333;\">$1,190<\/b><\/td>\n<td><b style=\"color: #333333;\">$570<\/b><\/td>\n<\/tr>\n<tr>\n<td><span style=\"font-weight: 400; color: #333333;\">B \u2013 First 4*<\/span><\/td>\n<td><b style=\"color: #333333;\">$1,160<\/b><\/td>\n<td><b style=\"color: #333333;\">$1,060<\/b><\/td>\n<td><b style=\"color: #333333;\">$1,540<\/b><\/td>\n<td><b style=\"color: #333333;\">$600<\/b><\/td>\n<\/tr>\n<tr>\n<td><span style=\"font-weight: 400; color: #333333;\">C \u2013 First 4*SUP<\/span><\/td>\n<td><b style=\"color: #333333;\">$1,260<\/b><\/td>\n<td><b style=\"color: #333333;\">$1,180<\/b><\/td>\n<td><b style=\"color: #333333;\">$1,700<\/b><\/td>\n<td><b style=\"color: #333333;\">$620<\/b><\/td>\n<\/tr>\n<\/tbody>\n<\/table>\n<p><span style=\"font-weight: 400; color: #333333;\">Child rate applies for children under 10 years old accompanied by two adults in the same room.<\/span><\/p>\n<p><!-- Translated date table and rate table here --><\/p>\n<h3><span style=\"color: #333333;\"><b>Included Hotels<\/b><\/span><\/h3>\n<h4><b style=\"color: #333333;\">Mexico City<\/b><\/h4>\n<ul>\n<li><span style=\"color: #333333;\">Regente <b>3*<\/b><\/span><\/li>\n<li><span style=\"color: #333333;\">Real Reforma <b>4*<\/b><\/span><\/li>\n<li><span style=\"color: #333333;\">Galer\u00eda Plaza <b>4**<\/b><\/span><\/li>\n<\/ul>\n<h4><b style=\"color: #333333;\">CIRCUIT 3*\/3**<\/b><\/h4>\n<ul>\n<li><span style=\"color: #333333;\">San Miguel de Allende \u2013 Misi\u00f3n <b>3**<\/b><\/span><\/li>\n<li><span style=\"color: #333333;\">Guadalajara \u2013 Casino Plaza <b>3*<\/b><\/span><\/li>\n<li><span style=\"color: #333333;\">Morelia \u2013 Misi\u00f3n Catedral <b>3**<\/b><\/span><\/li>\n<\/ul>\n<h4><b style=\"color: #333333;\">CIRCUIT 4*\/4**<\/b><\/h4>\n<ul>\n<li><span style=\"color: #333333;\">San Miguel de Allende \u2013 La Casona <b>4*<\/b><\/span><\/li>\n<li><span style=\"color: #333333;\">Guadalajara \u2013 Morales <b>4*<\/b><\/span><\/li>\n<li><span style=\"color: #333333;\">Morelia \u2013 Mansi\u00f3n Sol\u00eds <b>4**<\/b><\/span><\/li>\n<\/ul>\n","protected":false},"excerpt":{"rendered":"<p><span style=\"font-weight: 400;\"><span style=\"vertical-align: inherit;\">Explore Colonial Mexico on a unique tour: Mexico City, Tequila, Guanajuato, Morelia and more. <\/span><\/span>Enjoy stunning architecture, one-of-a-kind cuisine, and the warmth of its people. A journey full of history, traditions, and unforgettable landscapes!<\/p>\n","protected":false},"featured_media":107557,"comment_status":"open","ping_status":"closed","template":"","meta":{"_acf_changed":false,"_joinchat":{"telephone":"+16892675660"}},"product_brand":[],"product_cat":[1674,1682],"product_tag":[],"class_list":{"0":"post-108340","1":"product","2":"type-product","3":"status-publish","4":"has-post-thumbnail","6":"product_cat-central-america","7":"product_cat-mexico-en","9":"first","10":"instock","11":"featured","12":"sold-individually","13":"shipping-taxable","14":"purchasable","15":"product-type-variable"},"acf":[],"yoast_head":"<!-- This site is optimized with the Yoast SEO Premium plugin v23.3 (Yoast SEO v27.4) - https:\/\/yoast.com\/product\/yoast-seo-premium-wordpress\/ -->\n<title>Tour por M\u00e9xico, explora el carrusel colonial | Fundays tours<\/title>\n<meta name=\"description\" content=\"Vive una experiencia \u00fanica con nuestro tour por M\u00e9xico, Tequila, Guanajuato, Morelia y m\u00e1s. \u00a1Disfruta de la historia y cultura de M\u00e9xico \u00a1Reserva ya!\" \/>\n<meta name=\"robots\" content=\"index, follow, max-snippet:-1, max-image-preview:large, max-video-preview:-1\" \/>\n<link rel=\"canonical\" href=\"https:\/\/fundaystours.com\/en\/destinos\/mexico-city-tour-colonial-carousel\/\" \/>\n<meta property=\"og:locale\" content=\"en_US\" \/>\n<meta property=\"og:type\" content=\"article\" \/>\n<meta property=\"og:title\" content=\"Mexico City Tour | Colonial Carousel\" \/>\n<meta property=\"og:description\" content=\"Vive una experiencia \u00fanica con nuestro tour por M\u00e9xico, Tequila, Guanajuato, Morelia y m\u00e1s. \u00a1Disfruta de la historia y cultura de M\u00e9xico \u00a1Reserva ya!\" \/>\n<meta property=\"og:url\" content=\"https:\/\/fundaystours.com\/en\/destinos\/mexico-city-tour-colonial-carousel\/\" \/>\n<meta property=\"og:site_name\" content=\"Fundays Tours\" \/>\n<meta property=\"article:modified_time\" content=\"2025-12-23T16:41:16+00:00\" \/>\n<meta property=\"og:image\" content=\"https:\/\/fundaystours.com\/wp-content\/uploads\/2025\/01\/catedral-metropolitana-plaza-principal-zocalo.jpg\" \/>\n\t<meta property=\"og:image:width\" content=\"600\" \/>\n\t<meta property=\"og:image:height\" content=\"425\" \/>\n\t<meta property=\"og:image:type\" content=\"image\/jpeg\" \/>\n<meta name=\"twitter:card\" content=\"summary_large_image\" \/>\n<meta name=\"twitter:label1\" content=\"Est. reading time\" \/>\n\t<meta name=\"twitter:data1\" content=\"3 minutes\" \/>\n<script type=\"application\/ld+json\" class=\"yoast-schema-graph\">{\"@context\":\"https:\\\/\\\/schema.org\",\"@graph\":[{\"@type\":\"WebPage\",\"@id\":\"https:\\\/\\\/fundaystours.com\\\/en\\\/destinos\\\/mexico-city-tour-colonial-carousel\\\/\",\"url\":\"https:\\\/\\\/fundaystours.com\\\/en\\\/destinos\\\/mexico-city-tour-colonial-carousel\\\/\",\"name\":\"Tour por M\u00e9xico, explora el carrusel colonial | Fundays tours\",\"isPartOf\":{\"@id\":\"https:\\\/\\\/fundaystours.com\\\/en\\\/#website\"},\"primaryImageOfPage\":{\"@id\":\"https:\\\/\\\/fundaystours.com\\\/en\\\/destinos\\\/mexico-city-tour-colonial-carousel\\\/#primaryimage\"},\"image\":{\"@id\":\"https:\\\/\\\/fundaystours.com\\\/en\\\/destinos\\\/mexico-city-tour-colonial-carousel\\\/#primaryimage\"},\"thumbnailUrl\":\"https:\\\/\\\/fundaystours.com\\\/wp-content\\\/uploads\\\/2025\\\/01\\\/catedral-metropolitana-plaza-principal-zocalo.jpg\",\"datePublished\":\"2025-01-23T21:14:02+00:00\",\"dateModified\":\"2025-12-23T16:41:16+00:00\",\"description\":\"Vive una experiencia \u00fanica con nuestro tour por M\u00e9xico, Tequila, Guanajuato, Morelia y m\u00e1s. \u00a1Disfruta de la historia y cultura de M\u00e9xico \u00a1Reserva ya!\",\"breadcrumb\":{\"@id\":\"https:\\\/\\\/fundaystours.com\\\/en\\\/destinos\\\/mexico-city-tour-colonial-carousel\\\/#breadcrumb\"},\"inLanguage\":\"en-US\",\"potentialAction\":[{\"@type\":\"ReadAction\",\"target\":[\"https:\\\/\\\/fundaystours.com\\\/en\\\/destinos\\\/mexico-city-tour-colonial-carousel\\\/\"]}]},{\"@type\":\"ImageObject\",\"inLanguage\":\"en-US\",\"@id\":\"https:\\\/\\\/fundaystours.com\\\/en\\\/destinos\\\/mexico-city-tour-colonial-carousel\\\/#primaryimage\",\"url\":\"https:\\\/\\\/fundaystours.com\\\/wp-content\\\/uploads\\\/2025\\\/01\\\/catedral-metropolitana-plaza-principal-zocalo.jpg\",\"contentUrl\":\"https:\\\/\\\/fundaystours.com\\\/wp-content\\\/uploads\\\/2025\\\/01\\\/catedral-metropolitana-plaza-principal-zocalo.jpg\",\"width\":600,\"height\":425},{\"@type\":\"BreadcrumbList\",\"@id\":\"https:\\\/\\\/fundaystours.com\\\/en\\\/destinos\\\/mexico-city-tour-colonial-carousel\\\/#breadcrumb\",\"itemListElement\":[{\"@type\":\"ListItem\",\"position\":1,\"name\":\"Home\",\"item\":\"https:\\\/\\\/fundaystours.com\\\/en\\\/\"},{\"@type\":\"ListItem\",\"position\":2,\"name\":\"Destinations\",\"item\":\"https:\\\/\\\/fundaystours.com\\\/destinations\\\/\"},{\"@type\":\"ListItem\",\"position\":3,\"name\":\"Mexico\",\"item\":\"https:\\\/\\\/fundaystours.com\\\/en\\\/product-category\\\/mexico-en\\\/\"},{\"@type\":\"ListItem\",\"position\":4,\"name\":\"Mexico City Tour | Colonial Carousel\"}]},{\"@type\":\"WebSite\",\"@id\":\"https:\\\/\\\/fundaystours.com\\\/en\\\/#website\",\"url\":\"https:\\\/\\\/fundaystours.com\\\/en\\\/\",\"name\":\"Fundays Tours\",\"description\":\"\",\"publisher\":{\"@id\":\"https:\\\/\\\/fundaystours.com\\\/en\\\/#organization\"},\"potentialAction\":[{\"@type\":\"SearchAction\",\"target\":{\"@type\":\"EntryPoint\",\"urlTemplate\":\"https:\\\/\\\/fundaystours.com\\\/en\\\/?s={search_term_string}\"},\"query-input\":{\"@type\":\"PropertyValueSpecification\",\"valueRequired\":true,\"valueName\":\"search_term_string\"}}],\"inLanguage\":\"en-US\"},{\"@type\":\"Organization\",\"@id\":\"https:\\\/\\\/fundaystours.com\\\/en\\\/#organization\",\"name\":\"Fundays Tours\",\"url\":\"https:\\\/\\\/fundaystours.com\\\/en\\\/\",\"logo\":{\"@type\":\"ImageObject\",\"inLanguage\":\"en-US\",\"@id\":\"https:\\\/\\\/fundaystours.com\\\/en\\\/#\\\/schema\\\/logo\\\/image\\\/\",\"url\":\"https:\\\/\\\/fundaystours.com\\\/wp-content\\\/uploads\\\/2023\\\/12\\\/logo-fundays-tours-2.png\",\"contentUrl\":\"https:\\\/\\\/fundaystours.com\\\/wp-content\\\/uploads\\\/2023\\\/12\\\/logo-fundays-tours-2.png\",\"width\":230,\"height\":50,\"caption\":\"Fundays Tours\"},\"image\":{\"@id\":\"https:\\\/\\\/fundaystours.com\\\/en\\\/#\\\/schema\\\/logo\\\/image\\\/\"}}]}<\/script>\n<!-- \/ Yoast SEO Premium plugin. -->","yoast_head_json":{"title":"Tour por M\u00e9xico, explora el carrusel colonial | Fundays tours","description":"Vive una experiencia \u00fanica con nuestro tour por M\u00e9xico, Tequila, Guanajuato, Morelia y m\u00e1s. \u00a1Disfruta de la historia y cultura de M\u00e9xico \u00a1Reserva ya!","robots":{"index":"index","follow":"follow","max-snippet":"max-snippet:-1","max-image-preview":"max-image-preview:large","max-video-preview":"max-video-preview:-1"},"canonical":"https:\/\/fundaystours.com\/en\/destinos\/mexico-city-tour-colonial-carousel\/","og_locale":"en_US","og_type":"article","og_title":"Mexico City Tour | Colonial Carousel","og_description":"Vive una experiencia \u00fanica con nuestro tour por M\u00e9xico, Tequila, Guanajuato, Morelia y m\u00e1s. \u00a1Disfruta de la historia y cultura de M\u00e9xico \u00a1Reserva ya!","og_url":"https:\/\/fundaystours.com\/en\/destinos\/mexico-city-tour-colonial-carousel\/","og_site_name":"Fundays Tours","article_modified_time":"2025-12-23T16:41:16+00:00","og_image":[{"width":600,"height":425,"url":"https:\/\/fundaystours.com\/wp-content\/uploads\/2025\/01\/catedral-metropolitana-plaza-principal-zocalo.jpg","type":"image\/jpeg"}],"twitter_card":"summary_large_image","twitter_misc":{"Est. reading time":"3 minutes"},"schema":{"@context":"https:\/\/schema.org","@graph":[{"@type":"WebPage","@id":"https:\/\/fundaystours.com\/en\/destinos\/mexico-city-tour-colonial-carousel\/","url":"https:\/\/fundaystours.com\/en\/destinos\/mexico-city-tour-colonial-carousel\/","name":"Tour por M\u00e9xico, explora el carrusel colonial | Fundays tours","isPartOf":{"@id":"https:\/\/fundaystours.com\/en\/#website"},"primaryImageOfPage":{"@id":"https:\/\/fundaystours.com\/en\/destinos\/mexico-city-tour-colonial-carousel\/#primaryimage"},"image":{"@id":"https:\/\/fundaystours.com\/en\/destinos\/mexico-city-tour-colonial-carousel\/#primaryimage"},"thumbnailUrl":"https:\/\/fundaystours.com\/wp-content\/uploads\/2025\/01\/catedral-metropolitana-plaza-principal-zocalo.jpg","datePublished":"2025-01-23T21:14:02+00:00","dateModified":"2025-12-23T16:41:16+00:00","description":"Vive una experiencia \u00fanica con nuestro tour por M\u00e9xico, Tequila, Guanajuato, Morelia y m\u00e1s. \u00a1Disfruta de la historia y cultura de M\u00e9xico \u00a1Reserva ya!","breadcrumb":{"@id":"https:\/\/fundaystours.com\/en\/destinos\/mexico-city-tour-colonial-carousel\/#breadcrumb"},"inLanguage":"en-US","potentialAction":[{"@type":"ReadAction","target":["https:\/\/fundaystours.com\/en\/destinos\/mexico-city-tour-colonial-carousel\/"]}]},{"@type":"ImageObject","inLanguage":"en-US","@id":"https:\/\/fundaystours.com\/en\/destinos\/mexico-city-tour-colonial-carousel\/#primaryimage","url":"https:\/\/fundaystours.com\/wp-content\/uploads\/2025\/01\/catedral-metropolitana-plaza-principal-zocalo.jpg","contentUrl":"https:\/\/fundaystours.com\/wp-content\/uploads\/2025\/01\/catedral-metropolitana-plaza-principal-zocalo.jpg","width":600,"height":425},{"@type":"BreadcrumbList","@id":"https:\/\/fundaystours.com\/en\/destinos\/mexico-city-tour-colonial-carousel\/#breadcrumb","itemListElement":[{"@type":"ListItem","position":1,"name":"Home","item":"https:\/\/fundaystours.com\/en\/"},{"@type":"ListItem","position":2,"name":"Destinations","item":"https:\/\/fundaystours.com\/destinations\/"},{"@type":"ListItem","position":3,"name":"Mexico","item":"https:\/\/fundaystours.com\/en\/product-category\/mexico-en\/"},{"@type":"ListItem","position":4,"name":"Mexico City Tour | Colonial Carousel"}]},{"@type":"WebSite","@id":"https:\/\/fundaystours.com\/en\/#website","url":"https:\/\/fundaystours.com\/en\/","name":"Fundays Tours","description":"","publisher":{"@id":"https:\/\/fundaystours.com\/en\/#organization"},"potentialAction":[{"@type":"SearchAction","target":{"@type":"EntryPoint","urlTemplate":"https:\/\/fundaystours.com\/en\/?s={search_term_string}"},"query-input":{"@type":"PropertyValueSpecification","valueRequired":true,"valueName":"search_term_string"}}],"inLanguage":"en-US"},{"@type":"Organization","@id":"https:\/\/fundaystours.com\/en\/#organization","name":"Fundays Tours","url":"https:\/\/fundaystours.com\/en\/","logo":{"@type":"ImageObject","inLanguage":"en-US","@id":"https:\/\/fundaystours.com\/en\/#\/schema\/logo\/image\/","url":"https:\/\/fundaystours.com\/wp-content\/uploads\/2023\/12\/logo-fundays-tours-2.png","contentUrl":"https:\/\/fundaystours.com\/wp-content\/uploads\/2023\/12\/logo-fundays-tours-2.png","width":230,"height":50,"caption":"Fundays Tours"},"image":{"@id":"https:\/\/fundaystours.com\/en\/#\/schema\/logo\/image\/"}}]}},"_links":{"self":[{"href":"https:\/\/fundaystours.com\/en\/wp-json\/wp\/v2\/product\/108340","targetHints":{"allow":["GET"]}}],"collection":[{"href":"https:\/\/fundaystours.com\/en\/wp-json\/wp\/v2\/product"}],"about":[{"href":"https:\/\/fundaystours.com\/en\/wp-json\/wp\/v2\/types\/product"}],"replies":[{"embeddable":true,"href":"https:\/\/fundaystours.com\/en\/wp-json\/wp\/v2\/comments?post=108340"}],"wp:featuredmedia":[{"embeddable":true,"href":"https:\/\/fundaystours.com\/en\/wp-json\/wp\/v2\/media\/107557"}],"wp:attachment":[{"href":"https:\/\/fundaystours.com\/en\/wp-json\/wp\/v2\/media?parent=108340"}],"wp:term":[{"taxonomy":"product_brand","embeddable":true,"href":"https:\/\/fundaystours.com\/en\/wp-json\/wp\/v2\/product_brand?post=108340"},{"taxonomy":"product_cat","embeddable":true,"href":"https:\/\/fundaystours.com\/en\/wp-json\/wp\/v2\/product_cat?post=108340"},{"taxonomy":"product_tag","embeddable":true,"href":"https:\/\/fundaystours.com\/en\/wp-json\/wp\/v2\/product_tag?post=108340"}],"curies":[{"name":"wp","href":"https:\/\/api.w.org\/{rel}","templated":true}]}}