{"id":108204,"date":"2024-07-24T18:48:55","date_gmt":"2024-07-24T22:48:55","guid":{"rendered":"https:\/\/fundaystours.com\/destinos\/preventa-2025-viaje-economico-a-las-islas-griegas-a-bordo-de-un-crucero-descubre-grecia-con-ofertas-exclusivas\/"},"modified":"2026-04-23T13:14:08","modified_gmt":"2026-04-23T17:14:08","slug":"travel-to-the-greek-islands-aboard-a-cruise-ship","status":"publish","type":"product","link":"https:\/\/fundaystours.com\/en\/destinos\/travel-to-the-greek-islands-aboard-a-cruise-ship\/","title":{"rendered":"Travel to the Greek Islands aboard a cruise ship"},"content":{"rendered":"<p>Exclusive presale for travel in 2026, reserve now with a deposit of USD 500 per person and guarantee your space and price.<\/p>\n<p>Departures:<\/p>\n<p>June: 08, 11, 18 and 25 of 2026<\/p>\n<p>July: 02, 09, 16 and 23 of 2026<\/p>\n<p>August: 06 and 20 of 2026<\/p>\n<p>September: 03, 10, 17 and 24 of 2026<\/p>\n<p><strong>DAY 1: Athens<\/strong><\/p>\n<p>Arrival at the airport, assistance and transfer to the hotel. Accommodation.<\/p>\n<p><strong>DAY 2: Athens<\/strong><\/p>\n<p>Breakfast. Departure for a city tour of Athens and the New Museum. Visit Kalimarmaro , Hadrian&#8217;s Arch, the Parliament building, the Tomb of the Unknown Soldier, and the traditional Changing of the Guard at Syntagma Square (Constitution Square ). Visit Omonia Square (Concord Square). Visit the Acropolis: the Propylaea, the Temple of Athena Nike, the Erechtheion , the Parthenon, and the New Museum. Free afternoon to explore the city. Overnight stay with breakfast.<\/p>\n<p><strong>DAY 3: Athens \u2013 7-day Cruise<\/strong><\/p>\n<p>Breakfast and free morning. At the appointed time, transfer to the port and embarkation on the cruise ship. Dinner on board. Accommodation, breakfast, and dinner.<\/p>\n<p><strong>DAY 4: Thessaloniki<\/strong><\/p>\n<p>Arrival and disembarkation. Discover the beauty of Thessaloniki. Accommodation, breakfast, lunch and dinner on board.<\/p>\n<p><strong>DAY 5: Kusadasi<\/strong><\/p>\n<p>Arrival in Kusadasi and disembarkation. Departure of the ship at the indicated time bound for Heraklion, Crete. Accommodation, breakfast, lunch and dinner on board.<\/p>\n<p><strong>DAY 6: Heraklion<\/strong><\/p>\n<p>Arrival at Heraklion Island and disembarkation. Boarding and departure for Santorini. Accommodation, breakfast, lunch and dinner on board.<\/p>\n<p><strong>DAY 7: Santorini<\/strong><\/p>\n<p>Arrival and disembarkation; the ship will stay overnight here. Enjoy magical Santorini. Accommodation, breakfast, lunch, and dinner are included on board.<\/p>\n<p><strong>DAY 8: Mykonos<\/strong><\/p>\n<p>At the appointed time, departure for Mykonos . Arrival and disembarkation. Experience the vibrant life of Mykonos . Accommodation, breakfast, lunch, and dinner on board.<\/p>\n<p><strong>DAY 9: Milos<\/strong><\/p>\n<p>Departure from Mykonos at the indicated time for Milos, arrival and disembarkation. Explore the wonders of Milos. Accommodation, breakfast, lunch and dinner on board.<\/p>\n<p><strong>DAY 10: Athens<\/strong><\/p>\n<p>Arrival in Athens, disembarkation and transfer to the airport to take the flight back home.<\/p>\n<p>You might also be interested in: <a href=\"https:\/\/fundaystours.com\/product\/atenas-mikonos-y-santorini-en-ferry-7n-8d\/\">Athens, Santorini and <\/a><a href=\"https:\/\/fundaystours.com\/product\/atenas-mikonos-y-santorini-en-ferry-7n-8d\/\">Mykonos <\/a><a href=\"https:\/\/fundaystours.com\/product\/atenas-mikonos-y-santorini-en-ferry-7n-8d\/\">by Ferry<\/a><\/p>\n<p>***END OF OUR SERVICES***<\/p>\n<table width=\"96%\">\n<tbody>\n<tr>\n<td width=\"75%\">USD RATE<\/td>\n<td width=\"23%\">Double<\/td>\n<\/tr>\n<tr>\n<td width=\"75%\">June: 08, 11, 18 and 25 of 2026<\/td>\n<td width=\"23%\">2,350<\/td>\n<\/tr>\n<tr>\n<td width=\"75%\">July: 02, 09, 16 and 23 of 2026<\/p>\n<p>August: 06 and 20 of 2026<\/p>\n<p>September: 03, 10, 17 and 24 of 2026<\/td>\n<td width=\"23%\">3,520<\/td>\n<\/tr>\n<\/tbody>\n<\/table>\n<p>INCLUDES<\/p>\n<ul>\n<li>Airport \u2013 hotel \u2013 port \u2013 airport transfers for all categories<\/li>\n<li>(Arrival transfer only with assistance, in a triple cabin with a 6-seater minibus)<\/li>\n<li>2 nights in Athens in the chosen hotel category with bed and breakfast<\/li>\n<li>Athens city tour with the New Museum on a regular tour in Spanish with entrance fees<\/li>\n<li>7-Day Cruise (Idyllic)<\/li>\n<li>The cruise includes breakfast, lunch, dinner, and drinks with each meal.<\/li>\n<li>Port taxes and gratuities: USD $339 per person<\/li>\n<li>Medical assistance for children under 70 years of age.<\/li>\n<\/ul>\n<p><strong>NOT INCLUDED<\/strong><\/p>\n<ul>\n<li>Drinks<\/li>\n<li>Lunches throughout the tour<\/li>\n<li>International flights<\/li>\n<li>Personal Expenses<\/li>\n<li>Optional Tours<\/li>\n<\/ul>\n<p>&nbsp;<\/p>\n","protected":false},"excerpt":{"rendered":"<p>Enjoy a trip to the Greek islands aboard a cruise. Explore Athens, Thessaloniki, Kusadasi, Heraklion, Santorini, Mykonos and Milos with accommodation and meals included &#8211; an unforgettable adventure in Greece at an unbeatable price!<\/p>\n","protected":false},"featured_media":107419,"comment_status":"open","ping_status":"closed","template":"","meta":{"_acf_changed":false,"_joinchat":[]},"product_brand":[],"product_cat":[1686,1690,1688],"product_tag":[],"class_list":{"0":"post-108204","1":"product","2":"type-product","3":"status-publish","4":"has-post-thumbnail","6":"product_cat-cruises","7":"product_cat-featured","8":"product_cat-mediterranean","9":"pa_cuantas-habitaciones-doble-en","10":"pa_general-primera-4-en","12":"first","13":"instock","14":"sold-individually","15":"shipping-taxable","16":"purchasable","17":"product-type-variable"},"acf":[],"yoast_head":"<!-- This site is optimized with the Yoast SEO Premium plugin v23.3 (Yoast SEO v27.4) - https:\/\/yoast.com\/product\/yoast-seo-premium-wordpress\/ -->\n<title>Viaje a las Islas Griegas en un incre\u00edble crucero | Fundays Tours<\/title>\n<meta name=\"description\" content=\"Emb\u00e1rcate en un crucero inolvidable por las Islas Griegas. Playas paradis\u00edacas, cultura y diversi\u00f3n en un solo viaje. \u00a1Reserva tu cupo hoy!\" \/>\n<meta name=\"robots\" content=\"index, follow, max-snippet:-1, max-image-preview:large, max-video-preview:-1\" \/>\n<link rel=\"canonical\" href=\"https:\/\/fundaystours.com\/en\/destinos\/travel-to-the-greek-islands-aboard-a-cruise-ship\/\" \/>\n<meta property=\"og:locale\" content=\"en_US\" \/>\n<meta property=\"og:type\" content=\"article\" \/>\n<meta property=\"og:title\" content=\"Travel to the Greek Islands aboard a cruise ship\" \/>\n<meta property=\"og:description\" content=\"Emb\u00e1rcate en un crucero inolvidable por las Islas Griegas. Playas paradis\u00edacas, cultura y diversi\u00f3n en un solo viaje. \u00a1Reserva tu cupo hoy!\" \/>\n<meta property=\"og:url\" content=\"https:\/\/fundaystours.com\/en\/destinos\/travel-to-the-greek-islands-aboard-a-cruise-ship\/\" \/>\n<meta property=\"og:site_name\" content=\"Fundays Tours\" \/>\n<meta property=\"article:modified_time\" content=\"2026-04-23T17:14:08+00:00\" \/>\n<meta property=\"og:image\" content=\"https:\/\/fundaystours.com\/wp-content\/uploads\/2024\/07\/Santorini-Fundays-Tours-scaled.jpg\" \/>\n\t<meta property=\"og:image:width\" content=\"2560\" \/>\n\t<meta property=\"og:image:height\" content=\"1706\" \/>\n\t<meta property=\"og:image:type\" content=\"image\/jpeg\" \/>\n<meta name=\"twitter:card\" content=\"summary_large_image\" \/>\n<meta name=\"twitter:label1\" content=\"Est. reading time\" \/>\n\t<meta name=\"twitter:data1\" content=\"3 minutes\" \/>\n<script type=\"application\/ld+json\" class=\"yoast-schema-graph\">{\"@context\":\"https:\\\/\\\/schema.org\",\"@graph\":[{\"@type\":\"WebPage\",\"@id\":\"https:\\\/\\\/fundaystours.com\\\/en\\\/destinos\\\/travel-to-the-greek-islands-aboard-a-cruise-ship\\\/\",\"url\":\"https:\\\/\\\/fundaystours.com\\\/en\\\/destinos\\\/travel-to-the-greek-islands-aboard-a-cruise-ship\\\/\",\"name\":\"Viaje a las Islas Griegas en un incre\u00edble crucero | Fundays Tours\",\"isPartOf\":{\"@id\":\"https:\\\/\\\/fundaystours.com\\\/en\\\/#website\"},\"primaryImageOfPage\":{\"@id\":\"https:\\\/\\\/fundaystours.com\\\/en\\\/destinos\\\/travel-to-the-greek-islands-aboard-a-cruise-ship\\\/#primaryimage\"},\"image\":{\"@id\":\"https:\\\/\\\/fundaystours.com\\\/en\\\/destinos\\\/travel-to-the-greek-islands-aboard-a-cruise-ship\\\/#primaryimage\"},\"thumbnailUrl\":\"https:\\\/\\\/fundaystours.com\\\/wp-content\\\/uploads\\\/2024\\\/07\\\/Santorini-Fundays-Tours-scaled.jpg\",\"datePublished\":\"2024-07-24T22:48:55+00:00\",\"dateModified\":\"2026-04-23T17:14:08+00:00\",\"description\":\"Emb\u00e1rcate en un crucero inolvidable por las Islas Griegas. Playas paradis\u00edacas, cultura y diversi\u00f3n en un solo viaje. \u00a1Reserva tu cupo hoy!\",\"breadcrumb\":{\"@id\":\"https:\\\/\\\/fundaystours.com\\\/en\\\/destinos\\\/travel-to-the-greek-islands-aboard-a-cruise-ship\\\/#breadcrumb\"},\"inLanguage\":\"en-US\",\"potentialAction\":[{\"@type\":\"ReadAction\",\"target\":[\"https:\\\/\\\/fundaystours.com\\\/en\\\/destinos\\\/travel-to-the-greek-islands-aboard-a-cruise-ship\\\/\"]}]},{\"@type\":\"ImageObject\",\"inLanguage\":\"en-US\",\"@id\":\"https:\\\/\\\/fundaystours.com\\\/en\\\/destinos\\\/travel-to-the-greek-islands-aboard-a-cruise-ship\\\/#primaryimage\",\"url\":\"https:\\\/\\\/fundaystours.com\\\/wp-content\\\/uploads\\\/2024\\\/07\\\/Santorini-Fundays-Tours-scaled.jpg\",\"contentUrl\":\"https:\\\/\\\/fundaystours.com\\\/wp-content\\\/uploads\\\/2024\\\/07\\\/Santorini-Fundays-Tours-scaled.jpg\",\"width\":2560,\"height\":1706,\"caption\":\"Oia town on Santorini island, Greece. Traditional and famous houses and churches with blue domes over the Caldera, Aegean sea\"},{\"@type\":\"BreadcrumbList\",\"@id\":\"https:\\\/\\\/fundaystours.com\\\/en\\\/destinos\\\/travel-to-the-greek-islands-aboard-a-cruise-ship\\\/#breadcrumb\",\"itemListElement\":[{\"@type\":\"ListItem\",\"position\":1,\"name\":\"Home\",\"item\":\"https:\\\/\\\/fundaystours.com\\\/en\\\/\"},{\"@type\":\"ListItem\",\"position\":2,\"name\":\"Destinations\",\"item\":\"https:\\\/\\\/fundaystours.com\\\/destinations\\\/\"},{\"@type\":\"ListItem\",\"position\":3,\"name\":\"Cruises\",\"item\":\"https:\\\/\\\/fundaystours.com\\\/en\\\/product-category\\\/cruises\\\/\"},{\"@type\":\"ListItem\",\"position\":4,\"name\":\"Travel to the Greek Islands aboard a cruise ship\"}]},{\"@type\":\"WebSite\",\"@id\":\"https:\\\/\\\/fundaystours.com\\\/en\\\/#website\",\"url\":\"https:\\\/\\\/fundaystours.com\\\/en\\\/\",\"name\":\"Fundays Tours\",\"description\":\"\",\"publisher\":{\"@id\":\"https:\\\/\\\/fundaystours.com\\\/en\\\/#organization\"},\"potentialAction\":[{\"@type\":\"SearchAction\",\"target\":{\"@type\":\"EntryPoint\",\"urlTemplate\":\"https:\\\/\\\/fundaystours.com\\\/en\\\/?s={search_term_string}\"},\"query-input\":{\"@type\":\"PropertyValueSpecification\",\"valueRequired\":true,\"valueName\":\"search_term_string\"}}],\"inLanguage\":\"en-US\"},{\"@type\":\"Organization\",\"@id\":\"https:\\\/\\\/fundaystours.com\\\/en\\\/#organization\",\"name\":\"Fundays Tours\",\"url\":\"https:\\\/\\\/fundaystours.com\\\/en\\\/\",\"logo\":{\"@type\":\"ImageObject\",\"inLanguage\":\"en-US\",\"@id\":\"https:\\\/\\\/fundaystours.com\\\/en\\\/#\\\/schema\\\/logo\\\/image\\\/\",\"url\":\"https:\\\/\\\/fundaystours.com\\\/wp-content\\\/uploads\\\/2023\\\/12\\\/logo-fundays-tours-2.png\",\"contentUrl\":\"https:\\\/\\\/fundaystours.com\\\/wp-content\\\/uploads\\\/2023\\\/12\\\/logo-fundays-tours-2.png\",\"width\":230,\"height\":50,\"caption\":\"Fundays Tours\"},\"image\":{\"@id\":\"https:\\\/\\\/fundaystours.com\\\/en\\\/#\\\/schema\\\/logo\\\/image\\\/\"}}]}<\/script>\n<!-- \/ Yoast SEO Premium plugin. -->","yoast_head_json":{"title":"Viaje a las Islas Griegas en un incre\u00edble crucero | Fundays Tours","description":"Emb\u00e1rcate en un crucero inolvidable por las Islas Griegas. Playas paradis\u00edacas, cultura y diversi\u00f3n en un solo viaje. \u00a1Reserva tu cupo hoy!","robots":{"index":"index","follow":"follow","max-snippet":"max-snippet:-1","max-image-preview":"max-image-preview:large","max-video-preview":"max-video-preview:-1"},"canonical":"https:\/\/fundaystours.com\/en\/destinos\/travel-to-the-greek-islands-aboard-a-cruise-ship\/","og_locale":"en_US","og_type":"article","og_title":"Travel to the Greek Islands aboard a cruise ship","og_description":"Emb\u00e1rcate en un crucero inolvidable por las Islas Griegas. Playas paradis\u00edacas, cultura y diversi\u00f3n en un solo viaje. \u00a1Reserva tu cupo hoy!","og_url":"https:\/\/fundaystours.com\/en\/destinos\/travel-to-the-greek-islands-aboard-a-cruise-ship\/","og_site_name":"Fundays Tours","article_modified_time":"2026-04-23T17:14:08+00:00","og_image":[{"width":2560,"height":1706,"url":"https:\/\/fundaystours.com\/wp-content\/uploads\/2024\/07\/Santorini-Fundays-Tours-scaled.jpg","type":"image\/jpeg"}],"twitter_card":"summary_large_image","twitter_misc":{"Est. reading time":"3 minutes"},"schema":{"@context":"https:\/\/schema.org","@graph":[{"@type":"WebPage","@id":"https:\/\/fundaystours.com\/en\/destinos\/travel-to-the-greek-islands-aboard-a-cruise-ship\/","url":"https:\/\/fundaystours.com\/en\/destinos\/travel-to-the-greek-islands-aboard-a-cruise-ship\/","name":"Viaje a las Islas Griegas en un incre\u00edble crucero | Fundays Tours","isPartOf":{"@id":"https:\/\/fundaystours.com\/en\/#website"},"primaryImageOfPage":{"@id":"https:\/\/fundaystours.com\/en\/destinos\/travel-to-the-greek-islands-aboard-a-cruise-ship\/#primaryimage"},"image":{"@id":"https:\/\/fundaystours.com\/en\/destinos\/travel-to-the-greek-islands-aboard-a-cruise-ship\/#primaryimage"},"thumbnailUrl":"https:\/\/fundaystours.com\/wp-content\/uploads\/2024\/07\/Santorini-Fundays-Tours-scaled.jpg","datePublished":"2024-07-24T22:48:55+00:00","dateModified":"2026-04-23T17:14:08+00:00","description":"Emb\u00e1rcate en un crucero inolvidable por las Islas Griegas. Playas paradis\u00edacas, cultura y diversi\u00f3n en un solo viaje. \u00a1Reserva tu cupo hoy!","breadcrumb":{"@id":"https:\/\/fundaystours.com\/en\/destinos\/travel-to-the-greek-islands-aboard-a-cruise-ship\/#breadcrumb"},"inLanguage":"en-US","potentialAction":[{"@type":"ReadAction","target":["https:\/\/fundaystours.com\/en\/destinos\/travel-to-the-greek-islands-aboard-a-cruise-ship\/"]}]},{"@type":"ImageObject","inLanguage":"en-US","@id":"https:\/\/fundaystours.com\/en\/destinos\/travel-to-the-greek-islands-aboard-a-cruise-ship\/#primaryimage","url":"https:\/\/fundaystours.com\/wp-content\/uploads\/2024\/07\/Santorini-Fundays-Tours-scaled.jpg","contentUrl":"https:\/\/fundaystours.com\/wp-content\/uploads\/2024\/07\/Santorini-Fundays-Tours-scaled.jpg","width":2560,"height":1706,"caption":"Oia town on Santorini island, Greece. Traditional and famous houses and churches with blue domes over the Caldera, Aegean sea"},{"@type":"BreadcrumbList","@id":"https:\/\/fundaystours.com\/en\/destinos\/travel-to-the-greek-islands-aboard-a-cruise-ship\/#breadcrumb","itemListElement":[{"@type":"ListItem","position":1,"name":"Home","item":"https:\/\/fundaystours.com\/en\/"},{"@type":"ListItem","position":2,"name":"Destinations","item":"https:\/\/fundaystours.com\/destinations\/"},{"@type":"ListItem","position":3,"name":"Cruises","item":"https:\/\/fundaystours.com\/en\/product-category\/cruises\/"},{"@type":"ListItem","position":4,"name":"Travel to the Greek Islands aboard a cruise ship"}]},{"@type":"WebSite","@id":"https:\/\/fundaystours.com\/en\/#website","url":"https:\/\/fundaystours.com\/en\/","name":"Fundays Tours","description":"","publisher":{"@id":"https:\/\/fundaystours.com\/en\/#organization"},"potentialAction":[{"@type":"SearchAction","target":{"@type":"EntryPoint","urlTemplate":"https:\/\/fundaystours.com\/en\/?s={search_term_string}"},"query-input":{"@type":"PropertyValueSpecification","valueRequired":true,"valueName":"search_term_string"}}],"inLanguage":"en-US"},{"@type":"Organization","@id":"https:\/\/fundaystours.com\/en\/#organization","name":"Fundays Tours","url":"https:\/\/fundaystours.com\/en\/","logo":{"@type":"ImageObject","inLanguage":"en-US","@id":"https:\/\/fundaystours.com\/en\/#\/schema\/logo\/image\/","url":"https:\/\/fundaystours.com\/wp-content\/uploads\/2023\/12\/logo-fundays-tours-2.png","contentUrl":"https:\/\/fundaystours.com\/wp-content\/uploads\/2023\/12\/logo-fundays-tours-2.png","width":230,"height":50,"caption":"Fundays Tours"},"image":{"@id":"https:\/\/fundaystours.com\/en\/#\/schema\/logo\/image\/"}}]}},"_links":{"self":[{"href":"https:\/\/fundaystours.com\/en\/wp-json\/wp\/v2\/product\/108204","targetHints":{"allow":["GET"]}}],"collection":[{"href":"https:\/\/fundaystours.com\/en\/wp-json\/wp\/v2\/product"}],"about":[{"href":"https:\/\/fundaystours.com\/en\/wp-json\/wp\/v2\/types\/product"}],"replies":[{"embeddable":true,"href":"https:\/\/fundaystours.com\/en\/wp-json\/wp\/v2\/comments?post=108204"}],"wp:featuredmedia":[{"embeddable":true,"href":"https:\/\/fundaystours.com\/en\/wp-json\/wp\/v2\/media\/107419"}],"wp:attachment":[{"href":"https:\/\/fundaystours.com\/en\/wp-json\/wp\/v2\/media?parent=108204"}],"wp:term":[{"taxonomy":"product_brand","embeddable":true,"href":"https:\/\/fundaystours.com\/en\/wp-json\/wp\/v2\/product_brand?post=108204"},{"taxonomy":"product_cat","embeddable":true,"href":"https:\/\/fundaystours.com\/en\/wp-json\/wp\/v2\/product_cat?post=108204"},{"taxonomy":"product_tag","embeddable":true,"href":"https:\/\/fundaystours.com\/en\/wp-json\/wp\/v2\/product_tag?post=108204"}],"curies":[{"name":"wp","href":"https:\/\/api.w.org\/{rel}","templated":true}]}}