{"id":108095,"date":"2024-06-19T19:05:26","date_gmt":"2024-06-19T23:05:26","guid":{"rendered":"https:\/\/fundaystours.com\/destinos\/mexico-tradicional-y-basilica-de-guadalupe-y-piramides-4n-5d\/"},"modified":"2026-04-21T16:37:18","modified_gmt":"2026-04-21T20:37:18","slug":"traditional-mexico-basilica-of-guadalupe-and-pyramids","status":"publish","type":"product","link":"https:\/\/fundaystours.com\/en\/destinos\/traditional-mexico-basilica-of-guadalupe-and-pyramids\/","title":{"rendered":"Traditional Mexico, Basilica of Guadalupe and Pyramids"},"content":{"rendered":"<p>Traditional Mexico in 5 Days<\/p>\n<h2><strong>Day 1: AIRPORT &#8211; MEXICO CITY<\/strong><\/h2>\n<p>Starting Traditional Mexico: reception at the Mexico City \u201cBenito Ju\u00e1rez\u201d international airport, transfer to your chosen hotel and accommodation.<\/p>\n<h2><strong>Day 2: BASILICA AND TEOTIHUACAN<\/strong><\/h2>\n<p>Breakfast. Departure to visit TEOTIHUACAN (pre-Hispanic) and the SHRINE OF THE VIRGIN OF GUADALUPE (contemporary), icons of Mexican culture, representing the religious development of the Mexican people. We will begin by visiting the pre-Hispanic archaeological site of Tlatelolco, also known as the Plaza of the Three Cultures, with its colonial church, the Parish of Saint James the Apostle.<\/p>\n<p>We will continue to Teotihuac\u00e1n, the city of the gods according to Aztec myth, with over 2,500 years of history. Then we will enter the enigmatic archaeological site, visiting the temples of \u201cQuetzalpapalotl\u201d (butterfly-bird) and the \u201cFeathered Shells Temple\u201d and the Pyramid of the Moon, finally ending with the impressive <a href=\"https:\/\/arqueologiamexicana.mx\/mexico-antiguo\/la-piramide-del-sol-teotihuacan-estado-de-mexico\" target=\"_blank\" rel=\"noopener\">Pyramid of the Sun<\/a>. After our visit to the archaeological site, we will head to a local restaurant for lunch. After lunch, we will return to Mexico City to visit the Shrine of Guadalupe, which is the largest religious sanctuary in Mexico, where the Tilma of San Juan Diego is kept, with the most venerated image in Mexico, the Virgin of Guadalupe, \u201cPatron Saint of the Americas\u201d.<\/p>\n<h2><strong>Day 3: XOCHIMILCO<\/strong><\/h2>\n<p>Breakfast. Departure to UNIVERSITY CITY, named a World Heritage Site in 2007, where we will appreciate Diego Rivera&#8217;s mural and continue to the Olympic Stadium for photos. We continue to XOCHIMILCO, place of flowers, where aboard colorful \u201ctrajineras\u201d we navigate among flowery chinampas. The trumpets of the mariachis and the melodies of the trios (additional cost), give the tour a romantic touch.<\/p>\n<h2><strong>Day 4: MEXICO CITY TOUR<\/strong><\/h2>\n<p>Breakfast. We head to the HISTORIC CENTER, a World Heritage Site: Z\u00f3calo (City Hall, Cathedral, Presidential Palace), Plaza de Santo Domingo, Plaza Tols\u00e1, Palacio de Bellas Artes&#8230; We will tour Paseo de la Reforma Avenue to the beginning of Chapultepec Park&#8230; We finish with a visit (two rooms) to the MUSEUM OF ANTHROPOLOGY, one of the three most important of its kind in the world. Possibility of staying at the Museum on your own. Return to hotels.<br \/>\nIn the evening, dinner show at the family restaurant Lugar del Mariachi. Mexican Show, presenting Folkloric Ballet with traditional dances from different states of the Republic and ranchero music singers with the traditional musical framework of the mariachi.<\/p>\n<h2><strong>Day 5: MEXICO CITY \u2013 AIRPORT<\/strong><\/h2>\n<p>Ending Traditional Mexico: At the indicated time, we will transfer to the Mexico City airport. End of our services.<\/p>\n<h3><strong>Services Included<\/strong><\/h3>\n<h4><strong>Includes<\/strong><\/h4>\n<ul>\n<li>4 nights of accommodation in Mexico City hotel<\/li>\n<li>Daily breakfasts<\/li>\n<li>Airport \u2013 Hotel \u2013 Airport transfers<\/li>\n<li>Basilica and Teotihuacan pyramids tour with lunch<\/li>\n<li>Xochimilco Tour<\/li>\n<li>City tour<\/li>\n<li>Dinner show<\/li>\n<\/ul>\n<h4><strong>Does Not Include<\/strong><\/h4>\n<ul>\n<li>Round-trip flights<\/li>\n<li>Services not included in the itinerary<\/li>\n<\/ul>\n<table>\n<tbody>\n<tr>\n<td><strong>HOTELS<br \/>\n15NOV2024-15DIC2025<\/strong><\/td>\n<td><strong>STARS*<\/strong><\/td>\n<td><strong>TRIPLE<\/strong><\/td>\n<td><strong>DOUBLE<\/strong><\/td>\n<td><strong>SINGLE<\/strong><\/td>\n<td><strong>CHILDREN 3-10<\/strong><\/td>\n<\/tr>\n<tr>\n<td>ROYAL REFORMA<\/td>\n<td>4*<\/td>\n<td>575.00<\/td>\n<td>615.00<\/td>\n<td>795.00<\/td>\n<td>330.00<\/td>\n<\/tr>\n<tr>\n<td>CASA BLANCA<\/td>\n<td>4*<\/td>\n<td>595.00<\/td>\n<td>635.00<\/td>\n<td>815.00<\/td>\n<td>330.00<\/td>\n<\/tr>\n<tr>\n<td>EMPORIO REFORMA<\/td>\n<td>4*<\/td>\n<td>690.00<\/td>\n<td>735.00<\/td>\n<td>990.00<\/td>\n<td>330.00<\/td>\n<\/tr>\n<tr>\n<td>NH COLLECTION REFORMA<\/td>\n<td>5*<\/td>\n<td>725.00<\/td>\n<td>795.00<\/td>\n<td>935.00<\/td>\n<td>370.00<\/td>\n<\/tr>\n<\/tbody>\n<\/table>\n<ul>\n<li>You might also be interested in: <a href=\"https:\/\/fundaystours.com\/en\/destinos\/mexico-city-tour-colonial-carousel\/\" target=\"_blank\" rel=\"noopener\">Mexico Tour<\/a><\/li>\n<\/ul>\n","protected":false},"excerpt":{"rendered":"<p>Discover Mexico City, where history and spirituality intertwine. Visit the Basilica of Our Lady of Guadalupe and marvel at the ancient pyramids that hold age-old secrets. Immerse yourself in a unique experience that blends the sacred with the ancestral.<\/p>\n","protected":false},"featured_media":107181,"comment_status":"open","ping_status":"closed","template":"","meta":{"_acf_changed":false,"_joinchat":[]},"product_brand":[],"product_cat":[1682],"product_tag":[],"class_list":{"0":"post-108095","1":"product","2":"type-product","3":"status-publish","4":"has-post-thumbnail","6":"product_cat-mexico-en","7":"pa_cuantas-habitaciones-doble-en","8":"pa_cuantas-habitaciones-sencilla-en","9":"pa_cuantas-habitaciones-triple-en-2","11":"first","12":"instock","13":"featured","14":"sold-individually","15":"shipping-taxable","16":"purchasable","17":"product-type-variable"},"acf":[],"yoast_head":"<!-- This site is optimized with the Yoast SEO Premium plugin v23.3 (Yoast SEO v27.4) - https:\/\/yoast.com\/product\/yoast-seo-premium-wordpress\/ -->\n<title>M\u00e9xico tradicional y Bas\u00edlica: tu aventura \u00fanica con Fundays Tours<\/title>\n<meta name=\"description\" content=\"Descubre la magia de M\u00e9xico con nuestro tour a Teotihuac\u00e1n, la Bas\u00edlica de Guadalupe y Xochimilco. 4 noches de experiencia \u00fanica. \u00a1Haz tu reserva hoy mismo!\" \/>\n<meta name=\"robots\" content=\"index, follow, max-snippet:-1, max-image-preview:large, max-video-preview:-1\" \/>\n<link rel=\"canonical\" href=\"https:\/\/fundaystours.com\/en\/destinos\/traditional-mexico-basilica-of-guadalupe-and-pyramids\/\" \/>\n<meta property=\"og:locale\" content=\"en_US\" \/>\n<meta property=\"og:type\" content=\"article\" \/>\n<meta property=\"og:title\" content=\"M\u00e9xico tradicional y Bas\u00edlica\" \/>\n<meta property=\"og:description\" content=\"Descubre la magia de M\u00e9xico con nuestro tour a Teotihuac\u00e1n, la Bas\u00edlica de Guadalupe y Xochimilco. 4 noches de experiencia \u00fanica. \u00a1Haz tu reserva hoy mismo!\" \/>\n<meta property=\"og:url\" content=\"https:\/\/fundaystours.com\/en\/destinos\/traditional-mexico-basilica-of-guadalupe-and-pyramids\/\" \/>\n<meta property=\"og:site_name\" content=\"Fundays Tours\" \/>\n<meta property=\"article:modified_time\" content=\"2026-04-21T20:37:18+00:00\" \/>\n<meta property=\"og:image\" content=\"https:\/\/fundaystours.com\/wp-content\/uploads\/2024\/06\/vertical-shot-palace-fine-arts-mexico-1-scaled.jpg\" \/>\n\t<meta property=\"og:image:width\" content=\"1709\" \/>\n\t<meta property=\"og:image:height\" content=\"2560\" \/>\n\t<meta property=\"og:image:type\" content=\"image\/jpeg\" \/>\n<meta name=\"twitter:card\" content=\"summary_large_image\" \/>\n<meta name=\"twitter:title\" content=\"Traditional Mexico, Basilica of Guadalupe and Pyramids\" \/>\n<meta name=\"twitter:label1\" content=\"Est. reading time\" \/>\n\t<meta name=\"twitter:data1\" content=\"3 minutes\" \/>\n<script type=\"application\/ld+json\" class=\"yoast-schema-graph\">{\"@context\":\"https:\\\/\\\/schema.org\",\"@graph\":[{\"@type\":\"WebPage\",\"@id\":\"https:\\\/\\\/fundaystours.com\\\/en\\\/destinos\\\/traditional-mexico-basilica-of-guadalupe-and-pyramids\\\/\",\"url\":\"https:\\\/\\\/fundaystours.com\\\/en\\\/destinos\\\/traditional-mexico-basilica-of-guadalupe-and-pyramids\\\/\",\"name\":\"M\u00e9xico tradicional y Bas\u00edlica: tu aventura \u00fanica con Fundays Tours\",\"isPartOf\":{\"@id\":\"https:\\\/\\\/fundaystours.com\\\/en\\\/#website\"},\"primaryImageOfPage\":{\"@id\":\"https:\\\/\\\/fundaystours.com\\\/en\\\/destinos\\\/traditional-mexico-basilica-of-guadalupe-and-pyramids\\\/#primaryimage\"},\"image\":{\"@id\":\"https:\\\/\\\/fundaystours.com\\\/en\\\/destinos\\\/traditional-mexico-basilica-of-guadalupe-and-pyramids\\\/#primaryimage\"},\"thumbnailUrl\":\"https:\\\/\\\/fundaystours.com\\\/wp-content\\\/uploads\\\/2024\\\/01\\\/mexico-city.jpg\",\"datePublished\":\"2024-06-19T23:05:26+00:00\",\"dateModified\":\"2026-04-21T20:37:18+00:00\",\"description\":\"Descubre la magia de M\u00e9xico con nuestro tour a Teotihuac\u00e1n, la Bas\u00edlica de Guadalupe y Xochimilco. 4 noches de experiencia \u00fanica. \u00a1Haz tu reserva hoy mismo!\",\"breadcrumb\":{\"@id\":\"https:\\\/\\\/fundaystours.com\\\/en\\\/destinos\\\/traditional-mexico-basilica-of-guadalupe-and-pyramids\\\/#breadcrumb\"},\"inLanguage\":\"en-US\",\"potentialAction\":[{\"@type\":\"ReadAction\",\"target\":[\"https:\\\/\\\/fundaystours.com\\\/en\\\/destinos\\\/traditional-mexico-basilica-of-guadalupe-and-pyramids\\\/\"]}]},{\"@type\":\"ImageObject\",\"inLanguage\":\"en-US\",\"@id\":\"https:\\\/\\\/fundaystours.com\\\/en\\\/destinos\\\/traditional-mexico-basilica-of-guadalupe-and-pyramids\\\/#primaryimage\",\"url\":\"https:\\\/\\\/fundaystours.com\\\/wp-content\\\/uploads\\\/2024\\\/01\\\/mexico-city.jpg\",\"contentUrl\":\"https:\\\/\\\/fundaystours.com\\\/wp-content\\\/uploads\\\/2024\\\/01\\\/mexico-city.jpg\",\"width\":1920,\"height\":1080},{\"@type\":\"BreadcrumbList\",\"@id\":\"https:\\\/\\\/fundaystours.com\\\/en\\\/destinos\\\/traditional-mexico-basilica-of-guadalupe-and-pyramids\\\/#breadcrumb\",\"itemListElement\":[{\"@type\":\"ListItem\",\"position\":1,\"name\":\"Home\",\"item\":\"https:\\\/\\\/fundaystours.com\\\/en\\\/\"},{\"@type\":\"ListItem\",\"position\":2,\"name\":\"Destinations\",\"item\":\"https:\\\/\\\/fundaystours.com\\\/destinations\\\/\"},{\"@type\":\"ListItem\",\"position\":3,\"name\":\"Mexico\",\"item\":\"https:\\\/\\\/fundaystours.com\\\/en\\\/product-category\\\/mexico-en\\\/\"},{\"@type\":\"ListItem\",\"position\":4,\"name\":\"Traditional Mexico, Basilica of Guadalupe and Pyramids\"}]},{\"@type\":\"WebSite\",\"@id\":\"https:\\\/\\\/fundaystours.com\\\/en\\\/#website\",\"url\":\"https:\\\/\\\/fundaystours.com\\\/en\\\/\",\"name\":\"Fundays Tours\",\"description\":\"\",\"publisher\":{\"@id\":\"https:\\\/\\\/fundaystours.com\\\/en\\\/#organization\"},\"potentialAction\":[{\"@type\":\"SearchAction\",\"target\":{\"@type\":\"EntryPoint\",\"urlTemplate\":\"https:\\\/\\\/fundaystours.com\\\/en\\\/?s={search_term_string}\"},\"query-input\":{\"@type\":\"PropertyValueSpecification\",\"valueRequired\":true,\"valueName\":\"search_term_string\"}}],\"inLanguage\":\"en-US\"},{\"@type\":\"Organization\",\"@id\":\"https:\\\/\\\/fundaystours.com\\\/en\\\/#organization\",\"name\":\"Fundays Tours\",\"url\":\"https:\\\/\\\/fundaystours.com\\\/en\\\/\",\"logo\":{\"@type\":\"ImageObject\",\"inLanguage\":\"en-US\",\"@id\":\"https:\\\/\\\/fundaystours.com\\\/en\\\/#\\\/schema\\\/logo\\\/image\\\/\",\"url\":\"https:\\\/\\\/fundaystours.com\\\/wp-content\\\/uploads\\\/2023\\\/12\\\/logo-fundays-tours-2.png\",\"contentUrl\":\"https:\\\/\\\/fundaystours.com\\\/wp-content\\\/uploads\\\/2023\\\/12\\\/logo-fundays-tours-2.png\",\"width\":230,\"height\":50,\"caption\":\"Fundays Tours\"},\"image\":{\"@id\":\"https:\\\/\\\/fundaystours.com\\\/en\\\/#\\\/schema\\\/logo\\\/image\\\/\"}}]}<\/script>\n<!-- \/ Yoast SEO Premium plugin. -->","yoast_head_json":{"title":"M\u00e9xico tradicional y Bas\u00edlica: tu aventura \u00fanica con Fundays Tours","description":"Descubre la magia de M\u00e9xico con nuestro tour a Teotihuac\u00e1n, la Bas\u00edlica de Guadalupe y Xochimilco. 4 noches de experiencia \u00fanica. \u00a1Haz tu reserva hoy mismo!","robots":{"index":"index","follow":"follow","max-snippet":"max-snippet:-1","max-image-preview":"max-image-preview:large","max-video-preview":"max-video-preview:-1"},"canonical":"https:\/\/fundaystours.com\/en\/destinos\/traditional-mexico-basilica-of-guadalupe-and-pyramids\/","og_locale":"en_US","og_type":"article","og_title":"M\u00e9xico tradicional y Bas\u00edlica","og_description":"Descubre la magia de M\u00e9xico con nuestro tour a Teotihuac\u00e1n, la Bas\u00edlica de Guadalupe y Xochimilco. 4 noches de experiencia \u00fanica. \u00a1Haz tu reserva hoy mismo!","og_url":"https:\/\/fundaystours.com\/en\/destinos\/traditional-mexico-basilica-of-guadalupe-and-pyramids\/","og_site_name":"Fundays Tours","article_modified_time":"2026-04-21T20:37:18+00:00","og_image":[{"width":1709,"height":2560,"url":"https:\/\/fundaystours.com\/wp-content\/uploads\/2024\/06\/vertical-shot-palace-fine-arts-mexico-1-scaled.jpg","type":"image\/jpeg"}],"twitter_card":"summary_large_image","twitter_title":"Traditional Mexico, Basilica of Guadalupe and Pyramids","twitter_misc":{"Est. reading time":"3 minutes"},"schema":{"@context":"https:\/\/schema.org","@graph":[{"@type":"WebPage","@id":"https:\/\/fundaystours.com\/en\/destinos\/traditional-mexico-basilica-of-guadalupe-and-pyramids\/","url":"https:\/\/fundaystours.com\/en\/destinos\/traditional-mexico-basilica-of-guadalupe-and-pyramids\/","name":"M\u00e9xico tradicional y Bas\u00edlica: tu aventura \u00fanica con Fundays Tours","isPartOf":{"@id":"https:\/\/fundaystours.com\/en\/#website"},"primaryImageOfPage":{"@id":"https:\/\/fundaystours.com\/en\/destinos\/traditional-mexico-basilica-of-guadalupe-and-pyramids\/#primaryimage"},"image":{"@id":"https:\/\/fundaystours.com\/en\/destinos\/traditional-mexico-basilica-of-guadalupe-and-pyramids\/#primaryimage"},"thumbnailUrl":"https:\/\/fundaystours.com\/wp-content\/uploads\/2024\/01\/mexico-city.jpg","datePublished":"2024-06-19T23:05:26+00:00","dateModified":"2026-04-21T20:37:18+00:00","description":"Descubre la magia de M\u00e9xico con nuestro tour a Teotihuac\u00e1n, la Bas\u00edlica de Guadalupe y Xochimilco. 4 noches de experiencia \u00fanica. \u00a1Haz tu reserva hoy mismo!","breadcrumb":{"@id":"https:\/\/fundaystours.com\/en\/destinos\/traditional-mexico-basilica-of-guadalupe-and-pyramids\/#breadcrumb"},"inLanguage":"en-US","potentialAction":[{"@type":"ReadAction","target":["https:\/\/fundaystours.com\/en\/destinos\/traditional-mexico-basilica-of-guadalupe-and-pyramids\/"]}]},{"@type":"ImageObject","inLanguage":"en-US","@id":"https:\/\/fundaystours.com\/en\/destinos\/traditional-mexico-basilica-of-guadalupe-and-pyramids\/#primaryimage","url":"https:\/\/fundaystours.com\/wp-content\/uploads\/2024\/01\/mexico-city.jpg","contentUrl":"https:\/\/fundaystours.com\/wp-content\/uploads\/2024\/01\/mexico-city.jpg","width":1920,"height":1080},{"@type":"BreadcrumbList","@id":"https:\/\/fundaystours.com\/en\/destinos\/traditional-mexico-basilica-of-guadalupe-and-pyramids\/#breadcrumb","itemListElement":[{"@type":"ListItem","position":1,"name":"Home","item":"https:\/\/fundaystours.com\/en\/"},{"@type":"ListItem","position":2,"name":"Destinations","item":"https:\/\/fundaystours.com\/destinations\/"},{"@type":"ListItem","position":3,"name":"Mexico","item":"https:\/\/fundaystours.com\/en\/product-category\/mexico-en\/"},{"@type":"ListItem","position":4,"name":"Traditional Mexico, Basilica of Guadalupe and Pyramids"}]},{"@type":"WebSite","@id":"https:\/\/fundaystours.com\/en\/#website","url":"https:\/\/fundaystours.com\/en\/","name":"Fundays Tours","description":"","publisher":{"@id":"https:\/\/fundaystours.com\/en\/#organization"},"potentialAction":[{"@type":"SearchAction","target":{"@type":"EntryPoint","urlTemplate":"https:\/\/fundaystours.com\/en\/?s={search_term_string}"},"query-input":{"@type":"PropertyValueSpecification","valueRequired":true,"valueName":"search_term_string"}}],"inLanguage":"en-US"},{"@type":"Organization","@id":"https:\/\/fundaystours.com\/en\/#organization","name":"Fundays Tours","url":"https:\/\/fundaystours.com\/en\/","logo":{"@type":"ImageObject","inLanguage":"en-US","@id":"https:\/\/fundaystours.com\/en\/#\/schema\/logo\/image\/","url":"https:\/\/fundaystours.com\/wp-content\/uploads\/2023\/12\/logo-fundays-tours-2.png","contentUrl":"https:\/\/fundaystours.com\/wp-content\/uploads\/2023\/12\/logo-fundays-tours-2.png","width":230,"height":50,"caption":"Fundays Tours"},"image":{"@id":"https:\/\/fundaystours.com\/en\/#\/schema\/logo\/image\/"}}]}},"_links":{"self":[{"href":"https:\/\/fundaystours.com\/en\/wp-json\/wp\/v2\/product\/108095","targetHints":{"allow":["GET"]}}],"collection":[{"href":"https:\/\/fundaystours.com\/en\/wp-json\/wp\/v2\/product"}],"about":[{"href":"https:\/\/fundaystours.com\/en\/wp-json\/wp\/v2\/types\/product"}],"replies":[{"embeddable":true,"href":"https:\/\/fundaystours.com\/en\/wp-json\/wp\/v2\/comments?post=108095"}],"wp:featuredmedia":[{"embeddable":true,"href":"https:\/\/fundaystours.com\/en\/wp-json\/wp\/v2\/media\/107181"}],"wp:attachment":[{"href":"https:\/\/fundaystours.com\/en\/wp-json\/wp\/v2\/media?parent=108095"}],"wp:term":[{"taxonomy":"product_brand","embeddable":true,"href":"https:\/\/fundaystours.com\/en\/wp-json\/wp\/v2\/product_brand?post=108095"},{"taxonomy":"product_cat","embeddable":true,"href":"https:\/\/fundaystours.com\/en\/wp-json\/wp\/v2\/product_cat?post=108095"},{"taxonomy":"product_tag","embeddable":true,"href":"https:\/\/fundaystours.com\/en\/wp-json\/wp\/v2\/product_tag?post=108095"}],"curies":[{"name":"wp","href":"https:\/\/api.w.org\/{rel}","templated":true}]}}