{"id":108072,"date":"2025-05-27T10:19:33","date_gmt":"2025-05-27T14:19:33","guid":{"rendered":"https:\/\/fundaystours.com\/?post_type=product&#038;p=108072"},"modified":"2026-03-31T15:59:46","modified_gmt":"2026-03-31T19:59:46","slug":"turkey-as-a-gift-discover-istanbul-cappadocia-ephesus-2","status":"publish","type":"product","link":"https:\/\/fundaystours.com\/en\/destinos\/turkey-as-a-gift-discover-istanbul-cappadocia-ephesus-2\/","title":{"rendered":"Turkey as a Gift: Discover Istanbul, Cappadocia &amp; Ephesus"},"content":{"rendered":"<p><span style=\"vertical-align: inherit;\">Turkey as a gift on an unforgettable journey, with daily departures except Fridays<\/span><\/p>\n<p><strong>Day 1: ARRIVAL \/ ISTANBUL<\/strong><\/p>\n<p><strong>Welcome to Istanbul! <\/strong>Upon arrival, you will be met and transferred to your chosen hotel category. <strong>Accommodation<\/strong><\/p>\n<p>If you are arriving at <strong>Istanbul Airport (IST), <\/strong>our representative will be waiting for you at your exit through gate <strong>number 8.<\/strong><\/p>\n<p>If you are arriving at <strong>Istanbul Airport (SAW) <\/strong>on the Asian side, our representative will be waiting for you, crossing the pedestrian walkway <strong>between column 9 and column 10.<\/strong><\/p>\n<p><strong>Day 2: ISTANBUL \/ SULEIMAN THE MAGNIFICENT (D)<\/strong><\/p>\n<p><strong>Breakfast. <\/strong>Departure to visit the <strong>S\u00fcleymaniye Mosque <\/strong>, located on the third hill of Istanbul, offering one of the most famous panoramic views of the city. Commissioned by Sultan S\u00fcleymaniye the Magnificent, it was built by the renowned imperial architect Sinan. After the visit, enjoy free time <strong>for a full-day tour of Istanbul&#8217;s historic district. <\/strong>You will see the <strong>Hagia Sophia <\/strong>(exterior only), a masterpiece of Byzantine art, and the pearl of Istanbul, the famous <strong>Topkapi Palace <\/strong>, residence of the Ottoman sultans for four centuries. Enjoy a traditional <strong>lunch at a local restaurant in the <\/strong>Sultanahmet area . Admire the <strong>Blue Mosque <\/strong>, a marvel of harmony, proportion, and elegance, and the <strong>Hippodrome <\/strong>, which preserves the Obelisk of Theodosius, the Serpent Column, the Fountain of Emperor Wilhelm, and the Egyptian Obelisk. In the late afternoon, visit the famous <strong>Grand Bazaar, <\/strong>where you will have free time to explore its 4,000 shops. <strong>Overnight stay .<\/strong><\/p>\n<p><strong>Day 3: ISTANBUL \/ FREE DAY<\/strong><\/p>\n<p><strong>Breakfast <\/strong>. <strong>Full-day Bosphorus boat tour and visit to the Asian side with lunch. <\/strong>Departure for one of Istanbul&#8217;s most famous activities: a boat trip on the <strong>Bosphorus <\/strong>, the strait that separates Europe and Asia. During this journey, you&#8217;ll see the palaces of the Sultans, traditional wooden houses, and experience history in a unique way. Next, we&#8217;ll visit one of the highlights, the <strong>Spice Bazaar <\/strong>, established by the Ottomans five centuries ago and still in use today. We&#8217;ll then continue to <strong>Beylerbey Palace, <\/strong>located on the Asian side of the Bosphorus. This former summer residence of the Ottoman sultans also features <strong>the famous suspension bridge.<\/strong> <strong>From the Bosphorus <\/strong>, which connects the European and Asian sides of the city, after <strong>lunch <\/strong>we will visit the underrated district of <strong>\u00dcsk\u00fcdar, <\/strong>located on the <strong>Asian side <\/strong>, before heading to <strong>\u00c7aml\u0131ca Hill <\/strong>, one of the city&#8217;s seven hills and the highest point in Istanbul. At 268 meters above sea level, \u00c7aml\u0131ca Hill offers panoramic views of both sides of the city. At the end of the day, return to the hotel. <strong>Overnight stay<\/strong><\/p>\n<p><strong>Day 4: ISTANBUL \/ ANKARA \/ CAPADOCIA (B -D)<\/strong><\/p>\n<p><strong>Breakfast <\/strong>( breakfast box included). Departure for <strong>Ankara <\/strong>, passing through the Bolu Mountains. <strong>Ankara , the capital of the Turkish Republic <\/strong>and Turkey&#8217;s second most populous city , is a modern and cosmopolitan metropolis steeped in history and ancient culture. Visit to the <strong>An\u0131tkabir Mausoleum <\/strong>, a symbol of Ankara and the final resting place of the <strong>founder of the Turkish Republic <\/strong>. Continue the journey to Cappadocia. En route, we will see Turkey&#8217;s second largest lake, <strong>Lake Tuz (Salt Lake) <\/strong>, and a <strong>13th-century caravanserai <\/strong>(medieval inn). Arrival in Cappadocia.<strong> Optionally<\/strong> You can book a <strong>Jeep Safari tour of Cappadocia <\/strong>, one of the most exciting adventures in Cappadocia, allowing you to explore the region in an off-road vehicle and reach unique landscapes of rock formations and valleys. <strong>Dinner <\/strong>and <strong>accommodation included .<\/strong><\/p>\n<p>(On some departures, the Istanbul-Ankara leg may be covered by high-speed train or domestic flight for operational reasons)<\/p>\n<p><strong>Day 5: CAPADOCIA (B \u2013 C)<\/strong><\/p>\n<p><strong>Breakfast <\/strong>at the hotel. Visit this fascinating region with its unique landscape, formed by lava ejected from the Erciyes and Hasan volcanoes 3 million years ago. We will visit the <strong>G\u00f6reme Valley <\/strong>, an incredible Byzantine monastic complex comprised of <strong>churches carved into the rock <\/strong>and adorned with beautiful frescoes. Next, we will visit the <strong>Avcilar and G\u00f6vercinlik Valleys <\/strong>, where you can admire the best views of the volcanic formations known as <strong>&#8220;fairy chimneys.&#8221; <\/strong>We will also visit <strong>traditional carpet and onyx workshops .<\/strong> <strong>and Turquoise <\/strong>. <strong>Dinner at the hotel and accommodation.<\/strong><\/p>\n<p><strong>Day 6: CAPPADOCIA \/ PAMUKKALE (B &#8211; D)<\/strong><\/p>\n<p><strong>Breakfast <\/strong>at the hotel. Early departure for <strong>Pamukkale . <\/strong>Arrival and visit to <strong>Hierapolis <\/strong>, an ancient Hellenistic city now in ruins. Visit to the famous <strong>Cotton Castle <\/strong>, a natural wonder of gigantic white cascades, stalactites, and natural pools formed over centuries by the flow of calcium-rich water from thermal springs. Arrival at the hotel <strong>. Dinner and overnight stay.<\/strong><\/p>\n<p><strong>Day 7: PAMUKKALE \/ EPHESUS \/ KUSADASI \/OR IZMIR (B &#8211; D)<\/strong><\/p>\n<p><strong>Breakfast <\/strong>at the hotel. Morning departure for <strong>Ephesus, <\/strong>a Greco-Roman city, ancient capital of Asia Minor and one of the best-preserved ancient cities, home to the <strong>Temple of Hadrian <\/strong>, <strong>the Temple of Trajan <\/strong>, the <strong>theater <\/strong>, and the <strong>Library of Celsus <\/strong>. Visit to the <strong>House of the Virgin Mary <\/strong>, where she spent the last years of her life. Afterward, we will visit <strong>a leather goods gallery <\/strong>to learn about the region&#8217;s renowned production of lambskin garments. In the late afternoon, we continue to Kusadasi or Izmir. <strong>Dinner at the hotel and overnight stay <\/strong>. (During the summer months of May- October , accommodation may be in Izmir and its surroundings instead of Kusadasi .)<\/p>\n<p><strong>Day 8: KUSADASI \/ OR IZMIR \/ BURSA \/ ISTANBUL (D)<\/strong><\/p>\n<p><strong>Breakfast. <\/strong>Departure for Bursa, the first capital of the Ottoman Empire. Visit to the <strong>Ulucamii Mosque <\/strong>, the <strong>Kozahan Silk Bazaar <\/strong>, and the <strong>Green Mausoleum <\/strong>. Continue the journey to Istanbul; arrival and <strong>overnight stay <\/strong>.<\/p>\n<p>(On some departures, for operational reasons, the Izmir-Istanbul leg may be covered by a domestic flight without passing through Bursa).<\/p>\n<p><strong>Day 9: ISTANBUL \/ AIRPORT. (D)<\/strong><\/p>\n<p><strong>Breakfast <\/strong>and at the indicated time, transfer to the airport <strong>. End of services.<\/strong><\/p>\n<p>(Pick-up will be <strong>4 hours before <\/strong>the international flight time; the exact time will be confirmed by your assistant at your destination).<\/p>\n<p><strong>***End of services****<\/strong><\/p>\n<p><strong>SERVICES INCLUDED:<\/strong><\/p>\n<ul>\n<li>4 nights Bed and Breakfast in Istanbul According to Chosen Category<\/li>\n<li>4 nights&#8217; accommodation during the Anatolia tour in 4* Category Hotels<\/li>\n<li>Half-board scheme during the circuit<\/li>\n<li>Historical tour with lunch.<\/li>\n<li>Asian Section with Lunch<\/li>\n<li>Arrival and departure transfers<\/li>\n<li>Visit to the Mosque of Suleiman the Magnificent in Istanbul<\/li>\n<li>Tickets and visits according to the itinerary<\/li>\n<li>Professional guide for Spanish speakers<\/li>\n<li>24\/7 traveler assistance in Spanish via (WhatsApp \u2013 Telephone)<\/li>\n<li>Medical assistance for those under 70 years of age (Supplement applies for those over 71 years of age)<\/li>\n<\/ul>\n<p><strong>Price in (USD)<\/strong><\/p>\n<table width=\"684\">\n<tbody>\n<tr>\n<td colspan=\"5\" width=\"606\"><strong>PRICES PER PERSON IN USD<\/strong><\/td>\n<td width=\"72\"><\/td>\n<\/tr>\n<tr>\n<td width=\"304\"><strong>SEASONS<\/strong><\/td>\n<td><strong>DEPARTURES<\/strong><\/td>\n<td width=\"81\"><strong>CATEGORY<\/strong><\/td>\n<td width=\"70\"><strong>TRIPLE<\/strong><\/td>\n<td width=\"70\"><strong>DOUBLE<\/strong><\/td>\n<td width=\"72\"><strong>SIMPLE<\/strong><\/td>\n<\/tr>\n<tr>\n<td width=\"304\"><strong>April 1, 2026 &#8211; March 31, 2027<\/strong><\/td>\n<td width=\"72\"><strong>DAILY EXCEPT FRIDAYS<\/strong><\/td>\n<td width=\"81\"><strong>First 4*<\/strong><\/td>\n<td width=\"70\"><strong>$1,375<\/strong><\/td>\n<td width=\"70\"><strong>$1,375<\/strong><\/td>\n<td width=\"72\"><strong>$2,025<\/strong><\/td>\n<\/tr>\n<\/tbody>\n<\/table>\n<p>Rate valid from April 1, 2026 to March 31, 2027.<\/p>\n<p>(Except Carnival \u2013 New Year \u2013 Easter \u2013 Holidays and Dates of Major Events)<\/p>\n<p><strong>SERVICES NOT INCLUDED:<\/strong><\/p>\n<ul>\n<li>Hotel taxes in T\u00fcrkiye payable on arrival $15 pp.<\/li>\n<li>General tips for the trip, payable at destination: $45 pp.<\/li>\n<li>Optional excursions or personal expenses<\/li>\n<li>Any service not listed as included<\/li>\n<\/ul>\n<p><strong>NOTE:<\/strong><\/p>\n<p>If your international arrival\/departure flights are to the Asian airport SAW, you will need to add &#8221; SAW Transfer Supplement &#8221; to your booking process.<\/p>\n<p><span style=\"vertical-align: inherit;\">You may also be interested in: <\/span><a href=\"https:\/\/fundaystours.com\/product\/maravillas-de-turquia-y-dubai\/\" rel=\"noopener\"><span style=\"vertical-align: inherit;\">Wonders of Turkey and Dubai<\/span><\/a><span style=\"vertical-align: inherit;\">.<\/span><\/p>\n","protected":false},"excerpt":{"rendered":"<p>Turkey: magic and mystery. In Cappadocia, the surreal landscape of fairy chimneys and volcanic formations offers an experience like no other, while Ephesus, an ancient Greco-Roman city, takes you back in time with its stunning architecture and majestic ruins.<\/p>\n","protected":false},"featured_media":107422,"comment_status":"open","ping_status":"closed","template":"","meta":{"_acf_changed":false,"_joinchat":{"telephone":"+16892675660"}},"product_brand":[],"product_cat":[1678],"product_tag":[],"class_list":{"0":"post-108072","1":"product","2":"type-product","3":"status-publish","4":"has-post-thumbnail","6":"product_cat-europe","7":"pa_cuantas-habitaciones-doble-en","8":"pa_cuantas-habitaciones-sencilla-en","9":"pa_cuantas-habitaciones-triple-en-2","11":"first","12":"instock","13":"sold-individually","14":"shipping-taxable","15":"purchasable","16":"product-type-variable"},"acf":[],"yoast_head":"<!-- This site is optimized with the Yoast SEO Premium plugin v23.3 (Yoast SEO v27.4) - https:\/\/yoast.com\/product\/yoast-seo-premium-wordpress\/ -->\n<title>Turqu\u00eda de regalo, paquete tur\u00edstico para sorprender | Fundays T.<\/title>\n<meta name=\"description\" content=\"Recorre Turqu\u00eda de regalo: desde la majestuosa Estambul hasta las ruinas de \u00c9feso y las piscinas naturales de Pamukkale. \u00a1Haz tu reserva hoy mismo!\" \/>\n<meta name=\"robots\" content=\"index, follow, max-snippet:-1, max-image-preview:large, max-video-preview:-1\" \/>\n<link rel=\"canonical\" href=\"https:\/\/fundaystours.com\/en\/destinos\/turkey-as-a-gift-discover-istanbul-cappadocia-ephesus-2\/\" \/>\n<meta property=\"og:locale\" content=\"en_US\" \/>\n<meta property=\"og:type\" content=\"article\" \/>\n<meta property=\"og:title\" content=\"Turkey as a Gift: Discover Istanbul, Cappadocia &amp; Ephesus\" \/>\n<meta property=\"og:description\" content=\"Recorre Turqu\u00eda de regalo: desde la majestuosa Estambul hasta las ruinas de \u00c9feso y las piscinas naturales de Pamukkale. \u00a1Haz tu reserva hoy mismo!\" \/>\n<meta property=\"og:url\" content=\"https:\/\/fundaystours.com\/en\/destinos\/turkey-as-a-gift-discover-istanbul-cappadocia-ephesus-2\/\" \/>\n<meta property=\"og:site_name\" content=\"Fundays Tours\" \/>\n<meta property=\"article:modified_time\" content=\"2026-03-31T19:59:46+00:00\" \/>\n<meta property=\"og:image\" content=\"https:\/\/fundaystours.com\/wp-content\/uploads\/2024\/04\/Turquia-de-regalo-Fundays-Tours-scaled.jpg\" \/>\n\t<meta property=\"og:image:width\" content=\"2560\" \/>\n\t<meta property=\"og:image:height\" content=\"1707\" \/>\n\t<meta property=\"og:image:type\" content=\"image\/jpeg\" \/>\n<meta name=\"twitter:card\" content=\"summary_large_image\" \/>\n<meta name=\"twitter:label1\" content=\"Est. reading time\" \/>\n\t<meta name=\"twitter:data1\" content=\"6 minutes\" \/>\n<script type=\"application\/ld+json\" class=\"yoast-schema-graph\">{\"@context\":\"https:\\\/\\\/schema.org\",\"@graph\":[{\"@type\":\"WebPage\",\"@id\":\"https:\\\/\\\/fundaystours.com\\\/en\\\/destinos\\\/turkey-as-a-gift-discover-istanbul-cappadocia-ephesus-2\\\/\",\"url\":\"https:\\\/\\\/fundaystours.com\\\/en\\\/destinos\\\/turkey-as-a-gift-discover-istanbul-cappadocia-ephesus-2\\\/\",\"name\":\"Turqu\u00eda de regalo, paquete tur\u00edstico para sorprender | Fundays T.\",\"isPartOf\":{\"@id\":\"https:\\\/\\\/fundaystours.com\\\/en\\\/#website\"},\"primaryImageOfPage\":{\"@id\":\"https:\\\/\\\/fundaystours.com\\\/en\\\/destinos\\\/turkey-as-a-gift-discover-istanbul-cappadocia-ephesus-2\\\/#primaryimage\"},\"image\":{\"@id\":\"https:\\\/\\\/fundaystours.com\\\/en\\\/destinos\\\/turkey-as-a-gift-discover-istanbul-cappadocia-ephesus-2\\\/#primaryimage\"},\"thumbnailUrl\":\"https:\\\/\\\/fundaystours.com\\\/wp-content\\\/uploads\\\/2024\\\/04\\\/Turquia-de-regalo-Fundays-Tours-scaled.jpg\",\"datePublished\":\"2025-05-27T14:19:33+00:00\",\"dateModified\":\"2026-03-31T19:59:46+00:00\",\"description\":\"Recorre Turqu\u00eda de regalo: desde la majestuosa Estambul hasta las ruinas de \u00c9feso y las piscinas naturales de Pamukkale. \u00a1Haz tu reserva hoy mismo!\",\"breadcrumb\":{\"@id\":\"https:\\\/\\\/fundaystours.com\\\/en\\\/destinos\\\/turkey-as-a-gift-discover-istanbul-cappadocia-ephesus-2\\\/#breadcrumb\"},\"inLanguage\":\"en-US\",\"potentialAction\":[{\"@type\":\"ReadAction\",\"target\":[\"https:\\\/\\\/fundaystours.com\\\/en\\\/destinos\\\/turkey-as-a-gift-discover-istanbul-cappadocia-ephesus-2\\\/\"]}]},{\"@type\":\"ImageObject\",\"inLanguage\":\"en-US\",\"@id\":\"https:\\\/\\\/fundaystours.com\\\/en\\\/destinos\\\/turkey-as-a-gift-discover-istanbul-cappadocia-ephesus-2\\\/#primaryimage\",\"url\":\"https:\\\/\\\/fundaystours.com\\\/wp-content\\\/uploads\\\/2024\\\/04\\\/Turquia-de-regalo-Fundays-Tours-scaled.jpg\",\"contentUrl\":\"https:\\\/\\\/fundaystours.com\\\/wp-content\\\/uploads\\\/2024\\\/04\\\/Turquia-de-regalo-Fundays-Tours-scaled.jpg\",\"width\":2560,\"height\":1707,\"caption\":\"Aerial view of a fleet of hot air balloons, in Cappadocia, Turkey, at sunrise. Cappadocia is a popular tourist destination.\"},{\"@type\":\"BreadcrumbList\",\"@id\":\"https:\\\/\\\/fundaystours.com\\\/en\\\/destinos\\\/turkey-as-a-gift-discover-istanbul-cappadocia-ephesus-2\\\/#breadcrumb\",\"itemListElement\":[{\"@type\":\"ListItem\",\"position\":1,\"name\":\"Home\",\"item\":\"https:\\\/\\\/fundaystours.com\\\/en\\\/\"},{\"@type\":\"ListItem\",\"position\":2,\"name\":\"Destinations\",\"item\":\"https:\\\/\\\/fundaystours.com\\\/destinations\\\/\"},{\"@type\":\"ListItem\",\"position\":3,\"name\":\"Europe\",\"item\":\"https:\\\/\\\/fundaystours.com\\\/en\\\/product-category\\\/europe\\\/\"},{\"@type\":\"ListItem\",\"position\":4,\"name\":\"Turkey as a Gift: Discover Istanbul, Cappadocia &amp; Ephesus\"}]},{\"@type\":\"WebSite\",\"@id\":\"https:\\\/\\\/fundaystours.com\\\/en\\\/#website\",\"url\":\"https:\\\/\\\/fundaystours.com\\\/en\\\/\",\"name\":\"Fundays Tours\",\"description\":\"\",\"publisher\":{\"@id\":\"https:\\\/\\\/fundaystours.com\\\/en\\\/#organization\"},\"potentialAction\":[{\"@type\":\"SearchAction\",\"target\":{\"@type\":\"EntryPoint\",\"urlTemplate\":\"https:\\\/\\\/fundaystours.com\\\/en\\\/?s={search_term_string}\"},\"query-input\":{\"@type\":\"PropertyValueSpecification\",\"valueRequired\":true,\"valueName\":\"search_term_string\"}}],\"inLanguage\":\"en-US\"},{\"@type\":\"Organization\",\"@id\":\"https:\\\/\\\/fundaystours.com\\\/en\\\/#organization\",\"name\":\"Fundays Tours\",\"url\":\"https:\\\/\\\/fundaystours.com\\\/en\\\/\",\"logo\":{\"@type\":\"ImageObject\",\"inLanguage\":\"en-US\",\"@id\":\"https:\\\/\\\/fundaystours.com\\\/en\\\/#\\\/schema\\\/logo\\\/image\\\/\",\"url\":\"https:\\\/\\\/fundaystours.com\\\/wp-content\\\/uploads\\\/2023\\\/12\\\/logo-fundays-tours-2.png\",\"contentUrl\":\"https:\\\/\\\/fundaystours.com\\\/wp-content\\\/uploads\\\/2023\\\/12\\\/logo-fundays-tours-2.png\",\"width\":230,\"height\":50,\"caption\":\"Fundays Tours\"},\"image\":{\"@id\":\"https:\\\/\\\/fundaystours.com\\\/en\\\/#\\\/schema\\\/logo\\\/image\\\/\"}}]}<\/script>\n<!-- \/ Yoast SEO Premium plugin. -->","yoast_head_json":{"title":"Turqu\u00eda de regalo, paquete tur\u00edstico para sorprender | Fundays T.","description":"Recorre Turqu\u00eda de regalo: desde la majestuosa Estambul hasta las ruinas de \u00c9feso y las piscinas naturales de Pamukkale. \u00a1Haz tu reserva hoy mismo!","robots":{"index":"index","follow":"follow","max-snippet":"max-snippet:-1","max-image-preview":"max-image-preview:large","max-video-preview":"max-video-preview:-1"},"canonical":"https:\/\/fundaystours.com\/en\/destinos\/turkey-as-a-gift-discover-istanbul-cappadocia-ephesus-2\/","og_locale":"en_US","og_type":"article","og_title":"Turkey as a Gift: Discover Istanbul, Cappadocia &amp; Ephesus","og_description":"Recorre Turqu\u00eda de regalo: desde la majestuosa Estambul hasta las ruinas de \u00c9feso y las piscinas naturales de Pamukkale. \u00a1Haz tu reserva hoy mismo!","og_url":"https:\/\/fundaystours.com\/en\/destinos\/turkey-as-a-gift-discover-istanbul-cappadocia-ephesus-2\/","og_site_name":"Fundays Tours","article_modified_time":"2026-03-31T19:59:46+00:00","og_image":[{"width":2560,"height":1707,"url":"https:\/\/fundaystours.com\/wp-content\/uploads\/2024\/04\/Turquia-de-regalo-Fundays-Tours-scaled.jpg","type":"image\/jpeg"}],"twitter_card":"summary_large_image","twitter_misc":{"Est. reading time":"6 minutes"},"schema":{"@context":"https:\/\/schema.org","@graph":[{"@type":"WebPage","@id":"https:\/\/fundaystours.com\/en\/destinos\/turkey-as-a-gift-discover-istanbul-cappadocia-ephesus-2\/","url":"https:\/\/fundaystours.com\/en\/destinos\/turkey-as-a-gift-discover-istanbul-cappadocia-ephesus-2\/","name":"Turqu\u00eda de regalo, paquete tur\u00edstico para sorprender | Fundays T.","isPartOf":{"@id":"https:\/\/fundaystours.com\/en\/#website"},"primaryImageOfPage":{"@id":"https:\/\/fundaystours.com\/en\/destinos\/turkey-as-a-gift-discover-istanbul-cappadocia-ephesus-2\/#primaryimage"},"image":{"@id":"https:\/\/fundaystours.com\/en\/destinos\/turkey-as-a-gift-discover-istanbul-cappadocia-ephesus-2\/#primaryimage"},"thumbnailUrl":"https:\/\/fundaystours.com\/wp-content\/uploads\/2024\/04\/Turquia-de-regalo-Fundays-Tours-scaled.jpg","datePublished":"2025-05-27T14:19:33+00:00","dateModified":"2026-03-31T19:59:46+00:00","description":"Recorre Turqu\u00eda de regalo: desde la majestuosa Estambul hasta las ruinas de \u00c9feso y las piscinas naturales de Pamukkale. \u00a1Haz tu reserva hoy mismo!","breadcrumb":{"@id":"https:\/\/fundaystours.com\/en\/destinos\/turkey-as-a-gift-discover-istanbul-cappadocia-ephesus-2\/#breadcrumb"},"inLanguage":"en-US","potentialAction":[{"@type":"ReadAction","target":["https:\/\/fundaystours.com\/en\/destinos\/turkey-as-a-gift-discover-istanbul-cappadocia-ephesus-2\/"]}]},{"@type":"ImageObject","inLanguage":"en-US","@id":"https:\/\/fundaystours.com\/en\/destinos\/turkey-as-a-gift-discover-istanbul-cappadocia-ephesus-2\/#primaryimage","url":"https:\/\/fundaystours.com\/wp-content\/uploads\/2024\/04\/Turquia-de-regalo-Fundays-Tours-scaled.jpg","contentUrl":"https:\/\/fundaystours.com\/wp-content\/uploads\/2024\/04\/Turquia-de-regalo-Fundays-Tours-scaled.jpg","width":2560,"height":1707,"caption":"Aerial view of a fleet of hot air balloons, in Cappadocia, Turkey, at sunrise. Cappadocia is a popular tourist destination."},{"@type":"BreadcrumbList","@id":"https:\/\/fundaystours.com\/en\/destinos\/turkey-as-a-gift-discover-istanbul-cappadocia-ephesus-2\/#breadcrumb","itemListElement":[{"@type":"ListItem","position":1,"name":"Home","item":"https:\/\/fundaystours.com\/en\/"},{"@type":"ListItem","position":2,"name":"Destinations","item":"https:\/\/fundaystours.com\/destinations\/"},{"@type":"ListItem","position":3,"name":"Europe","item":"https:\/\/fundaystours.com\/en\/product-category\/europe\/"},{"@type":"ListItem","position":4,"name":"Turkey as a Gift: Discover Istanbul, Cappadocia &amp; Ephesus"}]},{"@type":"WebSite","@id":"https:\/\/fundaystours.com\/en\/#website","url":"https:\/\/fundaystours.com\/en\/","name":"Fundays Tours","description":"","publisher":{"@id":"https:\/\/fundaystours.com\/en\/#organization"},"potentialAction":[{"@type":"SearchAction","target":{"@type":"EntryPoint","urlTemplate":"https:\/\/fundaystours.com\/en\/?s={search_term_string}"},"query-input":{"@type":"PropertyValueSpecification","valueRequired":true,"valueName":"search_term_string"}}],"inLanguage":"en-US"},{"@type":"Organization","@id":"https:\/\/fundaystours.com\/en\/#organization","name":"Fundays Tours","url":"https:\/\/fundaystours.com\/en\/","logo":{"@type":"ImageObject","inLanguage":"en-US","@id":"https:\/\/fundaystours.com\/en\/#\/schema\/logo\/image\/","url":"https:\/\/fundaystours.com\/wp-content\/uploads\/2023\/12\/logo-fundays-tours-2.png","contentUrl":"https:\/\/fundaystours.com\/wp-content\/uploads\/2023\/12\/logo-fundays-tours-2.png","width":230,"height":50,"caption":"Fundays Tours"},"image":{"@id":"https:\/\/fundaystours.com\/en\/#\/schema\/logo\/image\/"}}]}},"_links":{"self":[{"href":"https:\/\/fundaystours.com\/en\/wp-json\/wp\/v2\/product\/108072","targetHints":{"allow":["GET"]}}],"collection":[{"href":"https:\/\/fundaystours.com\/en\/wp-json\/wp\/v2\/product"}],"about":[{"href":"https:\/\/fundaystours.com\/en\/wp-json\/wp\/v2\/types\/product"}],"replies":[{"embeddable":true,"href":"https:\/\/fundaystours.com\/en\/wp-json\/wp\/v2\/comments?post=108072"}],"wp:featuredmedia":[{"embeddable":true,"href":"https:\/\/fundaystours.com\/en\/wp-json\/wp\/v2\/media\/107422"}],"wp:attachment":[{"href":"https:\/\/fundaystours.com\/en\/wp-json\/wp\/v2\/media?parent=108072"}],"wp:term":[{"taxonomy":"product_brand","embeddable":true,"href":"https:\/\/fundaystours.com\/en\/wp-json\/wp\/v2\/product_brand?post=108072"},{"taxonomy":"product_cat","embeddable":true,"href":"https:\/\/fundaystours.com\/en\/wp-json\/wp\/v2\/product_cat?post=108072"},{"taxonomy":"product_tag","embeddable":true,"href":"https:\/\/fundaystours.com\/en\/wp-json\/wp\/v2\/product_tag?post=108072"}],"curies":[{"name":"wp","href":"https:\/\/api.w.org\/{rel}","templated":true}]}}