{"id":107882,"date":"2024-05-23T21:41:56","date_gmt":"2024-05-24T01:41:56","guid":{"rendered":"https:\/\/fundaystours.com\/product\/turquia-y-grecia-con-crucero-de-3-noches\/"},"modified":"2025-05-29T14:36:59","modified_gmt":"2025-05-29T18:36:59","slug":"turkey-greece-with-cruise-history-and-unique-landscapes","status":"publish","type":"product","link":"https:\/\/fundaystours.com\/en\/destinos\/turkey-greece-with-cruise-history-and-unique-landscapes\/","title":{"rendered":"Turkey &#038; Greece with Cruise: History and Unique Landscapes"},"content":{"rendered":"<p><span style=\"vertical-align: inherit;\">Explore Turkey and Greece on an unforgettable journey that combines history, culture, and breathtaking landscapes.<\/span><\/p>\n<h2><b><span style=\"vertical-align: inherit;\">Day 1 Explore Turkey and Greece: ISTANBUL<\/span><\/b><\/h2>\n<p><span style=\"font-weight: 400;\">Upon arrival, you will be met and transferred to your selected hotel. Overnight stay.<\/span><\/p>\n<h2><b><span style=\"vertical-align: inherit;\">Day 2: ISTANBUL \/ SULEIMAN THE MAGNIFICENT<\/span><\/b><\/h2>\n<p><span style=\"font-weight: 400;\">Breakfast. Visit the Suleymaniye Mosque located on Istanbul&#8217;s third hill, offering one of the city&#8217;s most iconic views. Commissioned by Sultan Suleiman the Magnificent and designed by the renowned imperial architect Sinan.<\/span><br \/>\n<span style=\"font-weight: 400;\">After the visit, free time to explore the city on your own or optionally join a full-day tour of Istanbul\u2019s Historic District. Visit Hagia Sophia, the pinnacle of Byzantine art and the jewel of Istanbul, and the famous <a href=\"https:\/\/www.google.com\/maps\/place\/Palacio+de+Topkapi\/...\" target=\"_blank\" rel=\"noopener\">Topkapi Palace<\/a>, the Ottoman sultans\u2019 residence for four centuries. Enjoy a typical lunch in Sultanahmet, then see the Blue Mosque, marvel of harmony and elegance, and the Hippodrome, with the Obelisk of Theodosius, Serpent Column, German Fountain, and Egyptian Obelisk. End the day at the Grand Bazaar with free time to explore. Overnight stay and breakfast.<\/span><\/p>\n<h2><b><span style=\"vertical-align: inherit;\">Day 3: ISTANBUL \/ BOSPHORUS CRUISE \/ SPICE BAZAAR<\/span><\/b><\/h2>\n<p><span style=\"font-weight: 400;\">Breakfast. Start the day with a scenic boat cruise on the Bosphorus, the strait dividing Europe and Asia. See Ottoman palaces, wooden mansions, and the city\u2019s shoreline. Visit the historic Spice Bazaar, established over five centuries ago. Optional afternoon excursion with lunch to the Asian side, including Beylerbeyi Palace, the Bosphorus Bridge, and Camlica Hill for panoramic views. Return to hotel. Overnight stay and breakfast.<\/span><\/p>\n<h2><b><span style=\"vertical-align: inherit;\">Day 4 Explore Turkey and Greece: ISTANBUL \/ ANKARA<\/span><\/b><\/h2>\n<p><span style=\"font-weight: 400;\">Breakfast. Depart by road to Ankara, passing through the Bolu Mountains. On arrival, panoramic city tour of the Turkish capital. Visit Anitkabir, the mausoleum of Atat\u00fcrk. Check-in and dinner at hotel. Overnight stay, breakfast, and dinner.<\/span><\/p>\n<h2><b><span style=\"vertical-align: inherit;\">Day 5: ANKARA \/ CAPPADOCIA<\/span><\/b><\/h2>\n<p><span style=\"font-weight: 400;\">Breakfast. Depart to Cappadocia with a stop at Salt Lake and a 13th-century caravanserai. Arrival in Cappadocia. Optional: Jeep Safari adventure through the region\u2019s unique rock formations and valleys. Dinner at hotel. Overnight stay, breakfast, and dinner.<\/span><\/p>\n<h2><b><span style=\"vertical-align: inherit;\">Day 6 Explore Turkey and Greece: CAPPADOCIA<\/span><\/b><\/h2>\n<p><span style=\"font-weight: 400;\">Breakfast. Full-day tour of this unique region shaped by volcanic lava. Visit the G\u00f6reme Valley with rock-cut churches and frescoes, Avcilar, Pasabagi, and G\u00fcvercinlik Valleys to admire the famous fairy chimneys. Visit local workshops for carpets and onyx\/turquoise crafts. Dinner at hotel. Overnight stay, breakfast, and dinner.<\/span><\/p>\n<h2><b><span style=\"vertical-align: inherit;\">Day 7: CAPPADOCIA \/ PAMUKKALE<\/span><\/b><\/h2>\n<p><span style=\"font-weight: 400;\">Breakfast. Early departure to Pamukkale. Visit Hierapolis, an ancient Hellenistic city, and Pamukkale&#8217;s natural white travertine terraces and thermal pools. Dinner at hotel. Overnight stay, breakfast, and dinner.<\/span><\/p>\n<h2><b><span style=\"vertical-align: inherit;\">Day 8: PAMUKKALE \/ EPHESUS \/ KUSADASI or IZMIR<\/span><\/b><\/h2>\n<p><span style=\"font-weight: 400;\">Breakfast. Morning departure to Ephesus, a well-preserved Greco-Roman city. Visit the Temple of Hadrian, Trajan Fountain, the theater, Celsus Library, and the House of Virgin Mary. Continue to Kusadasi or Izmir. Dinner at hotel. Overnight stay, breakfast, and dinner. In summer (May\u2013October), accommodation may be in Izmir instead of Kusadasi.<\/span><\/p>\n<h2><b><span style=\"vertical-align: inherit;\">Day 9: KUSADASI \/ or IZMIR \/ PATMOS (Greek Islands Cruise Embarkation)<\/span><\/b><\/h2>\n<p><span style=\"font-weight: 400;\">Breakfast. Embark on Greek Islands Cruise to Patmos, known as the Jerusalem of the Aegean Sea where St. John wrote the Revelations. Optional excursion to the Monastery and Grotto. Dinner and entertainment on board. Overnight on board. Breakfast, lunch, and dinner included.<\/span><\/p>\n<h2><b><span style=\"vertical-align: inherit;\">Day 10 Explore Turkey and Greece: RHODES<\/span><\/b><\/h2>\n<p><span style=\"font-weight: 400;\">Breakfast. Arrival in Rhodes, the Island of Roses. Optional excursion to Lindos with its Acropolis and St. Paul\u2019s Bay. In Rhodes Town, visit the Citadel of the Knights of St. John. Overnight on board. Breakfast, lunch, and dinner included.<\/span><\/p>\n<h2><b><span style=\"vertical-align: inherit;\">Day 11: CRETE \/ SANTORINI<\/span><\/b><\/h2>\n<p><span style=\"font-weight: 400;\">Breakfast. Morning arrival in Heraklion, Crete\u2019s capital. Optional excursion to the Palace of Knossos, linked to the legend of the Minotaur. In the afternoon, arrival in Santorini, renowned for the most breathtaking views in the Greek Islands. Optional tour to Oia. Evening departure. Dinner and entertainment on board. Overnight on board. Breakfast, lunch, and dinner included.<\/span><\/p>\n<h2><b><span style=\"vertical-align: inherit;\">Day 12 Explore Turkey and Greece: ATHENS<\/span><\/b><\/h2>\n<p><span style=\"font-weight: 400;\">Breakfast. Disembark at Lavrion port and transfer to hotel. Free day to explore Athens, full of history and art. Optional evening guided tour with dinner and show. Overnight stay and breakfast.<\/span><\/p>\n<h2><b><span style=\"vertical-align: inherit;\">Day 13: ATHENS \/ CITY TOUR<\/span><\/b><\/h2>\n<p><span style=\"font-weight: 400;\">Breakfast. Half-day city tour: Panathenaic Stadium, Hadrian\u2019s Arch, Parliament and Changing of the Guard at Syntagma Square, Omonia Square, and the Acropolis including Propylaea, Temple of Athena Nike, Erechtheion, and Parthenon. Afternoon free. Overnight stay and breakfast.<\/span><\/p>\n<h2><b><span style=\"vertical-align: inherit;\">Day 14 Explore Turkey and Greece: ATHENS \/ AIRPORT (B)<\/span><\/b><\/h2>\n<p><span style=\"font-weight: 400;\">Breakfast and transfer to the airport at the indicated time.<\/span><\/p>\n<p style=\"text-align: center;\"><strong>***End of our services***<\/strong><\/p>\n<h3><strong>INCLUDED SERVICES:<\/strong><\/h3>\n<h4>In Turkey:<\/h4>\n<ul>\n<li>3 nights B&amp;B accommodation in Istanbul (selected category)<\/li>\n<li>5 nights accommodation on Anatolia circuit in 4* hotels with half-board<\/li>\n<li>Arrival and departure transfers<\/li>\n<li>Visit to Suleymaniye Mosque<\/li>\n<li>Bosphorus cruise and Spice Bazaar tour<\/li>\n<li>Professional Spanish-speaking guide<\/li>\n<li>Entrances and visits as per itinerary<\/li>\n<li>24\/7 traveler assistance in Spanish (WhatsApp \u2013 Phone)<\/li>\n<\/ul>\n<h4>In Greece:<\/h4>\n<ul>\n<li>2 nights B&amp;B accommodation in Athens (selected category)<\/li>\n<li>3-night \/ 4-day Greek Islands Cruise (All Inclusive*)<\/li>\n<li>Basic beverage package onboard<\/li>\n<li>Half-day Athens city tour<\/li>\n<li>All arrival and departure transfers<\/li>\n<li>Travel insurance for under 70s (supplement for 71+ applies)<\/li>\n<\/ul>\n<h3><strong>NOT INCLUDED:<\/strong><\/h3>\n<ul>\n<li>Optional excursions or personal expenses<\/li>\n<li>Suleymaniye Mosque visit: USD 110 p.p.<\/li>\n<li>Bosphorus + Asian Side tour with lunch: USD 125 p.p.<\/li>\n<li>Tips for drivers\/porters\/waiters: USD 45 p.p. (paid locally)<\/li>\n<li>Hotel taxes: USD 10 p.p.<\/li>\n<li>Museum\/historic site fees supplement: USD 60 p.p. (from Mar 1, 2024)<\/li>\n<li>Port taxes and mandatory cruise tips: USD 210 p.p.<\/li>\n<li>Greek hotel accommodation tax: EUR 3 per room\/night (paid locally)<\/li>\n<\/ul>\n","protected":false},"excerpt":{"rendered":"<div class=\"flex-1 overflow-hidden\">\n<div class=\"react-scroll-to-bottom--css-rpsnd-79elbk h-full\">\n<div class=\"react-scroll-to-bottom--css-rpsnd-1n7m0yu\">\n<div class=\"flex flex-col text-sm\">\n<div class=\"w-full text-token-text-primary\" dir=\"auto\" data-testid=\"conversation-turn-3\" data-scroll-anchor=\"true\">\n<div class=\"py-2 juice:py-[18px] px-3 text-base md:px-4 m-auto md:px-5 lg:px-1 xl:px-5\">\n<div class=\"mx-auto flex flex-1 gap-3 text-base juice:gap-4 juice:md:gap-6 md:max-w-3xl lg:max-w-[40rem] xl:max-w-[48rem]\">\n<div class=\"group\/conversation-turn relative flex w-full min-w-0 flex-col agent-turn\">\n<div class=\"flex-col gap-1 md:gap-3\">\n<div class=\"flex flex-grow flex-col max-w-full\">\n<div class=\"min-h-[20px] text-message flex flex-col items-start whitespace-pre-wrap break-words [.text-message+&amp;]:mt-5 juice:w-full juice:items-end overflow-x-auto gap-3\" dir=\"auto\" data-message-author-role=\"assistant\" data-message-id=\"062d3f19-da2d-42d8-9b1c-81d06b8eb4e8\">\n<div class=\"markdown prose w-full break-words dark:prose-invert light\">\n<p><strong data-start=\"100\" data-end=\"151\">Discover a dream journey where East meets West! <\/strong>Set sail on an exciting cruise through the idyllic Greek Islands, where the deep blue of the Aegean Sea blends with the whitewashed charm of coastal villages. Explore Athens and be amazed by the awe-inspiring Acropolis.<\/p>\n<\/div>\n<\/div>\n<\/div>\n<\/div>\n<\/div>\n<\/div>\n<\/div>\n<\/div>\n<\/div>\n<\/div>\n<\/div>\n<\/div>\n","protected":false},"featured_media":107418,"comment_status":"open","ping_status":"closed","template":"","meta":{"_acf_changed":false,"_joinchat":{"telephone":"+16892675660","message_text":"Hola me interesa el paquete de Turqu\u00eda y Grecia con crucero de 3 noches"}},"product_brand":[],"product_cat":[1678,1688],"product_tag":[],"class_list":{"0":"post-107882","1":"product","2":"type-product","3":"status-publish","4":"has-post-thumbnail","6":"product_cat-europe","7":"product_cat-mediterranean","8":"pa_cuantas-habitaciones-doble-en","9":"pa_cuantas-habitaciones-triple-en-2","11":"first","12":"instock","13":"featured","14":"sold-individually","15":"shipping-taxable","16":"purchasable","17":"product-type-variable"},"acf":[],"yoast_head":"<!-- This site is optimized with the Yoast SEO Premium plugin v23.3 (Yoast SEO v27.6) - https:\/\/yoast.com\/product\/yoast-seo-premium-wordpress\/ -->\n<title>Explora Turqu\u00eda y Grecia con un Crucero Inolvidable | Fundays T.<\/title>\n<meta name=\"description\" content=\"Explora Turqu\u00eda y Grecia en un viaje inolvidable, Recorre Estambul, Capadocia y \u00c9feso, y navega por las islas griegas. \u00a1Reserva ahora tu aventura!\" \/>\n<meta name=\"robots\" content=\"index, follow, max-snippet:-1, max-image-preview:large, max-video-preview:-1\" \/>\n<link rel=\"canonical\" href=\"https:\/\/fundaystours.com\/en\/destinos\/turkey-greece-with-cruise-history-and-unique-landscapes\/\" \/>\n<meta property=\"og:locale\" content=\"en_US\" \/>\n<meta property=\"og:type\" content=\"article\" \/>\n<meta property=\"og:title\" content=\"Turkey &amp; Greece with Cruise: History and Unique Landscapes\" \/>\n<meta property=\"og:description\" content=\"Explora Turqu\u00eda y Grecia en un viaje inolvidable, Recorre Estambul, Capadocia y \u00c9feso, y navega por las islas griegas. \u00a1Reserva ahora tu aventura!\" \/>\n<meta property=\"og:url\" content=\"https:\/\/fundaystours.com\/en\/destinos\/turkey-greece-with-cruise-history-and-unique-landscapes\/\" \/>\n<meta property=\"og:site_name\" content=\"Fundays Tours\" \/>\n<meta property=\"article:modified_time\" content=\"2025-05-29T18:36:59+00:00\" \/>\n<meta property=\"og:image\" content=\"https:\/\/fundaystours.com\/wp-content\/uploads\/2024\/07\/Grecia-Atenas-de-regalo-Fundays-Tours-scaled.jpg\" \/>\n\t<meta property=\"og:image:width\" content=\"2560\" \/>\n\t<meta property=\"og:image:height\" content=\"1469\" \/>\n\t<meta property=\"og:image:type\" content=\"image\/jpeg\" \/>\n<meta name=\"twitter:card\" content=\"summary_large_image\" \/>\n<meta name=\"twitter:label1\" content=\"Est. reading time\" \/>\n\t<meta name=\"twitter:data1\" content=\"6 minutes\" \/>\n<script type=\"application\/ld+json\" class=\"yoast-schema-graph\">{\"@context\":\"https:\\\/\\\/schema.org\",\"@graph\":[{\"@type\":\"WebPage\",\"@id\":\"https:\\\/\\\/fundaystours.com\\\/en\\\/destinos\\\/turkey-greece-with-cruise-history-and-unique-landscapes\\\/\",\"url\":\"https:\\\/\\\/fundaystours.com\\\/en\\\/destinos\\\/turkey-greece-with-cruise-history-and-unique-landscapes\\\/\",\"name\":\"Explora Turqu\u00eda y Grecia con un Crucero Inolvidable | Fundays T.\",\"isPartOf\":{\"@id\":\"https:\\\/\\\/fundaystours.com\\\/en\\\/#website\"},\"primaryImageOfPage\":{\"@id\":\"https:\\\/\\\/fundaystours.com\\\/en\\\/destinos\\\/turkey-greece-with-cruise-history-and-unique-landscapes\\\/#primaryimage\"},\"image\":{\"@id\":\"https:\\\/\\\/fundaystours.com\\\/en\\\/destinos\\\/turkey-greece-with-cruise-history-and-unique-landscapes\\\/#primaryimage\"},\"thumbnailUrl\":\"https:\\\/\\\/fundaystours.com\\\/wp-content\\\/uploads\\\/2024\\\/07\\\/Grecia-Atenas-de-regalo-Fundays-Tours-scaled.jpg\",\"datePublished\":\"2024-05-24T01:41:56+00:00\",\"dateModified\":\"2025-05-29T18:36:59+00:00\",\"description\":\"Explora Turqu\u00eda y Grecia en un viaje inolvidable, Recorre Estambul, Capadocia y \u00c9feso, y navega por las islas griegas. \u00a1Reserva ahora tu aventura!\",\"breadcrumb\":{\"@id\":\"https:\\\/\\\/fundaystours.com\\\/en\\\/destinos\\\/turkey-greece-with-cruise-history-and-unique-landscapes\\\/#breadcrumb\"},\"inLanguage\":\"en-US\",\"potentialAction\":[{\"@type\":\"ReadAction\",\"target\":[\"https:\\\/\\\/fundaystours.com\\\/en\\\/destinos\\\/turkey-greece-with-cruise-history-and-unique-landscapes\\\/\"]}]},{\"@type\":\"ImageObject\",\"inLanguage\":\"en-US\",\"@id\":\"https:\\\/\\\/fundaystours.com\\\/en\\\/destinos\\\/turkey-greece-with-cruise-history-and-unique-landscapes\\\/#primaryimage\",\"url\":\"https:\\\/\\\/fundaystours.com\\\/wp-content\\\/uploads\\\/2024\\\/07\\\/Grecia-Atenas-de-regalo-Fundays-Tours-scaled.jpg\",\"contentUrl\":\"https:\\\/\\\/fundaystours.com\\\/wp-content\\\/uploads\\\/2024\\\/07\\\/Grecia-Atenas-de-regalo-Fundays-Tours-scaled.jpg\",\"width\":2560,\"height\":1469,\"caption\":\"The Acropolis of Athens, Greece, with the Parthenon Temple on top of the hill during a summer sunset\"},{\"@type\":\"BreadcrumbList\",\"@id\":\"https:\\\/\\\/fundaystours.com\\\/en\\\/destinos\\\/turkey-greece-with-cruise-history-and-unique-landscapes\\\/#breadcrumb\",\"itemListElement\":[{\"@type\":\"ListItem\",\"position\":1,\"name\":\"Home\",\"item\":\"https:\\\/\\\/fundaystours.com\\\/en\\\/\"},{\"@type\":\"ListItem\",\"position\":2,\"name\":\"Destinations\",\"item\":\"https:\\\/\\\/fundaystours.com\\\/destinations\\\/\"},{\"@type\":\"ListItem\",\"position\":3,\"name\":\"Mediterranean\",\"item\":\"https:\\\/\\\/fundaystours.com\\\/en\\\/product-category\\\/mediterranean\\\/\"},{\"@type\":\"ListItem\",\"position\":4,\"name\":\"Turqu\u00eda y Grecia con crucero\"}]},{\"@type\":\"WebSite\",\"@id\":\"https:\\\/\\\/fundaystours.com\\\/en\\\/#website\",\"url\":\"https:\\\/\\\/fundaystours.com\\\/en\\\/\",\"name\":\"Fundays Tours\",\"description\":\"\",\"publisher\":{\"@id\":\"https:\\\/\\\/fundaystours.com\\\/en\\\/#organization\"},\"potentialAction\":[{\"@type\":\"SearchAction\",\"target\":{\"@type\":\"EntryPoint\",\"urlTemplate\":\"https:\\\/\\\/fundaystours.com\\\/en\\\/?s={search_term_string}\"},\"query-input\":{\"@type\":\"PropertyValueSpecification\",\"valueRequired\":true,\"valueName\":\"search_term_string\"}}],\"inLanguage\":\"en-US\"},{\"@type\":\"Organization\",\"@id\":\"https:\\\/\\\/fundaystours.com\\\/en\\\/#organization\",\"name\":\"Fundays Tours\",\"url\":\"https:\\\/\\\/fundaystours.com\\\/en\\\/\",\"logo\":{\"@type\":\"ImageObject\",\"inLanguage\":\"en-US\",\"@id\":\"https:\\\/\\\/fundaystours.com\\\/en\\\/#\\\/schema\\\/logo\\\/image\\\/\",\"url\":\"https:\\\/\\\/fundaystours.com\\\/wp-content\\\/uploads\\\/2023\\\/12\\\/logo-fundays-tours-2.png\",\"contentUrl\":\"https:\\\/\\\/fundaystours.com\\\/wp-content\\\/uploads\\\/2023\\\/12\\\/logo-fundays-tours-2.png\",\"width\":230,\"height\":50,\"caption\":\"Fundays Tours\"},\"image\":{\"@id\":\"https:\\\/\\\/fundaystours.com\\\/en\\\/#\\\/schema\\\/logo\\\/image\\\/\"}}]}<\/script>\n<!-- \/ Yoast SEO Premium plugin. -->","yoast_head_json":{"title":"Explora Turqu\u00eda y Grecia con un Crucero Inolvidable | Fundays T.","description":"Explora Turqu\u00eda y Grecia en un viaje inolvidable, Recorre Estambul, Capadocia y \u00c9feso, y navega por las islas griegas. \u00a1Reserva ahora tu aventura!","robots":{"index":"index","follow":"follow","max-snippet":"max-snippet:-1","max-image-preview":"max-image-preview:large","max-video-preview":"max-video-preview:-1"},"canonical":"https:\/\/fundaystours.com\/en\/destinos\/turkey-greece-with-cruise-history-and-unique-landscapes\/","og_locale":"en_US","og_type":"article","og_title":"Turkey & Greece with Cruise: History and Unique Landscapes","og_description":"Explora Turqu\u00eda y Grecia en un viaje inolvidable, Recorre Estambul, Capadocia y \u00c9feso, y navega por las islas griegas. \u00a1Reserva ahora tu aventura!","og_url":"https:\/\/fundaystours.com\/en\/destinos\/turkey-greece-with-cruise-history-and-unique-landscapes\/","og_site_name":"Fundays Tours","article_modified_time":"2025-05-29T18:36:59+00:00","og_image":[{"width":2560,"height":1469,"url":"https:\/\/fundaystours.com\/wp-content\/uploads\/2024\/07\/Grecia-Atenas-de-regalo-Fundays-Tours-scaled.jpg","type":"image\/jpeg"}],"twitter_card":"summary_large_image","twitter_misc":{"Est. reading time":"6 minutes"},"schema":{"@context":"https:\/\/schema.org","@graph":[{"@type":"WebPage","@id":"https:\/\/fundaystours.com\/en\/destinos\/turkey-greece-with-cruise-history-and-unique-landscapes\/","url":"https:\/\/fundaystours.com\/en\/destinos\/turkey-greece-with-cruise-history-and-unique-landscapes\/","name":"Explora Turqu\u00eda y Grecia con un Crucero Inolvidable | Fundays T.","isPartOf":{"@id":"https:\/\/fundaystours.com\/en\/#website"},"primaryImageOfPage":{"@id":"https:\/\/fundaystours.com\/en\/destinos\/turkey-greece-with-cruise-history-and-unique-landscapes\/#primaryimage"},"image":{"@id":"https:\/\/fundaystours.com\/en\/destinos\/turkey-greece-with-cruise-history-and-unique-landscapes\/#primaryimage"},"thumbnailUrl":"https:\/\/fundaystours.com\/wp-content\/uploads\/2024\/07\/Grecia-Atenas-de-regalo-Fundays-Tours-scaled.jpg","datePublished":"2024-05-24T01:41:56+00:00","dateModified":"2025-05-29T18:36:59+00:00","description":"Explora Turqu\u00eda y Grecia en un viaje inolvidable, Recorre Estambul, Capadocia y \u00c9feso, y navega por las islas griegas. \u00a1Reserva ahora tu aventura!","breadcrumb":{"@id":"https:\/\/fundaystours.com\/en\/destinos\/turkey-greece-with-cruise-history-and-unique-landscapes\/#breadcrumb"},"inLanguage":"en-US","potentialAction":[{"@type":"ReadAction","target":["https:\/\/fundaystours.com\/en\/destinos\/turkey-greece-with-cruise-history-and-unique-landscapes\/"]}]},{"@type":"ImageObject","inLanguage":"en-US","@id":"https:\/\/fundaystours.com\/en\/destinos\/turkey-greece-with-cruise-history-and-unique-landscapes\/#primaryimage","url":"https:\/\/fundaystours.com\/wp-content\/uploads\/2024\/07\/Grecia-Atenas-de-regalo-Fundays-Tours-scaled.jpg","contentUrl":"https:\/\/fundaystours.com\/wp-content\/uploads\/2024\/07\/Grecia-Atenas-de-regalo-Fundays-Tours-scaled.jpg","width":2560,"height":1469,"caption":"The Acropolis of Athens, Greece, with the Parthenon Temple on top of the hill during a summer sunset"},{"@type":"BreadcrumbList","@id":"https:\/\/fundaystours.com\/en\/destinos\/turkey-greece-with-cruise-history-and-unique-landscapes\/#breadcrumb","itemListElement":[{"@type":"ListItem","position":1,"name":"Home","item":"https:\/\/fundaystours.com\/en\/"},{"@type":"ListItem","position":2,"name":"Destinations","item":"https:\/\/fundaystours.com\/destinations\/"},{"@type":"ListItem","position":3,"name":"Mediterranean","item":"https:\/\/fundaystours.com\/en\/product-category\/mediterranean\/"},{"@type":"ListItem","position":4,"name":"Turqu\u00eda y Grecia con crucero"}]},{"@type":"WebSite","@id":"https:\/\/fundaystours.com\/en\/#website","url":"https:\/\/fundaystours.com\/en\/","name":"Fundays Tours","description":"","publisher":{"@id":"https:\/\/fundaystours.com\/en\/#organization"},"potentialAction":[{"@type":"SearchAction","target":{"@type":"EntryPoint","urlTemplate":"https:\/\/fundaystours.com\/en\/?s={search_term_string}"},"query-input":{"@type":"PropertyValueSpecification","valueRequired":true,"valueName":"search_term_string"}}],"inLanguage":"en-US"},{"@type":"Organization","@id":"https:\/\/fundaystours.com\/en\/#organization","name":"Fundays Tours","url":"https:\/\/fundaystours.com\/en\/","logo":{"@type":"ImageObject","inLanguage":"en-US","@id":"https:\/\/fundaystours.com\/en\/#\/schema\/logo\/image\/","url":"https:\/\/fundaystours.com\/wp-content\/uploads\/2023\/12\/logo-fundays-tours-2.png","contentUrl":"https:\/\/fundaystours.com\/wp-content\/uploads\/2023\/12\/logo-fundays-tours-2.png","width":230,"height":50,"caption":"Fundays Tours"},"image":{"@id":"https:\/\/fundaystours.com\/en\/#\/schema\/logo\/image\/"}}]}},"_links":{"self":[{"href":"https:\/\/fundaystours.com\/en\/wp-json\/wp\/v2\/product\/107882","targetHints":{"allow":["GET"]}}],"collection":[{"href":"https:\/\/fundaystours.com\/en\/wp-json\/wp\/v2\/product"}],"about":[{"href":"https:\/\/fundaystours.com\/en\/wp-json\/wp\/v2\/types\/product"}],"replies":[{"embeddable":true,"href":"https:\/\/fundaystours.com\/en\/wp-json\/wp\/v2\/comments?post=107882"}],"wp:featuredmedia":[{"embeddable":true,"href":"https:\/\/fundaystours.com\/en\/wp-json\/wp\/v2\/media\/107418"}],"wp:attachment":[{"href":"https:\/\/fundaystours.com\/en\/wp-json\/wp\/v2\/media?parent=107882"}],"wp:term":[{"taxonomy":"product_brand","embeddable":true,"href":"https:\/\/fundaystours.com\/en\/wp-json\/wp\/v2\/product_brand?post=107882"},{"taxonomy":"product_cat","embeddable":true,"href":"https:\/\/fundaystours.com\/en\/wp-json\/wp\/v2\/product_cat?post=107882"},{"taxonomy":"product_tag","embeddable":true,"href":"https:\/\/fundaystours.com\/en\/wp-json\/wp\/v2\/product_tag?post=107882"}],"curies":[{"name":"wp","href":"https:\/\/api.w.org\/{rel}","templated":true}]}}