{"id":107816,"date":"2025-01-23T16:56:27","date_gmt":"2025-01-23T21:56:27","guid":{"rendered":"https:\/\/fundaystours.com\/product\/dubai-para-todos-un-viaje-inolvidable\/"},"modified":"2026-04-22T12:57:19","modified_gmt":"2026-04-22T16:57:19","slug":"dubai-for-everyone-an-unforgettable-journey","status":"publish","type":"product","link":"https:\/\/fundaystours.com\/en\/destinos\/dubai-for-everyone-an-unforgettable-journey\/","title":{"rendered":"Dubai for Everyone \u2013 An Unforgettable\u00a0Journey"},"content":{"rendered":"<p><strong>Dubai Tour: Daily departures from April 1, 2026 to March 31, 2027<\/strong><\/p>\n<p><strong>Day 1 Dubai Tour: Dubai<\/strong><\/p>\n<p>Experience this wonderful trip to Dubai! Welcome to Dubai! Upon arrival, you will be met and transferred to your hotel according to your chosen category. Accommodation<\/p>\n<p><strong>Day 2: Dubai \/ City Tour<\/strong><\/p>\n<p>Breakfast at the hotel. Departure for Deira, where we will stroll through the famous Spice Souk, a market filled with exotic aromas and flavors. We cross the canal and arrive at the Dubai Museum to discover the fascinating history and culture of the Emirates.<\/p>\n<p>We continue along Jumeirah Road with a photo stop at the iconic Jumeirah Mosque. We then stop at the <a href=\"https:\/\/es.wikipedia.org\/wiki\/Burj_Al_Arab\">Burj Al <\/a><a href=\"https:\/\/es.wikipedia.org\/wiki\/Burj_Al_Arab\">Arab <\/a>, known for being the world&#8217;s only 7-star hotel, perfect for capturing a memorable photo. During the tour, we&#8217;ll also see the impressive Burj Khalifa, the tallest building in the world, and the World Trade Center . Trade Center and the modern International Financial Center. At the end of the tour, we return to the hotel. Free afternoon and overnight stay. Optional: Dinner on a traditional dhow boat.<\/p>\n<p><strong>Day 3 Tour to Dubai: Dubai (B)<\/strong><\/p>\n<p>Breakfast at the hotel. Free day with the option of an optional safari in the Dubai Desert. Overnight stay.<\/p>\n<p><strong>Day 4 Tour to Dubai: Dubai (B)<\/strong><\/p>\n<p>Breakfast at the hotel. Free day with the option of a full-day tour of Abu Dhabi . Overnight stay.<\/p>\n<p><strong>Day 5: Dubai \/ Airport (B)<\/strong><\/p>\n<p>Breakfast at the hotel and at the indicated time transfer to the airport.<\/p>\n<p><strong>***End of services***<\/strong><\/p>\n<table width=\"984\">\n<tbody>\n<tr>\n<td colspan=\"6\" width=\"708\"><strong>RATES PER PERSON IN USD<\/strong><\/td>\n<\/tr>\n<tr>\n<td width=\"255\"><strong>SEASON<\/strong><\/td>\n<td width=\"107\"><strong>DEPARTURES<\/strong><\/td>\n<td width=\"105\"><strong>CATEGORY<\/strong><\/td>\n<td width=\"80\"><strong>DBL<\/strong><\/td>\n<td width=\"80\"><strong>TRPL<\/strong><\/td>\n<td width=\"80\"><strong>SGL<\/strong><\/td>\n<\/tr>\n<tr>\n<td rowspan=\"2\" width=\"255\">Low (May. Jun. Jul. Aug. Sep.)<\/td>\n<td rowspan=\"2\" width=\"107\">&nbsp;<\/p>\n<p>DAILY<\/td>\n<td width=\"105\">A = First 4*<\/td>\n<td width=\"80\"><strong>USD 560<\/strong><\/td>\n<td width=\"80\"><strong>USD 560<\/strong><\/td>\n<td width=\"80\"><strong>USD 720<\/strong><\/td>\n<\/tr>\n<tr>\n<td width=\"105\">C = First 4*SUP<\/td>\n<td width=\"80\"><strong>USD 700<\/strong><\/td>\n<td width=\"80\"><strong>USD 700<\/strong><\/td>\n<td width=\"80\"><strong>USD 950<\/strong><\/td>\n<\/tr>\n<tr>\n<td rowspan=\"2\" width=\"255\">High (Apr. Oct. Nov. Dec. Jan. Feb. Mar.)<\/td>\n<td rowspan=\"2\" width=\"107\">&nbsp;<\/p>\n<p>DAILY<\/td>\n<td width=\"105\">A = First 4*<\/td>\n<td width=\"80\"><strong>USD 740<\/strong><\/td>\n<td width=\"80\"><strong>USD 740<\/strong><\/td>\n<td width=\"80\"><strong>USD 1,090<\/strong><\/td>\n<\/tr>\n<tr>\n<td width=\"105\">C = First 4*SUP<\/td>\n<td width=\"80\"><strong>USD 1,060<\/strong><\/td>\n<td width=\"80\"><strong>USD 1,060<\/strong><\/td>\n<td width=\"80\"><strong>USD 1,720<\/strong><\/td>\n<\/tr>\n<\/tbody>\n<\/table>\n<p><strong>INCLUDED SERVICES<\/strong><\/p>\n<p><strong>\u00a0<\/strong>4 nights Bed and Breakfast in Dubai &lt; span &gt;<\/p>\n<ul>\n<li>Arrival and departure transfers<\/li>\n<li>Visit to the city of Dubai<\/li>\n<li>24\/7 travel assistance in Spanish via (WhatsApp \u2013 Telephone) Medical assistance for those under 70 years of age (Supplement applies for those over 71 years of age)<\/li>\n<\/ul>\n<p><strong>SERVICES NOT INCLUDED<\/strong><\/p>\n<ul>\n<li>International flights<\/li>\n<li>Hotel taxes in Dubai payable directly at destination<\/li>\n<li>Dubai Entry Visa, if applicable<\/li>\n<li>Optional excursions or personal expenses.<\/li>\n<li>Any service not listed as included<\/li>\n<\/ul>\n<p><strong>Surcharges apply on holidays<\/strong><\/p>\n<ul>\n<li>New Year 2025-2026<\/li>\n<li>Arab Health 2026<\/li>\n<li>Gulf Foods 2026<\/li>\n<\/ul>\n<p>&nbsp;<\/p>\n<p><strong>Optional excursions<\/strong><\/p>\n<p><em>Dhow Dinner Cruise (Marina Area)<\/em><\/p>\n<p><strong><em>Price per person USD 95<\/em><\/strong><\/p>\n<p>Spend a relaxing afternoon aboard a traditionally decorated wooden dhow as you cruise through Dubai Marina. Enjoy panoramic views of the skyscrapers in the modern area. During the cruise, we&#8217;ll pass by the Dubai Eye. All this during a two-hour cruise, while you enjoy a traditional dinner on board in the evening.<\/p>\n<table>\n<tbody>\n<tr>\n<td colspan=\"2\">\n<ul>\n<li><strong>DUBAI &#8211; UNITED ARAB EMIRATES<\/strong><\/li>\n<\/ul>\n<\/td>\n<\/tr>\n<tr>\n<td><strong><em>EXCURSION<\/em><\/strong><\/td>\n<td><strong><em>DESCRIPTION<\/em><\/strong><\/td>\n<\/tr>\n<tr>\n<td>\n<p><strong><em>Full Day Trip to Abu Dhabi with Lunch<\/em><\/strong><\/p>\n<p><strong><em>Price per person USD <\/em><\/strong>200<\/td>\n<td>Abu Dhabi is the capital of the United Arab Emirates and the seat of the Federal National Council. One of the world&#8217;s leading oil producers, Abu Dhabi has actively diversified its economy in recent years by investing in financial services and tourism. Your tour will begin in Dubai, from where you will travel for approximately two hours to Abu Dhabi, passing by the world&#8217;s largest man-made port at Jebel Ali. You will be captivated by the grandeur of Abu Dhabi&#8217;s new skyline, as well as the majestic Grand Mosque, one of the largest mosques in the world.<\/p>\n<p>Next, you will be driven through the heart of the city where you will see the famous Union Square, characterized by its symbolic themes inspired by the country&#8217;s customs. After a drive along the Corniche, you will visit the heritage village specially designed by His Highness the late Sheikh Zayed Ben Sultan Al Nahyan to remind younger generations of the past. You&#8217;ll also have the opportunity to visit the shops at Abu Dhabi Marina Mall, which features a wide range of souvenir shops and luxury boutiques.<\/td>\n<\/tr>\n<tr>\n<td><strong><em>Dubai City Tour <\/em><\/strong><em>( No return transfer)<\/em><\/p>\n<p><strong><em>Price per person USD<\/em><\/strong><\/p>\n<p><strong><em>120<\/em><\/strong><\/td>\n<td>For the ascent of the Khalifa Tower, the trip will go up to the 124th\/125th floor, with departure times between 9:00 AM and 2:00 PM . One-way transfer is included if booked after the Dubai tour. Return transfers to the hotel are not included. We leave you to enjoy the ascent and the rest of the day at Dubai Mall, and you will return to your hotel on your own at the end of the day.<\/td>\n<\/tr>\n<tr>\n<td>&nbsp;<\/p>\n<p>&nbsp;<\/p>\n<p><em>Dinner Cruise on a Dhow<\/em><\/p>\n<p><em>&gt;( Creek area)<\/em><\/p>\n<p><strong><em>Price per person USD<\/em><\/strong><\/p>\n<p><strong><em>90<\/em><\/strong><\/td>\n<td>Spend a relaxing evening aboard a traditionally decorated wooden dhow as you cruise along Dubai Creek under the moonlight. Dubai&#8217;s iconic landmarks sparkle against the starry night sky as the wooden vessel glides silently through the creek. You&#8217;ll be able to appreciate the true beauty of the city&#8217;s historic and modern architecture at this time of night.<\/td>\n<\/tr>\n<tr>\n<td>&nbsp;<\/p>\n<p>&nbsp;<\/p>\n<p><em>Desert Safari with Arabian Dinner<\/em><\/p>\n<p><strong><em>Price per person USD 115<\/em><\/strong><\/td>\n<td>Experience the thrill of a lifetime on a roller coaster ride through the sand dunes. Our safari offers you the chance to explore the golden dunes of Arabia in four-wheel-drive vehicles. During the tour, you&#8217;ll stop at the highest dune to admire the views and rehydrate with mineral water. Continue the adventure with a visit to an authentic Bedouin settlement in the heart of the desert, where you can get henna tattoos, try on local clothing, and enjoy soft drinks, water, tea, or coffee. Try a camel ride and sample the nargileh (water hookah) available in various flavors. Adding to the ambiance of the evening, an exotic belly dancer will perform a captivating dance to the rhythm of Arabic music. To top it all off, a delicious barbecue buffet dinner will be served under the stars.<\/td>\n<\/tr>\n<tr>\n<td>\n<em>Half-day visit to the Emirate of Sharjah <\/em><\/p>\n<p><strong><em>Price per person USD 115<\/em><\/strong><\/td>\n<td>Sharjah is an exciting and dynamic city with colorful souks brimming with fascinating artifacts on every corner. Enjoy a panoramic view of the Al Noor Mosque for a photo from the outside. It was the first mosque in Sharjah to open its doors to non-Muslim residents and tourists seeking to learn about Islamic culture. We&#8217;ll also visit the fascinating Quran Square , home to the world&#8217;s largest copy of the Quran. There, you&#8217;ll also get a panoramic view of the Sharjah Cultural Palace , the Governor&#8217;s office , the Sharjah Library , and Sharjah University . From here, continue your journey through Sharjah &#8216;s famous Blue Souk , where over 600 stalls sell carpets, gold, silver, antiques, perfumes, clothing, and much more. Stroll through the vegetable and fish markets, a modern, air-conditioned covered market.<\/p>\n<p>Next, you will approach the magnificent building that houses the Sharjah Museum of Islamic Civilization, which opened in 2008. Its main feature is its majestic central golden dome decorated with a mosaic depicting the starry night and the signs of the zodiac. Your visit will conclude with a stop at Qanat Al Qasba , one of the most beautiful promenades in Sharjah . Enjoy panoramic views of the entire city from the Sharjah Ferris Wheel .<\/td>\n<\/tr>\n<\/tbody>\n<\/table>\n<p><strong>Planned hotels<\/strong><\/p>\n<table width=\"844\">\n<tbody>\n<tr>\n<td colspan=\"3\"><strong>DUBAI<\/strong><\/td>\n<\/tr>\n<tr>\n<td><strong>City<\/strong><\/td>\n<td><strong>Category (A)<\/strong><\/td>\n<td><strong>Category (C)<\/strong><\/td>\n<\/tr>\n<tr>\n<td><strong>DUBAI<\/strong><\/td>\n<td>&#8211; MD By Gewan 4* &#8211; Firma Tecom 4*<\/p>\n<p>&#8211; Golden Tulip Media City 4*<\/p>\n<p>&#8211; Grand Kings Gate Jaddaf 4*<\/td>\n<td>&#8211; Elite Byblos 5* &#8211; Media Rotana 5* &#8211; Crowne Plaza Dubai 5*<\/td>\n<\/tr>\n<\/tbody>\n<\/table>\n<p>&nbsp;<\/p>\n<p>&nbsp;<\/p>\n","protected":false},"excerpt":{"rendered":"<p>Explore the modernity and tradition of Dubai with an unforgettable tour. Visit its iconic skyscrapers, exotic markets, and golden deserts. With options to explore Abu Dhabi, sail on a dhow, and experience an exciting desert safari, this trip blends luxury and adventure in one incredible destination.<\/p>\n","protected":false},"featured_media":107560,"comment_status":"open","ping_status":"closed","template":"","meta":{"_acf_changed":false,"_joinchat":{"telephone":"+16892675660"}},"product_brand":[],"product_cat":[1932,1680],"product_tag":[],"class_list":{"0":"post-107816","1":"product","2":"type-product","3":"status-publish","4":"has-post-thumbnail","6":"product_cat-asia-en-2","7":"product_cat-israel-and-the-middle-east","9":"first","10":"instock","11":"featured","12":"sold-individually","13":"shipping-taxable","14":"purchasable","15":"product-type-variable"},"acf":[],"yoast_head":"<!-- This site is optimized with the Yoast SEO Premium plugin v23.3 (Yoast SEO v27.4) - https:\/\/yoast.com\/product\/yoast-seo-premium-wordpress\/ -->\n<title>Tour a Dub\u00e1i para todos: el mejor plan tur\u00edstico | Fundays Tours<\/title>\n<meta name=\"description\" content=\"Descubre lo mejor en un tour por Dub\u00e1i: desde el Burj Khalifa hasta un safari por el desierto \u00a1Reserva tu aventura y vive la magia de los Emiratos!\" \/>\n<meta name=\"robots\" content=\"index, follow, max-snippet:-1, max-image-preview:large, max-video-preview:-1\" \/>\n<link rel=\"canonical\" href=\"https:\/\/fundaystours.com\/en\/destinos\/dubai-for-everyone-an-unforgettable-journey\/\" \/>\n<meta property=\"og:locale\" content=\"en_US\" \/>\n<meta property=\"og:type\" content=\"article\" \/>\n<meta property=\"og:title\" content=\"Tour a Dub\u00e1i para todos\" \/>\n<meta property=\"og:description\" content=\"Desde el Burj Khalifa hasta un safari por el desierto \u00a1Reserva tu aventura!\" \/>\n<meta property=\"og:url\" content=\"https:\/\/fundaystours.com\/en\/destinos\/dubai-for-everyone-an-unforgettable-journey\/\" \/>\n<meta property=\"og:site_name\" content=\"Fundays Tours\" \/>\n<meta property=\"article:modified_time\" content=\"2026-04-22T16:57:19+00:00\" \/>\n<meta property=\"og:image\" content=\"https:\/\/fundaystours.com\/wp-content\/uploads\/2025\/01\/palmera-jumeirah-dubai-ciudad.jpg\" \/>\n\t<meta property=\"og:image:width\" content=\"600\" \/>\n\t<meta property=\"og:image:height\" content=\"425\" \/>\n\t<meta property=\"og:image:type\" content=\"image\/jpeg\" \/>\n<meta name=\"twitter:card\" content=\"summary_large_image\" \/>\n<meta name=\"twitter:title\" content=\"Dubai for Everyone \u2013 An Unforgettable\u00a0Journey\" \/>\n<meta name=\"twitter:label1\" content=\"Est. reading time\" \/>\n\t<meta name=\"twitter:data1\" content=\"6 minutes\" \/>\n<script type=\"application\/ld+json\" class=\"yoast-schema-graph\">{\"@context\":\"https:\\\/\\\/schema.org\",\"@graph\":[{\"@type\":\"WebPage\",\"@id\":\"https:\\\/\\\/fundaystours.com\\\/en\\\/destinos\\\/dubai-for-everyone-an-unforgettable-journey\\\/\",\"url\":\"https:\\\/\\\/fundaystours.com\\\/en\\\/destinos\\\/dubai-for-everyone-an-unforgettable-journey\\\/\",\"name\":\"Tour a Dub\u00e1i para todos: el mejor plan tur\u00edstico | Fundays Tours\",\"isPartOf\":{\"@id\":\"https:\\\/\\\/fundaystours.com\\\/en\\\/#website\"},\"primaryImageOfPage\":{\"@id\":\"https:\\\/\\\/fundaystours.com\\\/en\\\/destinos\\\/dubai-for-everyone-an-unforgettable-journey\\\/#primaryimage\"},\"image\":{\"@id\":\"https:\\\/\\\/fundaystours.com\\\/en\\\/destinos\\\/dubai-for-everyone-an-unforgettable-journey\\\/#primaryimage\"},\"thumbnailUrl\":\"https:\\\/\\\/fundaystours.com\\\/wp-content\\\/uploads\\\/2025\\\/01\\\/palmera-jumeirah-dubai-ciudad.jpg\",\"datePublished\":\"2025-01-23T21:56:27+00:00\",\"dateModified\":\"2026-04-22T16:57:19+00:00\",\"description\":\"Descubre lo mejor en un tour por Dub\u00e1i: desde el Burj Khalifa hasta un safari por el desierto \u00a1Reserva tu aventura y vive la magia de los Emiratos!\",\"breadcrumb\":{\"@id\":\"https:\\\/\\\/fundaystours.com\\\/en\\\/destinos\\\/dubai-for-everyone-an-unforgettable-journey\\\/#breadcrumb\"},\"inLanguage\":\"en-US\",\"potentialAction\":[{\"@type\":\"ReadAction\",\"target\":[\"https:\\\/\\\/fundaystours.com\\\/en\\\/destinos\\\/dubai-for-everyone-an-unforgettable-journey\\\/\"]}]},{\"@type\":\"ImageObject\",\"inLanguage\":\"en-US\",\"@id\":\"https:\\\/\\\/fundaystours.com\\\/en\\\/destinos\\\/dubai-for-everyone-an-unforgettable-journey\\\/#primaryimage\",\"url\":\"https:\\\/\\\/fundaystours.com\\\/wp-content\\\/uploads\\\/2025\\\/01\\\/palmera-jumeirah-dubai-ciudad.jpg\",\"contentUrl\":\"https:\\\/\\\/fundaystours.com\\\/wp-content\\\/uploads\\\/2025\\\/01\\\/palmera-jumeirah-dubai-ciudad.jpg\",\"width\":600,\"height\":425,\"caption\":\"isla\"},{\"@type\":\"BreadcrumbList\",\"@id\":\"https:\\\/\\\/fundaystours.com\\\/en\\\/destinos\\\/dubai-for-everyone-an-unforgettable-journey\\\/#breadcrumb\",\"itemListElement\":[{\"@type\":\"ListItem\",\"position\":1,\"name\":\"Home\",\"item\":\"https:\\\/\\\/fundaystours.com\\\/en\\\/\"},{\"@type\":\"ListItem\",\"position\":2,\"name\":\"Destinations\",\"item\":\"https:\\\/\\\/fundaystours.com\\\/destinations\\\/\"},{\"@type\":\"ListItem\",\"position\":3,\"name\":\"Israel and the Middle East\",\"item\":\"https:\\\/\\\/fundaystours.com\\\/en\\\/product-category\\\/israel-and-the-middle-east\\\/\"},{\"@type\":\"ListItem\",\"position\":4,\"name\":\"Dubai for Everyone \u2013 An Unforgettable\u00a0Journey\"}]},{\"@type\":\"WebSite\",\"@id\":\"https:\\\/\\\/fundaystours.com\\\/en\\\/#website\",\"url\":\"https:\\\/\\\/fundaystours.com\\\/en\\\/\",\"name\":\"Fundays Tours\",\"description\":\"\",\"publisher\":{\"@id\":\"https:\\\/\\\/fundaystours.com\\\/en\\\/#organization\"},\"potentialAction\":[{\"@type\":\"SearchAction\",\"target\":{\"@type\":\"EntryPoint\",\"urlTemplate\":\"https:\\\/\\\/fundaystours.com\\\/en\\\/?s={search_term_string}\"},\"query-input\":{\"@type\":\"PropertyValueSpecification\",\"valueRequired\":true,\"valueName\":\"search_term_string\"}}],\"inLanguage\":\"en-US\"},{\"@type\":\"Organization\",\"@id\":\"https:\\\/\\\/fundaystours.com\\\/en\\\/#organization\",\"name\":\"Fundays Tours\",\"url\":\"https:\\\/\\\/fundaystours.com\\\/en\\\/\",\"logo\":{\"@type\":\"ImageObject\",\"inLanguage\":\"en-US\",\"@id\":\"https:\\\/\\\/fundaystours.com\\\/en\\\/#\\\/schema\\\/logo\\\/image\\\/\",\"url\":\"https:\\\/\\\/fundaystours.com\\\/wp-content\\\/uploads\\\/2023\\\/12\\\/logo-fundays-tours-2.png\",\"contentUrl\":\"https:\\\/\\\/fundaystours.com\\\/wp-content\\\/uploads\\\/2023\\\/12\\\/logo-fundays-tours-2.png\",\"width\":230,\"height\":50,\"caption\":\"Fundays Tours\"},\"image\":{\"@id\":\"https:\\\/\\\/fundaystours.com\\\/en\\\/#\\\/schema\\\/logo\\\/image\\\/\"}}]}<\/script>\n<!-- \/ Yoast SEO Premium plugin. -->","yoast_head_json":{"title":"Tour a Dub\u00e1i para todos: el mejor plan tur\u00edstico | Fundays Tours","description":"Descubre lo mejor en un tour por Dub\u00e1i: desde el Burj Khalifa hasta un safari por el desierto \u00a1Reserva tu aventura y vive la magia de los Emiratos!","robots":{"index":"index","follow":"follow","max-snippet":"max-snippet:-1","max-image-preview":"max-image-preview:large","max-video-preview":"max-video-preview:-1"},"canonical":"https:\/\/fundaystours.com\/en\/destinos\/dubai-for-everyone-an-unforgettable-journey\/","og_locale":"en_US","og_type":"article","og_title":"Tour a Dub\u00e1i para todos","og_description":"Desde el Burj Khalifa hasta un safari por el desierto \u00a1Reserva tu aventura!","og_url":"https:\/\/fundaystours.com\/en\/destinos\/dubai-for-everyone-an-unforgettable-journey\/","og_site_name":"Fundays Tours","article_modified_time":"2026-04-22T16:57:19+00:00","og_image":[{"width":600,"height":425,"url":"https:\/\/fundaystours.com\/wp-content\/uploads\/2025\/01\/palmera-jumeirah-dubai-ciudad.jpg","type":"image\/jpeg"}],"twitter_card":"summary_large_image","twitter_title":"Dubai for Everyone \u2013 An Unforgettable\u00a0Journey","twitter_misc":{"Est. reading time":"6 minutes"},"schema":{"@context":"https:\/\/schema.org","@graph":[{"@type":"WebPage","@id":"https:\/\/fundaystours.com\/en\/destinos\/dubai-for-everyone-an-unforgettable-journey\/","url":"https:\/\/fundaystours.com\/en\/destinos\/dubai-for-everyone-an-unforgettable-journey\/","name":"Tour a Dub\u00e1i para todos: el mejor plan tur\u00edstico | Fundays Tours","isPartOf":{"@id":"https:\/\/fundaystours.com\/en\/#website"},"primaryImageOfPage":{"@id":"https:\/\/fundaystours.com\/en\/destinos\/dubai-for-everyone-an-unforgettable-journey\/#primaryimage"},"image":{"@id":"https:\/\/fundaystours.com\/en\/destinos\/dubai-for-everyone-an-unforgettable-journey\/#primaryimage"},"thumbnailUrl":"https:\/\/fundaystours.com\/wp-content\/uploads\/2025\/01\/palmera-jumeirah-dubai-ciudad.jpg","datePublished":"2025-01-23T21:56:27+00:00","dateModified":"2026-04-22T16:57:19+00:00","description":"Descubre lo mejor en un tour por Dub\u00e1i: desde el Burj Khalifa hasta un safari por el desierto \u00a1Reserva tu aventura y vive la magia de los Emiratos!","breadcrumb":{"@id":"https:\/\/fundaystours.com\/en\/destinos\/dubai-for-everyone-an-unforgettable-journey\/#breadcrumb"},"inLanguage":"en-US","potentialAction":[{"@type":"ReadAction","target":["https:\/\/fundaystours.com\/en\/destinos\/dubai-for-everyone-an-unforgettable-journey\/"]}]},{"@type":"ImageObject","inLanguage":"en-US","@id":"https:\/\/fundaystours.com\/en\/destinos\/dubai-for-everyone-an-unforgettable-journey\/#primaryimage","url":"https:\/\/fundaystours.com\/wp-content\/uploads\/2025\/01\/palmera-jumeirah-dubai-ciudad.jpg","contentUrl":"https:\/\/fundaystours.com\/wp-content\/uploads\/2025\/01\/palmera-jumeirah-dubai-ciudad.jpg","width":600,"height":425,"caption":"isla"},{"@type":"BreadcrumbList","@id":"https:\/\/fundaystours.com\/en\/destinos\/dubai-for-everyone-an-unforgettable-journey\/#breadcrumb","itemListElement":[{"@type":"ListItem","position":1,"name":"Home","item":"https:\/\/fundaystours.com\/en\/"},{"@type":"ListItem","position":2,"name":"Destinations","item":"https:\/\/fundaystours.com\/destinations\/"},{"@type":"ListItem","position":3,"name":"Israel and the Middle East","item":"https:\/\/fundaystours.com\/en\/product-category\/israel-and-the-middle-east\/"},{"@type":"ListItem","position":4,"name":"Dubai for Everyone \u2013 An Unforgettable\u00a0Journey"}]},{"@type":"WebSite","@id":"https:\/\/fundaystours.com\/en\/#website","url":"https:\/\/fundaystours.com\/en\/","name":"Fundays Tours","description":"","publisher":{"@id":"https:\/\/fundaystours.com\/en\/#organization"},"potentialAction":[{"@type":"SearchAction","target":{"@type":"EntryPoint","urlTemplate":"https:\/\/fundaystours.com\/en\/?s={search_term_string}"},"query-input":{"@type":"PropertyValueSpecification","valueRequired":true,"valueName":"search_term_string"}}],"inLanguage":"en-US"},{"@type":"Organization","@id":"https:\/\/fundaystours.com\/en\/#organization","name":"Fundays Tours","url":"https:\/\/fundaystours.com\/en\/","logo":{"@type":"ImageObject","inLanguage":"en-US","@id":"https:\/\/fundaystours.com\/en\/#\/schema\/logo\/image\/","url":"https:\/\/fundaystours.com\/wp-content\/uploads\/2023\/12\/logo-fundays-tours-2.png","contentUrl":"https:\/\/fundaystours.com\/wp-content\/uploads\/2023\/12\/logo-fundays-tours-2.png","width":230,"height":50,"caption":"Fundays Tours"},"image":{"@id":"https:\/\/fundaystours.com\/en\/#\/schema\/logo\/image\/"}}]}},"_links":{"self":[{"href":"https:\/\/fundaystours.com\/en\/wp-json\/wp\/v2\/product\/107816","targetHints":{"allow":["GET"]}}],"collection":[{"href":"https:\/\/fundaystours.com\/en\/wp-json\/wp\/v2\/product"}],"about":[{"href":"https:\/\/fundaystours.com\/en\/wp-json\/wp\/v2\/types\/product"}],"replies":[{"embeddable":true,"href":"https:\/\/fundaystours.com\/en\/wp-json\/wp\/v2\/comments?post=107816"}],"wp:featuredmedia":[{"embeddable":true,"href":"https:\/\/fundaystours.com\/en\/wp-json\/wp\/v2\/media\/107560"}],"wp:attachment":[{"href":"https:\/\/fundaystours.com\/en\/wp-json\/wp\/v2\/media?parent=107816"}],"wp:term":[{"taxonomy":"product_brand","embeddable":true,"href":"https:\/\/fundaystours.com\/en\/wp-json\/wp\/v2\/product_brand?post=107816"},{"taxonomy":"product_cat","embeddable":true,"href":"https:\/\/fundaystours.com\/en\/wp-json\/wp\/v2\/product_cat?post=107816"},{"taxonomy":"product_tag","embeddable":true,"href":"https:\/\/fundaystours.com\/en\/wp-json\/wp\/v2\/product_tag?post=107816"}],"curies":[{"name":"wp","href":"https:\/\/api.w.org\/{rel}","templated":true}]}}