{"id":104184,"date":"2024-08-11T15:48:44","date_gmt":"2024-08-11T19:48:44","guid":{"rendered":"https:\/\/fundaystours.com\/?post_type=product&#038;p=104184"},"modified":"2025-05-29T12:42:59","modified_gmt":"2025-05-29T16:42:59","slug":"thailand-golden-triangle-adventure-culture-nature","status":"publish","type":"product","link":"https:\/\/fundaystours.com\/en\/destinos\/thailand-golden-triangle-adventure-culture-nature\/","title":{"rendered":"Thailand Golden Triangle: Adventure, Culture &#038; Nature"},"content":{"rendered":"<p><b>DISCOVER THAILAND: GOLDEN TRIANGLE<br \/>\n<\/b><i><span style=\"font-weight: 400;\">(+ Flight and Night in Bangkok on Return) \u2013 ST<\/span><\/i><\/p>\n<p><b>Validity:<\/b><span style=\"font-weight: 400;\"> From November 2023 to March 2025<\/span><span style=\"font-weight: 400;\"><br \/>\n<\/span><b>Departures:<\/b><span style=\"font-weight: 400;\"> Monday, Tuesday, Wednesday, Thursday, Friday, Saturday, Sunday<\/span><\/p>\n<p><b><\/b><span style=\"font-weight: 400;\">Discover Thailand: 2 Nights in Bangkok, 1 Night in Chiang Rai, 2 Nights in Chiang Mai, 1 Night in Bangkok (on return)<\/span><\/p>\n<h2><b>Day 1: Bangkok<\/b><\/h2>\n<p><span style=\"font-weight: 400;\">Arrival at Suvarnabhumi International Airport (BKK). Meet our Spanish-speaking assistant and transfer to the hotel. Free time to explore one of Southeast Asia&#8217;s oldest cities, known for its blend of magnificent temples, bustling markets, and modern shopping centers. Bangkok is the royal family&#8217;s residence, the seat of government, and the country&#8217;s industrial, commercial, and financial hub. It is also the main port of the kingdom and home to a tenth of the population. The capital serves as the primary gateway to Thailand and is a major tourist attraction.<\/span><\/p>\n<p><i><span style=\"font-weight: 400;\">Accommodation.<\/span><\/i><\/p>\n<h2><b>Day 2: Bangkok (City Tour, Temples, and Grand Palace)<\/b><\/h2>\n<p><span style=\"font-weight: 400;\">Breakfast. In the morning, visit some of Bangkok&#8217;s most unique Buddhist temples. The tour begins at Wat Traimit, home to the Golden Buddha, a 5,500-kilogram solid gold statue.<\/span><\/p>\n<p><span style=\"font-weight: 400;\">Continue to Wat Pho, the city&#8217;s largest temple, featuring the massive Reclining Buddha, measuring 46 meters in length and covered in gold. Inside, you&#8217;ll also find the Chedis of the Kings.<\/span><\/p>\n<p><span style=\"font-weight: 400;\">The tour proceeds to the Grand Royal Palace, the former residence of Thai monarchs, showcasing exquisite Siamese court architecture with its gleaming spires. Within the complex lies the country&#8217;s most sacred emblem, the Emerald Buddha. The afternoon is free for you to explore the &#8220;City of Angels&#8221; at your own pace.<\/span><\/p>\n<p><i><span style=\"font-weight: 400;\">Accommodation and breakfast.<\/span><\/i><\/p>\n<h2><b>Day 3: Bangkok \u2013 Chiang Rai<\/b><\/h2>\n<p><span style=\"font-weight: 400;\">Breakfast. Transfer to the airport for the included flight to Chiang Rai. Upon arrival, meet our Spanish-speaking guide. Continue by minibus to visit the Golden Triangle, where the borders of Myanmar, Laos, and Thailand converge. Enjoy a traditional boat ride along the Mekong River. Lunch. In the afternoon, visit the Opium House before heading to the hotel.<\/span><\/p>\n<p><i><span style=\"font-weight: 400;\">Accommodation, breakfast, and lunch.<\/span><\/i><\/p>\n<h2><b>Day 4: Chiang Rai \u2013 Chiang Mai<\/b><\/h2>\n<p><span style=\"font-weight: 400;\">Breakfast. Visit the Blue Temple (Wat Rong Suea Ten), known for its vibrant blue interior and intricate murals. After the visit, depart for Chiang Mai. Lunch en route. Upon arrival, transfer to the hotel.<\/span><\/p>\n<p><i><span style=\"font-weight: 400;\">Accommodation, breakfast, and lunch.<\/span><\/i><\/p>\n<h2><b>Day 5: Chiang Mai (Elephant Sanctuary and Doi Suthep Temple)<\/b><\/h2>\n<p><span style=\"font-weight: 400;\">Breakfast. In the morning, visit an ethical Elephant Sanctuary, where you&#8217;ll learn about elephant conservation efforts and interact with these majestic animals responsibly. Lunch. In the afternoon, visit the Doi Suthep Temple, perched atop a hill offering panoramic views of Chiang Mai. The temple is one of northern Thailand&#8217;s most sacred sites.<\/span><\/p>\n<p><i><span style=\"font-weight: 400;\">Accommodation, breakfast, and lunch.<\/span><\/i><\/p>\n<h2><b>Day 6: Chiang Mai \u2013 Bangkok<\/b><\/h2>\n<p><span style=\"font-weight: 400;\">Breakfast. Transfer to the airport for the included flight to Bangkok. Upon arrival, meet our representative and transfer to the hotel. The rest of the day is free to relax or explore the city.<\/span><\/p>\n<p><i><span style=\"font-weight: 400;\">Accommodation and breakfast.<\/span><\/i><\/p>\n<h2><b>Day 7: Bangkok \u2013 Departure<\/b><\/h2>\n<p><span style=\"font-weight: 400;\">Breakfast. At the scheduled time, transfer to the airport for your international departure flight.<\/span><\/p>\n<p><i><span style=\"font-weight: 400;\">Breakfast.<\/span><\/i><\/p>\n<h2><b>RATE USD PER PERSON<\/b><\/h2>\n<table style=\"height: 258px;\" width=\"905\">\n<tbody>\n<tr>\n<td><strong>Departure Dates<\/strong><\/td>\n<td><strong>Double<\/strong><\/td>\n<td><strong>Triple<\/strong><\/td>\n<td><strong>Single<\/strong><\/td>\n<\/tr>\n<tr>\n<td><strong>01 Septiembre al 31 de Octubre de 2024<\/strong><\/td>\n<td><strong>USD\u00a0<\/strong><\/p>\n<p><strong>2.100<\/strong><\/td>\n<td><strong>USD<\/strong><\/p>\n<p><strong>2.100<\/strong><\/td>\n<td><strong>USD<\/strong><\/p>\n<p><strong>1.650<\/strong><\/td>\n<\/tr>\n<tr>\n<td><strong>21 de Noviembre al 26 de Marzo de 2025<\/strong><\/td>\n<td><strong>USD\u00a0<\/strong><\/p>\n<p><strong>2.100<\/strong><\/td>\n<td><strong>USD<\/strong><\/p>\n<p><strong>2.100<\/strong><\/td>\n<td><strong>USD<\/strong><\/p>\n<p><strong>1.650<\/strong><\/td>\n<\/tr>\n<\/tbody>\n<\/table>\n<h2><b>Included Services<\/b><\/h2>\n<h3><b>Includes:<\/b><\/h3>\n<ul>\n<li style=\"font-weight: 400;\" aria-level=\"1\"><span style=\"font-weight: 400;\">Assistance upon arrival and departure at the airport by Spanish-speaking staff<\/span><span style=\"font-weight: 400;\"><br \/>\n<\/span><\/li>\n<li style=\"font-weight: 400;\" aria-level=\"1\"><span style=\"font-weight: 400;\">Round-trip transfers to\/from the main airport<\/span><span style=\"font-weight: 400;\"><br \/>\n<\/span><\/li>\n<li style=\"font-weight: 400;\" aria-level=\"1\"><span style=\"font-weight: 400;\">6 nights of accommodation in the specified hotels<\/span><span style=\"font-weight: 400;\"><br \/>\n<\/span><\/li>\n<li style=\"font-weight: 400;\" aria-level=\"1\"><span style=\"font-weight: 400;\">Meal plan according to the selected itinerary option<\/span><span style=\"font-weight: 400;\"><br \/>\n<\/span><\/li>\n<li style=\"font-weight: 400;\" aria-level=\"1\"><span style=\"font-weight: 400;\">Bangkok city tour including the Grand Palace, Chiang Rai, and Chiang Mai as per itinerary<\/span><span style=\"font-weight: 400;\"><br \/>\n<\/span><\/li>\n<li style=\"font-weight: 400;\" aria-level=\"1\"><span style=\"font-weight: 400;\">Visit to the Blue Temple<\/span><span style=\"font-weight: 400;\"><br \/>\n<\/span><\/li>\n<li style=\"font-weight: 400;\" aria-level=\"1\"><span style=\"font-weight: 400;\">Kantoke Dinner<\/span><span style=\"font-weight: 400;\"><br \/>\n<\/span><\/li>\n<li style=\"font-weight: 400;\" aria-level=\"1\"><span style=\"font-weight: 400;\">Visit to the Elephant Sanctuary in Chiang Mai, with the opportunity to interact with elephants in a responsible and sustainable way<\/span><span style=\"font-weight: 400;\"><br \/>\n<\/span><\/li>\n<li style=\"font-weight: 400;\" aria-level=\"1\"><span style=\"font-weight: 400;\">Visit to the White Temple<\/span><span style=\"font-weight: 400;\"><br \/>\n<\/span><\/li>\n<li style=\"font-weight: 400;\" aria-level=\"1\"><span style=\"font-weight: 400;\">Spanish-speaking accompanying guide throughout the tour (except in Bangkok, where a local Spanish-speaking guide will be provided)<\/span><span style=\"font-weight: 400;\"><br \/>\n<\/span><\/li>\n<li style=\"font-weight: 400;\" aria-level=\"1\"><span style=\"font-weight: 400;\">Domestic flights: Bangkok \u2013 Chiang Rai \/ Chiang Mai \u2013 Bangkok in economy class (<\/span><i><span style=\"font-weight: 400;\">only included in the -AIR option<\/span><\/i><span style=\"font-weight: 400;\">)<\/span><span style=\"font-weight: 400;\"><br \/>\n<\/span><\/li>\n<li style=\"font-weight: 400;\" aria-level=\"1\"><span style=\"font-weight: 400;\">Entrance fees to all sites mentioned in the itinerary<\/span><span style=\"font-weight: 400;\"><br \/>\n<\/span><\/li>\n<li style=\"font-weight: 400;\" aria-level=\"1\"><span style=\"font-weight: 400;\">24-Hour Telephone Assistance Service<\/span><span style=\"font-weight: 400;\"><br \/>\n<\/span><\/li>\n<li style=\"font-weight: 400;\" aria-level=\"1\"><span style=\"font-weight: 400;\">Medical assistance for travelers under 70 years old (<\/span><i><span style=\"font-weight: 400;\">surcharge applies for travelers over 71<\/span><\/i><span style=\"font-weight: 400;\">)<\/span><\/li>\n<\/ul>\n<h3><b>Not Included:<\/b><\/h3>\n<ul>\n<li style=\"font-weight: 400;\" aria-level=\"1\"><span style=\"font-weight: 400;\">Drinks not included with meals<\/span><span style=\"font-weight: 400;\"><br \/>\n<\/span><\/li>\n<li style=\"font-weight: 400;\" aria-level=\"1\"><span style=\"font-weight: 400;\">Hotel taxes not included<\/span><span style=\"font-weight: 400;\"><br \/>\n<\/span><\/li>\n<li style=\"font-weight: 400;\" aria-level=\"1\"><span style=\"font-weight: 400;\">Tips for guides, drivers, etc.<\/span><span style=\"font-weight: 400;\"><br \/>\n<\/span><\/li>\n<li style=\"font-weight: 400;\" aria-level=\"1\"><span style=\"font-weight: 400;\">Any other service not specified under \u201cIncludes\u201d or \u201cAdded Value\u201d<\/span><\/li>\n<\/ul>\n","protected":false},"excerpt":{"rendered":"<p><span style=\"font-weight: 400;\">Embark on a 7-day journey through Thailand&#8217;s highlights: explore the vibrant city of Bangkok, visit the impressive temples and the Grand Palace, and delve into the Golden Triangle. Travel to Chiang Rai to discover the famous White Temple and Blue Temple, and experience the unique Elephant Sanctuary in Chiang Mai. Enjoy a blend of culture, history, and adventure on this unforgettable trip through Thailand.<\/span><\/p>\n","protected":false},"featured_media":104094,"comment_status":"open","ping_status":"closed","template":"","meta":{"_acf_changed":false,"_joinchat":[]},"product_brand":[],"product_cat":[1931],"product_tag":[],"class_list":{"0":"post-104184","1":"product","2":"type-product","3":"status-publish","4":"has-post-thumbnail","6":"product_cat-sin-categoria","8":"first","9":"instock","10":"sold-individually","11":"shipping-taxable","12":"purchasable","13":"product-type-variable"},"acf":[],"yoast_head":"<!-- This site is optimized with the Yoast SEO Premium plugin v23.3 (Yoast SEO v27.3) - https:\/\/yoast.com\/product\/yoast-seo-premium-wordpress\/ -->\n<title>Conoce Tailandia: Tri\u00e1ngulo de Oro en un viaje \u00fanico | Fundays T.<\/title>\n<meta name=\"description\" content=\"Conoce Tailandia: Tri\u00e1ngulo de Oro a un precio incre\u00edble. Descubre templos, el Santuario de Elefantes y paisajes con vuelos incluidos. \u00a1Reserva ahora!\" \/>\n<meta name=\"robots\" content=\"index, follow, max-snippet:-1, max-image-preview:large, max-video-preview:-1\" \/>\n<link rel=\"canonical\" href=\"https:\/\/fundaystours.com\/en\/destinos\/thailand-golden-triangle-adventure-culture-nature\/\" \/>\n<meta property=\"og:locale\" content=\"en_US\" \/>\n<meta property=\"og:type\" content=\"article\" \/>\n<meta property=\"og:title\" content=\"Thailand Golden Triangle: Adventure, Culture &amp; Nature\" \/>\n<meta property=\"og:description\" content=\"Conoce Tailandia: Tri\u00e1ngulo de Oro a un precio incre\u00edble. Descubre templos, el Santuario de Elefantes y paisajes con vuelos incluidos. \u00a1Reserva ahora!\" \/>\n<meta property=\"og:url\" content=\"https:\/\/fundaystours.com\/en\/destinos\/thailand-golden-triangle-adventure-culture-nature\/\" \/>\n<meta property=\"og:site_name\" content=\"Fundays Tours\" \/>\n<meta property=\"article:modified_time\" content=\"2025-05-29T16:42:59+00:00\" \/>\n<meta property=\"og:image\" content=\"https:\/\/fundaystours.com\/wp-content\/uploads\/2024\/08\/Bangkok-Templo-Tailandia-Fundays-Tours-scaled.jpg\" \/>\n\t<meta property=\"og:image:width\" content=\"2560\" \/>\n\t<meta property=\"og:image:height\" content=\"1703\" \/>\n\t<meta property=\"og:image:type\" content=\"image\/jpeg\" \/>\n<meta name=\"twitter:card\" content=\"summary_large_image\" \/>\n<meta name=\"twitter:label1\" content=\"Est. reading time\" \/>\n\t<meta name=\"twitter:data1\" content=\"5 minutes\" \/>\n<script type=\"application\/ld+json\" class=\"yoast-schema-graph\">{\"@context\":\"https:\\\/\\\/schema.org\",\"@graph\":[{\"@type\":\"WebPage\",\"@id\":\"https:\\\/\\\/fundaystours.com\\\/en\\\/destinos\\\/thailand-golden-triangle-adventure-culture-nature\\\/\",\"url\":\"https:\\\/\\\/fundaystours.com\\\/en\\\/destinos\\\/thailand-golden-triangle-adventure-culture-nature\\\/\",\"name\":\"Conoce Tailandia: Tri\u00e1ngulo de Oro en un viaje \u00fanico | Fundays T.\",\"isPartOf\":{\"@id\":\"https:\\\/\\\/fundaystours.com\\\/en\\\/#website\"},\"primaryImageOfPage\":{\"@id\":\"https:\\\/\\\/fundaystours.com\\\/en\\\/destinos\\\/thailand-golden-triangle-adventure-culture-nature\\\/#primaryimage\"},\"image\":{\"@id\":\"https:\\\/\\\/fundaystours.com\\\/en\\\/destinos\\\/thailand-golden-triangle-adventure-culture-nature\\\/#primaryimage\"},\"thumbnailUrl\":\"https:\\\/\\\/fundaystours.com\\\/wp-content\\\/uploads\\\/2024\\\/08\\\/Bangkok-Templo-Tailandia-Fundays-Tours-scaled.jpg\",\"datePublished\":\"2024-08-11T19:48:44+00:00\",\"dateModified\":\"2025-05-29T16:42:59+00:00\",\"description\":\"Conoce Tailandia: Tri\u00e1ngulo de Oro a un precio incre\u00edble. Descubre templos, el Santuario de Elefantes y paisajes con vuelos incluidos. \u00a1Reserva ahora!\",\"breadcrumb\":{\"@id\":\"https:\\\/\\\/fundaystours.com\\\/en\\\/destinos\\\/thailand-golden-triangle-adventure-culture-nature\\\/#breadcrumb\"},\"inLanguage\":\"en-US\",\"potentialAction\":[{\"@type\":\"ReadAction\",\"target\":[\"https:\\\/\\\/fundaystours.com\\\/en\\\/destinos\\\/thailand-golden-triangle-adventure-culture-nature\\\/\"]}]},{\"@type\":\"ImageObject\",\"inLanguage\":\"en-US\",\"@id\":\"https:\\\/\\\/fundaystours.com\\\/en\\\/destinos\\\/thailand-golden-triangle-adventure-culture-nature\\\/#primaryimage\",\"url\":\"https:\\\/\\\/fundaystours.com\\\/wp-content\\\/uploads\\\/2024\\\/08\\\/Bangkok-Templo-Tailandia-Fundays-Tours-scaled.jpg\",\"contentUrl\":\"https:\\\/\\\/fundaystours.com\\\/wp-content\\\/uploads\\\/2024\\\/08\\\/Bangkok-Templo-Tailandia-Fundays-Tours-scaled.jpg\",\"width\":2560,\"height\":1703,\"caption\":\"El Grand palacio Wat Phra Kaew, bangkok Tailandia con Fundays Tours\"},{\"@type\":\"BreadcrumbList\",\"@id\":\"https:\\\/\\\/fundaystours.com\\\/en\\\/destinos\\\/thailand-golden-triangle-adventure-culture-nature\\\/#breadcrumb\",\"itemListElement\":[{\"@type\":\"ListItem\",\"position\":1,\"name\":\"Home\",\"item\":\"https:\\\/\\\/fundaystours.com\\\/en\\\/\"},{\"@type\":\"ListItem\",\"position\":2,\"name\":\"Destinations\",\"item\":\"https:\\\/\\\/fundaystours.com\\\/destinations\\\/\"},{\"@type\":\"ListItem\",\"position\":3,\"name\":\"Sin categor\u00eda\",\"item\":\"https:\\\/\\\/fundaystours.com\\\/en\\\/product-category\\\/sin-categoria\\\/\"},{\"@type\":\"ListItem\",\"position\":4,\"name\":\"Thailand Golden Triangle: Adventure, Culture &#038; Nature\"}]},{\"@type\":\"WebSite\",\"@id\":\"https:\\\/\\\/fundaystours.com\\\/en\\\/#website\",\"url\":\"https:\\\/\\\/fundaystours.com\\\/en\\\/\",\"name\":\"Fundays Tours\",\"description\":\"\",\"publisher\":{\"@id\":\"https:\\\/\\\/fundaystours.com\\\/en\\\/#organization\"},\"potentialAction\":[{\"@type\":\"SearchAction\",\"target\":{\"@type\":\"EntryPoint\",\"urlTemplate\":\"https:\\\/\\\/fundaystours.com\\\/en\\\/?s={search_term_string}\"},\"query-input\":{\"@type\":\"PropertyValueSpecification\",\"valueRequired\":true,\"valueName\":\"search_term_string\"}}],\"inLanguage\":\"en-US\"},{\"@type\":\"Organization\",\"@id\":\"https:\\\/\\\/fundaystours.com\\\/en\\\/#organization\",\"name\":\"Fundays Tours\",\"url\":\"https:\\\/\\\/fundaystours.com\\\/en\\\/\",\"logo\":{\"@type\":\"ImageObject\",\"inLanguage\":\"en-US\",\"@id\":\"https:\\\/\\\/fundaystours.com\\\/en\\\/#\\\/schema\\\/logo\\\/image\\\/\",\"url\":\"https:\\\/\\\/fundaystours.com\\\/wp-content\\\/uploads\\\/2023\\\/12\\\/logo-fundays-tours-2.png\",\"contentUrl\":\"https:\\\/\\\/fundaystours.com\\\/wp-content\\\/uploads\\\/2023\\\/12\\\/logo-fundays-tours-2.png\",\"width\":230,\"height\":50,\"caption\":\"Fundays Tours\"},\"image\":{\"@id\":\"https:\\\/\\\/fundaystours.com\\\/en\\\/#\\\/schema\\\/logo\\\/image\\\/\"}}]}<\/script>\n<!-- \/ Yoast SEO Premium plugin. -->","yoast_head_json":{"title":"Conoce Tailandia: Tri\u00e1ngulo de Oro en un viaje \u00fanico | Fundays T.","description":"Conoce Tailandia: Tri\u00e1ngulo de Oro a un precio incre\u00edble. Descubre templos, el Santuario de Elefantes y paisajes con vuelos incluidos. \u00a1Reserva ahora!","robots":{"index":"index","follow":"follow","max-snippet":"max-snippet:-1","max-image-preview":"max-image-preview:large","max-video-preview":"max-video-preview:-1"},"canonical":"https:\/\/fundaystours.com\/en\/destinos\/thailand-golden-triangle-adventure-culture-nature\/","og_locale":"en_US","og_type":"article","og_title":"Thailand Golden Triangle: Adventure, Culture & Nature","og_description":"Conoce Tailandia: Tri\u00e1ngulo de Oro a un precio incre\u00edble. Descubre templos, el Santuario de Elefantes y paisajes con vuelos incluidos. \u00a1Reserva ahora!","og_url":"https:\/\/fundaystours.com\/en\/destinos\/thailand-golden-triangle-adventure-culture-nature\/","og_site_name":"Fundays Tours","article_modified_time":"2025-05-29T16:42:59+00:00","og_image":[{"width":2560,"height":1703,"url":"https:\/\/fundaystours.com\/wp-content\/uploads\/2024\/08\/Bangkok-Templo-Tailandia-Fundays-Tours-scaled.jpg","type":"image\/jpeg"}],"twitter_card":"summary_large_image","twitter_misc":{"Est. reading time":"5 minutes"},"schema":{"@context":"https:\/\/schema.org","@graph":[{"@type":"WebPage","@id":"https:\/\/fundaystours.com\/en\/destinos\/thailand-golden-triangle-adventure-culture-nature\/","url":"https:\/\/fundaystours.com\/en\/destinos\/thailand-golden-triangle-adventure-culture-nature\/","name":"Conoce Tailandia: Tri\u00e1ngulo de Oro en un viaje \u00fanico | Fundays T.","isPartOf":{"@id":"https:\/\/fundaystours.com\/en\/#website"},"primaryImageOfPage":{"@id":"https:\/\/fundaystours.com\/en\/destinos\/thailand-golden-triangle-adventure-culture-nature\/#primaryimage"},"image":{"@id":"https:\/\/fundaystours.com\/en\/destinos\/thailand-golden-triangle-adventure-culture-nature\/#primaryimage"},"thumbnailUrl":"https:\/\/fundaystours.com\/wp-content\/uploads\/2024\/08\/Bangkok-Templo-Tailandia-Fundays-Tours-scaled.jpg","datePublished":"2024-08-11T19:48:44+00:00","dateModified":"2025-05-29T16:42:59+00:00","description":"Conoce Tailandia: Tri\u00e1ngulo de Oro a un precio incre\u00edble. Descubre templos, el Santuario de Elefantes y paisajes con vuelos incluidos. \u00a1Reserva ahora!","breadcrumb":{"@id":"https:\/\/fundaystours.com\/en\/destinos\/thailand-golden-triangle-adventure-culture-nature\/#breadcrumb"},"inLanguage":"en-US","potentialAction":[{"@type":"ReadAction","target":["https:\/\/fundaystours.com\/en\/destinos\/thailand-golden-triangle-adventure-culture-nature\/"]}]},{"@type":"ImageObject","inLanguage":"en-US","@id":"https:\/\/fundaystours.com\/en\/destinos\/thailand-golden-triangle-adventure-culture-nature\/#primaryimage","url":"https:\/\/fundaystours.com\/wp-content\/uploads\/2024\/08\/Bangkok-Templo-Tailandia-Fundays-Tours-scaled.jpg","contentUrl":"https:\/\/fundaystours.com\/wp-content\/uploads\/2024\/08\/Bangkok-Templo-Tailandia-Fundays-Tours-scaled.jpg","width":2560,"height":1703,"caption":"El Grand palacio Wat Phra Kaew, bangkok Tailandia con Fundays Tours"},{"@type":"BreadcrumbList","@id":"https:\/\/fundaystours.com\/en\/destinos\/thailand-golden-triangle-adventure-culture-nature\/#breadcrumb","itemListElement":[{"@type":"ListItem","position":1,"name":"Home","item":"https:\/\/fundaystours.com\/en\/"},{"@type":"ListItem","position":2,"name":"Destinations","item":"https:\/\/fundaystours.com\/destinations\/"},{"@type":"ListItem","position":3,"name":"Sin categor\u00eda","item":"https:\/\/fundaystours.com\/en\/product-category\/sin-categoria\/"},{"@type":"ListItem","position":4,"name":"Thailand Golden Triangle: Adventure, Culture &#038; Nature"}]},{"@type":"WebSite","@id":"https:\/\/fundaystours.com\/en\/#website","url":"https:\/\/fundaystours.com\/en\/","name":"Fundays Tours","description":"","publisher":{"@id":"https:\/\/fundaystours.com\/en\/#organization"},"potentialAction":[{"@type":"SearchAction","target":{"@type":"EntryPoint","urlTemplate":"https:\/\/fundaystours.com\/en\/?s={search_term_string}"},"query-input":{"@type":"PropertyValueSpecification","valueRequired":true,"valueName":"search_term_string"}}],"inLanguage":"en-US"},{"@type":"Organization","@id":"https:\/\/fundaystours.com\/en\/#organization","name":"Fundays Tours","url":"https:\/\/fundaystours.com\/en\/","logo":{"@type":"ImageObject","inLanguage":"en-US","@id":"https:\/\/fundaystours.com\/en\/#\/schema\/logo\/image\/","url":"https:\/\/fundaystours.com\/wp-content\/uploads\/2023\/12\/logo-fundays-tours-2.png","contentUrl":"https:\/\/fundaystours.com\/wp-content\/uploads\/2023\/12\/logo-fundays-tours-2.png","width":230,"height":50,"caption":"Fundays Tours"},"image":{"@id":"https:\/\/fundaystours.com\/en\/#\/schema\/logo\/image\/"}}]}},"_links":{"self":[{"href":"https:\/\/fundaystours.com\/en\/wp-json\/wp\/v2\/product\/104184","targetHints":{"allow":["GET"]}}],"collection":[{"href":"https:\/\/fundaystours.com\/en\/wp-json\/wp\/v2\/product"}],"about":[{"href":"https:\/\/fundaystours.com\/en\/wp-json\/wp\/v2\/types\/product"}],"replies":[{"embeddable":true,"href":"https:\/\/fundaystours.com\/en\/wp-json\/wp\/v2\/comments?post=104184"}],"wp:featuredmedia":[{"embeddable":true,"href":"https:\/\/fundaystours.com\/en\/wp-json\/wp\/v2\/media\/104094"}],"wp:attachment":[{"href":"https:\/\/fundaystours.com\/en\/wp-json\/wp\/v2\/media?parent=104184"}],"wp:term":[{"taxonomy":"product_brand","embeddable":true,"href":"https:\/\/fundaystours.com\/en\/wp-json\/wp\/v2\/product_brand?post=104184"},{"taxonomy":"product_cat","embeddable":true,"href":"https:\/\/fundaystours.com\/en\/wp-json\/wp\/v2\/product_cat?post=104184"},{"taxonomy":"product_tag","embeddable":true,"href":"https:\/\/fundaystours.com\/en\/wp-json\/wp\/v2\/product_tag?post=104184"}],"curies":[{"name":"wp","href":"https:\/\/api.w.org\/{rel}","templated":true}]}}