{"id":104123,"date":"2025-01-15T12:34:52","date_gmt":"2025-01-15T17:34:52","guid":{"rendered":"https:\/\/fundaystours.com\/?post_type=product&#038;p=104123"},"modified":"2025-12-23T11:29:02","modified_gmt":"2025-12-23T16:29:02","slug":"tour-of-las-vegas-and-the-best-of-the-west-7-days","status":"publish","type":"product","link":"https:\/\/fundaystours.com\/en\/destinos\/tour-of-las-vegas-and-the-best-of-the-west-7-days\/","title":{"rendered":"Tour of Las Vegas and the Best of the West \u2013 7 Days"},"content":{"rendered":"<p><span style=\"font-weight: 400; color: #333333;\">Departures from April to October 2026<\/span><\/p>\n<h3><span style=\"color: #333333;\"><b>Departures from Las Vegas every Saturday<\/b><\/span><\/h3>\n<h3><span style=\"color: #333333;\"><b>ITINERARY<\/b><\/span><\/h3>\n<h3><span style=\"color: #333333;\"><b>Day 1 \u2013 LAS VEGAS \u2013 SEDONA<\/b><\/span><\/h3>\n<p><span style=\"color: #333333;\"><span style=\"font-weight: 400;\">We begin our tour of Las Vegas by traveling through the Mojave Desert and heading towards the Colorado Plateau and historic Route 66 to reach Sedona, known as \u201cThe Jewel of the Desert\u201d and considered one of the most beautiful places in North America. We will drive through the impressive Oak Creek Canyon, descending 2,000 feet (610 meters) into the valley floor. We&#8217;ll stop to take photos of the red rocks and surrounding views from Oak Creek Canyon\u2019s viewpoints. We will also visit Slide Rock State Park. Then, we\u2019ll stop for lunch in Sedona, where you can find authentic Native American crafts, as well as galleries and boutiques unique to the area. After the break, we\u2019ll head into the desert to visit the Chapel of the Holy Cross (self-guided visit using local shuttle service) and enjoy panoramic views of Sedona\u2019s rock formations, including Bell Rock, Courthouse Butte, and Cathedral Rock. At sunset, we\u2019ll leave Sedona and head to Flagstaff for the night.<\/span><span style=\"font-weight: 400;\"><br \/>\n<\/span><b>Accommodation: Clarion Inn \u2013 Page<\/b><\/span><\/p>\n<h3><span style=\"color: #333333;\"><b>Day 2 \u2013 SEDONA \u2013 MONUMENT VALLEY \u2013 HORSESHOE BEND<\/b><\/span><\/h3>\n<p><span style=\"color: #333333;\"><span style=\"font-weight: 400;\">This morning we\u2019ll head to Monument Valley, one of the most iconic symbols of the American West and one of the most majestic and photographed places in the world. In the heart of the Navajo Nation, you\u2019ll find this majestic park featuring sandstone masterpieces, rising between 400 to 1,000 feet (up to 300 meters). Surrounding these towers are mesas, buttes, shrubs, and trees. Our tour begins with Jeep rides guided by Navajo locals. We\u2019ll explore the valley and understand why the Navajo say \u201cthere\u2019s no other place like it on Earth.\u201d We\u2019ll then leave the park and head to the mighty Colorado River. In the afternoon, we\u2019ll visit Horseshoe Bend, another spectacular and unique panoramic view in this region.<\/span><span style=\"font-weight: 400;\"><br \/>\n<\/span><b>Accommodation: Clarion Inn \u2013 Page<\/b><\/span><\/p>\n<h3><span style=\"color: #333333;\"><b>Day 3 \u2013 ANTELOPE CANYON \u2013 VALLEY OF FIRE \u2013 LAS VEGAS<\/b><\/span><\/h3>\n<p><span style=\"color: #333333;\"><span style=\"font-weight: 400;\">We start the day at what the Navajo call \u201cwhere water runs through rocks.\u201d We\u2019ll explore the upper Antelope Canyon and witness the spectacular dunes created by wind, water, and sand. Words are not enough to describe the formations shaped by Mother Nature. After our excursion, we\u2019ll leave this breathtaking area and return to Las Vegas. Along the way, we\u2019ll stop for lunch and then visit the Valley of Fire, named for its magnificent red sandstone formations, created by shifting sands and dunes during the dinosaur era, over 150 million years ago. Our visit is timed to catch the sunlight\u2019s reflection that makes the valley appear ablaze (weather permitting). We\u2019ll arrive in Las Vegas by nightfall.<\/span><span style=\"font-weight: 400;\"><br \/>\n<\/span><b>Accommodation: Harrah\u2019s Hotel<\/b><\/span><\/p>\n<h3><span style=\"color: #333333;\"><b>Day 4 \u2013 LAS VEGAS<\/b><\/span><\/h3>\n<p><span style=\"color: #333333;\"><span style=\"font-weight: 400;\">Enjoy a full free day on your own in Las Vegas. Make the most of your time in the entertainment capital of the world.<\/span><span style=\"font-weight: 400;\"><br \/>\n<\/span><b>Accommodation: Harrah\u2019s Hotel<\/b><\/span><\/p>\n<h3><span style=\"color: #333333;\"><b>Day 5 \u2013 LAS VEGAS \u2013 GRAND CANYON \u2013 PAGE<\/b><\/span><\/h3>\n<p><span style=\"color: #333333;\"><span style=\"font-weight: 400;\">We begin the day heading southeast through the desert and across the Navajo Indian Reservation before arriving at the South Rim of one of the \u201cSeven Natural Wonders of the World\u201d\u2014the Grand Canyon. We\u2019ll tour the South Rim and learn how the Colorado River carved its way to the sea, creating this geological wonder. After lunch, we\u2019ll continue along the rim, stopping at Native American markets to explore handmade crafts. After enjoying the market, we\u2019ll head to the Page and Lake Powell area for the night.<\/span><span style=\"font-weight: 400;\"><br \/>\n<\/span><b>Accommodation: Clarion Inn \u2013 Page<\/b><\/span><\/p>\n<h3><span style=\"color: #333333;\"><b>Day 6 \u2013 ANTELOPE CANYON \u2013 BRYCE CANYON<\/b><\/span><\/h3>\n<p><span style=\"color: #333333;\"><span style=\"font-weight: 400;\">We begin the day where \u201cWater Runs Through the Rocks,\u201d as described in local Navajo folklore. We\u2019ll tour Antelope Canyon and see the breathtaking dunes sculpted by wind, water, and sand. After our visit, we\u2019ll depart this incredible area and head west to Bryce Canyon, home to the world\u2019s most stunning natural rock sculptures. Our tour takes us to rock and sand formations polished by millions of years of rain, wind, and sun. Experience the unique color changes at sunset from one of the park\u2019s viewpoints (subject to daylight hours). After the visit, we\u2019ll continue to Kanab.<\/span><span style=\"font-weight: 400;\"><br \/>\n<\/span><b>Accommodation: Quality Inn Kanab<\/b><span style=\"font-weight: 400;\"><br \/>\n<\/span><span style=\"font-weight: 400;\">(Some departures continue to Cedar City for the night)<\/span><span style=\"font-weight: 400;\"><br \/>\n<\/span><b>Accommodation: Comfort Inn Cedar City<\/b><\/span><\/p>\n<h3><span style=\"color: #333333;\"><b>Day 7 \u2013 ZION NATIONAL PARK \u2013 LAS VEGAS<\/b><\/span><\/h3>\n<p><span style=\"font-weight: 400; color: #333333;\">After breakfast, we head to Zion National Park. The park was named by the Mormons who settled in the area and claimed that visiting Zion was like a religious experience; the majesty of the mountains and the serenity of nature made them feel transported to another world. We\u2019ll tour the park and enjoy a short walking trail along the Virgin River, which runs through the park, before leaving this incredible area and arriving back in Las Vegas by early evening.<\/span><\/p>\n<table>\n<tbody>\n<tr>\n<td><span style=\"color: #333333;\"><b>Season<\/b><\/span><\/td>\n<td><span style=\"color: #333333;\"><b>Departures<\/b><\/span><\/td>\n<td><span style=\"color: #333333;\"><b>Category<\/b><\/span><\/td>\n<td><span style=\"color: #333333;\"><b>Children<\/b><\/span><\/td>\n<td><span style=\"color: #333333;\"><b>Double<\/b><\/span><\/td>\n<td><span style=\"color: #333333;\"><b>Triple<\/b><\/span><\/td>\n<td><span style=\"color: #333333;\"><b>Single<\/b><\/span><\/td>\n<\/tr>\n<tr>\n<td><span style=\"font-weight: 400; color: #333333;\">April 5 \u2013 October 25, 2025<\/span><\/td>\n<td><span style=\"font-weight: 400; color: #333333;\">Saturdays<\/span><\/td>\n<td><span style=\"font-weight: 400; color: #333333;\">Superior Tourist<\/span><\/td>\n<td><span style=\"font-weight: 400; color: #333333;\">$1,340<\/span><\/td>\n<td><span style=\"font-weight: 400; color: #333333;\">$1,700<\/span><\/td>\n<td><span style=\"font-weight: 400; color: #333333;\">$1,580<\/span><\/td>\n<td><span style=\"font-weight: 400; color: #333333;\">$2,400<\/span><\/td>\n<\/tr>\n<\/tbody>\n<\/table>\n<h3><\/h3>\n<p><span style=\"font-weight: 400; color: #333333;\">** Children under 12 years old sharing a room with 2 adults.<\/span><\/p>\n<p><span style=\"color: #333333;\"><b>Included Services:<\/b><\/span><\/p>\n<ul>\n<li style=\"font-weight: 400;\" aria-level=\"1\"><span style=\"font-weight: 400; color: #333333;\">6 nights of hotel accommodation with taxes and continental breakfast included.<\/span><\/li>\n<li style=\"font-weight: 400;\" aria-level=\"1\"><span style=\"font-weight: 400; color: #333333;\">Air-conditioned bus or minibus and professional tour guide.<\/span><\/li>\n<li style=\"font-weight: 400;\" aria-level=\"1\"><span style=\"font-weight: 400; color: #333333;\">Antelope Canyon tour with local Navajo guide.<\/span><\/li>\n<li style=\"font-weight: 400;\" aria-level=\"1\"><span style=\"font-weight: 400; color: #333333;\">Admission to Grand Canyon, Antelope Canyon, Bryce Canyon, Zion National Park, Monument Valley, Horseshoe Bend, Valley of Fire, and Jeep tour in Monument Valley.<\/span><\/li>\n<\/ul>\n<p><span style=\"color: #333333;\"><b>Not Included Services:<\/b><\/span><\/p>\n<ul>\n<li style=\"font-weight: 400;\" aria-level=\"1\"><span style=\"font-weight: 400; color: #333333;\">Personal expenses<\/span><\/li>\n<li style=\"font-weight: 400;\" aria-level=\"1\"><span style=\"font-weight: 400; color: #333333;\">Pre- or post-tour nights<\/span><\/li>\n<li style=\"font-weight: 400;\" aria-level=\"1\"><span style=\"font-weight: 400; color: #333333;\">Optional excursions or personal expenses<\/span><\/li>\n<li style=\"font-weight: 400;\" aria-level=\"1\"><span style=\"font-weight: 400; color: #333333;\">Any service not mentioned as included<\/span><\/li>\n<li style=\"font-weight: 400;\" aria-level=\"1\">\n<h3><span style=\"font-weight: 400; color: #333333;\">International flights<\/span><\/h3>\n<\/li>\n<\/ul>\n<p>&nbsp;<\/p>\n","protected":false},"excerpt":{"rendered":"<p><span style=\"font-weight: 400;\">Discover this Tour of Las Vegas and the Best of the West. Visit Sedona, Monument Valley, Horseshoe Bend, the Grand Canyon, and more. Book your adventure now!<\/span><\/p>\n","protected":false},"featured_media":104124,"comment_status":"open","ping_status":"closed","template":"","meta":{"_acf_changed":false,"_joinchat":[]},"product_brand":[],"product_cat":[1676],"product_tag":[],"class_list":{"0":"post-104123","1":"product","2":"type-product","3":"status-publish","4":"has-post-thumbnail","6":"product_cat-ee-uu","8":"first","9":"instock","10":"sold-individually","11":"shipping-taxable","12":"purchasable","13":"product-type-variable"},"acf":[],"yoast_head":"<!-- This site is optimized with the Yoast SEO Premium plugin v23.3 (Yoast SEO v27.4) - https:\/\/yoast.com\/product\/yoast-seo-premium-wordpress\/ -->\n<title>Las Vegas y lo mejor del Oeste: plan tur\u00edstico | Fundays Tours<\/title>\n<meta name=\"description\" content=\"Descubre Las Vegas y lo mejor del Oeste en un tour \u00fanico. Visita Sedona, Monument Valley, Horseshoe Bend, el Gran Ca\u00f1\u00f3n y m\u00e1s \u00a1Reserva tu aventura ya!\" \/>\n<meta name=\"robots\" content=\"index, follow, max-snippet:-1, max-image-preview:large, max-video-preview:-1\" \/>\n<link rel=\"canonical\" href=\"https:\/\/fundaystours.com\/en\/destinos\/tour-of-las-vegas-and-the-best-of-the-west-7-days\/\" \/>\n<meta property=\"og:locale\" content=\"en_US\" \/>\n<meta property=\"og:type\" content=\"article\" \/>\n<meta property=\"og:title\" content=\"Tour of Las Vegas and the Best of the West \u2013 7 Days\" \/>\n<meta property=\"og:description\" content=\"Descubre Las Vegas y lo mejor del Oeste en un tour \u00fanico. Visita Sedona, Monument Valley, Horseshoe Bend, el Gran Ca\u00f1\u00f3n y m\u00e1s \u00a1Reserva tu aventura ya!\" \/>\n<meta property=\"og:url\" content=\"https:\/\/fundaystours.com\/en\/destinos\/tour-of-las-vegas-and-the-best-of-the-west-7-days\/\" \/>\n<meta property=\"og:site_name\" content=\"Fundays Tours\" \/>\n<meta property=\"article:modified_time\" content=\"2025-12-23T16:29:02+00:00\" \/>\n<meta property=\"og:image\" content=\"https:\/\/fundaystours.com\/wp-content\/uploads\/2025\/01\/panoramica-las-vegas-noche.jpg\" \/>\n\t<meta property=\"og:image:width\" content=\"600\" \/>\n\t<meta property=\"og:image:height\" content=\"425\" \/>\n\t<meta property=\"og:image:type\" content=\"image\/jpeg\" \/>\n<meta name=\"twitter:card\" content=\"summary_large_image\" \/>\n<meta name=\"twitter:label1\" content=\"Est. reading time\" \/>\n\t<meta name=\"twitter:data1\" content=\"5 minutes\" \/>\n<script type=\"application\/ld+json\" class=\"yoast-schema-graph\">{\"@context\":\"https:\\\/\\\/schema.org\",\"@graph\":[{\"@type\":\"WebPage\",\"@id\":\"https:\\\/\\\/fundaystours.com\\\/en\\\/destinos\\\/tour-of-las-vegas-and-the-best-of-the-west-7-days\\\/\",\"url\":\"https:\\\/\\\/fundaystours.com\\\/en\\\/destinos\\\/tour-of-las-vegas-and-the-best-of-the-west-7-days\\\/\",\"name\":\"Las Vegas y lo mejor del Oeste: plan tur\u00edstico | Fundays Tours\",\"isPartOf\":{\"@id\":\"https:\\\/\\\/fundaystours.com\\\/en\\\/#website\"},\"primaryImageOfPage\":{\"@id\":\"https:\\\/\\\/fundaystours.com\\\/en\\\/destinos\\\/tour-of-las-vegas-and-the-best-of-the-west-7-days\\\/#primaryimage\"},\"image\":{\"@id\":\"https:\\\/\\\/fundaystours.com\\\/en\\\/destinos\\\/tour-of-las-vegas-and-the-best-of-the-west-7-days\\\/#primaryimage\"},\"thumbnailUrl\":\"https:\\\/\\\/fundaystours.com\\\/wp-content\\\/uploads\\\/2025\\\/01\\\/panoramica-las-vegas-noche.jpg\",\"datePublished\":\"2025-01-15T17:34:52+00:00\",\"dateModified\":\"2025-12-23T16:29:02+00:00\",\"description\":\"Descubre Las Vegas y lo mejor del Oeste en un tour \u00fanico. Visita Sedona, Monument Valley, Horseshoe Bend, el Gran Ca\u00f1\u00f3n y m\u00e1s \u00a1Reserva tu aventura ya!\",\"breadcrumb\":{\"@id\":\"https:\\\/\\\/fundaystours.com\\\/en\\\/destinos\\\/tour-of-las-vegas-and-the-best-of-the-west-7-days\\\/#breadcrumb\"},\"inLanguage\":\"en-US\",\"potentialAction\":[{\"@type\":\"ReadAction\",\"target\":[\"https:\\\/\\\/fundaystours.com\\\/en\\\/destinos\\\/tour-of-las-vegas-and-the-best-of-the-west-7-days\\\/\"]}]},{\"@type\":\"ImageObject\",\"inLanguage\":\"en-US\",\"@id\":\"https:\\\/\\\/fundaystours.com\\\/en\\\/destinos\\\/tour-of-las-vegas-and-the-best-of-the-west-7-days\\\/#primaryimage\",\"url\":\"https:\\\/\\\/fundaystours.com\\\/wp-content\\\/uploads\\\/2025\\\/01\\\/panoramica-las-vegas-noche.jpg\",\"contentUrl\":\"https:\\\/\\\/fundaystours.com\\\/wp-content\\\/uploads\\\/2025\\\/01\\\/panoramica-las-vegas-noche.jpg\",\"width\":600,\"height\":425,\"caption\":\"Las vegas de noche, hoteles, casinos y turismo, Nevada\"},{\"@type\":\"BreadcrumbList\",\"@id\":\"https:\\\/\\\/fundaystours.com\\\/en\\\/destinos\\\/tour-of-las-vegas-and-the-best-of-the-west-7-days\\\/#breadcrumb\",\"itemListElement\":[{\"@type\":\"ListItem\",\"position\":1,\"name\":\"Home\",\"item\":\"https:\\\/\\\/fundaystours.com\\\/en\\\/\"},{\"@type\":\"ListItem\",\"position\":2,\"name\":\"Destinations\",\"item\":\"https:\\\/\\\/fundaystours.com\\\/destinations\\\/\"},{\"@type\":\"ListItem\",\"position\":3,\"name\":\"EE.UU\",\"item\":\"https:\\\/\\\/fundaystours.com\\\/en\\\/product-category\\\/ee-uu\\\/\"},{\"@type\":\"ListItem\",\"position\":4,\"name\":\"Tour of Las Vegas and the Best of the West \u2013 7 Days\"}]},{\"@type\":\"WebSite\",\"@id\":\"https:\\\/\\\/fundaystours.com\\\/en\\\/#website\",\"url\":\"https:\\\/\\\/fundaystours.com\\\/en\\\/\",\"name\":\"Fundays Tours\",\"description\":\"\",\"publisher\":{\"@id\":\"https:\\\/\\\/fundaystours.com\\\/en\\\/#organization\"},\"potentialAction\":[{\"@type\":\"SearchAction\",\"target\":{\"@type\":\"EntryPoint\",\"urlTemplate\":\"https:\\\/\\\/fundaystours.com\\\/en\\\/?s={search_term_string}\"},\"query-input\":{\"@type\":\"PropertyValueSpecification\",\"valueRequired\":true,\"valueName\":\"search_term_string\"}}],\"inLanguage\":\"en-US\"},{\"@type\":\"Organization\",\"@id\":\"https:\\\/\\\/fundaystours.com\\\/en\\\/#organization\",\"name\":\"Fundays Tours\",\"url\":\"https:\\\/\\\/fundaystours.com\\\/en\\\/\",\"logo\":{\"@type\":\"ImageObject\",\"inLanguage\":\"en-US\",\"@id\":\"https:\\\/\\\/fundaystours.com\\\/en\\\/#\\\/schema\\\/logo\\\/image\\\/\",\"url\":\"https:\\\/\\\/fundaystours.com\\\/wp-content\\\/uploads\\\/2023\\\/12\\\/logo-fundays-tours-2.png\",\"contentUrl\":\"https:\\\/\\\/fundaystours.com\\\/wp-content\\\/uploads\\\/2023\\\/12\\\/logo-fundays-tours-2.png\",\"width\":230,\"height\":50,\"caption\":\"Fundays Tours\"},\"image\":{\"@id\":\"https:\\\/\\\/fundaystours.com\\\/en\\\/#\\\/schema\\\/logo\\\/image\\\/\"}}]}<\/script>\n<!-- \/ Yoast SEO Premium plugin. -->","yoast_head_json":{"title":"Las Vegas y lo mejor del Oeste: plan tur\u00edstico | Fundays Tours","description":"Descubre Las Vegas y lo mejor del Oeste en un tour \u00fanico. Visita Sedona, Monument Valley, Horseshoe Bend, el Gran Ca\u00f1\u00f3n y m\u00e1s \u00a1Reserva tu aventura ya!","robots":{"index":"index","follow":"follow","max-snippet":"max-snippet:-1","max-image-preview":"max-image-preview:large","max-video-preview":"max-video-preview:-1"},"canonical":"https:\/\/fundaystours.com\/en\/destinos\/tour-of-las-vegas-and-the-best-of-the-west-7-days\/","og_locale":"en_US","og_type":"article","og_title":"Tour of Las Vegas and the Best of the West \u2013 7 Days","og_description":"Descubre Las Vegas y lo mejor del Oeste en un tour \u00fanico. Visita Sedona, Monument Valley, Horseshoe Bend, el Gran Ca\u00f1\u00f3n y m\u00e1s \u00a1Reserva tu aventura ya!","og_url":"https:\/\/fundaystours.com\/en\/destinos\/tour-of-las-vegas-and-the-best-of-the-west-7-days\/","og_site_name":"Fundays Tours","article_modified_time":"2025-12-23T16:29:02+00:00","og_image":[{"width":600,"height":425,"url":"https:\/\/fundaystours.com\/wp-content\/uploads\/2025\/01\/panoramica-las-vegas-noche.jpg","type":"image\/jpeg"}],"twitter_card":"summary_large_image","twitter_misc":{"Est. reading time":"5 minutes"},"schema":{"@context":"https:\/\/schema.org","@graph":[{"@type":"WebPage","@id":"https:\/\/fundaystours.com\/en\/destinos\/tour-of-las-vegas-and-the-best-of-the-west-7-days\/","url":"https:\/\/fundaystours.com\/en\/destinos\/tour-of-las-vegas-and-the-best-of-the-west-7-days\/","name":"Las Vegas y lo mejor del Oeste: plan tur\u00edstico | Fundays Tours","isPartOf":{"@id":"https:\/\/fundaystours.com\/en\/#website"},"primaryImageOfPage":{"@id":"https:\/\/fundaystours.com\/en\/destinos\/tour-of-las-vegas-and-the-best-of-the-west-7-days\/#primaryimage"},"image":{"@id":"https:\/\/fundaystours.com\/en\/destinos\/tour-of-las-vegas-and-the-best-of-the-west-7-days\/#primaryimage"},"thumbnailUrl":"https:\/\/fundaystours.com\/wp-content\/uploads\/2025\/01\/panoramica-las-vegas-noche.jpg","datePublished":"2025-01-15T17:34:52+00:00","dateModified":"2025-12-23T16:29:02+00:00","description":"Descubre Las Vegas y lo mejor del Oeste en un tour \u00fanico. Visita Sedona, Monument Valley, Horseshoe Bend, el Gran Ca\u00f1\u00f3n y m\u00e1s \u00a1Reserva tu aventura ya!","breadcrumb":{"@id":"https:\/\/fundaystours.com\/en\/destinos\/tour-of-las-vegas-and-the-best-of-the-west-7-days\/#breadcrumb"},"inLanguage":"en-US","potentialAction":[{"@type":"ReadAction","target":["https:\/\/fundaystours.com\/en\/destinos\/tour-of-las-vegas-and-the-best-of-the-west-7-days\/"]}]},{"@type":"ImageObject","inLanguage":"en-US","@id":"https:\/\/fundaystours.com\/en\/destinos\/tour-of-las-vegas-and-the-best-of-the-west-7-days\/#primaryimage","url":"https:\/\/fundaystours.com\/wp-content\/uploads\/2025\/01\/panoramica-las-vegas-noche.jpg","contentUrl":"https:\/\/fundaystours.com\/wp-content\/uploads\/2025\/01\/panoramica-las-vegas-noche.jpg","width":600,"height":425,"caption":"Las vegas de noche, hoteles, casinos y turismo, Nevada"},{"@type":"BreadcrumbList","@id":"https:\/\/fundaystours.com\/en\/destinos\/tour-of-las-vegas-and-the-best-of-the-west-7-days\/#breadcrumb","itemListElement":[{"@type":"ListItem","position":1,"name":"Home","item":"https:\/\/fundaystours.com\/en\/"},{"@type":"ListItem","position":2,"name":"Destinations","item":"https:\/\/fundaystours.com\/destinations\/"},{"@type":"ListItem","position":3,"name":"EE.UU","item":"https:\/\/fundaystours.com\/en\/product-category\/ee-uu\/"},{"@type":"ListItem","position":4,"name":"Tour of Las Vegas and the Best of the West \u2013 7 Days"}]},{"@type":"WebSite","@id":"https:\/\/fundaystours.com\/en\/#website","url":"https:\/\/fundaystours.com\/en\/","name":"Fundays Tours","description":"","publisher":{"@id":"https:\/\/fundaystours.com\/en\/#organization"},"potentialAction":[{"@type":"SearchAction","target":{"@type":"EntryPoint","urlTemplate":"https:\/\/fundaystours.com\/en\/?s={search_term_string}"},"query-input":{"@type":"PropertyValueSpecification","valueRequired":true,"valueName":"search_term_string"}}],"inLanguage":"en-US"},{"@type":"Organization","@id":"https:\/\/fundaystours.com\/en\/#organization","name":"Fundays Tours","url":"https:\/\/fundaystours.com\/en\/","logo":{"@type":"ImageObject","inLanguage":"en-US","@id":"https:\/\/fundaystours.com\/en\/#\/schema\/logo\/image\/","url":"https:\/\/fundaystours.com\/wp-content\/uploads\/2023\/12\/logo-fundays-tours-2.png","contentUrl":"https:\/\/fundaystours.com\/wp-content\/uploads\/2023\/12\/logo-fundays-tours-2.png","width":230,"height":50,"caption":"Fundays Tours"},"image":{"@id":"https:\/\/fundaystours.com\/en\/#\/schema\/logo\/image\/"}}]}},"_links":{"self":[{"href":"https:\/\/fundaystours.com\/en\/wp-json\/wp\/v2\/product\/104123","targetHints":{"allow":["GET"]}}],"collection":[{"href":"https:\/\/fundaystours.com\/en\/wp-json\/wp\/v2\/product"}],"about":[{"href":"https:\/\/fundaystours.com\/en\/wp-json\/wp\/v2\/types\/product"}],"replies":[{"embeddable":true,"href":"https:\/\/fundaystours.com\/en\/wp-json\/wp\/v2\/comments?post=104123"}],"wp:featuredmedia":[{"embeddable":true,"href":"https:\/\/fundaystours.com\/en\/wp-json\/wp\/v2\/media\/104124"}],"wp:attachment":[{"href":"https:\/\/fundaystours.com\/en\/wp-json\/wp\/v2\/media?parent=104123"}],"wp:term":[{"taxonomy":"product_brand","embeddable":true,"href":"https:\/\/fundaystours.com\/en\/wp-json\/wp\/v2\/product_brand?post=104123"},{"taxonomy":"product_cat","embeddable":true,"href":"https:\/\/fundaystours.com\/en\/wp-json\/wp\/v2\/product_cat?post=104123"},{"taxonomy":"product_tag","embeddable":true,"href":"https:\/\/fundaystours.com\/en\/wp-json\/wp\/v2\/product_tag?post=104123"}],"curies":[{"name":"wp","href":"https:\/\/api.w.org\/{rel}","templated":true}]}}