{"id":104082,"date":"2025-01-23T10:21:42","date_gmt":"2025-01-23T15:21:42","guid":{"rendered":"https:\/\/fundaystours.com\/?post_type=product&#038;p=104082"},"modified":"2026-03-27T12:34:52","modified_gmt":"2026-03-27T16:34:52","slug":"rio-de-janeiro-and-sao-paulo-wonders-of-brazil","status":"publish","type":"product","link":"https:\/\/fundaystours.com\/en\/destinos\/rio-de-janeiro-and-sao-paulo-wonders-of-brazil\/","title":{"rendered":"Rio de Janeiro and S\u00e3o Paulo \u2013 Wonders of Brazil"},"content":{"rendered":"<p><span style=\"color: #333333;\"><b>January 2 to December 20, 2025 \u2013 Daily Departures<\/b><\/span><\/p>\n<h2><span style=\"color: #333333;\"><b>Day 1 \u2013 Rio de Janeiro<\/b><\/span><\/h2>\n<p><span style=\"font-weight: 400; color: #333333;\">Begin your Brazil adventure with a unique experience. Arrival at Rio de Janeiro International Airport (GIG). Meet and greet by our staff and transfer to the selected hotel. Free day at leisure. Accommodation.<\/span><\/p>\n<h2><span style=\"color: #333333;\"><b>Day 2 \u2013 Rio de Janeiro<\/b><\/span><\/h2>\n<p><span style=\"font-weight: 400; color: #333333;\">Buffet breakfast served at the hotel restaurant. Today we\u2019ll take a full city tour. We depart the hotel to visit the most famous landmarks of the city and admire Rio&#8217;s natural beauty from atop Corcovado. After a panoramic drive, we reach the point to ascend Corcovado by van. At the summit, enjoy a stunning panoramic view of the \u201cMarvelous City.\u201d<\/span><\/p>\n<p><span style=\"font-weight: 400; color: #333333;\">This tour also includes a panoramic visit through the Sambadrome (outside view), the Metropolitan Cathedral, Maracan\u00e3 Stadium (outside view), and the colorful Selar\u00f3n Steps. A buffet lunch is included (drinks and dessert not included). After lunch, we continue our tour to enjoy incredible views from the top of Sugarloaf Mountain. The first cable car ascends to Urca Hill, standing 215 meters above sea level and offering spectacular views of the bay and nearby islands.<\/span><\/p>\n<p><span style=\"font-weight: 400; color: #333333;\">From Urca Hill, a second cable car takes us to the top of Sugarloaf Mountain at 395 meters above sea level, offering a 360-degree view of the city. The tour also includes a panoramic view of the Southern Zone beaches. Return to the hotel. Accommodation.<\/span><\/p>\n<h2><span style=\"color: #333333;\"><b>Day 3 \u2013 Rio de Janeiro<\/b><\/span><\/h2>\n<p><span style=\"font-weight: 400; color: #333333;\">Buffet breakfast served at the hotel. Day at leisure. As an optional tour, we recommend visiting the Imperial City of Petr\u00f3polis to learn more about Brazil\u2019s history, taking a walking city tour of downtown Rio, exploring a favela with an educational perspective, visiting the Botanical Garden and Tijuca Forest, or exploring the city\u2019s new attractions. Free evening. Accommodation.<\/span><\/p>\n<h2><span style=\"color: #333333;\"><b>Day 4 \u2013 Rio de Janeiro \u2013 S\u00e3o Paulo<\/b><\/span><\/h2>\n<p><span style=\"color: #333333;\"><span style=\"font-weight: 400;\">(<\/span><b>FLIGHT NOT INCLUDED<\/b><span style=\"font-weight: 400;\">) Buffet breakfast served at the hotel. Transfer to Rio de Janeiro Airport. Flight to S\u00e3o Paulo. Upon arrival at S\u00e3o Paulo International Airport, meet and greet by our staff and transfer to the selected hotel. Accommodation.<\/span><\/span><\/p>\n<h2><span style=\"color: #333333;\"><b>Day 5 \u2013 S\u00e3o Paulo<\/b><\/span><\/h2>\n<p><span style=\"font-weight: 400; color: #333333;\">Today we\u2019ll explore S\u00e3o Paulo on a private half-day tour visiting the most important landmarks and uncovering some of the city\u2019s secrets. We begin at \u201cEsta\u00e7\u00e3o da Luz,\u201d a train station inaugurated in 1867 and known for its stunning architecture. Then we\u2019ll visit \u201cTerra\u00e7o It\u00e1lia,\u201d one of the most beautiful buildings in the historic downtown; followed by the Municipal Theater, Banespa Building, P\u00e1tio do Col\u00e9gio, and the S\u00e3o Paulo Cathedral.<\/span><\/p>\n<p><span style=\"font-weight: 400; color: #333333;\">The tour continues to the neighborhood of Liberdade, home to the largest Japanese community in Brazil, decorated with typical ornaments. Then we head to S\u00e3o Paulo\u2019s financial center along Paulista Avenue, where modern buildings such as the MASP (S\u00e3o Paulo Museum of Art) are located. We finish the tour at Ibirapuera Park, inaugurated in 1954 and considered one of the city\u2019s most important parks. Return to the hotel. Free time. Accommodation.<\/span><\/p>\n<h2><span style=\"color: #333333;\"><b>Day 6 \u2013 S\u00e3o Paulo<\/b><\/span><\/h2>\n<p><span style=\"font-weight: 400; color: #333333;\">Breakfast. At the appropriate time, transfer to the airport.<\/span><\/p>\n<p><span style=\"color: #333333;\"><b><i>End of services<\/i><\/b><\/span><\/p>\n<table>\n<thead>\n<tr>\n<th>SEASON<\/th>\n<th>CATEGORY<\/th>\n<th>DEPARTURES<\/th>\n<th>DBL<\/th>\n<th>SGL<\/th>\n<\/tr>\n<\/thead>\n<tbody>\n<tr>\n<td>JANUARY 2 \u2013 DECEMBER 25, 2026<\/td>\n<td>4*<\/td>\n<td>DAILY<\/td>\n<td>USD 1,255.00<\/td>\n<td>USD 2,185.00<\/td>\n<\/tr>\n<tr>\n<td>JANUARY 2 \u2013 DECEMBER 25, 2026<\/td>\n<td>4* SUP<\/td>\n<td>DAILY<\/td>\n<td>USD 1,379.00<\/td>\n<td>USD 2,459.00<\/td>\n<\/tr>\n<tr>\n<td>JANUARY 2 \u2013 DECEMBER 25, 2026<\/td>\n<td>5*<\/td>\n<td>DAILY<\/td>\n<td>USD 1,799.00<\/td>\n<td>USD 3,209.00<\/td>\n<\/tr>\n<\/tbody>\n<\/table>\n<p><span style=\"color: #333333;\"><b>Rate valid from January 2, 2026, to December 20, 2026. (Except Carnival \u2013 New Year \u2013 Easter \u2013 Holidays and Major Event Dates)<\/b><\/span><\/p>\n<h2><span style=\"color: #333333;\"><b>IMPORTANT NOTES<\/b><\/span><\/h2>\n<p><span style=\"color: #333333;\"><b>CHILD POLICY (CHD):<\/b><span style=\"font-weight: 400;\"><br \/>\n<\/span><span style=\"font-weight: 400;\">1 child up to 8 years old stays free when sharing the same room and bed with parents.<\/span><span style=\"font-weight: 400;\"><br \/>\n<\/span><b>NOTICE:<\/b><span style=\"font-weight: 400;\"><br \/>\n<\/span><span style=\"font-weight: 400;\">Even when free at the hotel, the CHD must pay for services \u2013 USD 430<\/span><\/span><\/p>\n<p><span style=\"color: #333333;\"><b>INCLUDED SERVICES<\/b><\/span><\/p>\n<h3><span style=\"color: #333333;\"><b>RIO DE JANEIRO<\/b><\/span><\/h3>\n<ul>\n<li style=\"font-weight: 400;\" aria-level=\"1\"><span style=\"font-weight: 400; color: #333333;\">Transfer from Rio de Janeiro Airport GIG \/ Hotel \/ Rio de Janeiro Airport GIG.<\/span><\/li>\n<li style=\"font-weight: 400;\" aria-level=\"1\"><span style=\"font-weight: 400; color: #333333;\">Full-day tour to Corcovado by van and Sugarloaf with lunch and bilingual Spanish-English guide. Beverages not included.<\/span><\/li>\n<li style=\"font-weight: 400;\" aria-level=\"1\"><span style=\"font-weight: 400; color: #333333;\">3 nights of accommodation in a standard room with breakfast and mandatory taxes included.<\/span><\/li>\n<\/ul>\n<p><span style=\"color: #333333;\"><b>S\u00c3O PAULO<\/b><\/span><\/p>\n<ul>\n<li style=\"font-weight: 400;\" aria-level=\"1\"><span style=\"font-weight: 400; color: #333333;\">Transfer from S\u00e3o Paulo Airport GRU \u2013 CGH \/ Hotel \/ S\u00e3o Paulo Airport GRU \u2013 CGH.<\/span><\/li>\n<li style=\"font-weight: 400;\" aria-level=\"1\"><span style=\"font-weight: 400; color: #333333;\">Private HD S\u00e3o Paulo City Tour with bilingual Spanish-English guide.<\/span><\/li>\n<li style=\"font-weight: 400;\" aria-level=\"1\"><span style=\"font-weight: 400; color: #333333;\">2 nights of accommodation in a standard room with breakfast and mandatory taxes included.<\/span><\/li>\n<li style=\"font-weight: 400;\" aria-level=\"1\"><span style=\"font-weight: 400; color: #333333;\">Medical assistance for travelers under 70 years old (surcharge applies for travelers over 71).<\/span><\/li>\n<\/ul>\n<h3><span style=\"color: #333333;\"><b>NOT INCLUDED<\/b><\/span><\/h3>\n<ul>\n<li style=\"font-weight: 400;\" aria-level=\"1\"><span style=\"font-weight: 400; color: #333333;\">International flights<\/span><\/li>\n<li style=\"font-weight: 400;\" aria-level=\"1\"><span style=\"font-weight: 400; color: #333333;\">Flight from Rio de Janeiro to S\u00e3o Paulo<\/span><\/li>\n<li style=\"font-weight: 400;\" aria-level=\"1\"><span style=\"font-weight: 400; color: #333333;\">Medical service<\/span><\/li>\n<li style=\"font-weight: 400;\" aria-level=\"1\"><span style=\"font-weight: 400; color: #333333;\">Breakfast on check-in day<\/span><\/li>\n<li style=\"font-weight: 400;\" aria-level=\"1\"><span style=\"font-weight: 400; color: #333333;\">Tips<\/span><\/li>\n<li style=\"font-weight: 400;\" aria-level=\"1\"><span style=\"font-weight: 400; color: #333333;\">Entrance fees to national parks<\/span><\/li>\n<li style=\"font-weight: 400;\" aria-level=\"1\"><span style=\"font-weight: 400; color: #333333;\">Optional tours<\/span><\/li>\n<li style=\"font-weight: 400;\" aria-level=\"1\"><span style=\"font-weight: 400; color: #333333;\">Personal expenses<\/span><\/li>\n<\/ul>\n<h2><span style=\"color: #333333;\"><b>OPTIONAL TOURS<\/b><\/span><\/h2>\n<h4><span style=\"color: #333333;\"><b>RIO DE JANEIRO<\/b><\/span><\/h4>\n<h4><span style=\"color: #333333;\"><b>ROXY DINNER SHOW \u2013 USD 215 per person (min. 2 people)<\/b><\/span><\/h4>\n<p><span style=\"font-weight: 400; color: #333333;\">Enjoy a unique dinner show experience at Roxy. Immerse yourself in the vibrant culture of Brazil with the performance &#8220;Esse Abra\u00e7o&#8221;! The show honors Brazil\u2019s gastronomic and cultural diversity through folklore, stories, and regional energy\u2014blending music, flavors, dance, and emotion. Stunning performances with captivating choreography and soundtrack, paired with a dinner by chef Danilo Parah. The menu highlights regional Brazilian cuisine. Join this magical journey in Copacabana. Drinks not included. Open Thursday to Sunday from 6:00 PM to 11:00 PM.<\/span><\/p>\n<h4><span style=\"color: #333333;\"><b>PETR\u00d3POLIS TOUR \u2013 USD 75 per person (min. 2 people)<\/b><\/span><\/h4>\n<p><span style=\"font-weight: 400; color: #333333;\">Discover Brazil\u2019s Imperial History through a city full of architecture, monuments, the Neo-Gothic Cathedral, Imperial Mausoleum, and Palaces. Also visit the Imperial Museum, the House of Santos Dumont (entrance not included), the Flower Clock, and the traditional chocolate shop. Includes lunch. Operates on Tuesdays, Thursdays, and Saturdays.<\/span><\/p>\n<h4><span style=\"color: #333333;\"><b>CARIOCA FOOTBALL TOUR \u2013 USD 160 per person (min. 2 people)<\/b><\/span><\/h4>\n<p><span style=\"color: #333333;\"><span style=\"font-weight: 400;\">Shared regular tour departing from hotels in Leme, Copacabana, Ipanema, Leblon, and S\u00e3o Conrado to Maracan\u00e3 Stadium. Discover the backstage of Brazil\u2019s most iconic stadium, including historical memorabilia, locker rooms, warm-up areas, press room, and sidelines.<\/span><span style=\"font-weight: 400;\"><br \/>\n<\/span><span style=\"font-weight: 400;\">Then visit Tour da G\u00e1vea with Flamengo\u2019s greatest memories, trophies, and a replica of the 1981 Intercontinental Cup (World Cup) locker room. Operates Tuesday to Saturday (4h).<\/span><\/span><\/p>\n<h4><span style=\"color: #333333;\"><b>ROCINHA FAVELA TOUR \u2013 USD 55 per person (min. 2 people)<\/b><\/span><\/h4>\n<p><span style=\"color: #333333;\"><span style=\"font-weight: 400;\">An educational and socially responsible experience offering deeper insight into Rio\u2019s urban reality. This tour explores daily life in Rocinha. Visit a terrace with panoramic views, discuss local infrastructure and safety, and explore the vibrant commercial area.<\/span><span style=\"font-weight: 400;\"><br \/>\n<\/span><span style=\"font-weight: 400;\">Learn about local services, architecture, and carnival culture. Visit Vila Canoas, navigate narrow alleys, and optionally stop for a drink at a local bar.<\/span><\/span><\/p>\n<h4><span style=\"color: #333333;\"><b>CARNIVAL EXPERIENCE TOUR \u2013 USD 90 per person (min. 2 people)<\/b><\/span><\/h4>\n<p><span style=\"font-weight: 400; color: #333333;\">Shared regular tour to Cidade do Samba to learn about Brazil\u2019s greatest popular celebration. Visit the Grande Rio warehouse, learn about Carnival history, see costumes, and enjoy a samba class with a school expert, plus a traditional Caipirinha cocktail. Operates daily.<\/span><\/p>\n<h4><span style=\"color: #333333;\"><b>TROPICAL PARADISE &amp; TELEGRAPH STONE TRAIL \u2013 USD 75 per person (min. 2 people)<\/b><\/span><\/h4>\n<p><span style=\"font-weight: 400; color: #333333;\">For nature and photography lovers. Located in Barra da Tijuca, the Telegraph Stone offers amazing ocean and mountain views and optical illusion photo opportunities. Jeep ride along the coast, 50-minute nature hike to the summit, and stunning photo ops await.<\/span><\/p>\n<h4><span style=\"color: #333333;\"><b>B\u00daZIOS TOUR WITH BOAT RIDE &amp; LUNCH \u2013 USD 90 per person (min. 2 people)<\/b><\/span><\/h4>\n<p><span style=\"font-weight: 400; color: #333333;\">Depart from Rio hotels and cross the Rio\u2013Niter\u00f3i bridge to Arma\u00e7\u00e3o dos B\u00fazios. This 8-km-long peninsula with 23 beaches gained fame after French actress Brigitte Bardot\u2019s visit in 1964. Visit Turtle Beach, Jo\u00e3o Fernandes, Azeda &amp; Azedinha. Boat ride and lunch buffet included. 1h of free time to explore Rua das Pedras in downtown B\u00fazios. Return to Rio.<\/span><\/p>\n<h4><span style=\"color: #333333;\"><b>ANGRA DOS REIS TOUR WITH BOAT RIDE &amp; LUNCH \u2013 USD 80 per person (min. 2 people)<\/b><\/span><\/h4>\n<p><span style=\"font-weight: 400; color: #333333;\">Shared regular tour from Rio hotels to Angra dos Reis. Boat trip to explore Brazil\u2019s beautiful islands: Lagoa Azul, Freguesia de Santana, Ara\u00e7\u00e1 or Baleia Beach, and Japariz. Includes buffet lunch at a beachfront restaurant. Return to the pier and to Rio.<\/span><\/p>\n<p><span style=\"color: #333333;\"><b>RECOMMENDATIONS<\/b><\/span><\/p>\n<ul>\n<li style=\"font-weight: 400;\" aria-level=\"1\"><span style=\"font-weight: 400; color: #333333;\">Wear light and comfortable clothing<\/span><\/li>\n<li style=\"font-weight: 400;\" aria-level=\"1\"><span style=\"font-weight: 400; color: #333333;\">Bring sunscreen<\/span><\/li>\n<li style=\"font-weight: 400;\" aria-level=\"1\"><span style=\"font-weight: 400; color: #333333;\">Use hats and sunglasses<\/span><\/li>\n<li style=\"font-weight: 400;\" aria-level=\"1\"><span style=\"font-weight: 400; color: #333333;\">Bring insect repellent<\/span><\/li>\n<li style=\"font-weight: 400;\" aria-level=\"1\"><span style=\"font-weight: 400; color: #333333;\">Check the weather forecast<\/span><\/li>\n<\/ul>\n","protected":false},"excerpt":{"rendered":"<p>Experience a Unique Tour of Brazil in Rio de Janeiro and S\u00e3o Paulo. Discover Corcovado, Sugarloaf Mountain, and much more. Book now and don&#8217;t miss this unforgettable experience! A perfectly crafted itinerary that blends nature, history, and urban life in two of South America&#8217;s most fascinating cities.<\/p>\n","protected":false},"featured_media":104083,"comment_status":"open","ping_status":"closed","template":"","meta":{"_acf_changed":false,"_joinchat":[]},"product_brand":[],"product_cat":[1684],"product_tag":[],"class_list":{"0":"post-104082","1":"product","2":"type-product","3":"status-publish","4":"has-post-thumbnail","6":"product_cat-south-america","8":"first","9":"instock","10":"sold-individually","11":"shipping-taxable","12":"purchasable","13":"product-type-variable"},"acf":[],"yoast_head":"<!-- This site is optimized with the Yoast SEO Premium plugin v23.3 (Yoast SEO v27.4) - https:\/\/yoast.com\/product\/yoast-seo-premium-wordpress\/ -->\n<title>Tour por Brasil: plan R\u00edo de Janeiro y Sao Paulo | Fundays tours<\/title>\n<meta name=\"description\" content=\"Vive un tour por Brasil \u00fanico en R\u00edo de Janeiro y Sao Paulo. Explora el Corcovado, Pan de Az\u00facar y m\u00e1s \u00a1Reserva ahora y no te pierdas esta experiencia!\" \/>\n<meta name=\"robots\" content=\"index, follow, max-snippet:-1, max-image-preview:large, max-video-preview:-1\" \/>\n<link rel=\"canonical\" href=\"https:\/\/fundaystours.com\/en\/destinos\/rio-de-janeiro-and-sao-paulo-wonders-of-brazil\/\" \/>\n<meta property=\"og:locale\" content=\"en_US\" \/>\n<meta property=\"og:type\" content=\"article\" \/>\n<meta property=\"og:title\" content=\"Tour por R\u00edo de Janeiro y Sao Paulo | Fundays tours\" \/>\n<meta property=\"og:description\" content=\"Explora el Corcovado, Pan de Az\u00facar y m\u00e1s \u00a1Reserva esta experiencia!\" \/>\n<meta property=\"og:url\" content=\"https:\/\/fundaystours.com\/en\/destinos\/rio-de-janeiro-and-sao-paulo-wonders-of-brazil\/\" \/>\n<meta property=\"og:site_name\" content=\"Fundays Tours\" \/>\n<meta property=\"article:modified_time\" content=\"2026-03-27T16:34:52+00:00\" \/>\n<meta property=\"og:image\" content=\"https:\/\/fundaystours.com\/wp-content\/uploads\/2025\/01\/cristo-redentor-rio-janeiro.jpg\" \/>\n\t<meta property=\"og:image:width\" content=\"600\" \/>\n\t<meta property=\"og:image:height\" content=\"425\" \/>\n\t<meta property=\"og:image:type\" content=\"image\/jpeg\" \/>\n<meta name=\"twitter:card\" content=\"summary_large_image\" \/>\n<meta name=\"twitter:title\" content=\"Rio de Janeiro and S\u00e3o Paulo \u2013 Wonders of Brazil\" \/>\n<meta name=\"twitter:label1\" content=\"Est. reading time\" \/>\n\t<meta name=\"twitter:data1\" content=\"7 minutes\" \/>\n<script type=\"application\/ld+json\" class=\"yoast-schema-graph\">{\"@context\":\"https:\\\/\\\/schema.org\",\"@graph\":[{\"@type\":\"WebPage\",\"@id\":\"https:\\\/\\\/fundaystours.com\\\/en\\\/destinos\\\/rio-de-janeiro-and-sao-paulo-wonders-of-brazil\\\/\",\"url\":\"https:\\\/\\\/fundaystours.com\\\/en\\\/destinos\\\/rio-de-janeiro-and-sao-paulo-wonders-of-brazil\\\/\",\"name\":\"Tour por Brasil: plan R\u00edo de Janeiro y Sao Paulo | Fundays tours\",\"isPartOf\":{\"@id\":\"https:\\\/\\\/fundaystours.com\\\/en\\\/#website\"},\"primaryImageOfPage\":{\"@id\":\"https:\\\/\\\/fundaystours.com\\\/en\\\/destinos\\\/rio-de-janeiro-and-sao-paulo-wonders-of-brazil\\\/#primaryimage\"},\"image\":{\"@id\":\"https:\\\/\\\/fundaystours.com\\\/en\\\/destinos\\\/rio-de-janeiro-and-sao-paulo-wonders-of-brazil\\\/#primaryimage\"},\"thumbnailUrl\":\"https:\\\/\\\/fundaystours.com\\\/wp-content\\\/uploads\\\/2025\\\/01\\\/cristo-redentor-rio-janeiro.jpg\",\"datePublished\":\"2025-01-23T15:21:42+00:00\",\"dateModified\":\"2026-03-27T16:34:52+00:00\",\"description\":\"Vive un tour por Brasil \u00fanico en R\u00edo de Janeiro y Sao Paulo. Explora el Corcovado, Pan de Az\u00facar y m\u00e1s \u00a1Reserva ahora y no te pierdas esta experiencia!\",\"breadcrumb\":{\"@id\":\"https:\\\/\\\/fundaystours.com\\\/en\\\/destinos\\\/rio-de-janeiro-and-sao-paulo-wonders-of-brazil\\\/#breadcrumb\"},\"inLanguage\":\"en-US\",\"potentialAction\":[{\"@type\":\"ReadAction\",\"target\":[\"https:\\\/\\\/fundaystours.com\\\/en\\\/destinos\\\/rio-de-janeiro-and-sao-paulo-wonders-of-brazil\\\/\"]}]},{\"@type\":\"ImageObject\",\"inLanguage\":\"en-US\",\"@id\":\"https:\\\/\\\/fundaystours.com\\\/en\\\/destinos\\\/rio-de-janeiro-and-sao-paulo-wonders-of-brazil\\\/#primaryimage\",\"url\":\"https:\\\/\\\/fundaystours.com\\\/wp-content\\\/uploads\\\/2025\\\/01\\\/cristo-redentor-rio-janeiro.jpg\",\"contentUrl\":\"https:\\\/\\\/fundaystours.com\\\/wp-content\\\/uploads\\\/2025\\\/01\\\/cristo-redentor-rio-janeiro.jpg\",\"width\":600,\"height\":425,\"caption\":\"La monta\u00f1a pan de az\u00facar, Cristo redentor, la bah\u00eda de Guanabara.\"},{\"@type\":\"BreadcrumbList\",\"@id\":\"https:\\\/\\\/fundaystours.com\\\/en\\\/destinos\\\/rio-de-janeiro-and-sao-paulo-wonders-of-brazil\\\/#breadcrumb\",\"itemListElement\":[{\"@type\":\"ListItem\",\"position\":1,\"name\":\"Home\",\"item\":\"https:\\\/\\\/fundaystours.com\\\/en\\\/\"},{\"@type\":\"ListItem\",\"position\":2,\"name\":\"Destinations\",\"item\":\"https:\\\/\\\/fundaystours.com\\\/destinations\\\/\"},{\"@type\":\"ListItem\",\"position\":3,\"name\":\"South America\",\"item\":\"https:\\\/\\\/fundaystours.com\\\/en\\\/product-category\\\/south-america\\\/\"},{\"@type\":\"ListItem\",\"position\":4,\"name\":\"Rio de Janeiro and S\u00e3o Paulo \u2013 Wonders of Brazil\"}]},{\"@type\":\"WebSite\",\"@id\":\"https:\\\/\\\/fundaystours.com\\\/en\\\/#website\",\"url\":\"https:\\\/\\\/fundaystours.com\\\/en\\\/\",\"name\":\"Fundays Tours\",\"description\":\"\",\"publisher\":{\"@id\":\"https:\\\/\\\/fundaystours.com\\\/en\\\/#organization\"},\"potentialAction\":[{\"@type\":\"SearchAction\",\"target\":{\"@type\":\"EntryPoint\",\"urlTemplate\":\"https:\\\/\\\/fundaystours.com\\\/en\\\/?s={search_term_string}\"},\"query-input\":{\"@type\":\"PropertyValueSpecification\",\"valueRequired\":true,\"valueName\":\"search_term_string\"}}],\"inLanguage\":\"en-US\"},{\"@type\":\"Organization\",\"@id\":\"https:\\\/\\\/fundaystours.com\\\/en\\\/#organization\",\"name\":\"Fundays Tours\",\"url\":\"https:\\\/\\\/fundaystours.com\\\/en\\\/\",\"logo\":{\"@type\":\"ImageObject\",\"inLanguage\":\"en-US\",\"@id\":\"https:\\\/\\\/fundaystours.com\\\/en\\\/#\\\/schema\\\/logo\\\/image\\\/\",\"url\":\"https:\\\/\\\/fundaystours.com\\\/wp-content\\\/uploads\\\/2023\\\/12\\\/logo-fundays-tours-2.png\",\"contentUrl\":\"https:\\\/\\\/fundaystours.com\\\/wp-content\\\/uploads\\\/2023\\\/12\\\/logo-fundays-tours-2.png\",\"width\":230,\"height\":50,\"caption\":\"Fundays Tours\"},\"image\":{\"@id\":\"https:\\\/\\\/fundaystours.com\\\/en\\\/#\\\/schema\\\/logo\\\/image\\\/\"}}]}<\/script>\n<!-- \/ Yoast SEO Premium plugin. -->","yoast_head_json":{"title":"Tour por Brasil: plan R\u00edo de Janeiro y Sao Paulo | Fundays tours","description":"Vive un tour por Brasil \u00fanico en R\u00edo de Janeiro y Sao Paulo. Explora el Corcovado, Pan de Az\u00facar y m\u00e1s \u00a1Reserva ahora y no te pierdas esta experiencia!","robots":{"index":"index","follow":"follow","max-snippet":"max-snippet:-1","max-image-preview":"max-image-preview:large","max-video-preview":"max-video-preview:-1"},"canonical":"https:\/\/fundaystours.com\/en\/destinos\/rio-de-janeiro-and-sao-paulo-wonders-of-brazil\/","og_locale":"en_US","og_type":"article","og_title":"Tour por R\u00edo de Janeiro y Sao Paulo | Fundays tours","og_description":"Explora el Corcovado, Pan de Az\u00facar y m\u00e1s \u00a1Reserva esta experiencia!","og_url":"https:\/\/fundaystours.com\/en\/destinos\/rio-de-janeiro-and-sao-paulo-wonders-of-brazil\/","og_site_name":"Fundays Tours","article_modified_time":"2026-03-27T16:34:52+00:00","og_image":[{"width":600,"height":425,"url":"https:\/\/fundaystours.com\/wp-content\/uploads\/2025\/01\/cristo-redentor-rio-janeiro.jpg","type":"image\/jpeg"}],"twitter_card":"summary_large_image","twitter_title":"Rio de Janeiro and S\u00e3o Paulo \u2013 Wonders of Brazil","twitter_misc":{"Est. reading time":"7 minutes"},"schema":{"@context":"https:\/\/schema.org","@graph":[{"@type":"WebPage","@id":"https:\/\/fundaystours.com\/en\/destinos\/rio-de-janeiro-and-sao-paulo-wonders-of-brazil\/","url":"https:\/\/fundaystours.com\/en\/destinos\/rio-de-janeiro-and-sao-paulo-wonders-of-brazil\/","name":"Tour por Brasil: plan R\u00edo de Janeiro y Sao Paulo | Fundays tours","isPartOf":{"@id":"https:\/\/fundaystours.com\/en\/#website"},"primaryImageOfPage":{"@id":"https:\/\/fundaystours.com\/en\/destinos\/rio-de-janeiro-and-sao-paulo-wonders-of-brazil\/#primaryimage"},"image":{"@id":"https:\/\/fundaystours.com\/en\/destinos\/rio-de-janeiro-and-sao-paulo-wonders-of-brazil\/#primaryimage"},"thumbnailUrl":"https:\/\/fundaystours.com\/wp-content\/uploads\/2025\/01\/cristo-redentor-rio-janeiro.jpg","datePublished":"2025-01-23T15:21:42+00:00","dateModified":"2026-03-27T16:34:52+00:00","description":"Vive un tour por Brasil \u00fanico en R\u00edo de Janeiro y Sao Paulo. Explora el Corcovado, Pan de Az\u00facar y m\u00e1s \u00a1Reserva ahora y no te pierdas esta experiencia!","breadcrumb":{"@id":"https:\/\/fundaystours.com\/en\/destinos\/rio-de-janeiro-and-sao-paulo-wonders-of-brazil\/#breadcrumb"},"inLanguage":"en-US","potentialAction":[{"@type":"ReadAction","target":["https:\/\/fundaystours.com\/en\/destinos\/rio-de-janeiro-and-sao-paulo-wonders-of-brazil\/"]}]},{"@type":"ImageObject","inLanguage":"en-US","@id":"https:\/\/fundaystours.com\/en\/destinos\/rio-de-janeiro-and-sao-paulo-wonders-of-brazil\/#primaryimage","url":"https:\/\/fundaystours.com\/wp-content\/uploads\/2025\/01\/cristo-redentor-rio-janeiro.jpg","contentUrl":"https:\/\/fundaystours.com\/wp-content\/uploads\/2025\/01\/cristo-redentor-rio-janeiro.jpg","width":600,"height":425,"caption":"La monta\u00f1a pan de az\u00facar, Cristo redentor, la bah\u00eda de Guanabara."},{"@type":"BreadcrumbList","@id":"https:\/\/fundaystours.com\/en\/destinos\/rio-de-janeiro-and-sao-paulo-wonders-of-brazil\/#breadcrumb","itemListElement":[{"@type":"ListItem","position":1,"name":"Home","item":"https:\/\/fundaystours.com\/en\/"},{"@type":"ListItem","position":2,"name":"Destinations","item":"https:\/\/fundaystours.com\/destinations\/"},{"@type":"ListItem","position":3,"name":"South America","item":"https:\/\/fundaystours.com\/en\/product-category\/south-america\/"},{"@type":"ListItem","position":4,"name":"Rio de Janeiro and S\u00e3o Paulo \u2013 Wonders of Brazil"}]},{"@type":"WebSite","@id":"https:\/\/fundaystours.com\/en\/#website","url":"https:\/\/fundaystours.com\/en\/","name":"Fundays Tours","description":"","publisher":{"@id":"https:\/\/fundaystours.com\/en\/#organization"},"potentialAction":[{"@type":"SearchAction","target":{"@type":"EntryPoint","urlTemplate":"https:\/\/fundaystours.com\/en\/?s={search_term_string}"},"query-input":{"@type":"PropertyValueSpecification","valueRequired":true,"valueName":"search_term_string"}}],"inLanguage":"en-US"},{"@type":"Organization","@id":"https:\/\/fundaystours.com\/en\/#organization","name":"Fundays Tours","url":"https:\/\/fundaystours.com\/en\/","logo":{"@type":"ImageObject","inLanguage":"en-US","@id":"https:\/\/fundaystours.com\/en\/#\/schema\/logo\/image\/","url":"https:\/\/fundaystours.com\/wp-content\/uploads\/2023\/12\/logo-fundays-tours-2.png","contentUrl":"https:\/\/fundaystours.com\/wp-content\/uploads\/2023\/12\/logo-fundays-tours-2.png","width":230,"height":50,"caption":"Fundays Tours"},"image":{"@id":"https:\/\/fundaystours.com\/en\/#\/schema\/logo\/image\/"}}]}},"_links":{"self":[{"href":"https:\/\/fundaystours.com\/en\/wp-json\/wp\/v2\/product\/104082","targetHints":{"allow":["GET"]}}],"collection":[{"href":"https:\/\/fundaystours.com\/en\/wp-json\/wp\/v2\/product"}],"about":[{"href":"https:\/\/fundaystours.com\/en\/wp-json\/wp\/v2\/types\/product"}],"replies":[{"embeddable":true,"href":"https:\/\/fundaystours.com\/en\/wp-json\/wp\/v2\/comments?post=104082"}],"wp:featuredmedia":[{"embeddable":true,"href":"https:\/\/fundaystours.com\/en\/wp-json\/wp\/v2\/media\/104083"}],"wp:attachment":[{"href":"https:\/\/fundaystours.com\/en\/wp-json\/wp\/v2\/media?parent=104082"}],"wp:term":[{"taxonomy":"product_brand","embeddable":true,"href":"https:\/\/fundaystours.com\/en\/wp-json\/wp\/v2\/product_brand?post=104082"},{"taxonomy":"product_cat","embeddable":true,"href":"https:\/\/fundaystours.com\/en\/wp-json\/wp\/v2\/product_cat?post=104082"},{"taxonomy":"product_tag","embeddable":true,"href":"https:\/\/fundaystours.com\/en\/wp-json\/wp\/v2\/product_tag?post=104082"}],"curies":[{"name":"wp","href":"https:\/\/api.w.org\/{rel}","templated":true}]}}