{"id":104051,"date":"2025-01-15T11:21:54","date_gmt":"2025-01-15T16:21:54","guid":{"rendered":"https:\/\/fundaystours.com\/?post_type=product&#038;p=104051"},"modified":"2025-12-23T10:27:03","modified_gmt":"2025-12-23T15:27:03","slug":"magnificent-west-8-day-tour-from-los-angeles","status":"publish","type":"product","link":"https:\/\/fundaystours.com\/en\/destinos\/magnificent-west-8-day-tour-from-los-angeles\/","title":{"rendered":"Magnificent West | 8-Day Tour from Los Angeles"},"content":{"rendered":"<p><span style=\"font-weight: 400;\">From January to December 2026<\/span><span style=\"font-weight: 400;\"><br \/>\n<\/span><span style=\"font-weight: 400;\">Departures every Monday from Los Angeles<\/span><\/p>\n<h3><span style=\"color: #333333;\"><b>ITINERARY<\/b><\/span><\/h3>\n<h3><span style=\"color: #333333;\"><b>Day 1 \u2013 LOS ANGELES \u2013 SANTA BARBARA \u2013 ROUTE 1 \/ 17 MILE DRIVE \u2013 CARMEL<\/b><\/span><\/h3>\n<p><span style=\"color: #333333;\"><span style=\"font-weight: 400;\">We head north along California\u2019s stunning coast, with our first stop in Santa Barbara. We\u2019ll visit a Spanish mission and learn about its importance in the development of the region. Next, we head to Solvang, a charming Danish village, to explore the shops. We continue north along the 17-Mile Drive (part of Route 1) to enjoy spectacular ocean views. Afterward, we visit the town of Carmel, home of actor Clint Eastwood. Enjoy free time before heading to Silicon Valley for overnight stay.<\/span><span style=\"font-weight: 400;\"><br \/>\n<\/span><b>Accommodation<\/b><span style=\"font-weight: 400;\">: Spring Hill Suites by Marriott Oakland Airport<\/span><\/span><\/p>\n<h3><span style=\"color: #333333;\"><b>Day 2 \u2013 SAN FRANCISCO \u2013 BAY CRUISE \u2013 GOLDEN GATE BRIDGE \u2013 CHINATOWN<\/b><\/span><\/h3>\n<p><span style=\"color: #333333;\"><span style=\"font-weight: 400;\">Today, we\u2019ll discover why San Francisco is considered one of the most beautiful cities in the world. We\u2019ll start at Fisherman\u2019s Wharf for a scenic bay cruise, passing under the Golden Gate Bridge and around Alcatraz Island. After lunch at Pier 39, we\u2019ll continue our tour of city landmarks including the Golden Gate Bridge, Union Square, Chinatown, and Nob Hill. The day ends with a stunning night view from the Bay Bridge.<\/span><span style=\"font-weight: 400;\"><br \/>\n<\/span><b>Accommodation<\/b><span style=\"font-weight: 400;\">: Modesto \u2013 Hotel Modesto<\/span><\/span><\/p>\n<h3><span style=\"color: #333333;\"><b>Day 3 \u2013 SAN FRANCISCO \u2013 YOSEMITE (Summer) \/ MONTEREY \u2013 HEARST CASTLE (Winter)<\/b><\/span><\/h3>\n<p><span style=\"color: #333333;\"><b>Summer:<\/b><span style=\"font-weight: 400;\"> We travel through California\u2019s Central Valley to Yosemite National Park, with stops at El Capitan, Bridalveil Falls, and Half Dome. We\u2019ll hike from the visitor center to Yosemite Falls, the tallest in North America (730m).<\/span><span style=\"font-weight: 400;\"><br \/>\n<\/span><b>Winter:<\/b><span style=\"font-weight: 400;\"> We visit Monterey, including its pier and Cannery Row, then head south to explore the world-famous Hearst Castle, built by newspaper tycoon William Randolph Hearst.<\/span><span style=\"font-weight: 400;\"><br \/>\n<\/span><b>Accommodation<\/b><span style=\"font-weight: 400;\">: Comfort Suites Stevenson Ranch<\/span><\/span><\/p>\n<h3><span style=\"color: #333333;\"><b>Day 4 \u2013 STEVENSON RANCH \u2013 LAS VEGAS<\/b><\/span><\/h3>\n<p><span style=\"color: #333333;\"><span style=\"font-weight: 400;\">We journey east through the desert and Death Valley to Las Vegas, the gambling capital of the world. Lunch and outlet shopping en route. At night, we\u2019ll explore the famous Las Vegas Strip and its themed hotels: Caesar\u2019s Palace, Mirage, Luxor, Paris, Mandalay Bay, New York New York, Treasure Island, and more. Try your luck at the casinos or enjoy a world-class show.<\/span><span style=\"font-weight: 400;\"><br \/>\n<\/span><b>Accommodation<\/b><span style=\"font-weight: 400;\">: Harrah\u2019s Hotel<\/span><\/span><\/p>\n<h3><span style=\"color: #333333;\"><b>Day 5 \u2013 LAS VEGAS \u2013 HOOVER DAM<\/b><\/span><\/h3>\n<p><span style=\"color: #333333;\"><span style=\"font-weight: 400;\">After breakfast, we visit Hoover Dam to learn about its construction and impact on the region. Return to Las Vegas for a free afternoon to enjoy its many attractions.<\/span><span style=\"font-weight: 400;\"><br \/>\n<\/span><b>Accommodation<\/b><span style=\"font-weight: 400;\">: Harrah\u2019s Hotel<\/span><\/span><\/p>\n<h3><span style=\"color: #333333;\"><b>Day 6 \u2013 LAS VEGAS \u2013 SEDONA<\/b><\/span><\/h3>\n<p><span style=\"color: #333333;\"><span style=\"font-weight: 400;\">We drive through the Mojave Desert and along the Colorado Plateau via historic Route 66 to reach Sedona, known as \u201cThe Jewel of the Desert.\u201d Enjoy the breathtaking Oak Creek Canyon and stop for photos at scenic viewpoints. Visit Slide Rock State Park and take a break in Sedona for lunch and shopping. Later, we visit the Chapel of the Holy Cross (self-guided), offering panoramic views of Bell Rock, Courthouse Butte, and Cathedral Rock.<\/span><span style=\"font-weight: 400;\"><br \/>\n<\/span><b>Accommodation<\/b><span style=\"font-weight: 400;\">: Quality Inn \u2013 Vista Lake Powell<\/span><\/span><\/p>\n<h3><span style=\"color: #333333;\"><b>Day 7 \u2013 SEDONA \u2013 MONUMENT VALLEY \u2013 HORSESHOE BEND<\/b><\/span><\/h3>\n<p><span style=\"color: #333333;\"><span style=\"font-weight: 400;\">We continue to Monument Valley, a breathtaking and iconic landscape of sandstone towers and mesas in the heart of Navajo Nation. Our guided Jeep tour is led by Navajo guides who share their culture and stories. In the afternoon, we visit Horseshoe Bend, a dramatic viewpoint over the Colorado River.<\/span><span style=\"font-weight: 400;\"><br \/>\n<\/span><b>Accommodation<\/b><span style=\"font-weight: 400;\">: Quality Inn \u2013 Vista Lake Powell<\/span><\/span><\/p>\n<h3><span style=\"color: #333333;\"><b>Day 8 \u2013 ANTELOPE CANYON \u2013 VALLEY OF FIRE \u2013 LAS VEGAS<\/b><\/span><\/h3>\n<p><span style=\"color: #333333;\"><span style=\"font-weight: 400;\">We begin the day at Antelope Canyon, with its surreal wave-like formations carved by wind and water. After the tour, we head back to Las Vegas, stopping for lunch and visiting the Valley of Fire, named for its red sandstone formations that glow in the sun. If weather permits, we\u2019ll time the visit for sunset for the most dramatic views. Arrival in Las Vegas by evening.<\/span><span style=\"font-weight: 400;\"><br \/>\n<\/span><b>Drop-off Point:<\/b><span style=\"font-weight: 400;\"> Las Vegas Luxor Hotel &amp; Casino<\/span><\/span><\/p>\n<table style=\"height: 116px;\" width=\"741\">\n<tbody>\n<tr>\n<td>\n<h3><span style=\"color: #333333;\"><b>Season<\/b><\/span><\/h3>\n<\/td>\n<td>\n<h3><span style=\"color: #333333;\"><b>Departures<\/b><\/span><\/h3>\n<\/td>\n<td>\n<h3><span style=\"color: #333333;\"><b>Category<\/b><\/span><\/h3>\n<\/td>\n<td>\n<h3><span style=\"color: #333333;\"><b>Children<\/b><\/span><\/h3>\n<\/td>\n<td>\n<h3><span style=\"color: #333333;\"><b>Double B<\/b><\/span><\/h3>\n<\/td>\n<td>\n<h3><span style=\"color: #333333;\"><b>Triple<\/b><\/span><\/h3>\n<\/td>\n<td>\n<h3><span style=\"color: #333333;\"><b>Single<\/b><\/span><\/h3>\n<\/td>\n<\/tr>\n<tr>\n<td>\n<h3><span style=\"font-weight: 400; color: #333333;\">January 1st to December 20th, 2026<\/span><\/h3>\n<\/td>\n<td>\n<h3><span style=\"font-weight: 400; color: #333333;\">Mondays<\/span><\/h3>\n<\/td>\n<td>\n<h3><span style=\"font-weight: 400; color: #333333;\">Superior Tourist<\/span><\/h3>\n<\/td>\n<td>\n<h3><span style=\"font-weight: 400; color: #333333;\">$1,470<\/span><\/h3>\n<\/td>\n<td>\n<h3><span style=\"font-weight: 400; color: #333333;\">$1,680<\/span><\/h3>\n<\/td>\n<td>\n<h3><span style=\"font-weight: 400; color: #333333;\">$1,610<\/span><\/h3>\n<\/td>\n<td>\n<h3><span style=\"font-weight: 400; color: #333333;\">$2,360<\/span><\/h3>\n<\/td>\n<\/tr>\n<\/tbody>\n<\/table>\n<h3><\/h3>\n<p><span style=\"font-weight: 400; color: #333333;\">**Children under 12 years old sharing a room with 2 adults.<\/span><\/p>\n<p><span style=\"color: #333333;\"><span style=\"font-weight: 400;\">**Included Services:<\/span><span style=\"font-weight: 400;\"><br \/>\n<\/span><span style=\"font-weight: 400;\">\u2022 7 nights hotel accommodation with taxes and continental breakfast included<\/span><span style=\"font-weight: 400;\"><br \/>\n<\/span><span style=\"font-weight: 400;\">\u2022 Air-conditioned bus or minibus with professional guide<\/span><span style=\"font-weight: 400;\"><br \/>\n<\/span><span style=\"font-weight: 400;\">\u2022 Bay Cruise in San Francisco and admission to Yosemite National Park<\/span><span style=\"font-weight: 400;\"><br \/>\n<\/span><span style=\"font-weight: 400;\">\u2022 Tour of Santa Barbara, Carmel and San Francisco, the Las Vegas \u201cStrip\u201d<\/span><span style=\"font-weight: 400;\"><br \/>\n<\/span><span style=\"font-weight: 400;\">\u2022 Admission to Monument Valley, Horseshoe Bend, Antelope Canyon, and Valley of Fire<\/span><span style=\"font-weight: 400;\"><br \/>\n<\/span><span style=\"font-weight: 400;\">\u2022 Jeep tour in Monument Valley<\/span><\/span><\/p>\n<p><span style=\"color: #333333;\"><span style=\"font-weight: 400;\">**Not Included Services:<\/span><span style=\"font-weight: 400;\"><br \/>\n<\/span><span style=\"font-weight: 400;\">\u2022 Personal expenses<\/span><span style=\"font-weight: 400;\"><br \/>\n<\/span><span style=\"font-weight: 400;\">\u2022 Nights before or after the tour<\/span><span style=\"font-weight: 400;\"><br \/>\n<\/span><span style=\"font-weight: 400;\">\u2022 Optional excursions or personal expenses<\/span><span style=\"font-weight: 400;\"><br \/>\n<\/span><span style=\"font-weight: 400;\">\u2022 Any service not mentioned as included<\/span><span style=\"font-weight: 400;\"><br \/>\n<\/span><span style=\"font-weight: 400;\">\u2022 International flights<\/span><\/span><\/p>\n<p>&nbsp;<\/p>\n","protected":false},"excerpt":{"rendered":"<p><span style=\"font-weight: 400;\">Travel through the Western U.S. on an 8-day tour: Los Angeles, San Francisco, Yosemite, Las Vegas, and more. Book now and enjoy an unforgettable experience!<\/span><\/p>\n","protected":false},"featured_media":104052,"comment_status":"open","ping_status":"closed","template":"","meta":{"_acf_changed":false,"_joinchat":[]},"product_brand":[],"product_cat":[1676],"product_tag":[],"class_list":{"0":"post-104051","1":"product","2":"type-product","3":"status-publish","4":"has-post-thumbnail","6":"product_cat-ee-uu","8":"first","9":"instock","10":"sold-individually","11":"shipping-taxable","12":"purchasable","13":"product-type-variable"},"acf":[],"yoast_head":"<!-- This site is optimized with the Yoast SEO Premium plugin v23.3 (Yoast SEO v27.4) - https:\/\/yoast.com\/product\/yoast-seo-premium-wordpress\/ -->\n<title>Viaja al Oeste: Tour 8 d\u00edas desde Los \u00c1ngeles | Fundays Tours<\/title>\n<meta name=\"description\" content=\"Descubre el oeste de EE.UU. en un tour de 8 d\u00edas: Los \u00c1ngeles, San Francisco, Yosemite, Las Vegas y m\u00e1s \u00a1Reserva ahora y vive una experiencia inolvidable!\" \/>\n<meta name=\"robots\" content=\"index, follow, max-snippet:-1, max-image-preview:large, max-video-preview:-1\" \/>\n<link rel=\"canonical\" href=\"https:\/\/fundaystours.com\/en\/destinos\/magnificent-west-8-day-tour-from-los-angeles\/\" \/>\n<meta property=\"og:locale\" content=\"en_US\" \/>\n<meta property=\"og:type\" content=\"article\" \/>\n<meta property=\"og:title\" content=\"Magnificent West | 8-Day Tour from Los Angeles\" \/>\n<meta property=\"og:description\" content=\"Descubre el oeste de EE.UU. en un tour de 8 d\u00edas: Los \u00c1ngeles, San Francisco, Yosemite, Las Vegas y m\u00e1s \u00a1Reserva ahora y vive una experiencia inolvidable!\" \/>\n<meta property=\"og:url\" content=\"https:\/\/fundaystours.com\/en\/destinos\/magnificent-west-8-day-tour-from-los-angeles\/\" \/>\n<meta property=\"og:site_name\" content=\"Fundays Tours\" \/>\n<meta property=\"article:modified_time\" content=\"2025-12-23T15:27:03+00:00\" \/>\n<meta property=\"og:image\" content=\"https:\/\/fundaystours.com\/wp-content\/uploads\/2025\/01\/puente-golden-gate-san-francisco.jpg\" \/>\n\t<meta property=\"og:image:width\" content=\"600\" \/>\n\t<meta property=\"og:image:height\" content=\"425\" \/>\n\t<meta property=\"og:image:type\" content=\"image\/jpeg\" \/>\n<meta name=\"twitter:card\" content=\"summary_large_image\" \/>\n<meta name=\"twitter:label1\" content=\"Est. reading time\" \/>\n\t<meta name=\"twitter:data1\" content=\"4 minutes\" \/>\n<script type=\"application\/ld+json\" class=\"yoast-schema-graph\">{\"@context\":\"https:\\\/\\\/schema.org\",\"@graph\":[{\"@type\":\"WebPage\",\"@id\":\"https:\\\/\\\/fundaystours.com\\\/en\\\/destinos\\\/magnificent-west-8-day-tour-from-los-angeles\\\/\",\"url\":\"https:\\\/\\\/fundaystours.com\\\/en\\\/destinos\\\/magnificent-west-8-day-tour-from-los-angeles\\\/\",\"name\":\"Viaja al Oeste: Tour 8 d\u00edas desde Los \u00c1ngeles | Fundays Tours\",\"isPartOf\":{\"@id\":\"https:\\\/\\\/fundaystours.com\\\/en\\\/#website\"},\"primaryImageOfPage\":{\"@id\":\"https:\\\/\\\/fundaystours.com\\\/en\\\/destinos\\\/magnificent-west-8-day-tour-from-los-angeles\\\/#primaryimage\"},\"image\":{\"@id\":\"https:\\\/\\\/fundaystours.com\\\/en\\\/destinos\\\/magnificent-west-8-day-tour-from-los-angeles\\\/#primaryimage\"},\"thumbnailUrl\":\"https:\\\/\\\/fundaystours.com\\\/wp-content\\\/uploads\\\/2025\\\/01\\\/puente-golden-gate-san-francisco.jpg\",\"datePublished\":\"2025-01-15T16:21:54+00:00\",\"dateModified\":\"2025-12-23T15:27:03+00:00\",\"description\":\"Descubre el oeste de EE.UU. en un tour de 8 d\u00edas: Los \u00c1ngeles, San Francisco, Yosemite, Las Vegas y m\u00e1s \u00a1Reserva ahora y vive una experiencia inolvidable!\",\"breadcrumb\":{\"@id\":\"https:\\\/\\\/fundaystours.com\\\/en\\\/destinos\\\/magnificent-west-8-day-tour-from-los-angeles\\\/#breadcrumb\"},\"inLanguage\":\"en-US\",\"potentialAction\":[{\"@type\":\"ReadAction\",\"target\":[\"https:\\\/\\\/fundaystours.com\\\/en\\\/destinos\\\/magnificent-west-8-day-tour-from-los-angeles\\\/\"]}]},{\"@type\":\"ImageObject\",\"inLanguage\":\"en-US\",\"@id\":\"https:\\\/\\\/fundaystours.com\\\/en\\\/destinos\\\/magnificent-west-8-day-tour-from-los-angeles\\\/#primaryimage\",\"url\":\"https:\\\/\\\/fundaystours.com\\\/wp-content\\\/uploads\\\/2025\\\/01\\\/puente-golden-gate-san-francisco.jpg\",\"contentUrl\":\"https:\\\/\\\/fundaystours.com\\\/wp-content\\\/uploads\\\/2025\\\/01\\\/puente-golden-gate-san-francisco.jpg\",\"width\":600,\"height\":425,\"caption\":\"Golden Gate, puente m\u00e1s emblem\u00e1tico de San Francisco\"},{\"@type\":\"BreadcrumbList\",\"@id\":\"https:\\\/\\\/fundaystours.com\\\/en\\\/destinos\\\/magnificent-west-8-day-tour-from-los-angeles\\\/#breadcrumb\",\"itemListElement\":[{\"@type\":\"ListItem\",\"position\":1,\"name\":\"Home\",\"item\":\"https:\\\/\\\/fundaystours.com\\\/en\\\/\"},{\"@type\":\"ListItem\",\"position\":2,\"name\":\"Destinations\",\"item\":\"https:\\\/\\\/fundaystours.com\\\/destinations\\\/\"},{\"@type\":\"ListItem\",\"position\":3,\"name\":\"EE.UU\",\"item\":\"https:\\\/\\\/fundaystours.com\\\/en\\\/product-category\\\/ee-uu\\\/\"},{\"@type\":\"ListItem\",\"position\":4,\"name\":\"Magnificent West | 8-Day Tour from Los Angeles\"}]},{\"@type\":\"WebSite\",\"@id\":\"https:\\\/\\\/fundaystours.com\\\/en\\\/#website\",\"url\":\"https:\\\/\\\/fundaystours.com\\\/en\\\/\",\"name\":\"Fundays Tours\",\"description\":\"\",\"publisher\":{\"@id\":\"https:\\\/\\\/fundaystours.com\\\/en\\\/#organization\"},\"potentialAction\":[{\"@type\":\"SearchAction\",\"target\":{\"@type\":\"EntryPoint\",\"urlTemplate\":\"https:\\\/\\\/fundaystours.com\\\/en\\\/?s={search_term_string}\"},\"query-input\":{\"@type\":\"PropertyValueSpecification\",\"valueRequired\":true,\"valueName\":\"search_term_string\"}}],\"inLanguage\":\"en-US\"},{\"@type\":\"Organization\",\"@id\":\"https:\\\/\\\/fundaystours.com\\\/en\\\/#organization\",\"name\":\"Fundays Tours\",\"url\":\"https:\\\/\\\/fundaystours.com\\\/en\\\/\",\"logo\":{\"@type\":\"ImageObject\",\"inLanguage\":\"en-US\",\"@id\":\"https:\\\/\\\/fundaystours.com\\\/en\\\/#\\\/schema\\\/logo\\\/image\\\/\",\"url\":\"https:\\\/\\\/fundaystours.com\\\/wp-content\\\/uploads\\\/2023\\\/12\\\/logo-fundays-tours-2.png\",\"contentUrl\":\"https:\\\/\\\/fundaystours.com\\\/wp-content\\\/uploads\\\/2023\\\/12\\\/logo-fundays-tours-2.png\",\"width\":230,\"height\":50,\"caption\":\"Fundays Tours\"},\"image\":{\"@id\":\"https:\\\/\\\/fundaystours.com\\\/en\\\/#\\\/schema\\\/logo\\\/image\\\/\"}}]}<\/script>\n<!-- \/ Yoast SEO Premium plugin. -->","yoast_head_json":{"title":"Viaja al Oeste: Tour 8 d\u00edas desde Los \u00c1ngeles | Fundays Tours","description":"Descubre el oeste de EE.UU. en un tour de 8 d\u00edas: Los \u00c1ngeles, San Francisco, Yosemite, Las Vegas y m\u00e1s \u00a1Reserva ahora y vive una experiencia inolvidable!","robots":{"index":"index","follow":"follow","max-snippet":"max-snippet:-1","max-image-preview":"max-image-preview:large","max-video-preview":"max-video-preview:-1"},"canonical":"https:\/\/fundaystours.com\/en\/destinos\/magnificent-west-8-day-tour-from-los-angeles\/","og_locale":"en_US","og_type":"article","og_title":"Magnificent West | 8-Day Tour from Los Angeles","og_description":"Descubre el oeste de EE.UU. en un tour de 8 d\u00edas: Los \u00c1ngeles, San Francisco, Yosemite, Las Vegas y m\u00e1s \u00a1Reserva ahora y vive una experiencia inolvidable!","og_url":"https:\/\/fundaystours.com\/en\/destinos\/magnificent-west-8-day-tour-from-los-angeles\/","og_site_name":"Fundays Tours","article_modified_time":"2025-12-23T15:27:03+00:00","og_image":[{"width":600,"height":425,"url":"https:\/\/fundaystours.com\/wp-content\/uploads\/2025\/01\/puente-golden-gate-san-francisco.jpg","type":"image\/jpeg"}],"twitter_card":"summary_large_image","twitter_misc":{"Est. reading time":"4 minutes"},"schema":{"@context":"https:\/\/schema.org","@graph":[{"@type":"WebPage","@id":"https:\/\/fundaystours.com\/en\/destinos\/magnificent-west-8-day-tour-from-los-angeles\/","url":"https:\/\/fundaystours.com\/en\/destinos\/magnificent-west-8-day-tour-from-los-angeles\/","name":"Viaja al Oeste: Tour 8 d\u00edas desde Los \u00c1ngeles | Fundays Tours","isPartOf":{"@id":"https:\/\/fundaystours.com\/en\/#website"},"primaryImageOfPage":{"@id":"https:\/\/fundaystours.com\/en\/destinos\/magnificent-west-8-day-tour-from-los-angeles\/#primaryimage"},"image":{"@id":"https:\/\/fundaystours.com\/en\/destinos\/magnificent-west-8-day-tour-from-los-angeles\/#primaryimage"},"thumbnailUrl":"https:\/\/fundaystours.com\/wp-content\/uploads\/2025\/01\/puente-golden-gate-san-francisco.jpg","datePublished":"2025-01-15T16:21:54+00:00","dateModified":"2025-12-23T15:27:03+00:00","description":"Descubre el oeste de EE.UU. en un tour de 8 d\u00edas: Los \u00c1ngeles, San Francisco, Yosemite, Las Vegas y m\u00e1s \u00a1Reserva ahora y vive una experiencia inolvidable!","breadcrumb":{"@id":"https:\/\/fundaystours.com\/en\/destinos\/magnificent-west-8-day-tour-from-los-angeles\/#breadcrumb"},"inLanguage":"en-US","potentialAction":[{"@type":"ReadAction","target":["https:\/\/fundaystours.com\/en\/destinos\/magnificent-west-8-day-tour-from-los-angeles\/"]}]},{"@type":"ImageObject","inLanguage":"en-US","@id":"https:\/\/fundaystours.com\/en\/destinos\/magnificent-west-8-day-tour-from-los-angeles\/#primaryimage","url":"https:\/\/fundaystours.com\/wp-content\/uploads\/2025\/01\/puente-golden-gate-san-francisco.jpg","contentUrl":"https:\/\/fundaystours.com\/wp-content\/uploads\/2025\/01\/puente-golden-gate-san-francisco.jpg","width":600,"height":425,"caption":"Golden Gate, puente m\u00e1s emblem\u00e1tico de San Francisco"},{"@type":"BreadcrumbList","@id":"https:\/\/fundaystours.com\/en\/destinos\/magnificent-west-8-day-tour-from-los-angeles\/#breadcrumb","itemListElement":[{"@type":"ListItem","position":1,"name":"Home","item":"https:\/\/fundaystours.com\/en\/"},{"@type":"ListItem","position":2,"name":"Destinations","item":"https:\/\/fundaystours.com\/destinations\/"},{"@type":"ListItem","position":3,"name":"EE.UU","item":"https:\/\/fundaystours.com\/en\/product-category\/ee-uu\/"},{"@type":"ListItem","position":4,"name":"Magnificent West | 8-Day Tour from Los Angeles"}]},{"@type":"WebSite","@id":"https:\/\/fundaystours.com\/en\/#website","url":"https:\/\/fundaystours.com\/en\/","name":"Fundays Tours","description":"","publisher":{"@id":"https:\/\/fundaystours.com\/en\/#organization"},"potentialAction":[{"@type":"SearchAction","target":{"@type":"EntryPoint","urlTemplate":"https:\/\/fundaystours.com\/en\/?s={search_term_string}"},"query-input":{"@type":"PropertyValueSpecification","valueRequired":true,"valueName":"search_term_string"}}],"inLanguage":"en-US"},{"@type":"Organization","@id":"https:\/\/fundaystours.com\/en\/#organization","name":"Fundays Tours","url":"https:\/\/fundaystours.com\/en\/","logo":{"@type":"ImageObject","inLanguage":"en-US","@id":"https:\/\/fundaystours.com\/en\/#\/schema\/logo\/image\/","url":"https:\/\/fundaystours.com\/wp-content\/uploads\/2023\/12\/logo-fundays-tours-2.png","contentUrl":"https:\/\/fundaystours.com\/wp-content\/uploads\/2023\/12\/logo-fundays-tours-2.png","width":230,"height":50,"caption":"Fundays Tours"},"image":{"@id":"https:\/\/fundaystours.com\/en\/#\/schema\/logo\/image\/"}}]}},"_links":{"self":[{"href":"https:\/\/fundaystours.com\/en\/wp-json\/wp\/v2\/product\/104051","targetHints":{"allow":["GET"]}}],"collection":[{"href":"https:\/\/fundaystours.com\/en\/wp-json\/wp\/v2\/product"}],"about":[{"href":"https:\/\/fundaystours.com\/en\/wp-json\/wp\/v2\/types\/product"}],"replies":[{"embeddable":true,"href":"https:\/\/fundaystours.com\/en\/wp-json\/wp\/v2\/comments?post=104051"}],"wp:featuredmedia":[{"embeddable":true,"href":"https:\/\/fundaystours.com\/en\/wp-json\/wp\/v2\/media\/104052"}],"wp:attachment":[{"href":"https:\/\/fundaystours.com\/en\/wp-json\/wp\/v2\/media?parent=104051"}],"wp:term":[{"taxonomy":"product_brand","embeddable":true,"href":"https:\/\/fundaystours.com\/en\/wp-json\/wp\/v2\/product_brand?post=104051"},{"taxonomy":"product_cat","embeddable":true,"href":"https:\/\/fundaystours.com\/en\/wp-json\/wp\/v2\/product_cat?post=104051"},{"taxonomy":"product_tag","embeddable":true,"href":"https:\/\/fundaystours.com\/en\/wp-json\/wp\/v2\/product_tag?post=104051"}],"curies":[{"name":"wp","href":"https:\/\/api.w.org\/{rel}","templated":true}]}}