{"id":110579,"date":"2024-03-30T20:29:41","date_gmt":"2024-03-31T00:29:41","guid":{"rendered":"https:\/\/fundaystours.com\/la-ruta-inteligente-para-viajeros\/"},"modified":"2025-10-24T01:32:39","modified_gmt":"2025-10-24T05:32:39","slug":"the-smart-route-for-travelers","status":"publish","type":"page","link":"https:\/\/fundaystours.com\/en\/the-smart-route-for-travelers\/","title":{"rendered":"The smart route for travelers"},"content":{"rendered":"\t\t<div data-elementor-type=\"wp-page\" data-elementor-id=\"110579\" class=\"elementor elementor-110579 elementor-100189\" data-elementor-post-type=\"page\">\n\t\t\t\t<div class=\"elementor-element elementor-element-3752572 e-con-full e-flex e-con e-parent\" data-id=\"3752572\" data-element_type=\"container\" data-settings=\"{&quot;background_background&quot;:&quot;classic&quot;}\">\n\t\t\t\t<div class=\"elementor-element elementor-element-56b9642 elementor-invisible elementor-widget elementor-widget-heading\" data-id=\"56b9642\" data-element_type=\"widget\" data-settings=\"{&quot;motion_fx_motion_fx_scrolling&quot;:&quot;yes&quot;,&quot;_animation&quot;:&quot;fadeInLeft&quot;,&quot;motion_fx_devices&quot;:[&quot;desktop&quot;,&quot;tablet&quot;,&quot;mobile&quot;]}\" data-widget_type=\"heading.default\">\n\t\t\t\t\t<h1 class=\"elementor-heading-title elementor-size-default\">The smart route <br>for travelers<\/h1>\t\t\t\t<\/div>\n\t\t\t\t<\/div>\n\t\t<div class=\"elementor-element elementor-element-d21e2fa e-flex e-con-boxed e-con e-parent\" data-id=\"d21e2fa\" data-element_type=\"container\">\n\t\t\t\t\t<div class=\"e-con-inner\">\n\t\t<div class=\"elementor-element elementor-element-2a2d3d8 e-con-full animated-slow e-flex elementor-invisible e-con e-child\" data-id=\"2a2d3d8\" data-element_type=\"container\" data-settings=\"{&quot;animation&quot;:&quot;fadeIn&quot;}\">\n\t\t\t\t<div class=\"elementor-element elementor-element-8edd68f elementor-widget elementor-widget-spacer\" data-id=\"8edd68f\" data-element_type=\"widget\" data-widget_type=\"spacer.default\">\n\t\t\t\t\t\t\t<div class=\"elementor-spacer\">\n\t\t\t<div class=\"elementor-spacer-inner\"><\/div>\n\t\t<\/div>\n\t\t\t\t\t\t<\/div>\n\t\t\t\t<div class=\"elementor-element elementor-element-f5b9fd6 elementor-widget elementor-widget-image\" data-id=\"f5b9fd6\" data-element_type=\"widget\" data-widget_type=\"image.default\">\n\t\t\t\t\t\t\t\t\t\t\t\t\t\t\t<img fetchpriority=\"high\" decoding=\"async\" width=\"615\" height=\"1126\" src=\"https:\/\/fundaystours.com\/wp-content\/uploads\/2025\/10\/MOVIL-NOTIFICACION-2.png\" class=\"attachment-full size-full wp-image-110492\" alt=\"\" srcset=\"https:\/\/fundaystours.com\/wp-content\/uploads\/2025\/10\/MOVIL-NOTIFICACION-2.png 615w, https:\/\/fundaystours.com\/wp-content\/uploads\/2025\/10\/MOVIL-NOTIFICACION-2-164x300.png 164w, https:\/\/fundaystours.com\/wp-content\/uploads\/2025\/10\/MOVIL-NOTIFICACION-2-559x1024.png 559w\" sizes=\"(max-width: 615px) 100vw, 615px\" \/>\t\t\t\t\t\t\t\t\t\t\t\t\t\t\t<\/div>\n\t\t\t\t<\/div>\n\t\t<div class=\"elementor-element elementor-element-70a52d1 e-con-full animated-slow e-flex elementor-invisible e-con e-child\" data-id=\"70a52d1\" data-element_type=\"container\" data-settings=\"{&quot;animation&quot;:&quot;fadeIn&quot;}\">\n\t\t\t\t<div class=\"elementor-element elementor-element-6ec41ba elementor-widget elementor-widget-html\" data-id=\"6ec41ba\" data-element_type=\"widget\" data-widget_type=\"html.default\">\n\t\t\t\t\t<iframe width=\"540\" height=\"305\" src=\"https:\/\/bca3db4c.sibforms.com\/serve\/MUIFAFMXdXFom3eTxVV978xd96xEzMEr2cvaA8tH-QEBBF2GRsrml4OQA-bxGm8KyGJlA5qUQwUbmwtetHEJk-_YjIsHk4xHzbkS7wkLKwwDWR1OtzcRqf_Mr-55eWxGmDExXkss1w4MP2kAlEymlUOq6oJKVvoJT5NOHPSQ_0rCMQnEanSLaRQKTB-CxTNXsbJJFI47tLX3Uz07\" frameborder=\"0\" scrolling=\"auto\" allowfullscreen style=\"display: block;margin-left: auto;margin-right: auto;max-width: 100%;\"><\/iframe>\t\t\t\t<\/div>\n\t\t\t\t<\/div>\n\t\t\t\t\t<\/div>\n\t\t\t\t<\/div>\n\t\t<div class=\"elementor-element elementor-element-44622a8 e-flex e-con-boxed e-con e-parent\" data-id=\"44622a8\" data-element_type=\"container\">\n\t\t\t\t\t<div class=\"e-con-inner\">\n\t\t\t\t<div class=\"elementor-element elementor-element-8ad5689 elementor-widget elementor-widget-text-editor\" data-id=\"8ad5689\" data-element_type=\"widget\" data-widget_type=\"text-editor.default\">\n\t\t\t\t\t\t\t\t\t<h2 data-start=\"179\" data-end=\"216\">Discover our Travel Subscription<\/h2><p data-start=\"218\" data-end=\"456\">Traveling is more than choosing a destination; it\u2019s smart planning to save time and money. That\u2019s why we replaced the e-book with The Smart Route for Travelers, a monthly subscription designed to help you decide faster and travel better.<\/p><hr data-start=\"645\" data-end=\"648\" \/><h3 data-start=\"650\" data-end=\"694\">What will you get each month?<\/h3><ul><li><strong>Express guides:<\/strong> clear, actionable information for your next destination.<\/li><li><strong>Verified discounts:<\/strong> exclusive perks for subscribers.<\/li><li><strong>Verified discounts:<\/strong> exclusive perks for subscribers.<\/li><li><strong>Smart alerts:<\/strong> purchase windows, seasons, and real opportunities.<\/li><li><strong>Curated routes and budgets:<\/strong> suggested itineraries with cost estimates.<\/li><li><strong>Downloadable checklists:<\/strong> luggage, documents, and extras so you don\u2019t forget anything.<\/li><li><strong>Updates and selected blogs:<\/strong> quick reads with tips and best practices.<\/li><\/ul><h3 data-start=\"650\" data-end=\"694\">Why subscribe?<\/h3><p>Traveling is more than choosing a destination; it\u2019s smart planning to save time and money. That\u2019s why we replaced the e-book with The Smart Route for Travelers, a monthly subscription designed to help you decide faster and travel better.<\/p>\t\t\t\t\t\t\t\t<\/div>\n\t\t\t\t\t<\/div>\n\t\t\t\t<\/div>\n\t\t\t\t<\/div>\n\t\t","protected":false},"excerpt":{"rendered":"<p>suscr\u00edbete y recibe gratis \u2018La gu\u00eda tur\u00edstica\u2019, con consejos y recomendaciones para planificar tu pr\u00f3xima aventura. \u00a1Prep\u00e1rate para descubrir el mundo!<\/p>\n","protected":false},"author":28,"featured_media":0,"parent":0,"menu_order":0,"comment_status":"closed","ping_status":"closed","template":"","meta":{"_acf_changed":false,"_joinchat":[],"footnotes":""},"class_list":["post-110579","page","type-page","status-publish","hentry"],"acf":[],"yoast_head":"<!-- This site is optimized with the Yoast SEO Premium plugin v23.3 (Yoast SEO v27.3) - https:\/\/yoast.com\/product\/yoast-seo-premium-wordpress\/ -->\n<title>Gu\u00eda Tur\u00edstica Gratis: consejos y recomendaciones para tu viaje<\/title>\n<meta name=\"description\" content=\"Descarga nuestra gu\u00eda tur\u00edstica con tips pr\u00e1cticos, destinos imperdibles y consejos para planear tu pr\u00f3xima aventura \u00a1Empieza a viajar hoy!\" \/>\n<meta name=\"robots\" content=\"index, follow, max-snippet:-1, max-image-preview:large, max-video-preview:-1\" \/>\n<link rel=\"canonical\" href=\"https:\/\/fundaystours.com\/en\/the-smart-route-for-travelers\/\" \/>\n<meta property=\"og:locale\" content=\"en_US\" \/>\n<meta property=\"og:type\" content=\"article\" \/>\n<meta property=\"og:title\" content=\"The smart route for travelers\" \/>\n<meta property=\"og:description\" content=\"Descarga nuestra gu\u00eda tur\u00edstica con tips pr\u00e1cticos, destinos imperdibles y consejos para planear tu pr\u00f3xima aventura \u00a1Empieza a viajar hoy!\" \/>\n<meta property=\"og:url\" content=\"https:\/\/fundaystours.com\/en\/the-smart-route-for-travelers\/\" \/>\n<meta property=\"og:site_name\" content=\"Fundays Tours\" \/>\n<meta property=\"article:modified_time\" content=\"2025-10-24T05:32:39+00:00\" \/>\n<meta property=\"og:image\" content=\"https:\/\/fundaystours.com\/wp-content\/uploads\/2025\/10\/MOVIL-NOTIFICACION-2.png\" \/>\n\t<meta property=\"og:image:width\" content=\"615\" \/>\n\t<meta property=\"og:image:height\" content=\"1126\" \/>\n\t<meta property=\"og:image:type\" content=\"image\/png\" \/>\n<meta name=\"twitter:card\" content=\"summary_large_image\" \/>\n<meta name=\"twitter:label1\" content=\"Est. reading time\" \/>\n\t<meta name=\"twitter:data1\" content=\"1 minute\" \/>\n<script type=\"application\/ld+json\" class=\"yoast-schema-graph\">{\"@context\":\"https:\\\/\\\/schema.org\",\"@graph\":[{\"@type\":\"WebPage\",\"@id\":\"https:\\\/\\\/fundaystours.com\\\/en\\\/the-smart-route-for-travelers\\\/\",\"url\":\"https:\\\/\\\/fundaystours.com\\\/en\\\/the-smart-route-for-travelers\\\/\",\"name\":\"Gu\u00eda Tur\u00edstica Gratis: consejos y recomendaciones para tu viaje\",\"isPartOf\":{\"@id\":\"https:\\\/\\\/fundaystours.com\\\/en\\\/#website\"},\"primaryImageOfPage\":{\"@id\":\"https:\\\/\\\/fundaystours.com\\\/en\\\/the-smart-route-for-travelers\\\/#primaryimage\"},\"image\":{\"@id\":\"https:\\\/\\\/fundaystours.com\\\/en\\\/the-smart-route-for-travelers\\\/#primaryimage\"},\"thumbnailUrl\":\"https:\\\/\\\/fundaystours.com\\\/wp-content\\\/uploads\\\/2025\\\/10\\\/MOVIL-NOTIFICACION-2.png\",\"datePublished\":\"2024-03-31T00:29:41+00:00\",\"dateModified\":\"2025-10-24T05:32:39+00:00\",\"description\":\"Descarga nuestra gu\u00eda tur\u00edstica con tips pr\u00e1cticos, destinos imperdibles y consejos para planear tu pr\u00f3xima aventura \u00a1Empieza a viajar hoy!\",\"breadcrumb\":{\"@id\":\"https:\\\/\\\/fundaystours.com\\\/en\\\/the-smart-route-for-travelers\\\/#breadcrumb\"},\"inLanguage\":\"en-US\",\"potentialAction\":[{\"@type\":\"ReadAction\",\"target\":[\"https:\\\/\\\/fundaystours.com\\\/en\\\/the-smart-route-for-travelers\\\/\"]}]},{\"@type\":\"ImageObject\",\"inLanguage\":\"en-US\",\"@id\":\"https:\\\/\\\/fundaystours.com\\\/en\\\/the-smart-route-for-travelers\\\/#primaryimage\",\"url\":\"https:\\\/\\\/fundaystours.com\\\/wp-content\\\/uploads\\\/2025\\\/10\\\/MOVIL-NOTIFICACION-2.png\",\"contentUrl\":\"https:\\\/\\\/fundaystours.com\\\/wp-content\\\/uploads\\\/2025\\\/10\\\/MOVIL-NOTIFICACION-2.png\"},{\"@type\":\"BreadcrumbList\",\"@id\":\"https:\\\/\\\/fundaystours.com\\\/en\\\/the-smart-route-for-travelers\\\/#breadcrumb\",\"itemListElement\":[{\"@type\":\"ListItem\",\"position\":1,\"name\":\"Home\",\"item\":\"https:\\\/\\\/fundaystours.com\\\/en\\\/\"},{\"@type\":\"ListItem\",\"position\":2,\"name\":\"The smart route for travelers\"}]},{\"@type\":\"WebSite\",\"@id\":\"https:\\\/\\\/fundaystours.com\\\/en\\\/#website\",\"url\":\"https:\\\/\\\/fundaystours.com\\\/en\\\/\",\"name\":\"Fundays Tours\",\"description\":\"\",\"publisher\":{\"@id\":\"https:\\\/\\\/fundaystours.com\\\/en\\\/#organization\"},\"potentialAction\":[{\"@type\":\"SearchAction\",\"target\":{\"@type\":\"EntryPoint\",\"urlTemplate\":\"https:\\\/\\\/fundaystours.com\\\/en\\\/?s={search_term_string}\"},\"query-input\":{\"@type\":\"PropertyValueSpecification\",\"valueRequired\":true,\"valueName\":\"search_term_string\"}}],\"inLanguage\":\"en-US\"},{\"@type\":\"Organization\",\"@id\":\"https:\\\/\\\/fundaystours.com\\\/en\\\/#organization\",\"name\":\"Fundays Tours\",\"url\":\"https:\\\/\\\/fundaystours.com\\\/en\\\/\",\"logo\":{\"@type\":\"ImageObject\",\"inLanguage\":\"en-US\",\"@id\":\"https:\\\/\\\/fundaystours.com\\\/en\\\/#\\\/schema\\\/logo\\\/image\\\/\",\"url\":\"https:\\\/\\\/fundaystours.com\\\/wp-content\\\/uploads\\\/2023\\\/12\\\/logo-fundays-tours-2.png\",\"contentUrl\":\"https:\\\/\\\/fundaystours.com\\\/wp-content\\\/uploads\\\/2023\\\/12\\\/logo-fundays-tours-2.png\",\"width\":230,\"height\":50,\"caption\":\"Fundays Tours\"},\"image\":{\"@id\":\"https:\\\/\\\/fundaystours.com\\\/en\\\/#\\\/schema\\\/logo\\\/image\\\/\"}}]}<\/script>\n<!-- \/ Yoast SEO Premium plugin. -->","yoast_head_json":{"title":"Gu\u00eda Tur\u00edstica Gratis: consejos y recomendaciones para tu viaje","description":"Descarga nuestra gu\u00eda tur\u00edstica con tips pr\u00e1cticos, destinos imperdibles y consejos para planear tu pr\u00f3xima aventura \u00a1Empieza a viajar hoy!","robots":{"index":"index","follow":"follow","max-snippet":"max-snippet:-1","max-image-preview":"max-image-preview:large","max-video-preview":"max-video-preview:-1"},"canonical":"https:\/\/fundaystours.com\/en\/the-smart-route-for-travelers\/","og_locale":"en_US","og_type":"article","og_title":"The smart route for travelers","og_description":"Descarga nuestra gu\u00eda tur\u00edstica con tips pr\u00e1cticos, destinos imperdibles y consejos para planear tu pr\u00f3xima aventura \u00a1Empieza a viajar hoy!","og_url":"https:\/\/fundaystours.com\/en\/the-smart-route-for-travelers\/","og_site_name":"Fundays Tours","article_modified_time":"2025-10-24T05:32:39+00:00","og_image":[{"width":615,"height":1126,"url":"https:\/\/fundaystours.com\/wp-content\/uploads\/2025\/10\/MOVIL-NOTIFICACION-2.png","type":"image\/png"}],"twitter_card":"summary_large_image","twitter_misc":{"Est. reading time":"1 minute"},"schema":{"@context":"https:\/\/schema.org","@graph":[{"@type":"WebPage","@id":"https:\/\/fundaystours.com\/en\/the-smart-route-for-travelers\/","url":"https:\/\/fundaystours.com\/en\/the-smart-route-for-travelers\/","name":"Gu\u00eda Tur\u00edstica Gratis: consejos y recomendaciones para tu viaje","isPartOf":{"@id":"https:\/\/fundaystours.com\/en\/#website"},"primaryImageOfPage":{"@id":"https:\/\/fundaystours.com\/en\/the-smart-route-for-travelers\/#primaryimage"},"image":{"@id":"https:\/\/fundaystours.com\/en\/the-smart-route-for-travelers\/#primaryimage"},"thumbnailUrl":"https:\/\/fundaystours.com\/wp-content\/uploads\/2025\/10\/MOVIL-NOTIFICACION-2.png","datePublished":"2024-03-31T00:29:41+00:00","dateModified":"2025-10-24T05:32:39+00:00","description":"Descarga nuestra gu\u00eda tur\u00edstica con tips pr\u00e1cticos, destinos imperdibles y consejos para planear tu pr\u00f3xima aventura \u00a1Empieza a viajar hoy!","breadcrumb":{"@id":"https:\/\/fundaystours.com\/en\/the-smart-route-for-travelers\/#breadcrumb"},"inLanguage":"en-US","potentialAction":[{"@type":"ReadAction","target":["https:\/\/fundaystours.com\/en\/the-smart-route-for-travelers\/"]}]},{"@type":"ImageObject","inLanguage":"en-US","@id":"https:\/\/fundaystours.com\/en\/the-smart-route-for-travelers\/#primaryimage","url":"https:\/\/fundaystours.com\/wp-content\/uploads\/2025\/10\/MOVIL-NOTIFICACION-2.png","contentUrl":"https:\/\/fundaystours.com\/wp-content\/uploads\/2025\/10\/MOVIL-NOTIFICACION-2.png"},{"@type":"BreadcrumbList","@id":"https:\/\/fundaystours.com\/en\/the-smart-route-for-travelers\/#breadcrumb","itemListElement":[{"@type":"ListItem","position":1,"name":"Home","item":"https:\/\/fundaystours.com\/en\/"},{"@type":"ListItem","position":2,"name":"The smart route for travelers"}]},{"@type":"WebSite","@id":"https:\/\/fundaystours.com\/en\/#website","url":"https:\/\/fundaystours.com\/en\/","name":"Fundays Tours","description":"","publisher":{"@id":"https:\/\/fundaystours.com\/en\/#organization"},"potentialAction":[{"@type":"SearchAction","target":{"@type":"EntryPoint","urlTemplate":"https:\/\/fundaystours.com\/en\/?s={search_term_string}"},"query-input":{"@type":"PropertyValueSpecification","valueRequired":true,"valueName":"search_term_string"}}],"inLanguage":"en-US"},{"@type":"Organization","@id":"https:\/\/fundaystours.com\/en\/#organization","name":"Fundays Tours","url":"https:\/\/fundaystours.com\/en\/","logo":{"@type":"ImageObject","inLanguage":"en-US","@id":"https:\/\/fundaystours.com\/en\/#\/schema\/logo\/image\/","url":"https:\/\/fundaystours.com\/wp-content\/uploads\/2023\/12\/logo-fundays-tours-2.png","contentUrl":"https:\/\/fundaystours.com\/wp-content\/uploads\/2023\/12\/logo-fundays-tours-2.png","width":230,"height":50,"caption":"Fundays Tours"},"image":{"@id":"https:\/\/fundaystours.com\/en\/#\/schema\/logo\/image\/"}}]}},"_links":{"self":[{"href":"https:\/\/fundaystours.com\/en\/wp-json\/wp\/v2\/pages\/110579","targetHints":{"allow":["GET"]}}],"collection":[{"href":"https:\/\/fundaystours.com\/en\/wp-json\/wp\/v2\/pages"}],"about":[{"href":"https:\/\/fundaystours.com\/en\/wp-json\/wp\/v2\/types\/page"}],"author":[{"embeddable":true,"href":"https:\/\/fundaystours.com\/en\/wp-json\/wp\/v2\/users\/28"}],"replies":[{"embeddable":true,"href":"https:\/\/fundaystours.com\/en\/wp-json\/wp\/v2\/comments?post=110579"}],"version-history":[{"count":7,"href":"https:\/\/fundaystours.com\/en\/wp-json\/wp\/v2\/pages\/110579\/revisions"}],"predecessor-version":[{"id":110587,"href":"https:\/\/fundaystours.com\/en\/wp-json\/wp\/v2\/pages\/110579\/revisions\/110587"}],"wp:attachment":[{"href":"https:\/\/fundaystours.com\/en\/wp-json\/wp\/v2\/media?parent=110579"}],"curies":[{"name":"wp","href":"https:\/\/api.w.org\/{rel}","templated":true}]}}